{"id":2648,"date":"2025-08-01T12:42:13","date_gmt":"2025-08-01T18:42:13","guid":{"rendered":"https:\/\/www.oaxaca.gob.mx\/transparencia\/?page_id=2648"},"modified":"2025-08-01T12:42:13","modified_gmt":"2025-08-01T18:42:13","slug":"agente-de-inteligencia-artificial","status":"publish","type":"page","link":"https:\/\/www.oaxaca.gob.mx\/transparencia\/agente-de-inteligencia-artificial\/","title":{"rendered":"Agente de Inteligencia Artificial"},"content":{"rendered":"<h1 style=\"text-align: center\"><span style=\"color: #333333\"><span style=\"color: #993300\">TRANSPARENC<span style=\"color: #808080\"><strong>IA<\/strong><\/span><\/span><\/span><\/h1>\n<p style=\"text-align: left\">En este espacio encontrar\u00e1s un Agente de Inteligencia Artificial dise\u00f1ado para que, en un lenguaje ciudadano responda a dudas sobre el contenido de la Ley General de Transparencia y Acceso a la Informaci\u00f3n P\u00fablica, el directorio institucional y los tr\u00e1mites y servicios que se pueden realizar en la Secretar\u00eda de Honestidad Transparencia y Funci\u00f3n P\u00fablica.<\/p>\n<p><iframe src=\"https:\/\/cdn.botpress.cloud\/webchat\/v3.2\/shareable.html?configUrl=https:\/\/files.bpcontent.cloud\/2025\/07\/24\/22\/20250724220643-7B9V9M36.json\" style=\"width: 100%;height: 600px;border: none\" allow=\"microphone; camera\"><br \/>\n<\/iframe><\/p>\n","protected":false},"excerpt":{"rendered":"<p>TRANSPARENCIA En este espacio encontrar\u00e1s un Agente de Inteligencia Artificial dise\u00f1ado para que, en un lenguaje ciudadano responda a dudas sobre el contenido de la Ley General de Transparencia y Acceso a la Informaci\u00f3n P\u00fablica, el directorio institucional y los tr\u00e1mites y servicios que se pueden realizar en la Secretar\u00eda de Honestidad Transparencia y Funci\u00f3n [&hellip;]<\/p>\n","protected":false},"author":79,"featured_media":0,"parent":0,"menu_order":0,"comment_status":"closed","ping_status":"closed","template":"","meta":{"episode_type":"","audio_file":"","podmotor_file_id":"","podmotor_episode_id":"","cover_image":"","cover_image_id":"","duration":"","filesize":"","filesize_raw":"","date_recorded":"","explicit":"","block":"","itunes_episode_number":"","itunes_title":"","itunes_season_number":"","itunes_episode_type":"","footnotes":""},"categories":[],"tags":[],"class_list":["post-2648","page","type-page","status-publish","hentry"],"publishpress_future_action":{"enabled":false,"date":"2026-05-16 07:39:19","action":"change-status","newStatus":"draft","terms":[],"taxonomy":"category","extraData":[]},"publishpress_future_workflow_manual_trigger":{"enabledWorkflows":[]},"_links":{"self":[{"href":"https:\/\/www.oaxaca.gob.mx\/transparencia\/wp-json\/wp\/v2\/pages\/2648","targetHints":{"allow":["GET"]}}],"collection":[{"href":"https:\/\/www.oaxaca.gob.mx\/transparencia\/wp-json\/wp\/v2\/pages"}],"about":[{"href":"https:\/\/www.oaxaca.gob.mx\/transparencia\/wp-json\/wp\/v2\/types\/page"}],"author":[{"embeddable":true,"href":"https:\/\/www.oaxaca.gob.mx\/transparencia\/wp-json\/wp\/v2\/users\/79"}],"replies":[{"embeddable":true,"href":"https:\/\/www.oaxaca.gob.mx\/transparencia\/wp-json\/wp\/v2\/comments?post=2648"}],"version-history":[{"count":2,"href":"https:\/\/www.oaxaca.gob.mx\/transparencia\/wp-json\/wp\/v2\/pages\/2648\/revisions"}],"predecessor-version":[{"id":2650,"href":"https:\/\/www.oaxaca.gob.mx\/transparencia\/wp-json\/wp\/v2\/pages\/2648\/revisions\/2650"}],"wp:attachment":[{"href":"https:\/\/www.oaxaca.gob.mx\/transparencia\/wp-json\/wp\/v2\/media?parent=2648"}],"wp:term":[{"taxonomy":"category","embeddable":true,"href":"https:\/\/www.oaxaca.gob.mx\/transparencia\/wp-json\/wp\/v2\/categories?post=2648"},{"taxonomy":"post_tag","embeddable":true,"href":"https:\/\/www.oaxaca.gob.mx\/transparencia\/wp-json\/wp\/v2\/tags?post=2648"}],"curies":[{"name":"wp","href":"https:\/\/api.w.org\/{rel}","templated":true}]}}