{"id":2371,"date":"2024-04-02T11:59:04","date_gmt":"2024-04-02T17:59:04","guid":{"rendered":"https:\/\/www.oaxaca.gob.mx\/transparencia\/?page_id=2371"},"modified":"2024-04-02T13:18:53","modified_gmt":"2024-04-02T19:18:53","slug":"mecanismos","status":"publish","type":"page","link":"https:\/\/www.oaxaca.gob.mx\/transparencia\/mecanismos\/","title":{"rendered":"Mecanismos de Atenci\u00f3n Ciudadana"},"content":{"rendered":"<section class=\"py-5\">\n<div class=\"container\">\n<div class=\"row\">\n<h3 class=\"titulo\"><\/h3>\n<p><a href=\"https:\/\/www.oaxaca.gob.mx\/honestidad\/formato-de-queja-y-o-denuncia\/\"><\/p>\n<h5>1. Quejas, Denuncias y\/o Peticiones: Quejas, denuncias y\/o peticiones en contra de Personas<br \/>\n    Servidoras P\u00fablicas del Poder Ejecutivo del Gobierno del Estado de Oaxaca, por la<br \/>\n    presunci\u00f3n de faltas administrativas.<\/h5>\n<p><\/a><\/p>\n<p><a href=\"\/\/forms.gle\/z9YdR8Z9ioMWwc7b7\"><\/p>\n<h5>2. Encuesta de satisfacci\u00f3n y mecanismo de participaci\u00f3n para la mejora del servicio en<br \/>\nmateria de Derechos de Acceso, Rectificaci\u00f3n, Cancelaci\u00f3n y Oposici\u00f3n relacionados con<br \/>\nDatos Personales.<\/h5>\n<p><\/a><\/p>\n<p><a href=\"http:\/\/www.contraloriasocial.oaxaca.gob.mx:8090\/social\/contraloriasocial\"><\/p>\n<h5>3. Micrositio de Contralor\u00eda Social.<\/h5>\n<p><\/a>\n    <\/div>\n<\/p><\/div>\n<\/section>\n","protected":false},"excerpt":{"rendered":"<p>1. Quejas, Denuncias y\/o Peticiones: Quejas, denuncias y\/o peticiones en contra de Personas Servidoras P\u00fablicas del Poder Ejecutivo del Gobierno del Estado de Oaxaca, por la presunci\u00f3n de faltas administrativas. 2. Encuesta de satisfacci\u00f3n y mecanismo de participaci\u00f3n para la mejora del servicio en materia de Derechos de Acceso, Rectificaci\u00f3n, Cancelaci\u00f3n y Oposici\u00f3n relacionados con [&hellip;]<\/p>\n","protected":false},"author":79,"featured_media":0,"parent":0,"menu_order":0,"comment_status":"closed","ping_status":"closed","template":"","meta":{"episode_type":"","audio_file":"","podmotor_file_id":"","podmotor_episode_id":"","cover_image":"","cover_image_id":"","duration":"","filesize":"","filesize_raw":"","date_recorded":"","explicit":"","block":"","itunes_episode_number":"","itunes_title":"","itunes_season_number":"","itunes_episode_type":"","footnotes":""},"categories":[],"tags":[],"class_list":["post-2371","page","type-page","status-publish","hentry"],"publishpress_future_action":{"enabled":false,"date":"2026-05-14 19:18:40","action":"change-status","newStatus":"draft","terms":[],"taxonomy":"category","extraData":[]},"publishpress_future_workflow_manual_trigger":{"enabledWorkflows":[]},"_links":{"self":[{"href":"https:\/\/www.oaxaca.gob.mx\/transparencia\/wp-json\/wp\/v2\/pages\/2371","targetHints":{"allow":["GET"]}}],"collection":[{"href":"https:\/\/www.oaxaca.gob.mx\/transparencia\/wp-json\/wp\/v2\/pages"}],"about":[{"href":"https:\/\/www.oaxaca.gob.mx\/transparencia\/wp-json\/wp\/v2\/types\/page"}],"author":[{"embeddable":true,"href":"https:\/\/www.oaxaca.gob.mx\/transparencia\/wp-json\/wp\/v2\/users\/79"}],"replies":[{"embeddable":true,"href":"https:\/\/www.oaxaca.gob.mx\/transparencia\/wp-json\/wp\/v2\/comments?post=2371"}],"version-history":[{"count":3,"href":"https:\/\/www.oaxaca.gob.mx\/transparencia\/wp-json\/wp\/v2\/pages\/2371\/revisions"}],"predecessor-version":[{"id":2401,"href":"https:\/\/www.oaxaca.gob.mx\/transparencia\/wp-json\/wp\/v2\/pages\/2371\/revisions\/2401"}],"wp:attachment":[{"href":"https:\/\/www.oaxaca.gob.mx\/transparencia\/wp-json\/wp\/v2\/media?parent=2371"}],"wp:term":[{"taxonomy":"category","embeddable":true,"href":"https:\/\/www.oaxaca.gob.mx\/transparencia\/wp-json\/wp\/v2\/categories?post=2371"},{"taxonomy":"post_tag","embeddable":true,"href":"https:\/\/www.oaxaca.gob.mx\/transparencia\/wp-json\/wp\/v2\/tags?post=2371"}],"curies":[{"name":"wp","href":"https:\/\/api.w.org\/{rel}","templated":true}]}}