{"id":16,"date":"2018-11-07T22:10:19","date_gmt":"2018-11-07T22:10:19","guid":{"rendered":"https:\/\/q-www.oaxaca.gob.mx\/transparencia\/?page_id=16"},"modified":"2023-04-26T11:30:53","modified_gmt":"2023-04-26T17:30:53","slug":"contacto","status":"publish","type":"page","link":"https:\/\/www.oaxaca.gob.mx\/transparencia\/contacto\/","title":{"rendered":"Contacto"},"content":{"rendered":"<p style=\"text-align: center\">\u00bfTienes alguna duda sobre el dise\u00f1o o funcionamiento de este portal?<br \/>\nCont\u00e1ctanos:<\/p>\n<p style=\"text-align: center\">Email: honestidad.transparencia@oaxaca.gob.mx<br \/>\nTel\u00e9fono: 501 50 00 ext. 11701<\/p>\n<div class=\"container\">\n<div class=\"row\">\n<div class=\"col-md-6\">\n<div class=\"wpcf7 no-js\" id=\"wpcf7-f1850-o1\" lang=\"es-ES\" dir=\"ltr\" data-wpcf7-id=\"1850\">\n<div class=\"screen-reader-response\"><p role=\"status\" aria-live=\"polite\" aria-atomic=\"true\"><\/p> <ul><\/ul><\/div>\n<form action=\"\/transparencia\/wp-json\/wp\/v2\/pages\/16#wpcf7-f1850-o1\" method=\"post\" class=\"wpcf7-form init\" aria-label=\"Formulario de contacto\" novalidate=\"novalidate\" data-status=\"init\">\n<fieldset class=\"hidden-fields-container\"><input type=\"hidden\" name=\"_wpcf7\" value=\"1850\" \/><input type=\"hidden\" name=\"_wpcf7_version\" value=\"6.1.5\" \/><input type=\"hidden\" name=\"_wpcf7_locale\" value=\"es_ES\" \/><input type=\"hidden\" name=\"_wpcf7_unit_tag\" value=\"wpcf7-f1850-o1\" \/><input type=\"hidden\" name=\"_wpcf7_container_post\" value=\"0\" \/><input type=\"hidden\" name=\"_wpcf7_posted_data_hash\" value=\"\" \/><input type=\"hidden\" name=\"_wpcf7cf_hidden_group_fields\" value=\"[]\" \/><input type=\"hidden\" name=\"_wpcf7cf_hidden_groups\" value=\"[]\" \/><input type=\"hidden\" name=\"_wpcf7cf_visible_groups\" value=\"[]\" \/><input type=\"hidden\" name=\"_wpcf7cf_repeaters\" value=\"[]\" \/><input type=\"hidden\" name=\"_wpcf7cf_steps\" value=\"{}\" \/><input type=\"hidden\" name=\"_wpcf7cf_options\" value=\"{&quot;form_id&quot;:1850,&quot;conditions&quot;:[],&quot;settings&quot;:{&quot;animation&quot;:&quot;yes&quot;,&quot;animation_intime&quot;:200,&quot;animation_outtime&quot;:200,&quot;conditions_ui&quot;:&quot;normal&quot;,&quot;notice_dismissed&quot;:false,&quot;notice_dismissed_update-cf7-5.6.4&quot;:true,&quot;notice_dismissed_rollback-cf7-5.8.3&quot;:true,&quot;notice_dismissed_rollback-cf7-5.8.6&quot;:true}}\" \/>\n<\/fieldset>\n<p><label> Nombre:<br \/>\n<span class=\"wpcf7-form-control-wrap\" data-name=\"your-name\"><input size=\"40\" maxlength=\"400\" class=\"wpcf7-form-control wpcf7-text wpcf7-validates-as-required\" aria-required=\"true\" aria-invalid=\"false\" value=\"\" type=\"text\" name=\"your-name\" \/><\/span> <\/label><br \/>\n<label> Apellido:<br \/>\n<span class=\"wpcf7-form-control-wrap\" data-name=\"ap\"><input size=\"40\" maxlength=\"400\" class=\"wpcf7-form-control wpcf7-text wpcf7-validates-as-required\" aria-required=\"true\" aria-invalid=\"false\" value=\"\" type=\"text\" name=\"ap\" \/><\/span> <\/label><br \/>\n<label> Correo:<br \/>\n<span class=\"wpcf7-form-control-wrap\" data-name=\"your-email\"><input size=\"40\" maxlength=\"400\" class=\"wpcf7-form-control wpcf7-email wpcf7-validates-as-required wpcf7-text wpcf7-validates-as-email\" aria-required=\"true\" aria-invalid=\"false\" value=\"\" type=\"email\" name=\"your-email\" \/><\/span> <\/label><br \/>\n<label> Asunto:<br \/>\n<span class=\"wpcf7-form-control-wrap\" data-name=\"your-subject\"><select class=\"wpcf7-form-control wpcf7-select wpcf7-validates-as-required\" aria-required=\"true\" aria-invalid=\"false\" name=\"your-subject\"><option value=\"\">&#8212;Por favor, elige una opci\u00f3n&#8212;<\/option><option value=\"Queja\">Queja<\/option><option value=\"Denuncia\">Denuncia<\/option><option value=\"Sugerencia\">Sugerencia<\/option><\/select><\/span><br \/>\n<\/label><br \/>\n<label> Mensaje:<br \/>\n<span class=\"wpcf7-form-control-wrap\" data-name=\"your-message\"><textarea cols=\"40\" rows=\"10\" maxlength=\"2000\" class=\"wpcf7-form-control wpcf7-textarea\" aria-invalid=\"false\" name=\"your-message\"><\/textarea><\/span> <\/label>\n<\/p>\n<p><input class=\"wpcf7-form-control wpcf7-submit has-spinner\" type=\"submit\" value=\"Enviar\" \/>\n<\/p><div class=\"wpcf7-response-output\" aria-hidden=\"true\"><\/div>\n<\/form>\n<\/div>\n<\/div>\n<div class=\"col-md-6\">[gmap width=\u00bb600&#8243; height=\u00bb700&#8243; responsive=\u00bbyes\u00bb address=\u00bbCiudad Administrativa Benem\u00e9rito de las Am\u00e9ricas Carretera Oaxaca-Istmo Km. 11.5 Tlalixtac de Cabrera, Oaxaca C.P. 68270&#8243; zoom=\u00bb15&#8243; title=\u00bbUbicaci\u00f3n\u00bb]<\/div>\n<\/div>\n<\/div>\n","protected":false},"excerpt":{"rendered":"<p>\u00bfTienes alguna duda sobre el dise\u00f1o o funcionamiento de este portal? Cont\u00e1ctanos: Email: honestidad.transparencia@oaxaca.gob.mx Tel\u00e9fono: 501 50 00 ext. 11701 [gmap width=\u00bb600&#8243; height=\u00bb700&#8243; responsive=\u00bbyes\u00bb address=\u00bbCiudad Administrativa Benem\u00e9rito de las Am\u00e9ricas Carretera Oaxaca-Istmo Km. 11.5 Tlalixtac de Cabrera, Oaxaca C.P. 68270&#8243; zoom=\u00bb15&#8243; title=\u00bbUbicaci\u00f3n\u00bb]<\/p>\n","protected":false},"author":1,"featured_media":0,"parent":0,"menu_order":0,"comment_status":"closed","ping_status":"closed","template":"","meta":{"episode_type":"","audio_file":"","podmotor_file_id":"","podmotor_episode_id":"","cover_image":"","cover_image_id":"","duration":"","filesize":"","filesize_raw":"","date_recorded":"","explicit":"","block":"","itunes_episode_number":"","itunes_title":"","itunes_season_number":"","itunes_episode_type":"","footnotes":""},"categories":[],"tags":[],"class_list":["post-16","page","type-page","status-publish","hentry"],"publishpress_future_action":{"enabled":false,"date":"2026-05-16 07:35:59","action":"change-status","newStatus":"draft","terms":[],"taxonomy":"category","extraData":[]},"publishpress_future_workflow_manual_trigger":{"enabledWorkflows":[]},"_links":{"self":[{"href":"https:\/\/www.oaxaca.gob.mx\/transparencia\/wp-json\/wp\/v2\/pages\/16","targetHints":{"allow":["GET"]}}],"collection":[{"href":"https:\/\/www.oaxaca.gob.mx\/transparencia\/wp-json\/wp\/v2\/pages"}],"about":[{"href":"https:\/\/www.oaxaca.gob.mx\/transparencia\/wp-json\/wp\/v2\/types\/page"}],"author":[{"embeddable":true,"href":"https:\/\/www.oaxaca.gob.mx\/transparencia\/wp-json\/wp\/v2\/users\/1"}],"replies":[{"embeddable":true,"href":"https:\/\/www.oaxaca.gob.mx\/transparencia\/wp-json\/wp\/v2\/comments?post=16"}],"version-history":[{"count":6,"href":"https:\/\/www.oaxaca.gob.mx\/transparencia\/wp-json\/wp\/v2\/pages\/16\/revisions"}],"predecessor-version":[{"id":1851,"href":"https:\/\/www.oaxaca.gob.mx\/transparencia\/wp-json\/wp\/v2\/pages\/16\/revisions\/1851"}],"wp:attachment":[{"href":"https:\/\/www.oaxaca.gob.mx\/transparencia\/wp-json\/wp\/v2\/media?parent=16"}],"wp:term":[{"taxonomy":"category","embeddable":true,"href":"https:\/\/www.oaxaca.gob.mx\/transparencia\/wp-json\/wp\/v2\/categories?post=16"},{"taxonomy":"post_tag","embeddable":true,"href":"https:\/\/www.oaxaca.gob.mx\/transparencia\/wp-json\/wp\/v2\/tags?post=16"}],"curies":[{"name":"wp","href":"https:\/\/api.w.org\/{rel}","templated":true}]}}