{"id":1521,"date":"2020-06-15T13:02:54","date_gmt":"2020-06-15T18:02:54","guid":{"rendered":"https:\/\/www.oaxaca.gob.mx\/transparencia\/?page_id=1521"},"modified":"2024-04-15T09:54:11","modified_gmt":"2024-04-15T15:54:11","slug":"aviso-de-privacidad","status":"publish","type":"page","link":"https:\/\/www.oaxaca.gob.mx\/transparencia\/aviso-de-privacidad\/","title":{"rendered":"Aviso de Privacidad"},"content":{"rendered":"<p align=\"justify\">LA INFORMACI\u00d3N PUBLICADA EN ESTE PORTAL, ES DE ORDEN P\u00daBLICO. EL RESPONSABLE NO ESTAR\u00c1 OBLIGADO A RECABAR EL CONSENTIMIENTO DEL TITULAR PARA EL TRATAMIENTO DE SUS DATOS PERSONALES, EN OBSERVANCIA DE LO DISPUESTO POR LOS ART\u00cdCULOS 4, 5, 6, 7, 8, 16 Y 22 DE LA LEY GENERAL DE PROTECCI\u00d3N DE DATOS PERSONALES EN POSESI\u00d3N DE SUJETOS OBLIGADOS, AS\u00cd COMO LOS ART\u00cdCULOS 1, 2, 4, 5, 6, 7, 9, 10, Y 15 DE LA LEY DE PROTECCI\u00d3N DE DATOS PERSONALES EN POSESI\u00d3N DE SUJETOS OBLIGADOS DEL ESTADO DE OAXACA.<\/p>\n<p align=\"justify\">Descarga el Aviso de privacidad <a title=\"Aviso de privacidad\" href=\"https:\/\/www.oaxaca.gob.mx\/transparencia\/wp-content\/uploads\/sites\/3\/2023\/09\/aviso-de-privacidad2023.docx\" target=\"new\" rel=\"noopener noreferrer\">aqu\u00ed:<\/a><\/p>\n<p><img loading=\"lazy\" decoding=\"async\" src=\"https:\/\/www.oaxaca.gob.mx\/transparencia\/wp-content\/uploads\/sites\/3\/2023\/09\/aviso-de-privacidad2023.png\" alt=\"Aviso de privacidad\" width=\"800\" height=\"800\" \/><\/p>\n<p align=\"justify\">\n","protected":false},"excerpt":{"rendered":"<p>LA INFORMACI\u00d3N PUBLICADA EN ESTE PORTAL, ES DE ORDEN P\u00daBLICO. EL RESPONSABLE NO ESTAR\u00c1 OBLIGADO A RECABAR EL CONSENTIMIENTO DEL TITULAR PARA EL TRATAMIENTO DE SUS DATOS PERSONALES, EN OBSERVANCIA DE LO DISPUESTO POR LOS ART\u00cdCULOS 4, 5, 6, 7, 8, 16 Y 22 DE LA LEY GENERAL DE PROTECCI\u00d3N DE DATOS PERSONALES EN POSESI\u00d3N [&hellip;]<\/p>\n","protected":false},"author":79,"featured_media":0,"parent":0,"menu_order":0,"comment_status":"closed","ping_status":"closed","template":"","meta":{"episode_type":"","audio_file":"","podmotor_file_id":"","podmotor_episode_id":"","cover_image":"","cover_image_id":"","duration":"","filesize":"","filesize_raw":"","date_recorded":"","explicit":"","block":"","itunes_episode_number":"","itunes_title":"","itunes_season_number":"","itunes_episode_type":"","footnotes":""},"categories":[],"tags":[],"class_list":["post-1521","page","type-page","status-publish","hentry"],"publishpress_future_action":{"enabled":false,"date":"2026-05-22 11:30:48","action":"change-status","newStatus":"draft","terms":[],"taxonomy":"category","extraData":[]},"publishpress_future_workflow_manual_trigger":{"enabledWorkflows":[]},"_links":{"self":[{"href":"https:\/\/www.oaxaca.gob.mx\/transparencia\/wp-json\/wp\/v2\/pages\/1521","targetHints":{"allow":["GET"]}}],"collection":[{"href":"https:\/\/www.oaxaca.gob.mx\/transparencia\/wp-json\/wp\/v2\/pages"}],"about":[{"href":"https:\/\/www.oaxaca.gob.mx\/transparencia\/wp-json\/wp\/v2\/types\/page"}],"author":[{"embeddable":true,"href":"https:\/\/www.oaxaca.gob.mx\/transparencia\/wp-json\/wp\/v2\/users\/79"}],"replies":[{"embeddable":true,"href":"https:\/\/www.oaxaca.gob.mx\/transparencia\/wp-json\/wp\/v2\/comments?post=1521"}],"version-history":[{"count":2,"href":"https:\/\/www.oaxaca.gob.mx\/transparencia\/wp-json\/wp\/v2\/pages\/1521\/revisions"}],"predecessor-version":[{"id":2414,"href":"https:\/\/www.oaxaca.gob.mx\/transparencia\/wp-json\/wp\/v2\/pages\/1521\/revisions\/2414"}],"wp:attachment":[{"href":"https:\/\/www.oaxaca.gob.mx\/transparencia\/wp-json\/wp\/v2\/media?parent=1521"}],"wp:term":[{"taxonomy":"category","embeddable":true,"href":"https:\/\/www.oaxaca.gob.mx\/transparencia\/wp-json\/wp\/v2\/categories?post=1521"},{"taxonomy":"post_tag","embeddable":true,"href":"https:\/\/www.oaxaca.gob.mx\/transparencia\/wp-json\/wp\/v2\/tags?post=1521"}],"curies":[{"name":"wp","href":"https:\/\/api.w.org\/{rel}","templated":true}]}}