{"id":1206,"date":"2020-03-02T20:40:16","date_gmt":"2020-03-03T02:40:16","guid":{"rendered":"https:\/\/www.oaxaca.gob.mx\/transparencia\/?page_id=1206"},"modified":"2024-05-06T14:34:18","modified_gmt":"2024-05-06T20:34:18","slug":"herramientas-tecnologicas","status":"publish","type":"page","link":"https:\/\/www.oaxaca.gob.mx\/transparencia\/herramientas-tecnologicas\/","title":{"rendered":"Herramientas Tecnol\u00f3gicas"},"content":{"rendered":"\n<p style=\"text-align: left\"><strong>El Sistema de Control de Carga de Obligaciones (SCCO)<\/strong>, es una herramienta tecnol\u00f3gica creada para dar seguimiento al cumplimiento de la carga de informaci\u00f3n de obligaciones en materia de transparencia de los sujetos obligados del poder Ejecutivo y para la publicaci\u00f3n de dicha informaci\u00f3n en sus portales institucionales.<\/p>\n<p style=\"text-align: left\"><strong>OBJETIVOS<\/strong><\/p>\n<ul>\n<li style=\"text-align: left\">Realizar el seguimiento y control de la carga de las obligaciones en materia de transparencia por parte de la Secretar\u00eda de Honestidad, Transparencia y Funci\u00f3n P\u00fablica con la finalidad de que el Poder Ejecutivo siga mejorando su nivel de cumplimiento conforme a lo establecido en la ley General de Transparencia y Acceso a la Informaci\u00f3n P\u00fablica (LGTAIP).<\/li>\n<li style=\"text-align: left\">Visualizar la carga de informaci\u00f3n de transparencia de todos los sujetos obligados para su evaluaci\u00f3n y visualizaci\u00f3n en sus portales institucionales.<\/li>\n<\/ul>\n<p>&nbsp;<\/p>\n<p><strong>El Sistema de \u00c9tica e Integridad (SISEI)<\/strong> es una plataforma de tecnolog\u00eda que le permite a la Secretar\u00eda de Honestidad, Transparencia y Funci\u00f3n P\u00fablica, dar seguimiento a las actuaciones de los Comit\u00e9s de \u00c9tica de la Administraci\u00f3n P\u00fablica Estatal, as\u00ed como a la informaci\u00f3n proporcionada por las Dependencias, Entidades y \u00d3rganos Auxiliares, lo cual ayudar\u00e1 a tener un mejor control, seguimiento y difusi\u00f3n en materia de \u00c9tica e Integridad P\u00fablica.<\/p>\n<p><strong>OBJETIVOS<\/strong><\/p>\n<ul>\n<li>Ser una herramienta para las Dependencias del Poder Ejecutivo del Estado de Oaxaca para la integraci\u00f3n, verificaci\u00f3n y seguimiento de las actividades del CEPCI, favoreciendo y garantizando con ello, un correcto actuar del servicio p\u00fablico de las servidoras y los servidores p\u00fablicos.<\/li>\n<li>Simplificar y consolidar los procesos de intercambio de informaci\u00f3n entre las dependencias con la Secretar\u00eda con la finalidad de mejorar la calidad de la informaci\u00f3n contenida en cada CEPCI.<\/li>\n<\/ul>\n<div>\n\r\n<div class=\"gdgallery-gallery-container\" id=\"gdgallery-container-14\" data-id=\"14\">\r\n    \r\n<div id=\"gdgallery_container_14\" style=\"display:none;\" data-view=\"grid\">\r\n            <a href=\"\">\r\n            <img decoding=\"async\" alt=\"Men\u00fa principal\"\r\n                 data-type=\"image\"\r\n                 src=\"https:\/\/www.oaxaca.gob.mx\/transparencia\/wp-content\/uploads\/sites\/3\/2021\/02\/app1.png\"\r\n                 data-image=\"https:\/\/www.oaxaca.gob.mx\/transparencia\/wp-content\/uploads\/sites\/3\/2021\/02\/app1.png\"\r\n                 data-description=\"menu principal para realizar quejas denuncias o sugerencias.\"\r\n                                 style=\"display:block\">\r\n        <\/a>\r\n            <a href=\"\">\r\n            <img decoding=\"async\" alt=\"Men\u00fa lateral\"\r\n                 data-type=\"image\"\r\n                 src=\"https:\/\/www.oaxaca.gob.mx\/transparencia\/wp-content\/uploads\/sites\/3\/2021\/02\/app2.png\"\r\n                 data-image=\"https:\/\/www.oaxaca.gob.mx\/transparencia\/wp-content\/uploads\/sites\/3\/2021\/02\/app2.png\"\r\n                 data-description=\"menu para brindar seguimiento a las quejas, denuncias y sugerencias.\"\r\n                                 style=\"display:block\">\r\n        <\/a>\r\n            <a href=\"\">\r\n            <img decoding=\"async\" alt=\"Formulario\"\r\n                 data-type=\"image\"\r\n                 src=\"https:\/\/www.oaxaca.gob.mx\/transparencia\/wp-content\/uploads\/sites\/3\/2021\/02\/app3.png\"\r\n                 data-image=\"https:\/\/www.oaxaca.gob.mx\/transparencia\/wp-content\/uploads\/sites\/3\/2021\/02\/app3.png\"\r\n                 data-description=\"formulario para realizar quejas, denuncias y sugerencias.\"\r\n                                 style=\"display:block\">\r\n        <\/a>\r\n    <\/div>\r\n\r\n<script type=\"text\/javascript\">\r\n    (function() {\r\n        var runMyCode = function() {\r\n            jQuery(document).ready(function () {\r\n                var container = jQuery(\"#gdgallery_container_14\");\r\n                container.unitegallery({\"gallery_theme\":\"tilesgrid\",\"tile_width\":200,\"tile_height\":200,\"grid_space_between_cols\":20,\"grid_space_between_rows\":20,\"gallery_width\":\"100%\",\"gallery_background_color\":\"#FFFFFF\",\"theme_navigation_type\":\"bullets\",\"theme_bullets_margin_top\":50,\"theme_bullets_color\":\"gray\",\"bullets_space_between\":15,\"theme_arrows_margin_top\":50,\"theme_space_between_arrows\":20,\"theme_navigation_align\":\"center\",\"theme_navigation_offset_hor\":0,\"grid_num_rows\":3,\"tile_enable_textpanel\":true,\"tile_textpanel_title_text_align\":\"left\",\"tile_textpanel_title_font_size\":\"16\",\"tile_textpanel_title_color\":\"#FFFFFF\",\"tile_textpanel_bg_color\":\"#333333\",\"tile_textpanel_bg_opacity\":0.7,\"tile_enable_border\":true,\"tile_border_width\":\"1\",\"tile_border_color\":\"#333333\",\"tile_border_radius\":\"3\",\"tile_enable_overlay\":true,\"tile_enable_image_effect\":true,\"tile_image_effect_type\":\"blur\",\"tile_image_effect_reverse\":true,\"tile_enable_shadow\":true,\"tile_as_link\":false,\"tile_enable_icons\":true,\"tile_show_link_icon\":true,\"tile_textpanel_appear_type\":\"slide\",\"tile_textpanel_position\":\"bottom\",\"tile_link_newpage\":true,\"lightbox_type\":\"wide\",\"lightbox_arrows_offset\":0,\"lightbox_overlay_color\":\"#000000\",\"lightbox_overlay_opacity\":1,\"lightbox_top_panel_opacity\":1,\"lightbox_show_numbers\":true,\"lightbox_numbers_size\":\"15\",\"lightbox_numbers_color\":\"#FFFFFF\",\"lightbox_slider_image_border_width\":\"0\",\"lightbox_slider_image_border_color\":\"#FFFFFF\",\"lightbox_slider_image_border_radius\":0,\"lightbox_slider_image_shadow\":true,\"lightbox_slider_control_swipe\":true,\"lightbox_slider_control_zoom\":true,\"lightbox_slider_image_border\":true,\"lightbox_show_textpanel\":true,\"lightbox_textpanel_enable_title\":true,\"lightbox_textpanel_enable_description\":false,\"lightbox_textpanel_padding_top\":5,\"lightbox_textpanel_padding_bottom\":5,\"lightbox_textpanel_padding_right\":5,\"lightbox_textpanel_padding_left\":5,\"lightbox_textpanel_title_color\":\"#FFFFFF\",\"lightbox_textpanel_title_text_align\":\"center\",\"lightbox_textpanel_title_font_size\":\"16\",\"lightbox_textpanel_desc_color\":\"#FFFFFF\",\"lightbox_textpanel_desc_text_align\":\"center\",\"lightbox_textpanel_desc_font_size\":\"14\"});\r\n            });\r\n        };\r\n        var timer = function() {\r\n            if (window.jQuery) {runMyCode(window.jQuery);}\r\n            else {window.setTimeout(timer, 100);}\r\n        };\r\n        timer();\r\n    })();\r\n<\/script>\r\n<style>.ug-lightbox .ug-lightbox-top-panel-overlay{\r\n    background-color: #000000 !important;\r\n}\r\n#gdgallery_container_14{align-items: center;}<\/style>\r\n<\/div>\r\n\r\n\r\n\r\n\r\n\r\n\n<\/div>\n","protected":false},"excerpt":{"rendered":"<p>El Sistema de Control de Carga de Obligaciones (SCCO), es una herramienta tecnol\u00f3gica creada para dar seguimiento al cumplimiento de la carga de informaci\u00f3n de obligaciones en materia de transparencia de los sujetos obligados del poder Ejecutivo y para la publicaci\u00f3n de dicha informaci\u00f3n en sus portales institucionales. OBJETIVOS Realizar el seguimiento y control de [&hellip;]<\/p>\n","protected":false},"author":79,"featured_media":0,"parent":0,"menu_order":0,"comment_status":"closed","ping_status":"closed","template":"","meta":{"episode_type":"","audio_file":"","podmotor_file_id":"","podmotor_episode_id":"","cover_image":"","cover_image_id":"","duration":"","filesize":"","filesize_raw":"","date_recorded":"","explicit":"","block":"","itunes_episode_number":"","itunes_title":"","itunes_season_number":"","itunes_episode_type":"","footnotes":""},"categories":[],"tags":[],"class_list":["post-1206","page","type-page","status-publish","hentry"],"publishpress_future_action":{"enabled":false,"date":"2026-05-14 19:18:39","action":"change-status","newStatus":"draft","terms":[],"taxonomy":"category","extraData":[]},"publishpress_future_workflow_manual_trigger":{"enabledWorkflows":[]},"_links":{"self":[{"href":"https:\/\/www.oaxaca.gob.mx\/transparencia\/wp-json\/wp\/v2\/pages\/1206","targetHints":{"allow":["GET"]}}],"collection":[{"href":"https:\/\/www.oaxaca.gob.mx\/transparencia\/wp-json\/wp\/v2\/pages"}],"about":[{"href":"https:\/\/www.oaxaca.gob.mx\/transparencia\/wp-json\/wp\/v2\/types\/page"}],"author":[{"embeddable":true,"href":"https:\/\/www.oaxaca.gob.mx\/transparencia\/wp-json\/wp\/v2\/users\/79"}],"replies":[{"embeddable":true,"href":"https:\/\/www.oaxaca.gob.mx\/transparencia\/wp-json\/wp\/v2\/comments?post=1206"}],"version-history":[{"count":2,"href":"https:\/\/www.oaxaca.gob.mx\/transparencia\/wp-json\/wp\/v2\/pages\/1206\/revisions"}],"predecessor-version":[{"id":2458,"href":"https:\/\/www.oaxaca.gob.mx\/transparencia\/wp-json\/wp\/v2\/pages\/1206\/revisions\/2458"}],"wp:attachment":[{"href":"https:\/\/www.oaxaca.gob.mx\/transparencia\/wp-json\/wp\/v2\/media?parent=1206"}],"wp:term":[{"taxonomy":"category","embeddable":true,"href":"https:\/\/www.oaxaca.gob.mx\/transparencia\/wp-json\/wp\/v2\/categories?post=1206"},{"taxonomy":"post_tag","embeddable":true,"href":"https:\/\/www.oaxaca.gob.mx\/transparencia\/wp-json\/wp\/v2\/tags?post=1206"}],"curies":[{"name":"wp","href":"https:\/\/api.w.org\/{rel}","templated":true}]}}