{"id":198,"date":"2018-03-02T10:56:02","date_gmt":"2018-03-02T16:56:02","guid":{"rendered":"https:\/\/q-www.oaxaca.gob.mx\/dgtid\/?page_id=14"},"modified":"2025-10-09T13:12:29","modified_gmt":"2025-10-09T19:12:29","slug":"que-es-la-dgtid","status":"publish","type":"page","link":"https:\/\/www.oaxaca.gob.mx\/tecnologias\/que-es-la-dgtid\/","title":{"rendered":"\u00bfQu\u00e9 es la ATID?"},"content":{"rendered":"<p style=\"text-align: justify;\">La ATID tiene por objeto consolidar el uso y aprovechamiento de la Infraestructura tecnol\u00f3gica, inform\u00e1tica y telecomunicaciones, impulsando el desarrollo de la tecnolog\u00eda e innovaci\u00f3n en la Administraci\u00f3n P\u00fablica Estatal.<\/p>\n<p>&nbsp;<\/p>\n<h3 style=\"text-align: center; border-bottom: 1px solid #1ba8a0;\">Misi\u00f3n<\/h3>\n<p>Ser el eje rector que consolide la estrategia tecnol\u00f3gica del Estado de Oaxaca utilizando las tecnolog\u00edas de la Informaci\u00f3n y las Comunicaciones para acercar el Gobierno a sus ciudadanos y que \u00e9stos realicen tr\u00e1mites y servicios de forma eficiente y efectiva, contribuyendo as\u00ed a una mejor calidad de vida e interacci\u00f3n de la ciudadan\u00eda.<\/p>\n<p>La Misi\u00f3n de la ATID se plasma en el Plan Estrat\u00e9gico de Tecnolog\u00edas e Innovaci\u00f3n, traduci\u00e9ndose en dos grandes rubros:<\/p>\n<p><strong>a) Transformaci\u00f3n Gubernamental<\/strong><br \/>\nDise\u00f1ar e instrumentar nuevos modelos basados en la innovaci\u00f3n que le agreguen valor al ejercicio de gobierno, al desarrollo econ\u00f3mico y a la participaci\u00f3n ciudadana, hacia la competitividad gubernamental en el Estado de Oaxaca.<strong>\u00a0<\/strong><\/p>\n<p><strong>b) Gobierno competitivo<\/strong><br \/>\nEl gobierno competitivo requiere de procesos imbricados entre s\u00ed, orientados a resultados, con indicadores que midan el desempe\u00f1o; con enfoque de ciudadan\u00eda hacia la que dirija sus acciones y alienten su participaci\u00f3n; de los cuales se rindan cuentas claras y garantice la transparencia democr\u00e1tica.<\/p>\n<p>&nbsp;<\/p>\n<p>&nbsp;<\/p>\n<h3 style=\"text-align: center; border-bottom: 1px solid #1ba8a0;\">Visi\u00f3n<\/h3>\n<ol>\n<li>OAXACA ser\u00e1 un Estado que potencie su desarrollo econ\u00f3mico, pol\u00edtico y social, a partir de la innovaci\u00f3n tecnol\u00f3gica y la apropiaci\u00f3n de las TIC.<\/li>\n<li>OAXACA ser\u00e1 un Estado que intensifique el uso estrat\u00e9gico de las tecnolog\u00edas de la informaci\u00f3n y comunicaciones hacia la competitividad.<\/li>\n<li>OAXACA ser\u00e1 un Estado que se moderniza por medio de la participaci\u00f3n ciudadana.<\/li>\n<\/ol>\n","protected":false},"excerpt":{"rendered":"<p>La ATID tiene por objeto consolidar el uso y aprovechamiento de la Infraestructura tecnol\u00f3gica, inform\u00e1tica y telecomunicaciones, impulsando el desarrollo de la tecnolog\u00eda e innovaci\u00f3n en la Administraci\u00f3n P\u00fablica Estatal. &nbsp; Misi\u00f3n Ser el eje rector que consolide la estrategia tecnol\u00f3gica del Estado de Oaxaca utilizando las tecnolog\u00edas de la Informaci\u00f3n y las Comunicaciones para [&hellip;]<\/p>\n","protected":false},"author":1,"featured_media":0,"parent":0,"menu_order":0,"comment_status":"closed","ping_status":"closed","template":"","meta":{"episode_type":"","audio_file":"","podmotor_file_id":"","podmotor_episode_id":"","cover_image":"","cover_image_id":"","duration":"","filesize":"","filesize_raw":"","date_recorded":"","explicit":"","block":"","itunes_episode_number":"","itunes_title":"","itunes_season_number":"","itunes_episode_type":"","footnotes":""},"categories":[],"tags":[],"class_list":["post-198","page","type-page","status-publish","hentry"],"acf":[],"publishpress_future_action":{"enabled":false,"date":"2026-04-23 16:06:20","action":"change-status","newStatus":"draft","terms":[],"taxonomy":"category","extraData":[]},"publishpress_future_workflow_manual_trigger":{"enabledWorkflows":[]},"_links":{"self":[{"href":"https:\/\/www.oaxaca.gob.mx\/tecnologias\/wp-json\/wp\/v2\/pages\/198","targetHints":{"allow":["GET"]}}],"collection":[{"href":"https:\/\/www.oaxaca.gob.mx\/tecnologias\/wp-json\/wp\/v2\/pages"}],"about":[{"href":"https:\/\/www.oaxaca.gob.mx\/tecnologias\/wp-json\/wp\/v2\/types\/page"}],"author":[{"embeddable":true,"href":"https:\/\/www.oaxaca.gob.mx\/tecnologias\/wp-json\/wp\/v2\/users\/1"}],"replies":[{"embeddable":true,"href":"https:\/\/www.oaxaca.gob.mx\/tecnologias\/wp-json\/wp\/v2\/comments?post=198"}],"version-history":[{"count":2,"href":"https:\/\/www.oaxaca.gob.mx\/tecnologias\/wp-json\/wp\/v2\/pages\/198\/revisions"}],"predecessor-version":[{"id":1726,"href":"https:\/\/www.oaxaca.gob.mx\/tecnologias\/wp-json\/wp\/v2\/pages\/198\/revisions\/1726"}],"wp:attachment":[{"href":"https:\/\/www.oaxaca.gob.mx\/tecnologias\/wp-json\/wp\/v2\/media?parent=198"}],"wp:term":[{"taxonomy":"category","embeddable":true,"href":"https:\/\/www.oaxaca.gob.mx\/tecnologias\/wp-json\/wp\/v2\/categories?post=198"},{"taxonomy":"post_tag","embeddable":true,"href":"https:\/\/www.oaxaca.gob.mx\/tecnologias\/wp-json\/wp\/v2\/tags?post=198"}],"curies":[{"name":"wp","href":"https:\/\/api.w.org\/{rel}","templated":true}]}}