{"id":1817,"date":"2025-12-04T12:24:23","date_gmt":"2025-12-04T18:24:23","guid":{"rendered":"https:\/\/www.oaxaca.gob.mx\/tecnologias\/?page_id=1817"},"modified":"2025-12-04T12:24:23","modified_gmt":"2025-12-04T18:24:23","slug":"servidores","status":"publish","type":"page","link":"https:\/\/www.oaxaca.gob.mx\/tecnologias\/servidores\/","title":{"rendered":"Servidores"},"content":{"rendered":"<section class=\"servicios-tecnologias\">  <div class=\"container\">    <ul class=\"lista-servicio\"><li><a href=\"\/tecnologias\/detalle-servicio\/?id=5\">Instalaci\u00f3n de Ambiente Virtual para Hosting<\/a><\/li><li><a href=\"\/tecnologias\/detalle-servicio\/?id=6\">Configuraci\u00f3n de dominios y subdominios<\/a><\/li><li><a href=\"\/tecnologias\/detalle-servicio\/?id=34\">Instalaci\u00f3n de Hosting F\u00edsico (Colocaci\u00f3n en Centro de Datos)<\/a><\/li>    <\/ul>  <\/div><\/section>\n","protected":false},"excerpt":{"rendered":"","protected":false},"author":1,"featured_media":0,"parent":0,"menu_order":0,"comment_status":"closed","ping_status":"closed","template":"","meta":{"episode_type":"","audio_file":"","podmotor_file_id":"","podmotor_episode_id":"","cover_image":"","cover_image_id":"","duration":"","filesize":"","filesize_raw":"","date_recorded":"","explicit":"","block":"","itunes_episode_number":"","itunes_title":"","itunes_season_number":"","itunes_episode_type":"","footnotes":""},"categories":[],"tags":[],"class_list":["post-1817","page","type-page","status-publish","hentry"],"acf":[],"publishpress_future_action":{"enabled":false,"date":"2026-05-16 22:25:02","action":"change-status","newStatus":"draft","terms":[],"taxonomy":"category","extraData":[]},"publishpress_future_workflow_manual_trigger":{"enabledWorkflows":[]},"_links":{"self":[{"href":"https:\/\/www.oaxaca.gob.mx\/tecnologias\/wp-json\/wp\/v2\/pages\/1817","targetHints":{"allow":["GET"]}}],"collection":[{"href":"https:\/\/www.oaxaca.gob.mx\/tecnologias\/wp-json\/wp\/v2\/pages"}],"about":[{"href":"https:\/\/www.oaxaca.gob.mx\/tecnologias\/wp-json\/wp\/v2\/types\/page"}],"author":[{"embeddable":true,"href":"https:\/\/www.oaxaca.gob.mx\/tecnologias\/wp-json\/wp\/v2\/users\/1"}],"replies":[{"embeddable":true,"href":"https:\/\/www.oaxaca.gob.mx\/tecnologias\/wp-json\/wp\/v2\/comments?post=1817"}],"version-history":[{"count":1,"href":"https:\/\/www.oaxaca.gob.mx\/tecnologias\/wp-json\/wp\/v2\/pages\/1817\/revisions"}],"predecessor-version":[{"id":1818,"href":"https:\/\/www.oaxaca.gob.mx\/tecnologias\/wp-json\/wp\/v2\/pages\/1817\/revisions\/1818"}],"wp:attachment":[{"href":"https:\/\/www.oaxaca.gob.mx\/tecnologias\/wp-json\/wp\/v2\/media?parent=1817"}],"wp:term":[{"taxonomy":"category","embeddable":true,"href":"https:\/\/www.oaxaca.gob.mx\/tecnologias\/wp-json\/wp\/v2\/categories?post=1817"},{"taxonomy":"post_tag","embeddable":true,"href":"https:\/\/www.oaxaca.gob.mx\/tecnologias\/wp-json\/wp\/v2\/tags?post=1817"}],"curies":[{"name":"wp","href":"https:\/\/api.w.org\/{rel}","templated":true}]}}