{"id":1090,"date":"2020-03-20T12:50:38","date_gmt":"2020-03-20T18:50:38","guid":{"rendered":"https:\/\/www.oaxaca.gob.mx\/dgtid\/?page_id=1090"},"modified":"2020-03-20T14:03:33","modified_gmt":"2020-03-20T20:03:33","slug":"trabajo-remoto","status":"publish","type":"page","link":"https:\/\/www.oaxaca.gob.mx\/tecnologias\/trabajo-remoto\/","title":{"rendered":"Herramientas para trabajar a distancia"},"content":{"rendered":"<p><!--[wbcr_snippet id=\"1093\"]--><\/p>\n<p>El Trabajo a distancia es una manera de trabajar desde cualquier lugar, sin que necesites acudir a una oficina central. Puedes conectarte desde cualquier computadora o dispositivo m\u00f3vil que tenga conexi\u00f3n a internet y el software adecuado para realizar colaboraciones en tiempo real.<br \/>\nA continuaci\u00f3n te dejamos algunas herramientas que te pueden ser de mucha ayuda para implementar esta forma de trabajo en caso de requerirlo:<\/p>\n\n<div class=\"herramientas\"><img decoding=\"async\" class=\"img-fluid mx-auto d-block\" src=\"https:\/\/www.oaxaca.gob.mx\/dgtid\/wp-content\/uploads\/sites\/2\/2020\/03\/herramientas.gif\" alt=\"\"\/><br \/>\n<button class=\"btn btn-h01\" type=\"button\" data-toggle=\"modal\" data-target=\"#h01\">&#8211;<\/button><br \/>\n<button class=\"btn btn-h02\" type=\"button\" data-toggle=\"modal\" data-target=\"#h02\">&#8211;<\/button><br \/>\n<button class=\"btn btn-h03\" type=\"button\" data-toggle=\"modal\" data-target=\"#h03\">&#8211;<\/button><br \/>\n<button class=\"btn btn-h04\" type=\"button\" data-toggle=\"modal\" data-target=\"#h04\">&#8211;<\/button><br \/>\n<button class=\"btn btn-h05\" type=\"button\" data-toggle=\"modal\" data-target=\"#h05\">&#8211;<\/button><\/div>\n<div id=\"h01\" class=\"modal modal-circulo ade\" tabindex=\"-1\" role=\"dialog\" aria-labelledby=\"exampleModalLabel\" aria-hidden=\"true\">\n<div class=\"modal-dialog\" role=\"document\">\n<div class=\"herramientas-bloque modal-content\">\n<div class=\"modal-body\"><button class=\"close\" type=\"button\" data-dismiss=\"modal\" aria-label=\"Close\"><br \/>\n<span aria-hidden=\"true\">\u00d7<\/span><br \/>\n<\/button><\/p>\n<div class=\"row pb-3\">\n<div class=\"col-md-4\"><img decoding=\"async\" src=\"https:\/\/www.oaxaca.gob.mx\/dgtid\/wp-content\/uploads\/sites\/2\/2020\/03\/cisco.png\" \/><br \/>\n<a class=\"btn btn-turquesa btn-block mb-2\" href=\"https:\/\/www.webex.com.mx\/products\/enterprise_meetings.html\" target=\"_blank\" rel=\"noopener noreferrer\">Ir a la P\u00e1gina<\/a><br \/>\n<a class=\"btn btn-turquesa btn-block mb-2\" href=\"https:\/\/www.webex.com\/es\/downloads.html\" target=\"_blank\" rel=\"noopener noreferrer\">Descargar<\/a><\/div>\n<div class=\"col-md-8\">\n<h3 class=\"mt-5\">Cisco WebEx<\/h3>\n<p>El Cisco WebEx Meetings Server es una soluci\u00f3n segura y totalmente virtualizada, que funciona dentro de su propia red. Combina las conferencias de audio y web en una sola soluci\u00f3n.<\/p>\n<\/div>\n<\/div>\n<\/div>\n<\/div>\n<\/div>\n<\/div>\n<div id=\"h02\" class=\"modal modal-circulo fade\" tabindex=\"-1\" role=\"dialog\" aria-labelledby=\"exampleModalLabel\" aria-hidden=\"true\">\n<div class=\"modal-dialog\" role=\"document\">\n<div class=\"herramientas-bloque modal-content\">\n<div class=\"modal-body\"><button class=\"close\" type=\"button\" data-dismiss=\"modal\" aria-label=\"Close\"><span aria-hidden=\"true\">\u00d7<\/span><\/button><\/p>\n<div class=\"row pb-3\">\n<div class=\"col-md-4\"><img decoding=\"async\" src=\"https:\/\/www.oaxaca.gob.mx\/dgtid\/wp-content\/uploads\/sites\/2\/2020\/03\/gangouts.png\" \/><br \/>\n<a class=\"btn btn-verde btn-block mb-2\" href=\"https:\/\/hangouts.google.com\/\" target=\"_blank\" rel=\"noopener noreferrer\">Ir a la P\u00e1gina<\/a><br \/>\n<a class=\"btn btn-verde btn-block mb-2\" href=\"https:\/\/hangouts.google.com\/\" target=\"_blank\" rel=\"noopener noreferrer\">Descargar<\/a><\/div>\n<div class=\"col-md-8\">\n<h3 class=\"mt-3\">Hangouts<\/h3>\n<p>Usa Hangouts para mantenerte en contacto con quien quieras. Env\u00edales mensajes a tus contactos, inicia llamadas de voz o video gratuitas, o participa en una conversaci\u00f3n con una persona o un grupo.<\/p>\n<h5 class=\"text-verde\">Mensajes<\/h5>\n<ul class=\"pl-3\">\n<li>Incluye a todos tus contactos en chats en grupo de hasta 150 personas.<\/li>\n<li>Convierte cualquier conversaci\u00f3n en una videollamada grupal gratuita con hasta 10 contactos.<\/li>\n<li>Mantente en contacto con tus conocidos, ya sea que usen Android, iOS o la Web, y sincroniza los chats en todos tus dispositivos.<\/li>\n<\/ul>\n<\/div>\n<\/div>\n<\/div>\n<\/div>\n<\/div>\n<\/div>\n<div id=\"h03\" class=\"modal modal-circulo fade\" tabindex=\"-1\" role=\"dialog\" aria-labelledby=\"exampleModalLabel\" aria-hidden=\"true\">\n<div class=\"modal-dialog\" role=\"document\">\n<div class=\"herramientas-bloque modal-content\">\n<div class=\"modal-body\"><button class=\"close\" type=\"button\" data-dismiss=\"modal\" aria-label=\"Close\"><span aria-hidden=\"true\">\u00d7<\/span><\/button><\/p>\n<div class=\"row pb-3\">\n<div class=\"col-md-4\"><img decoding=\"async\" src=\"https:\/\/www.oaxaca.gob.mx\/dgtid\/wp-content\/uploads\/sites\/2\/2020\/03\/zoom.png\" \/><br \/>\n<a class=\"btn btn-ginda btn-block mb-2\" href=\"https:\/\/us04web.zoom.us\/\" target=\"_blank\" rel=\"noopener noreferrer\">Ir a la P\u00e1gina<\/a><br \/>\n<a class=\"btn btn-ginda btn-block mb-2\" href=\"https:\/\/zoom.us\/download#client_4meeting\" target=\"_blank\" rel=\"noopener noreferrer\">Descargar<\/a><\/div>\n<div class=\"col-md-8\">\n<h3 class=\"mt-5\">Zoom<\/h3>\n<p>Videoconferencias para empresas con mensajer\u00eda en tiempo real e intercambio de contenido.<br \/>\nHabilita las comunicaciones internas y externas, las reuniones de todo el equipo y las capacitaciones por medio de una plataforma de comunicaci\u00f3n.<\/p>\n<\/div>\n<\/div>\n<\/div>\n<\/div>\n<\/div>\n<\/div>\n<div id=\"h04\" class=\"modal modal-circulo fade\" tabindex=\"-1\" role=\"dialog\" aria-labelledby=\"exampleModalLabel\" aria-hidden=\"true\">\n<div class=\"modal-dialog\" role=\"document\">\n<div class=\"herramientas-bloque modal-content\">\n<div class=\"modal-body\"><button class=\"close\" type=\"button\" data-dismiss=\"modal\" aria-label=\"Close\"><span aria-hidden=\"true\">\u00d7<\/span><\/button><\/p>\n<div class=\"row pb-3\">\n<div class=\"col-md-4\"><img decoding=\"async\" src=\"https:\/\/www.oaxaca.gob.mx\/dgtid\/wp-content\/uploads\/sites\/2\/2020\/03\/rainbow.png\" \/><br \/>\n<a class=\"btn btn-naranja btn-block mb-2\" href=\"https:\/\/www.openrainbow.com\/es-es\" target=\"_blank\" rel=\"noopener noreferrer\">Ir a la P\u00e1gina<\/a><br \/>\n<a class=\"btn btn-naranja btn-block mb-2\" href=\"https:\/\/web.openrainbow.com\/app\/1.68.2\/index.html#\/subscribe\" target=\"_blank\" rel=\"noopener noreferrer\">Registrarse<\/a><\/div>\n<div class=\"col-md-8\">\n<h3 class=\"mt-3\">Rainbow<\/h3>\n<p>Alcatel-Lucent Rainbow\u2122 el servicio de colaboraci\u00f3n basado en la nube de Alcatel-Lucent Enterprise, permite a personas y equipos conectarse y colaborar eficientemente con colegas, contactos de negocios y clientes.<br \/>\nRainbow conecta todas sus ubicaciones, as\u00ed como a los trabajadores a distancia, con los servicios de colaboraci\u00f3n. Es f\u00e1cil de implementar y protege sus inversiones existentes.<\/p>\n<\/div>\n<\/div>\n<\/div>\n<\/div>\n<\/div>\n<\/div>\n<div id=\"h05\" class=\"modal modal-circulo fade\" tabindex=\"-1\" role=\"dialog\" aria-labelledby=\"exampleModalLabel\" aria-hidden=\"true\">\n<div class=\"modal-dialog\" role=\"document\">\n<div class=\"herramientas-bloque modal-content\">\n<div class=\"modal-body\"><button class=\"close\" type=\"button\" data-dismiss=\"modal\" aria-label=\"Close\"><span aria-hidden=\"true\">\u00d7<\/span><\/button><\/p>\n<div class=\"row pb-3\">\n<div class=\"col-md-4\"><img decoding=\"async\" src=\"https:\/\/www.oaxaca.gob.mx\/dgtid\/wp-content\/uploads\/sites\/2\/2020\/03\/skype.png\" \/><br \/>\n<a class=\"btn btn-limon btn-block mb-2\" href=\"https:\/\/www.skype.com\/es\/\" target=\"_blank\" rel=\"noopener noreferrer\">Ir a la P\u00e1gina<\/a><br \/>\n<a class=\"btn btn-limon btn-block mb-2\" href=\"https:\/\/www.skype.com\/es\/get-skype\/\" target=\"_blank\" rel=\"noopener noreferrer\">Descargar<\/a><\/div>\n<div class=\"col-md-8\">\n<h3 class=\"mt-5\">Skype<\/h3>\n<p>Skype es un software que permite que todo el mundo se comunique. Millones de personas y empresas ya usan Skype para hacer llamadas y videollamadas gratis individuales y grupales, enviar mensajes instant\u00e1neos y compartir archivos con otras personas que usan Skype. Puedes usar Skype en lo que mejor se adapte a tus necesidades: en tu tel\u00e9fono m\u00f3vil, PC o tableta.<\/p>\n<\/div>\n<\/div>\n<\/div>\n<\/div>\n<\/div>\n<\/div>\n","protected":false},"excerpt":{"rendered":"<p>El Trabajo a distancia es una manera de trabajar desde cualquier lugar, sin que necesites acudir a una oficina central. Puedes conectarte desde cualquier computadora o dispositivo m\u00f3vil que tenga conexi\u00f3n a internet y el software adecuado para realizar colaboraciones en tiempo real. A continuaci\u00f3n te dejamos algunas herramientas que te pueden ser de mucha [&hellip;]<\/p>\n","protected":false},"author":1,"featured_media":0,"parent":0,"menu_order":0,"comment_status":"closed","ping_status":"closed","template":"","meta":{"episode_type":"","audio_file":"","podmotor_file_id":"","podmotor_episode_id":"","cover_image":"","cover_image_id":"","duration":"","filesize":"","filesize_raw":"","date_recorded":"","explicit":"","block":"","itunes_episode_number":"","itunes_title":"","itunes_season_number":"","itunes_episode_type":"","footnotes":""},"categories":[],"tags":[],"class_list":["post-1090","page","type-page","status-publish","hentry"],"acf":[],"publishpress_future_action":{"enabled":false,"date":"2026-05-14 11:12:26","action":"change-status","newStatus":"draft","terms":[],"taxonomy":"category","extraData":[]},"publishpress_future_workflow_manual_trigger":{"enabledWorkflows":[]},"_links":{"self":[{"href":"https:\/\/www.oaxaca.gob.mx\/tecnologias\/wp-json\/wp\/v2\/pages\/1090","targetHints":{"allow":["GET"]}}],"collection":[{"href":"https:\/\/www.oaxaca.gob.mx\/tecnologias\/wp-json\/wp\/v2\/pages"}],"about":[{"href":"https:\/\/www.oaxaca.gob.mx\/tecnologias\/wp-json\/wp\/v2\/types\/page"}],"author":[{"embeddable":true,"href":"https:\/\/www.oaxaca.gob.mx\/tecnologias\/wp-json\/wp\/v2\/users\/1"}],"replies":[{"embeddable":true,"href":"https:\/\/www.oaxaca.gob.mx\/tecnologias\/wp-json\/wp\/v2\/comments?post=1090"}],"version-history":[{"count":10,"href":"https:\/\/www.oaxaca.gob.mx\/tecnologias\/wp-json\/wp\/v2\/pages\/1090\/revisions"}],"predecessor-version":[{"id":1116,"href":"https:\/\/www.oaxaca.gob.mx\/tecnologias\/wp-json\/wp\/v2\/pages\/1090\/revisions\/1116"}],"wp:attachment":[{"href":"https:\/\/www.oaxaca.gob.mx\/tecnologias\/wp-json\/wp\/v2\/media?parent=1090"}],"wp:term":[{"taxonomy":"category","embeddable":true,"href":"https:\/\/www.oaxaca.gob.mx\/tecnologias\/wp-json\/wp\/v2\/categories?post=1090"},{"taxonomy":"post_tag","embeddable":true,"href":"https:\/\/www.oaxaca.gob.mx\/tecnologias\/wp-json\/wp\/v2\/tags?post=1090"}],"curies":[{"name":"wp","href":"https:\/\/api.w.org\/{rel}","templated":true}]}}