{"id":98,"date":"2020-05-28T17:39:47","date_gmt":"2020-05-28T17:39:47","guid":{"rendered":"https:\/\/q-www.oaxaca.gob.mx\/tebceo\/?page_id=98"},"modified":"2020-05-28T17:39:47","modified_gmt":"2020-05-28T17:39:47","slug":"cambio-de-plantel","status":"publish","type":"page","link":"https:\/\/www.oaxaca.gob.mx\/tebceo\/cambio-de-plantel\/","title":{"rendered":"Cambio de plantel"},"content":{"rendered":"<p>Los requisitos para cambio de plantel:<\/p>\n<p>1. Solicitud por escrito del alumno dirigido al Responsable del plantel.<\/p>\n<p>2. Solicitud por escrito del Responsable dirigido al Departamento de Servicios Escolares, anexando Kardex y el expediente del alumno.<\/p>\n<p>3. Autorizaci\u00f3n por oficio del Departamento de Servicios Escolares.<\/p>\n<p>El tr\u00e1mite de equivalencia, revalidaci\u00f3n y la portabilidad de estudios se realiza en la Coordinaci\u00f3n General de Educaci\u00f3n Media Superior y Superior, Ciencia y Tecnolog\u00eda (CGEMSySCyT).<\/p>\n","protected":false},"excerpt":{"rendered":"<p>Los requisitos para cambio de plantel: 1. Solicitud por escrito del alumno dirigido al Responsable del plantel. 2. Solicitud por escrito del Responsable dirigido al Departamento de Servicios Escolares, anexando Kardex y el expediente del alumno. 3. Autorizaci\u00f3n por oficio del Departamento de Servicios Escolares. El tr\u00e1mite de equivalencia, revalidaci\u00f3n y la portabilidad de estudios [&hellip;]<\/p>\n","protected":false},"author":1,"featured_media":0,"parent":0,"menu_order":0,"comment_status":"closed","ping_status":"closed","template":"","meta":{"episode_type":"","audio_file":"","podmotor_file_id":"","podmotor_episode_id":"","cover_image":"","cover_image_id":"","duration":"","filesize":"","filesize_raw":"","date_recorded":"","explicit":"","block":"","itunes_episode_number":"","itunes_title":"","itunes_season_number":"","itunes_episode_type":"","footnotes":""},"categories":[],"tags":[],"class_list":["post-98","page","type-page","status-publish","hentry"],"acf":[],"publishpress_future_action":{"enabled":false,"date":"2026-04-20 16:46:29","action":"change-status","newStatus":"draft","terms":[],"taxonomy":"category","extraData":[]},"publishpress_future_workflow_manual_trigger":{"enabledWorkflows":[]},"_links":{"self":[{"href":"https:\/\/www.oaxaca.gob.mx\/tebceo\/wp-json\/wp\/v2\/pages\/98","targetHints":{"allow":["GET"]}}],"collection":[{"href":"https:\/\/www.oaxaca.gob.mx\/tebceo\/wp-json\/wp\/v2\/pages"}],"about":[{"href":"https:\/\/www.oaxaca.gob.mx\/tebceo\/wp-json\/wp\/v2\/types\/page"}],"author":[{"embeddable":true,"href":"https:\/\/www.oaxaca.gob.mx\/tebceo\/wp-json\/wp\/v2\/users\/1"}],"replies":[{"embeddable":true,"href":"https:\/\/www.oaxaca.gob.mx\/tebceo\/wp-json\/wp\/v2\/comments?post=98"}],"version-history":[{"count":0,"href":"https:\/\/www.oaxaca.gob.mx\/tebceo\/wp-json\/wp\/v2\/pages\/98\/revisions"}],"wp:attachment":[{"href":"https:\/\/www.oaxaca.gob.mx\/tebceo\/wp-json\/wp\/v2\/media?parent=98"}],"wp:term":[{"taxonomy":"category","embeddable":true,"href":"https:\/\/www.oaxaca.gob.mx\/tebceo\/wp-json\/wp\/v2\/categories?post=98"},{"taxonomy":"post_tag","embeddable":true,"href":"https:\/\/www.oaxaca.gob.mx\/tebceo\/wp-json\/wp\/v2\/tags?post=98"}],"curies":[{"name":"wp","href":"https:\/\/api.w.org\/{rel}","templated":true}]}}