{"id":94,"date":"2020-05-28T17:34:38","date_gmt":"2020-05-28T17:34:38","guid":{"rendered":"https:\/\/q-www.oaxaca.gob.mx\/tebceo\/?page_id=94"},"modified":"2020-05-28T17:34:38","modified_gmt":"2020-05-28T17:34:38","slug":"duplicado-y-o-reposicion-de-certificado-parcial-o-de-terminacion-de-estudios","status":"publish","type":"page","link":"https:\/\/www.oaxaca.gob.mx\/tebceo\/duplicado-y-o-reposicion-de-certificado-parcial-o-de-terminacion-de-estudios\/","title":{"rendered":"Duplicado y\/o reposici\u00f3n de Certificado Parcial o de Terminaci\u00f3n de Estudios"},"content":{"rendered":"<p>Por causa justificada se podr\u00e1 solicitar duplicado o reposici\u00f3n del Certificado de terminaci\u00f3n de estudios o de estudios parciales, siempre que no se haya solicitado por rectificaci\u00f3n de datos personales, cubriendo los siguientes requisitos:<\/p>\n<ul>\n<li>Solicitud por escrito<\/li>\n<li>Justificante documental (Acta de extrav\u00edo, requisito en la universidad, etc.)<\/li>\n<li>4 fotograf\u00edas tama\u00f1o infantil B\/N, en papel mate adherible.<\/li>\n<\/ul>\n","protected":false},"excerpt":{"rendered":"<p>Por causa justificada se podr\u00e1 solicitar duplicado o reposici\u00f3n del Certificado de terminaci\u00f3n de estudios o de estudios parciales, siempre que no se haya solicitado por rectificaci\u00f3n de datos personales, cubriendo los siguientes requisitos: Solicitud por escrito Justificante documental (Acta de extrav\u00edo, requisito en la universidad, etc.) 4 fotograf\u00edas tama\u00f1o infantil B\/N, en papel mate [&hellip;]<\/p>\n","protected":false},"author":1,"featured_media":0,"parent":0,"menu_order":0,"comment_status":"closed","ping_status":"closed","template":"","meta":{"episode_type":"","audio_file":"","podmotor_file_id":"","podmotor_episode_id":"","cover_image":"","cover_image_id":"","duration":"","filesize":"","filesize_raw":"","date_recorded":"","explicit":"","block":"","itunes_episode_number":"","itunes_title":"","itunes_season_number":"","itunes_episode_type":"","footnotes":""},"categories":[],"tags":[],"class_list":["post-94","page","type-page","status-publish","hentry"],"acf":[],"publishpress_future_action":{"enabled":false,"date":"2026-04-20 16:47:31","action":"change-status","newStatus":"draft","terms":[],"taxonomy":"category","extraData":[]},"publishpress_future_workflow_manual_trigger":{"enabledWorkflows":[]},"_links":{"self":[{"href":"https:\/\/www.oaxaca.gob.mx\/tebceo\/wp-json\/wp\/v2\/pages\/94","targetHints":{"allow":["GET"]}}],"collection":[{"href":"https:\/\/www.oaxaca.gob.mx\/tebceo\/wp-json\/wp\/v2\/pages"}],"about":[{"href":"https:\/\/www.oaxaca.gob.mx\/tebceo\/wp-json\/wp\/v2\/types\/page"}],"author":[{"embeddable":true,"href":"https:\/\/www.oaxaca.gob.mx\/tebceo\/wp-json\/wp\/v2\/users\/1"}],"replies":[{"embeddable":true,"href":"https:\/\/www.oaxaca.gob.mx\/tebceo\/wp-json\/wp\/v2\/comments?post=94"}],"version-history":[{"count":0,"href":"https:\/\/www.oaxaca.gob.mx\/tebceo\/wp-json\/wp\/v2\/pages\/94\/revisions"}],"wp:attachment":[{"href":"https:\/\/www.oaxaca.gob.mx\/tebceo\/wp-json\/wp\/v2\/media?parent=94"}],"wp:term":[{"taxonomy":"category","embeddable":true,"href":"https:\/\/www.oaxaca.gob.mx\/tebceo\/wp-json\/wp\/v2\/categories?post=94"},{"taxonomy":"post_tag","embeddable":true,"href":"https:\/\/www.oaxaca.gob.mx\/tebceo\/wp-json\/wp\/v2\/tags?post=94"}],"curies":[{"name":"wp","href":"https:\/\/api.w.org\/{rel}","templated":true}]}}