{"id":641,"date":"2021-07-30T23:14:14","date_gmt":"2021-07-30T23:14:14","guid":{"rendered":"https:\/\/www.oaxaca.gob.mx\/tebceo\/?page_id=641"},"modified":"2021-07-31T00:34:28","modified_gmt":"2021-07-31T00:34:28","slug":"programas-de-estudio","status":"publish","type":"page","link":"https:\/\/www.oaxaca.gob.mx\/tebceo\/programas-de-estudio\/","title":{"rendered":"Programas de estudio"},"content":{"rendered":"<p>&nbsp;<\/p>\n<div class=\"post\">\n<nav style=\"margin-bottom: 35px\">\n<div id=\"nav-tab\" class=\"nav nav-tabs\" role=\"tablist\"><a id=\"nav_tab_uno\" class=\"nav-item nav-link active\" role=\"tab\" href=\"#nav_uno\" data-toggle=\"tab\">Primer Semestre<\/a><br \/>\n<a id=\"nav_tab_dos\" class=\"nav-item nav-link\" role=\"tab\" href=\"#nav_dos\" data-toggle=\"tab\">Segundo Semestre<\/a><br \/>\n<a id=\"nav_tab_tres\" class=\"nav-item nav-link\" role=\"tab\" href=\"#nav_tres\" data-toggle=\"tab\">Tercer Semestre<\/a><br \/>\n<a id=\"nav_tab_cuatro\" class=\"nav-item nav-link\" role=\"tab\" href=\"#nav_cuatro\" data-toggle=\"tab\">Cuarto Semestre<\/a><br \/>\n<a id=\"nav_tab_cinco\" class=\"nav-item nav-link\" role=\"tab\" href=\"#nav_cinco\" data-toggle=\"tab\">Quinto Semestre<\/a><br \/>\n<a id=\"nav_tab_seis\" class=\"nav-item nav-link\" role=\"tab\" href=\"#nav_seis\" data-toggle=\"tab\">Sexto Semestre<\/a><\/div>\n<\/nav>\n<div id=\"nav-tabContent\" class=\"tab-content\">\n<div id=\"nav_uno\" class=\"tab-pane fade active show\" role=\"tabpanel\" aria-labelledby=\"nav_tab_uno\">\n<table id=\"tablepress-20\" class=\"tablepress tablepress-id-20\">\n<thead>\n<tr class=\"row-1\">\n\t<th class=\"column-1\">Descripci\u00f3n <\/th><th class=\"column-2\">Descarga<\/th>\n<\/tr>\n<\/thead>\n<tbody class=\"row-striping row-hover\">\n<tr class=\"row-2\">\n\t<td class=\"column-1\">Proceso Comunicativo I<\/td><td class=\"column-2\"><a href=\"https:\/\/www.oaxaca.gob.mx\/tebceo\/wp-content\/uploads\/sites\/80\/2021\/07\/Proceso-comunicativo-I.pdf\"><i class=\"far fa-file-pdf fa-2x\">\u00a0<\/i><\/a><br \/>\n<\/td>\n<\/tr>\n<tr class=\"row-3\">\n\t<td class=\"column-1\">Matem\u00e1ticas, Fuerza y movimiento <\/td><td class=\"column-2\"><a href=\"https:\/\/www.oaxaca.gob.mx\/tebceo\/wp-content\/uploads\/sites\/80\/2021\/07\/Matematicas-fuerzas-y-movimiento-26022020.pdf\"><i class=\"far fa-file-pdf fa-2x\">\u00a0<\/i><\/a><\/td>\n<\/tr>\n<tr class=\"row-4\">\n\t<td class=\"column-1\">\u00c9tica e investigaci\u00f3n <\/td><td class=\"column-2\"><a href=\"https:\/\/www.oaxaca.gob.mx\/tebceo\/wp-content\/uploads\/sites\/80\/2021\/07\/Etica-e-investigacion.pdf\"><i class=\"far fa-file-pdf fa-2x\">\u00a0<\/i><\/a><\/td>\n<\/tr>\n<\/tbody>\n<\/table>\n<!-- #tablepress-20 from cache --> <!-- #tablepress-2 from cache --><\/div>\n<div id=\"nav_dos\" class=\"tab-pane fade\" role=\"tabpanel\" aria-labelledby=\"nav_tab_dos\">\n<table id=\"tablepress-21\" class=\"tablepress tablepress-id-21\">\n<thead>\n<tr class=\"row-1\">\n\t<th class=\"column-1\">Descripci\u00f3n <\/th><th class=\"column-2\">Descarga<\/th>\n<\/tr>\n<\/thead>\n<tbody class=\"row-striping row-hover\">\n<tr class=\"row-2\">\n\t<td class=\"column-1\">Proceso Comunicativo II<\/td><td class=\"column-2\"><a href=\"https:\/\/www.oaxaca.gob.mx\/tebceo\/wp-content\/uploads\/sites\/80\/2021\/07\/Proceso-comunicativo-II.pdf\"><i class=\"far fa-file-pdf fa-2x\">\u00a0<\/i><\/a><\/td>\n<\/tr>\n<tr class=\"row-3\">\n\t<td class=\"column-1\">Matem\u00e1ticas, fluidos, calor y electricidad<\/td><td class=\"column-2\"><a href=\"https:\/\/www.oaxaca.gob.mx\/tebceo\/wp-content\/uploads\/sites\/80\/2021\/07\/Matematicas-fluidos-calor-y-electricidad-26022020.pdf\"><i class=\"far fa-file-pdf fa-2x\">\u00a0<\/i><\/a><\/td>\n<\/tr>\n<tr class=\"row-4\">\n\t<td class=\"column-1\">\u00c9tica, sociedad y tecnolog\u00eda <\/td><td class=\"column-2\"><a href=\"https:\/\/www.oaxaca.gob.mx\/tebceo\/wp-content\/uploads\/sites\/80\/2021\/07\/Etica-sociedad-y-tecnologia.pdf\"><i class=\"far fa-file-pdf fa-2x\">\u00a0<\/i><\/a><\/td>\n<\/tr>\n<\/tbody>\n<\/table>\n<!-- #tablepress-21 from cache --><!-- #tablepress-3 from cache --><\/div>\n<div id=\"nav_tres\" class=\"tab-pane fade\" role=\"tabpanel\" aria-labelledby=\"nav_tab_tres\">\n<table id=\"tablepress-22\" class=\"tablepress tablepress-id-22\">\n<thead>\n<tr class=\"row-1\">\n\t<th class=\"column-1\">Descripci\u00f3n <\/th><th class=\"column-2\">Descarga <\/th>\n<\/tr>\n<\/thead>\n<tbody class=\"row-striping row-hover\">\n<tr class=\"row-2\">\n\t<td class=\"column-1\">Desarrollo comunitario-Que necesita mi comunidad<\/td><td class=\"column-2\"><a href=\"https:\/\/www.oaxaca.gob.mx\/tebceo\/wp-content\/uploads\/sites\/80\/2021\/07\/Desarrollo-Comunitario-I-Que-necesita-mi-comunidad.pdf\"><i class=\"far fa-file-pdf fa-2x\">\u00a0<\/i><\/a><\/td>\n<\/tr>\n<tr class=\"row-3\">\n\t<td class=\"column-1\">Matem\u00e1ticas , c\u00e9lulas y mol\u00e9culas <\/td><td class=\"column-2\"><a href=\"https:\/\/www.oaxaca.gob.mx\/tebceo\/wp-content\/uploads\/sites\/80\/2021\/07\/Matematicas_celulas_y_moleculas.pdf\"><i class=\"far fa-file-pdf fa-2x\">\u00a0<\/i><\/a><br \/>\n<\/td>\n<\/tr>\n<tr class=\"row-4\">\n\t<td class=\"column-1\">M\u00e9xico y el expansionismo europeo <\/td><td class=\"column-2\"><a href=\"https:\/\/www.oaxaca.gob.mx\/tebceo\/wp-content\/uploads\/sites\/80\/2021\/07\/Mexico-y-el-expansionismo-europeo.pdf\"><i class=\"far fa-file-pdf fa-2x\">\u00a0<\/i><\/a><\/td>\n<\/tr>\n<tr class=\"row-5\">\n\t<td class=\"column-1\">Producci\u00f3n y apreciaci\u00f3n literaria <\/td><td class=\"column-2\"><a href=\"https:\/\/www.oaxaca.gob.mx\/tebceo\/wp-content\/uploads\/sites\/80\/2021\/07\/Produccion_y_apreciacion_literaria_I.pdf\"><i class=\"far fa-file-pdf fa-2x\">\u00a0<\/i><\/a><\/td>\n<\/tr>\n<\/tbody>\n<\/table>\n<!-- #tablepress-22 from cache --><!-- #tablepress-3 from cache --><\/div>\n<div id=\"nav_cuatro\" class=\"tab-pane fade\" role=\"tabpanel\" aria-labelledby=\"nav_tab_cuatro\">\n<table id=\"tablepress-23\" class=\"tablepress tablepress-id-23\">\n<thead>\n<tr class=\"row-1\">\n\t<th class=\"column-1\">Descripci\u00f3n <\/th><th class=\"column-2\">Descarga<\/th>\n<\/tr>\n<\/thead>\n<tbody class=\"row-striping row-hover\">\n<tr class=\"row-2\">\n\t<td class=\"column-1\">Dise\u00f1o del proyecto comunitario<\/td><td class=\"column-2\"><a href=\"https:\/\/www.oaxaca.gob.mx\/tebceo\/wp-content\/uploads\/sites\/80\/2021\/07\/Diseno-del-Proyecto-Comunitario.pdf\"><i class=\"far fa-file-pdf fa-2x\">\u00a0<\/i><\/a><\/td>\n<\/tr>\n<tr class=\"row-3\">\n\t<td class=\"column-1\">Matem\u00e1ticas, cuerpo humano y biodiversidad<\/td><td class=\"column-2\"><a href=\"https:\/\/www.oaxaca.gob.mx\/tebceo\/wp-content\/uploads\/sites\/80\/2021\/07\/Matematicas-cuerpo-humano-y-biodiversidad.pdf\"><i class=\"far fa-file-pdf fa-2x\">\u00a0<\/i><\/a><\/td>\n<\/tr>\n<tr class=\"row-4\">\n\t<td class=\"column-1\">M\u00e9xico y el imperialismo<\/td><td class=\"column-2\"><a href=\"https:\/\/www.oaxaca.gob.mx\/tebceo\/wp-content\/uploads\/sites\/80\/2021\/07\/Mexico-y-el-imperialismo.pdf\"><i class=\"far fa-file-pdf fa-2x\">\u00a0<\/i><\/a><\/td>\n<\/tr>\n<tr class=\"row-5\">\n\t<td class=\"column-1\">Producci\u00f3n y apreciaci\u00f3n literaria II<\/td><td class=\"column-2\"><a href=\"https:\/\/www.oaxaca.gob.mx\/tebceo\/wp-content\/uploads\/sites\/80\/2021\/07\/Produccion-y-apreciacion-literaria-II.pdf\"><i class=\"far fa-file-pdf fa-2x\">\u00a0<\/i><\/a><\/td>\n<\/tr>\n<\/tbody>\n<\/table>\n<!-- #tablepress-23 from cache --><!-- #tablepress-3 from cache --><\/div>\n<div id=\"nav_cinco\" class=\"tab-pane fade\" role=\"tabpanel\" aria-labelledby=\"nav_tab_cinco\">\n<table id=\"tablepress-24\" class=\"tablepress tablepress-id-24\">\n<thead>\n<tr class=\"row-1\">\n\t<th class=\"column-1\">Descripci\u00f3n<\/th><th class=\"column-2\">Descarga<\/th>\n<\/tr>\n<\/thead>\n<tbody class=\"row-striping row-hover\">\n<tr class=\"row-2\">\n\t<td class=\"column-1\">Comunicaci\u00f3n, Arte y Cultura I <\/td><td class=\"column-2\"><a href=\"https:\/\/www.oaxaca.gob.mx\/tebceo\/wp-content\/uploads\/sites\/80\/2021\/07\/Comunicacion-Arte-y-Cultura-I.pdf\"><i class=\"far fa-file-pdf fa-2x\">\u00a0<\/i><\/a><\/td>\n<\/tr>\n<tr class=\"row-3\">\n\t<td class=\"column-1\">Derecho y cultura de paz I <\/td><td class=\"column-2\"><a href=\"https:\/\/www.oaxaca.gob.mx\/tebceo\/wp-content\/uploads\/sites\/80\/2021\/07\/Derecho-y-cultura-de-paz-I-1.pdf\"><i class=\"far fa-file-pdf fa-2x\">\u00a0<\/i><\/a><\/td>\n<\/tr>\n<tr class=\"row-4\">\n\t<td class=\"column-1\">Estad\u00edstica para la vida<\/td><td class=\"column-2\"><a href=\"https:\/\/www.oaxaca.gob.mx\/tebceo\/wp-content\/uploads\/sites\/80\/2021\/07\/Estadistica-para-la-vida.pdf\"><i class=\"far fa-file-pdf fa-2x\">\u00a0<\/i><\/a><\/td>\n<\/tr>\n<tr class=\"row-5\">\n\t<td class=\"column-1\">Intervenci\u00f3n en la comunidad<\/td><td class=\"column-2\"><a href=\"https:\/\/www.oaxaca.gob.mx\/tebceo\/wp-content\/uploads\/sites\/80\/2021\/07\/Intervencion-en-la-Comunidad.pdf\"><i class=\"far fa-file-pdf fa-2x\">\u00a0<\/i><\/a><\/td>\n<\/tr>\n<tr class=\"row-6\">\n\t<td class=\"column-1\">M\u00e9xico y las guerras mundiales <\/td><td class=\"column-2\"><a href=\"https:\/\/www.oaxaca.gob.mx\/tebceo\/wp-content\/uploads\/sites\/80\/2021\/07\/Mexico-y-las-guerras-mundiales.pdf\"><i class=\"far fa-file-pdf fa-2x\">\u00a0<\/i><\/a><\/td>\n<\/tr>\n<tr class=\"row-7\">\n\t<td class=\"column-1\">Patrimonio ecol\u00f3gico sustentable I<\/td><td class=\"column-2\"><a href=\"https:\/\/www.oaxaca.gob.mx\/tebceo\/wp-content\/uploads\/sites\/80\/2021\/07\/Patrimonio-ecologico-sustentable-I.pdf\"><i class=\"far fa-file-pdf fa-2x\">\u00a0<\/i><\/a><\/td>\n<\/tr>\n<\/tbody>\n<\/table>\n<!-- #tablepress-24 from cache --><!-- #tablepress-3 from cache --><\/div>\n<div id=\"nav_seis\" class=\"tab-pane fade\" role=\"tabpanel\" aria-labelledby=\"nav_tab_seis\">\n<table id=\"tablepress-25\" class=\"tablepress tablepress-id-25\">\n<thead>\n<tr class=\"row-1\">\n\t<th class=\"column-1\">Descripci\u00f3n <\/th><th class=\"column-2\">Descarga<\/th>\n<\/tr>\n<\/thead>\n<tbody class=\"row-striping row-hover\">\n<tr class=\"row-2\">\n\t<td class=\"column-1\">Comunicaci\u00f3n, Arte y Cultura II<\/td><td class=\"column-2\"><a href=\"https:\/\/www.oaxaca.gob.mx\/tebceo\/wp-content\/uploads\/sites\/80\/2021\/07\/Comunicacioin-Arte-y-Cultura-II.pdf\"><i class=\"far fa-file-pdf fa-2x\">\u00a0<\/i><\/a><\/td>\n<\/tr>\n<tr class=\"row-3\">\n\t<td class=\"column-1\">Derecho y cultura de paz II<\/td><td class=\"column-2\"><a href=\"https:\/\/www.oaxaca.gob.mx\/tebceo\/wp-content\/uploads\/sites\/80\/2021\/07\/Derecho-y-cultura-de-Paz-II.pdf\"><i class=\"far fa-file-pdf fa-2x\">\u00a0<\/i><\/a><\/td>\n<\/tr>\n<tr class=\"row-4\">\n\t<td class=\"column-1\">Desarrollo Comunitario VI <\/td><td class=\"column-2\"><a href=\"https:\/\/www.oaxaca.gob.mx\/tebceo\/wp-content\/uploads\/sites\/80\/2021\/07\/Desarrollo-Comunitario-VI.-Evaluacion-y-mejora.pdf\"><i class=\"far fa-file-pdf fa-2x\">\u00a0<\/i><\/a><\/td>\n<\/tr>\n<tr class=\"row-5\">\n\t<td class=\"column-1\">M\u00e9xico y la globalizaci\u00f3n <\/td><td class=\"column-2\"><a href=\"https:\/\/www.oaxaca.gob.mx\/tebceo\/wp-content\/uploads\/sites\/80\/2021\/07\/Mexico-y-la-Globalizacioin-.pdf\"><i class=\"far fa-file-pdf fa-2x\">\u00a0<\/i><\/a><\/td>\n<\/tr>\n<tr class=\"row-6\">\n\t<td class=\"column-1\">Patrimonio ecol\u00f3gico sustentable II<\/td><td class=\"column-2\"><a href=\"https:\/\/www.oaxaca.gob.mx\/tebceo\/wp-content\/uploads\/sites\/80\/2021\/07\/Patrimonio-ecoloegico-sustentable-II-pdf.pdf\"><i class=\"far fa-file-pdf fa-2x\">\u00a0<\/i><\/a><\/td>\n<\/tr>\n<tr class=\"row-7\">\n\t<td class=\"column-1\">Programa -Probabilidad para la vida <\/td><td class=\"column-2\"><a href=\"https:\/\/www.oaxaca.gob.mx\/tebceo\/wp-content\/uploads\/sites\/80\/2021\/07\/Programa-Probabilidad-para-la-vida_FINAL-18-12-2020.pdf\"><i class=\"far fa-file-pdf fa-2x\">\u00a0<\/i><\/a><\/td>\n<\/tr>\n<\/tbody>\n<\/table>\n<!-- #tablepress-25 from cache --><!-- #tablepress-3 from cache --><\/div>\n<\/div>\n<\/div>\n","protected":false},"excerpt":{"rendered":"<p>&nbsp; Primer Semestre Segundo Semestre Tercer Semestre Cuarto Semestre Quinto Semestre Sexto Semestre<\/p>\n","protected":false},"author":100,"featured_media":0,"parent":0,"menu_order":0,"comment_status":"closed","ping_status":"closed","template":"","meta":{"episode_type":"","audio_file":"","podmotor_file_id":"","podmotor_episode_id":"","cover_image":"","cover_image_id":"","duration":"","filesize":"","filesize_raw":"","date_recorded":"","explicit":"","block":"","itunes_episode_number":"","itunes_title":"","itunes_season_number":"","itunes_episode_type":"","footnotes":""},"categories":[],"tags":[],"class_list":["post-641","page","type-page","status-publish","hentry"],"acf":[],"publishpress_future_action":{"enabled":false,"date":"2026-04-20 16:45:52","action":"change-status","newStatus":"draft","terms":[],"taxonomy":"category","extraData":[]},"publishpress_future_workflow_manual_trigger":{"enabledWorkflows":[]},"_links":{"self":[{"href":"https:\/\/www.oaxaca.gob.mx\/tebceo\/wp-json\/wp\/v2\/pages\/641","targetHints":{"allow":["GET"]}}],"collection":[{"href":"https:\/\/www.oaxaca.gob.mx\/tebceo\/wp-json\/wp\/v2\/pages"}],"about":[{"href":"https:\/\/www.oaxaca.gob.mx\/tebceo\/wp-json\/wp\/v2\/types\/page"}],"author":[{"embeddable":true,"href":"https:\/\/www.oaxaca.gob.mx\/tebceo\/wp-json\/wp\/v2\/users\/100"}],"replies":[{"embeddable":true,"href":"https:\/\/www.oaxaca.gob.mx\/tebceo\/wp-json\/wp\/v2\/comments?post=641"}],"version-history":[{"count":8,"href":"https:\/\/www.oaxaca.gob.mx\/tebceo\/wp-json\/wp\/v2\/pages\/641\/revisions"}],"predecessor-version":[{"id":656,"href":"https:\/\/www.oaxaca.gob.mx\/tebceo\/wp-json\/wp\/v2\/pages\/641\/revisions\/656"}],"wp:attachment":[{"href":"https:\/\/www.oaxaca.gob.mx\/tebceo\/wp-json\/wp\/v2\/media?parent=641"}],"wp:term":[{"taxonomy":"category","embeddable":true,"href":"https:\/\/www.oaxaca.gob.mx\/tebceo\/wp-json\/wp\/v2\/categories?post=641"},{"taxonomy":"post_tag","embeddable":true,"href":"https:\/\/www.oaxaca.gob.mx\/tebceo\/wp-json\/wp\/v2\/tags?post=641"}],"curies":[{"name":"wp","href":"https:\/\/api.w.org\/{rel}","templated":true}]}}