{"id":586,"date":"2021-07-29T23:09:52","date_gmt":"2021-07-29T23:09:52","guid":{"rendered":"https:\/\/www.oaxaca.gob.mx\/tebceo\/?page_id=586"},"modified":"2021-07-29T23:32:13","modified_gmt":"2021-07-29T23:32:13","slug":"recursos-financieros","status":"publish","type":"page","link":"https:\/\/www.oaxaca.gob.mx\/tebceo\/recursos-financieros\/","title":{"rendered":"Recursos Financieros"},"content":{"rendered":"<p>&nbsp;<\/p>\n<div class=\"post\">\n<nav style=\"margin-bottom: 35px\">\n<div id=\"nav-tab\" class=\"nav nav-tabs\" role=\"tablist\"><a id=\"nav_tab_uno\" class=\"nav-item nav-link active\" role=\"tab\" href=\"#nav_uno\" data-toggle=\"tab\">Contable<\/a><br \/>\n<a id=\"nav_tab_dos\" class=\"nav-item nav-link\" role=\"tab\" href=\"#nav_dos\" data-toggle=\"tab\">Presupuestal<\/a><br \/>\n<a id=\"nav_tab_tres\" class=\"nav-item nav-link\" role=\"tab\" href=\"#nav_tres\" data-toggle=\"tab\">Disciplina Financiera<\/a><br \/>\n<a id=\"nav_tab_cuatro\" class=\"nav-item nav-link\" role=\"tab\" href=\"#nav_cuatro\" data-toggle=\"tab\">Informes Trimestrales<\/a><\/div>\n<\/nav>\n<div id=\"nav-tabContent\" class=\"tab-content\">\n<div id=\"nav_uno\" class=\"tab-pane fade active show\" role=\"tabpanel\" aria-labelledby=\"nav_tab_uno\">\n<table id=\"tablepress-16\" class=\"tablepress tablepress-id-16\">\n<thead>\n<tr class=\"row-1\">\n\t<th class=\"column-1\">Descripci\u00f3n <\/th><th class=\"column-2\">SEGUNDO TRIMESTRE<\/th><th class=\"column-3\">TERCER TRIMESTRE<\/th>\n<\/tr>\n<\/thead>\n<tbody class=\"row-striping row-hover\">\n<tr class=\"row-2\">\n\t<td class=\"column-1\">02 Estado de situaci\u00f3n Financiera<\/td><td class=\"column-2\"><a href=\"https:\/\/www.oaxaca.gob.mx\/tebceo\/wp-content\/uploads\/sites\/80\/2021\/07\/02-EDO-DE-SIT-FIN.pdf\"><i class=\"far fa-file-pdf fa-2x\">\u00a0<\/i><\/a><\/td><td class=\"column-3\"><a href=\"https:\/\/www.oaxaca.gob.mx\/tebceo\/wp-content\/uploads\/sites\/80\/2021\/12\/02-Estado-de-Situacion-Financiera.pdf\"><i class=\"far fa-file-pdf fa-2x\">\u00a0<\/i><\/a><\/td>\n<\/tr>\n<tr class=\"row-3\">\n\t<td class=\"column-1\">03 Estado de Actividades<\/td><td class=\"column-2\"><a href=\"https:\/\/www.oaxaca.gob.mx\/tebceo\/wp-content\/uploads\/sites\/80\/2021\/07\/03-EDO-DE-ACTIV.pdf\"><i class=\"far fa-file-pdf fa-2x\">\u00a0<\/i><\/a><\/td><td class=\"column-3\"><a href=\"https:\/\/www.oaxaca.gob.mx\/tebceo\/wp-content\/uploads\/sites\/80\/2021\/12\/03-Estado-de-Actividades.pdf\"><i class=\"far fa-file-pdf fa-2x\">\u00a0<\/i><\/a><\/td>\n<\/tr>\n<tr class=\"row-4\">\n\t<td class=\"column-1\">04 Estado de Variaci\u00f3n de la Hacienda P\u00fablica<\/td><td class=\"column-2\"><a href=\"https:\/\/www.oaxaca.gob.mx\/tebceo\/wp-content\/uploads\/sites\/80\/2021\/07\/04-EDO-DE-VARIACION.pdf\"><i class=\"far fa-file-pdf fa-2x\">\u00a0<\/i><\/a><\/td><td class=\"column-3\"><a href=\"https:\/\/www.oaxaca.gob.mx\/tebceo\/wp-content\/uploads\/sites\/80\/2021\/12\/04-Estado-de-Variacion-de-la-Hacienda-Publica.pdf\"><i class=\"far fa-file-pdf fa-2x\">\u00a0<\/i><\/a><\/td>\n<\/tr>\n<tr class=\"row-5\">\n\t<td class=\"column-1\">05 Estado de Cambios en la Situaci\u00f3n Financiera <\/td><td class=\"column-2\"><a href=\"https:\/\/www.oaxaca.gob.mx\/tebceo\/wp-content\/uploads\/sites\/80\/2021\/07\/05-EDO-DE-CAMBIO-SIT-FIN.pdf\"><i class=\"far fa-file-pdf fa-2x\">\u00a0<\/i><\/a><\/td><td class=\"column-3\"><a href=\"https:\/\/www.oaxaca.gob.mx\/tebceo\/wp-content\/uploads\/sites\/80\/2021\/12\/05-Estado-de-Cambio-de-la-Situacion-Financiera.pdf\"><i class=\"far fa-file-pdf fa-2x\">\u00a0<\/i><\/a><\/td>\n<\/tr>\n<tr class=\"row-6\">\n\t<td class=\"column-1\">07 Estado Anal\u00edtico del Activo <\/td><td class=\"column-2\"><a href=\"https:\/\/www.oaxaca.gob.mx\/tebceo\/wp-content\/uploads\/sites\/80\/2021\/07\/07-EDO-ANAL-DEL-ACTIVO.pdf\"><i class=\"far fa-file-pdf fa-2x\">\u00a0<\/i><\/a><\/td><td class=\"column-3\"><a href=\"https:\/\/www.oaxaca.gob.mx\/tebceo\/wp-content\/uploads\/sites\/80\/2021\/12\/07-Estado-Analitico-del-Activo.pdf\"><i class=\"far fa-file-pdf fa-2x\">\u00a0<\/i><\/a><\/td>\n<\/tr>\n<tr class=\"row-7\">\n\t<td class=\"column-1\">23 Relaci\u00f3n de bienes inmuebles que Componen el Patrimonio<\/td><td class=\"column-2\"><a href=\"https:\/\/www.oaxaca.gob.mx\/tebceo\/wp-content\/uploads\/sites\/80\/2021\/07\/23-RELACION-DE-BIENES-INMUEBLES.pdf\"><i class=\"far fa-file-pdf fa-2x\">\u00a0<\/i><\/a><\/td><td class=\"column-3\"><a href=\"https:\/\/www.oaxaca.gob.mx\/tebceo\/wp-content\/uploads\/sites\/80\/2021\/12\/23-Relacion-de-Bienes-inmuebles-que-componen-el-Patrimonio.pdf\"><i class=\"far fa-file-pdf fa-2x\">\u00a0<\/i><\/a><\/td>\n<\/tr>\n<tr class=\"row-8\">\n\t<td class=\"column-1\">24 Relaci\u00f3n de Bienes Muebles que Componen el Patrimonio<\/td><td class=\"column-2\"><a href=\"https:\/\/www.oaxaca.gob.mx\/tebceo\/wp-content\/uploads\/sites\/80\/2021\/07\/24-RELACION-DE-BIENES-MUEBLES.pdf\"><i class=\"far fa-file-pdf fa-2x\">\u00a0<\/i><\/a><\/td><td class=\"column-3\"><a href=\"https:\/\/www.oaxaca.gob.mx\/tebceo\/wp-content\/uploads\/sites\/80\/2021\/12\/24-Relacion-de-Bienes-muebles-que-componen-el-Patrimonio.pdf\"><i class=\"far fa-file-pdf fa-2x\">\u00a0<\/i><\/a><\/td>\n<\/tr>\n<tr class=\"row-9\">\n\t<td class=\"column-1\">25 Vi\u00e1ticos <\/td><td class=\"column-2\"><a href=\"https:\/\/www.oaxaca.gob.mx\/tebceo\/wp-content\/uploads\/sites\/80\/2021\/12\/25-viaticos_3er-trimestre.pdf\"><i class=\"far fa-file-pdf fa-2x\">\u00a0<\/i><\/a><\/td><td class=\"column-3\"><\/td>\n<\/tr>\n<\/tbody>\n<\/table>\n<!-- #tablepress-16 from cache --> <!-- #tablepress-2 from cache --><\/div>\n<div id=\"nav_dos\" class=\"tab-pane fade\" role=\"tabpanel\" aria-labelledby=\"nav_tab_dos\">\n<table id=\"tablepress-17\" class=\"tablepress tablepress-id-17\">\n<thead>\n<tr class=\"row-1\">\n\t<th class=\"column-1\">Descripci\u00f3n <\/th><th class=\"column-2\">SEGUNDO TRIMESTRE<\/th><th class=\"column-3\">TERCER TRIMESTRE<\/th>\n<\/tr>\n<\/thead>\n<tbody class=\"row-striping row-hover\">\n<tr class=\"row-2\">\n\t<td class=\"column-1\">12 Estado Anal\u00edtico de Ingresos<\/td><td class=\"column-2\"><a href=\"https:\/\/www.oaxaca.gob.mx\/tebceo\/wp-content\/uploads\/sites\/80\/2021\/07\/12-ESTADO-ANALITICO-DE-INGRESOS.pdf\"><i class=\"far fa-file-pdf fa-2x\">\u00a0<\/i><\/a><\/td><td class=\"column-3\"><a href=\"https:\/\/www.oaxaca.gob.mx\/tebceo\/wp-content\/uploads\/sites\/80\/2021\/12\/12-Estado-Analitico-de-Ingresos.pdf\"><i class=\"far fa-file-pdf fa-2x\">\u00a0<\/i><\/a><\/td>\n<\/tr>\n<tr class=\"row-3\">\n\t<td class=\"column-1\">13 Clasificaci\u00f3n por objeto de gasto<\/td><td class=\"column-2\"><a href=\"https:\/\/www.oaxaca.gob.mx\/tebceo\/wp-content\/uploads\/sites\/80\/2021\/07\/13-CLASIFICACIONPOR-OBJETO-DEL-GASTO.pdf\"><i class=\"far fa-file-pdf fa-2x\">\u00a0<\/i><\/a><\/td><td class=\"column-3\"><a href=\"https:\/\/www.oaxaca.gob.mx\/tebceo\/wp-content\/uploads\/sites\/80\/2021\/12\/13-CLASIFICACION-POR-OBJETO-DEL-GASTO.pdf\"><i class=\"far fa-file-pdf fa-2x\">\u00a0<\/i><\/a><\/td>\n<\/tr>\n<tr class=\"row-4\">\n\t<td class=\"column-1\">14 Clasificaci\u00f3n Econ\u00f3mica Partida Especifica<\/td><td class=\"column-2\"><a href=\"https:\/\/www.oaxaca.gob.mx\/tebceo\/wp-content\/uploads\/sites\/80\/2021\/07\/14-CLASIFICACION-ECONOMICA-PARTIDA-ESPECIFICA.pdf\"><i class=\"far fa-file-pdf fa-2x\">\u00a0<\/i><\/a><\/td><td class=\"column-3\"><a href=\"https:\/\/www.oaxaca.gob.mx\/tebceo\/wp-content\/uploads\/sites\/80\/2021\/12\/14-Clasificacion-economica-partida-especifica.pdf\"><i class=\"far fa-file-pdf fa-2x\">\u00a0<\/i><\/a><\/td>\n<\/tr>\n<tr class=\"row-5\">\n\t<td class=\"column-1\">15 Clasificaci\u00f3n Administrativa <\/td><td class=\"column-2\"><a href=\"https:\/\/www.oaxaca.gob.mx\/tebceo\/wp-content\/uploads\/sites\/80\/2021\/07\/15-CLASIFICACION-ADMINISTRATIVA.pdf\"><i class=\"far fa-file-pdf fa-2x\">\u00a0<\/i><\/a><\/td><td class=\"column-3\"><a href=\"https:\/\/www.oaxaca.gob.mx\/tebceo\/wp-content\/uploads\/sites\/80\/2021\/12\/15-Clasificacion-Administrativa.pdf\"><i class=\"far fa-file-pdf fa-2x\">\u00a0<\/i><\/a><\/td>\n<\/tr>\n<tr class=\"row-6\">\n\t<td class=\"column-1\">16 Resumen por finalidad-funci\u00f3n- subfunci\u00f3n<\/td><td class=\"column-2\"><a href=\"https:\/\/www.oaxaca.gob.mx\/tebceo\/wp-content\/uploads\/sites\/80\/2021\/07\/16-RESUMEN-POR-FINALIDAD-FUNCION-SUBFUNCION.pdf\"><i class=\"far fa-file-pdf fa-2x\">\u00a0<\/i><\/a><\/td><td class=\"column-3\"><a href=\"https:\/\/www.oaxaca.gob.mx\/tebceo\/wp-content\/uploads\/sites\/80\/2021\/12\/16-Resumen-por-finalidad-funcion-subfuncion.pdf\"><i class=\"far fa-file-pdf fa-2x\">\u00a0<\/i><\/a><\/td>\n<\/tr>\n<tr class=\"row-7\">\n\t<td class=\"column-1\"><\/td><td class=\"column-2\"><\/td><td class=\"column-3\"><\/td>\n<\/tr>\n<\/tbody>\n<\/table>\n<!-- #tablepress-17 from cache --><!-- #tablepress-3 from cache --><\/div>\n<div id=\"nav_tres\" class=\"tab-pane fade\" role=\"tabpanel\" aria-labelledby=\"nav_tab_tres\">\n<table id=\"tablepress-18\" class=\"tablepress tablepress-id-18\">\n<thead>\n<tr class=\"row-1\">\n\t<th class=\"column-1\">Descripci\u00f3n<\/th><th class=\"column-2\">SEGUNDO TRIMESTRE<\/th><th class=\"column-3\">TERCER TRIMESTRE<\/th>\n<\/tr>\n<\/thead>\n<tbody class=\"row-striping row-hover\">\n<tr class=\"row-2\">\n\t<td class=\"column-1\">33 Estado Anal\u00edtico por Objeto del Gasto<\/td><td class=\"column-2\"><a href=\"https:\/\/www.oaxaca.gob.mx\/tebceo\/wp-content\/uploads\/sites\/80\/2021\/07\/33-EDO-ANAL-POR-OBJ-GTO.pdf\"><i class=\"far fa-file-pdf fa-2x\">\u00a0<\/i><\/a><\/td><td class=\"column-3\"><a href=\"https:\/\/www.oaxaca.gob.mx\/tebceo\/wp-content\/uploads\/sites\/80\/2021\/12\/33-ESTADO-ANALITICO-POR-OBJETO-DEL-GASTO_LDF.pdf\"><i class=\"far fa-file-pdf fa-2x\">\u00a0<\/i><\/a><\/td>\n<\/tr>\n<tr class=\"row-3\">\n\t<td class=\"column-1\">34 Estado Anal\u00edtico Clasificaci\u00f3n Administrativa<\/td><td class=\"column-2\"><a href=\"https:\/\/www.oaxaca.gob.mx\/tebceo\/wp-content\/uploads\/sites\/80\/2021\/07\/34-EDO-ANALT-CLASIF-ADMIN-1.pdf\"><i class=\"far fa-file-pdf fa-2x\">\u00a0<\/i><\/a><\/td><td class=\"column-3\"><a href=\"https:\/\/www.oaxaca.gob.mx\/tebceo\/wp-content\/uploads\/sites\/80\/2021\/12\/34-Estado-Analitico-Clasificacion-Administrativa.pdf\"><i class=\"far fa-file-pdf fa-2x\">\u00a0<\/i><\/a><\/td>\n<\/tr>\n<tr class=\"row-4\">\n\t<td class=\"column-1\">35 Estado Anal\u00edtico Clasificaci\u00f3n Funcional<\/td><td class=\"column-2\"><a href=\"https:\/\/www.oaxaca.gob.mx\/tebceo\/wp-content\/uploads\/sites\/80\/2021\/07\/35-EDO-ANALIT-CLASIF-FUNC.pdf\"><i class=\"far fa-file-pdf fa-2x\">\u00a0<\/i><\/a><\/td><td class=\"column-3\"><a href=\"https:\/\/www.oaxaca.gob.mx\/tebceo\/wp-content\/uploads\/sites\/80\/2021\/12\/35-Estado-Analitico-Clasificacion-Funcional.pdf\"><i class=\"far fa-file-pdf fa-2x\">\u00a0<\/i><\/a><\/td>\n<\/tr>\n<tr class=\"row-5\">\n\t<td class=\"column-1\">36 Estado Anal\u00edtico Clasificaci\u00f3n de Servicios Personales por Categor\u00eda <\/td><td class=\"column-2\"><a href=\"https:\/\/www.oaxaca.gob.mx\/tebceo\/wp-content\/uploads\/sites\/80\/2021\/07\/36-EDO-ANALT-CLASF-SERV-PER.pdf\"><i class=\"far fa-file-pdf fa-2x\">\u00a0<\/i><\/a><\/td><td class=\"column-3\"><a href=\"https:\/\/www.oaxaca.gob.mx\/tebceo\/wp-content\/uploads\/sites\/80\/2021\/12\/36-Estado-Analitico-Clasificacion-de-Servicios-Personales-por-Categoria.pdf\"><i class=\"far fa-file-pdf fa-2x\">\u00a0<\/i><\/a><\/td>\n<\/tr>\n<tr class=\"row-6\">\n\t<td class=\"column-1\">37 Informe sobre Estudios Actuariales<\/td><td class=\"column-2\"><a href=\"https:\/\/www.oaxaca.gob.mx\/tebceo\/wp-content\/uploads\/sites\/80\/2021\/07\/37-INFOR-ACTUARIALES.pdf\"><i class=\"far fa-file-pdf fa-2x\">\u00a0<\/i><\/a><\/td><td class=\"column-3\"><a href=\"https:\/\/www.oaxaca.gob.mx\/tebceo\/wp-content\/uploads\/sites\/80\/2021\/12\/37-Informes-sobre-Estudios-Actuariales.pdf\"><i class=\"far fa-file-pdf fa-2x\">\u00a0<\/i><\/a><\/td>\n<\/tr>\n<\/tbody>\n<\/table>\n<!-- #tablepress-18 from cache --><!-- #tablepress-3 from cache --><\/div>\n<div id=\"nav_cuatro\" class=\"tab-pane fade\" role=\"tabpanel\" aria-labelledby=\"nav_tab_cuatro\">\n<table id=\"tablepress-19\" class=\"tablepress tablepress-id-19\">\n<thead>\n<tr class=\"row-1\">\n\t<th class=\"column-1\">Descripci\u00f3n <\/th><th class=\"column-2\">Descarga<\/th>\n<\/tr>\n<\/thead>\n<tbody class=\"row-striping row-hover\">\n<tr class=\"row-2\">\n\t<td class=\"column-1\">2o INFORME TRIMESTRAL<br \/>\nABRIL-JUNIO <\/td><td class=\"column-2\"><a href=\"https:\/\/www.oaxaca.gob.mx\/tebceo\/wp-content\/uploads\/sites\/80\/2021\/07\/2DO-INFORME-TRIMESTRAL-ABRIL-JUNIO.pdf\"><i class=\"far fa-file-pdf fa-2x\">\u00a0<\/i><\/a><\/td>\n<\/tr>\n<tr class=\"row-3\">\n\t<td class=\"column-1\">3o INFORME TRIMESTRAL<br \/>\nJULIO-SEPTIEMBRE <\/td><td class=\"column-2\"><a href=\"https:\/\/www.oaxaca.gob.mx\/tebceo\/wp-content\/uploads\/sites\/80\/2021\/12\/INFORME-TRIM-TEBCEO-JUL-SEP-2021-OK.pdf\"><i class=\"far fa-file-pdf fa-2x\">\u00a0<\/i><\/a><\/td>\n<\/tr>\n<\/tbody>\n<\/table>\n<!-- #tablepress-19 from cache --><!-- #tablepress-3 from cache --><\/div>\n<\/div>\n<\/div>\n","protected":false},"excerpt":{"rendered":"<p>&nbsp; Contable Presupuestal Disciplina Financiera Informes Trimestrales<\/p>\n","protected":false},"author":100,"featured_media":0,"parent":0,"menu_order":0,"comment_status":"closed","ping_status":"closed","template":"","meta":{"episode_type":"","audio_file":"","podmotor_file_id":"","podmotor_episode_id":"","cover_image":"","cover_image_id":"","duration":"","filesize":"","filesize_raw":"","date_recorded":"","explicit":"","block":"","itunes_episode_number":"","itunes_title":"","itunes_season_number":"","itunes_episode_type":"","footnotes":""},"categories":[],"tags":[],"class_list":["post-586","page","type-page","status-publish","hentry"],"acf":[],"publishpress_future_action":{"enabled":false,"date":"2026-04-20 16:47:31","action":"change-status","newStatus":"draft","terms":[],"taxonomy":"category","extraData":[]},"publishpress_future_workflow_manual_trigger":{"enabledWorkflows":[]},"_links":{"self":[{"href":"https:\/\/www.oaxaca.gob.mx\/tebceo\/wp-json\/wp\/v2\/pages\/586","targetHints":{"allow":["GET"]}}],"collection":[{"href":"https:\/\/www.oaxaca.gob.mx\/tebceo\/wp-json\/wp\/v2\/pages"}],"about":[{"href":"https:\/\/www.oaxaca.gob.mx\/tebceo\/wp-json\/wp\/v2\/types\/page"}],"author":[{"embeddable":true,"href":"https:\/\/www.oaxaca.gob.mx\/tebceo\/wp-json\/wp\/v2\/users\/100"}],"replies":[{"embeddable":true,"href":"https:\/\/www.oaxaca.gob.mx\/tebceo\/wp-json\/wp\/v2\/comments?post=586"}],"version-history":[{"count":14,"href":"https:\/\/www.oaxaca.gob.mx\/tebceo\/wp-json\/wp\/v2\/pages\/586\/revisions"}],"predecessor-version":[{"id":632,"href":"https:\/\/www.oaxaca.gob.mx\/tebceo\/wp-json\/wp\/v2\/pages\/586\/revisions\/632"}],"wp:attachment":[{"href":"https:\/\/www.oaxaca.gob.mx\/tebceo\/wp-json\/wp\/v2\/media?parent=586"}],"wp:term":[{"taxonomy":"category","embeddable":true,"href":"https:\/\/www.oaxaca.gob.mx\/tebceo\/wp-json\/wp\/v2\/categories?post=586"},{"taxonomy":"post_tag","embeddable":true,"href":"https:\/\/www.oaxaca.gob.mx\/tebceo\/wp-json\/wp\/v2\/tags?post=586"}],"curies":[{"name":"wp","href":"https:\/\/api.w.org\/{rel}","templated":true}]}}