{"id":565,"date":"2021-07-15T22:56:20","date_gmt":"2021-07-15T22:56:20","guid":{"rendered":"https:\/\/www.oaxaca.gob.mx\/tebceo\/?page_id=565"},"modified":"2022-08-12T23:23:28","modified_gmt":"2022-08-12T23:23:28","slug":"comite-de-transparencia","status":"publish","type":"page","link":"https:\/\/www.oaxaca.gob.mx\/tebceo\/comite-de-transparencia\/","title":{"rendered":"Comit\u00e9 de Transparencia"},"content":{"rendered":"<p>&nbsp;<\/p>\n<div class=\"post\">\n<nav style=\"margin-bottom: 35px\">\n<div id=\"nav-tab\" class=\"nav nav-tabs\" role=\"tablist\"><a id=\"nav_tab_uno\" class=\"nav-item nav-link active\" role=\"tab\" href=\"#nav_uno\" data-toggle=\"tab\">Comit\u00e9 de Transparencia<\/a><br \/>\n<a id=\"nav_tab_dos\" class=\"nav-item nav-link\" role=\"tab\" href=\"#nav_dos\" data-toggle=\"tab\">Acta de Sesiones<\/a><br \/>\n<a id=\"nav_tab_tres\" class=\"nav-item nav-link\" role=\"tab\" href=\"#nav_tres\" data-toggle=\"tab\">Organigrama<\/a><br \/>\n<a id=\"nav_tab_cuatro\" class=\"nav-item nav-link\" role=\"tab\" href=\"#nav_cuatro\" data-toggle=\"tab\">Marco Jur\u00eddico<\/a><\/div>\n<\/nav>\n<div id=\"nav-tabContent\" class=\"tab-content\">\n<div id=\"nav_uno\" class=\"tab-pane fade active show\" role=\"tabpanel\" aria-labelledby=\"nav_tab_uno\">\n<p style=\"text-align: center\"><strong>COMIT\u00c9 DE TRANSPARENCIA<\/strong><\/p>\n<p><strong>En apego al Art. 43 de la Ley General de Transparencia y Acceso a la Informaci\u00f3n P\u00fablica, se constituye el Comit\u00e9 de Transparencia del Telebachillerato Comunitario del Estado de Oaxaca, con las siguientes funciones.<\/strong><\/p>\n<p><strong>Art. 44<\/strong><\/p>\n<p><strong>I.<\/strong> Instituir, coordinar y supervisar, en t\u00e9rminos de las disposiciones aplicables, las acciones y los procedimientos para asegurar la mayor eficacia en la gesti\u00f3n de las solicitudes en materia de acceso a la informaci\u00f3n.<br \/>\n<strong>II.<\/strong> Confirmar, modificar o revocar las determinaciones que, en materia de aplicaci\u00f3n del plazo de respuesta, clasificaci\u00f3n de la informaci\u00f3n y declaraci\u00f3n de inexistencia o de incompetencia realicen los titulares de las \u00c1reas de los sujetos obligados;<br \/>\n<strong>III.<\/strong> Ordenar, en su caso, a las \u00c1reas competentes que generen la informaci\u00f3n que derivado de sus facultades, competencias y funciones deban tener en posesi\u00f3n o que previa acreditaci\u00f3n de la imposibilidad de su generaci\u00f3n exponga, de forma fundada motivada las razones por las cuales, en el caso particular, no ejercieron dichas facultades, competencias o funciones;<br \/>\n<strong>IV.<\/strong> Establecer pol\u00edticas para facilitar la obtenci\u00f3n de informaci\u00f3n y el ejercicio del derecho de acceso a la informaci\u00f3n;<br \/>\n<strong>V.<\/strong> Promover la capacitaci\u00f3n y actualizaci\u00f3n de los servidores p\u00fablicos o integrantes adscritos a las Unidades de Transparencia.<br \/>\n<strong>VI.<\/strong> Establecer programas de capacitaci\u00f3n en materia de transparencia acceso a la informaci\u00f3n, accesibilidad y protecci\u00f3n de datos personales, para todos los Servidores P\u00fablicos o integrantes del sujeto obligado;<br \/>\n<strong>VII.<\/strong> Recabar y enviar al organismo garante, de conformidad con los lineamientos que estos expidan, los datos necesarios para la elaboraci\u00f3n del informe anual;<br \/>\n<strong>VIII.<\/strong> Solicitar y autorizar la ampliaci\u00f3n del plazo de reserva de la informaci\u00f3n a que se refiere el Art. 101 de la presente Ley, y<br \/>\n<strong>IX.<\/strong> Las dem\u00e1s que se desprendan de la normatividad aplicable.<!-- #tablepress-2 from cache --><\/p>\n<\/div>\n<div id=\"nav_dos\" class=\"tab-pane fade\" role=\"tabpanel\" aria-labelledby=\"nav_tab_dos\">\n[box title=\u00bb2022&#8243; box_color=\u00bb#045e7d\u00bb radius=\u00bb4&#8243;]\n\n<table id=\"tablepress-32\" class=\"tablepress tablepress-id-32\">\n<thead>\n<tr class=\"row-1\">\n\t<th class=\"column-1\">Descripci\u00f3n <\/th><th class=\"column-2\">Descarga<\/th>\n<\/tr>\n<\/thead>\n<tbody class=\"row-striping row-hover\">\n<tr class=\"row-2\">\n\t<td class=\"column-1\">ACTA DE INSTALACION DEL COMITE DE TRANSPARENCIA<\/td><td class=\"column-2\"><a href=\"https:\/\/www.oaxaca.gob.mx\/tebceo\/wp-content\/uploads\/sites\/80\/2022\/08\/ACTA-DE-INSTALACION-DEL-COMITE-DE-TRANSPARENCIA-2022.pdf\"><i class=\"far fa-file-pdf fa-2x\">\u00a0<\/i><\/a><\/td>\n<\/tr>\n<\/tbody>\n<\/table>\n<!-- #tablepress-32 from cache -->\n[\/box]\n[box title=\u00bb2021&#8243; box_color=\u00bb#045e7d\u00bb radius=\u00bb4&#8243;]\n\n<table id=\"tablepress-27\" class=\"tablepress tablepress-id-27\">\n<tbody class=\"row-striping row-hover\">\n<tr class=\"row-1\">\n\t<td class=\"column-1\"><\/td><td class=\"column-2\">Descarga <\/td>\n<\/tr>\n<tr class=\"row-2\">\n\t<td class=\"column-1\">1ra SESI\u00d3N ORDINARIA <\/td><td class=\"column-2\"><a href=\"https:\/\/www.oaxaca.gob.mx\/tebceo\/wp-content\/uploads\/sites\/80\/2021\/12\/1ra-sesion-Or-CT_014233.pdf\"><i class=\"far fa-file-pdf fa-2x\">\u00a0<\/i><\/a><\/td>\n<\/tr>\n<tr class=\"row-3\">\n\t<td class=\"column-1\">2da SESI\u00d3N ORDINARIA <\/td><td class=\"column-2\"><a href=\"https:\/\/www.oaxaca.gob.mx\/tebceo\/wp-content\/uploads\/sites\/80\/2021\/12\/2da-SESION-OR-CT_014231.pdf\"><i class=\"far fa-file-pdf fa-2x\">\u00a0<\/i><\/a><\/td>\n<\/tr>\n<\/tbody>\n<\/table>\n<!-- #tablepress-27 from cache -->\n[\/box]\n<!-- #tablepress-3 from cache --><\/div>\n<div id=\"nav_tres\" class=\"tab-pane fade\" role=\"tabpanel\" aria-labelledby=\"nav_tab_tres\"><!-- #tablepress-3 from cache --><\/div>\n<div id=\"nav_cuatro\" class=\"tab-pane fade\" role=\"tabpanel\" aria-labelledby=\"nav_tab_cuatro\"><!-- #tablepress-3 from cache --><\/div>\n<\/div>\n<\/div>\n","protected":false},"excerpt":{"rendered":"<p>&nbsp; Comit\u00e9 de Transparencia Acta de Sesiones Organigrama Marco Jur\u00eddico COMIT\u00c9 DE TRANSPARENCIA En apego al Art. 43 de la Ley General de Transparencia y Acceso a la Informaci\u00f3n P\u00fablica, se constituye el Comit\u00e9 de Transparencia del Telebachillerato Comunitario del Estado de Oaxaca, con las siguientes funciones. Art. 44 I. Instituir, coordinar y supervisar, en [&hellip;]<\/p>\n","protected":false},"author":100,"featured_media":0,"parent":0,"menu_order":0,"comment_status":"closed","ping_status":"closed","template":"","meta":{"episode_type":"","audio_file":"","podmotor_file_id":"","podmotor_episode_id":"","cover_image":"","cover_image_id":"","duration":"","filesize":"","filesize_raw":"","date_recorded":"","explicit":"","block":"","itunes_episode_number":"","itunes_title":"","itunes_season_number":"","itunes_episode_type":"","footnotes":""},"categories":[],"tags":[],"class_list":["post-565","page","type-page","status-publish","hentry"],"acf":[],"publishpress_future_action":{"enabled":false,"date":"2026-04-20 16:45:52","action":"change-status","newStatus":"draft","terms":[],"taxonomy":"category","extraData":[]},"publishpress_future_workflow_manual_trigger":{"enabledWorkflows":[]},"_links":{"self":[{"href":"https:\/\/www.oaxaca.gob.mx\/tebceo\/wp-json\/wp\/v2\/pages\/565","targetHints":{"allow":["GET"]}}],"collection":[{"href":"https:\/\/www.oaxaca.gob.mx\/tebceo\/wp-json\/wp\/v2\/pages"}],"about":[{"href":"https:\/\/www.oaxaca.gob.mx\/tebceo\/wp-json\/wp\/v2\/types\/page"}],"author":[{"embeddable":true,"href":"https:\/\/www.oaxaca.gob.mx\/tebceo\/wp-json\/wp\/v2\/users\/100"}],"replies":[{"embeddable":true,"href":"https:\/\/www.oaxaca.gob.mx\/tebceo\/wp-json\/wp\/v2\/comments?post=565"}],"version-history":[{"count":8,"href":"https:\/\/www.oaxaca.gob.mx\/tebceo\/wp-json\/wp\/v2\/pages\/565\/revisions"}],"predecessor-version":[{"id":866,"href":"https:\/\/www.oaxaca.gob.mx\/tebceo\/wp-json\/wp\/v2\/pages\/565\/revisions\/866"}],"wp:attachment":[{"href":"https:\/\/www.oaxaca.gob.mx\/tebceo\/wp-json\/wp\/v2\/media?parent=565"}],"wp:term":[{"taxonomy":"category","embeddable":true,"href":"https:\/\/www.oaxaca.gob.mx\/tebceo\/wp-json\/wp\/v2\/categories?post=565"},{"taxonomy":"post_tag","embeddable":true,"href":"https:\/\/www.oaxaca.gob.mx\/tebceo\/wp-json\/wp\/v2\/tags?post=565"}],"curies":[{"name":"wp","href":"https:\/\/api.w.org\/{rel}","templated":true}]}}