{"id":46,"date":"2020-05-25T21:35:54","date_gmt":"2020-05-25T21:35:54","guid":{"rendered":"https:\/\/q-www.oaxaca.gob.mx\/tebceo\/?page_id=46"},"modified":"2020-05-25T21:35:54","modified_gmt":"2020-05-25T21:35:54","slug":"programa-construye-t","status":"publish","type":"page","link":"https:\/\/www.oaxaca.gob.mx\/tebceo\/programa-construye-t\/","title":{"rendered":"Programa Construye T."},"content":{"rendered":"<p>Es un programa de la Secretar\u00eda de Educaci\u00f3n P\u00fablica y el Programa de las Naciones Unidas para el Desarrollo, dirigido a estudiantes de educaci\u00f3n media superior y cuyo objetivo es desarrollar las habilidades socioemocionales de las y los j\u00f3venes a trav\u00e9s de actividades did\u00e1cticas, deportivas y culturales para elevar su bienestar presente y futuro.<\/p>\n","protected":false},"excerpt":{"rendered":"<p>Es un programa de la Secretar\u00eda de Educaci\u00f3n P\u00fablica y el Programa de las Naciones Unidas para el Desarrollo, dirigido a estudiantes de educaci\u00f3n media superior y cuyo objetivo es desarrollar las habilidades socioemocionales de las y los j\u00f3venes a trav\u00e9s de actividades did\u00e1cticas, deportivas y culturales para elevar su bienestar presente y futuro.<\/p>\n","protected":false},"author":1,"featured_media":0,"parent":0,"menu_order":0,"comment_status":"closed","ping_status":"closed","template":"","meta":{"episode_type":"","audio_file":"","podmotor_file_id":"","podmotor_episode_id":"","cover_image":"","cover_image_id":"","duration":"","filesize":"","filesize_raw":"","date_recorded":"","explicit":"","block":"","itunes_episode_number":"","itunes_title":"","itunes_season_number":"","itunes_episode_type":"","footnotes":""},"categories":[],"tags":[],"class_list":["post-46","page","type-page","status-publish","hentry"],"acf":[],"publishpress_future_action":{"enabled":false,"date":"2026-04-20 16:45:53","action":"change-status","newStatus":"draft","terms":[],"taxonomy":"category","extraData":[]},"publishpress_future_workflow_manual_trigger":{"enabledWorkflows":[]},"_links":{"self":[{"href":"https:\/\/www.oaxaca.gob.mx\/tebceo\/wp-json\/wp\/v2\/pages\/46","targetHints":{"allow":["GET"]}}],"collection":[{"href":"https:\/\/www.oaxaca.gob.mx\/tebceo\/wp-json\/wp\/v2\/pages"}],"about":[{"href":"https:\/\/www.oaxaca.gob.mx\/tebceo\/wp-json\/wp\/v2\/types\/page"}],"author":[{"embeddable":true,"href":"https:\/\/www.oaxaca.gob.mx\/tebceo\/wp-json\/wp\/v2\/users\/1"}],"replies":[{"embeddable":true,"href":"https:\/\/www.oaxaca.gob.mx\/tebceo\/wp-json\/wp\/v2\/comments?post=46"}],"version-history":[{"count":0,"href":"https:\/\/www.oaxaca.gob.mx\/tebceo\/wp-json\/wp\/v2\/pages\/46\/revisions"}],"wp:attachment":[{"href":"https:\/\/www.oaxaca.gob.mx\/tebceo\/wp-json\/wp\/v2\/media?parent=46"}],"wp:term":[{"taxonomy":"category","embeddable":true,"href":"https:\/\/www.oaxaca.gob.mx\/tebceo\/wp-json\/wp\/v2\/categories?post=46"},{"taxonomy":"post_tag","embeddable":true,"href":"https:\/\/www.oaxaca.gob.mx\/tebceo\/wp-json\/wp\/v2\/tags?post=46"}],"curies":[{"name":"wp","href":"https:\/\/api.w.org\/{rel}","templated":true}]}}