{"id":42,"date":"2020-05-25T21:34:24","date_gmt":"2020-05-25T21:34:24","guid":{"rendered":"https:\/\/q-www.oaxaca.gob.mx\/tebceo\/?page_id=42"},"modified":"2020-07-20T16:32:18","modified_gmt":"2020-07-20T16:32:18","slug":"seguro-facultativo","status":"publish","type":"page","link":"https:\/\/www.oaxaca.gob.mx\/tebceo\/seguro-facultativo\/","title":{"rendered":"Seguro de salud para estudiantes"},"content":{"rendered":"<p><strong>\u00bfC\u00f3mo se obtiene este beneficio?<\/strong><\/p>\n<p>Una vez concluido el proceso de inscripci\u00f3n o reinscripci\u00f3n en alguno de los planteles TEBCEO, el Docente Responsable env\u00eda al Departamento de Servicios Escolares la informaci\u00f3n requerida para tramitar y obtener el n\u00famero de seguridad social (NSS), posteriormente, el beneficiario tiene tres opciones para concluir con este procedimiento:<\/p>\n<p>1.- Acudir a alguna Subdelegaci\u00f3n del IMSS presentando su NSS, CURP, acta de nacimiento, identificaci\u00f3n oficial, comprobante de domicilio y un correo electr\u00f3nico.<\/p>\n<p>2.- Ingresar a la p\u00e1gina web del IMSS y seguir los pasos establecidos en el tr\u00e1mite de asignaci\u00f3n o localizaci\u00f3n del NSS; el beneficiario deber\u00e1 de tener a la mano CURP, comprobante de domicilio y correo electr\u00f3nico.<\/p>\n<p>3.- App: Descargar aplicaci\u00f3n IMSS Digital en tu celular y realizar este proceso en la sesi\u00f3n de tr\u00e1mites y servicios, para ello tambi\u00e9n se requiere tener a la mano la CURP, comprobante de domicilio y correo electr\u00f3nico.<\/p>\n<p><img loading=\"lazy\" decoding=\"async\" class=\"alignnone size-medium wp-image-219\" src=\"https:\/\/www.oaxaca.gob.mx\/tebceo\/wp-content\/uploads\/sites\/80\/2020\/06\/Imss-digital-300x160.png\" alt=\"\" width=\"300\" height=\"160\" \/><\/p>\n","protected":false},"excerpt":{"rendered":"<p>\u00bfC\u00f3mo se obtiene este beneficio? Una vez concluido el proceso de inscripci\u00f3n o reinscripci\u00f3n en alguno de los planteles TEBCEO, el Docente Responsable env\u00eda al Departamento de Servicios Escolares la informaci\u00f3n requerida para tramitar y obtener el n\u00famero de seguridad social (NSS), posteriormente, el beneficiario tiene tres opciones para concluir con este procedimiento: 1.- Acudir [&hellip;]<\/p>\n","protected":false},"author":1,"featured_media":0,"parent":0,"menu_order":0,"comment_status":"closed","ping_status":"closed","template":"","meta":{"episode_type":"","audio_file":"","podmotor_file_id":"","podmotor_episode_id":"","cover_image":"","cover_image_id":"","duration":"","filesize":"","filesize_raw":"","date_recorded":"","explicit":"","block":"","itunes_episode_number":"","itunes_title":"","itunes_season_number":"","itunes_episode_type":"","footnotes":""},"categories":[],"tags":[],"class_list":["post-42","page","type-page","status-publish","hentry"],"acf":[],"publishpress_future_action":{"enabled":false,"date":"2026-04-20 16:47:39","action":"change-status","newStatus":"draft","terms":[],"taxonomy":"category","extraData":[]},"publishpress_future_workflow_manual_trigger":{"enabledWorkflows":[]},"_links":{"self":[{"href":"https:\/\/www.oaxaca.gob.mx\/tebceo\/wp-json\/wp\/v2\/pages\/42","targetHints":{"allow":["GET"]}}],"collection":[{"href":"https:\/\/www.oaxaca.gob.mx\/tebceo\/wp-json\/wp\/v2\/pages"}],"about":[{"href":"https:\/\/www.oaxaca.gob.mx\/tebceo\/wp-json\/wp\/v2\/types\/page"}],"author":[{"embeddable":true,"href":"https:\/\/www.oaxaca.gob.mx\/tebceo\/wp-json\/wp\/v2\/users\/1"}],"replies":[{"embeddable":true,"href":"https:\/\/www.oaxaca.gob.mx\/tebceo\/wp-json\/wp\/v2\/comments?post=42"}],"version-history":[{"count":1,"href":"https:\/\/www.oaxaca.gob.mx\/tebceo\/wp-json\/wp\/v2\/pages\/42\/revisions"}],"predecessor-version":[{"id":315,"href":"https:\/\/www.oaxaca.gob.mx\/tebceo\/wp-json\/wp\/v2\/pages\/42\/revisions\/315"}],"wp:attachment":[{"href":"https:\/\/www.oaxaca.gob.mx\/tebceo\/wp-json\/wp\/v2\/media?parent=42"}],"wp:term":[{"taxonomy":"category","embeddable":true,"href":"https:\/\/www.oaxaca.gob.mx\/tebceo\/wp-json\/wp\/v2\/categories?post=42"},{"taxonomy":"post_tag","embeddable":true,"href":"https:\/\/www.oaxaca.gob.mx\/tebceo\/wp-json\/wp\/v2\/tags?post=42"}],"curies":[{"name":"wp","href":"https:\/\/api.w.org\/{rel}","templated":true}]}}