{"id":39,"date":"2020-05-25T21:33:35","date_gmt":"2020-05-25T21:33:35","guid":{"rendered":"https:\/\/q-www.oaxaca.gob.mx\/tebceo\/?page_id=39"},"modified":"2020-05-25T21:33:35","modified_gmt":"2020-05-25T21:33:35","slug":"becas","status":"publish","type":"page","link":"https:\/\/www.oaxaca.gob.mx\/tebceo\/becas\/","title":{"rendered":"Becas"},"content":{"rendered":"<p><strong>Beca Universal para Estudiantes de Educaci\u00f3n Media Superior Benito Ju\u00e1rez<\/strong><\/p>\n<p align=\"justify\">Con la finalidad de fortalecer una educaci\u00f3n inclusiva y equitativa, as\u00ed como contribuir a la protecci\u00f3n del Derecho a la Educaci\u00f3n y al Desarrollo Humano, disminuyendo el nivel de deserci\u00f3n escolar, el Telebachillerato Comunitario del Estado de Oaxaca ofrece a sus alumnos la Beca Universal para Estudiantes de Educaci\u00f3n Media Superior Benito Ju\u00e1rez.<\/p>\n<p>La Beca Benito Ju\u00e1rez para j\u00f3venes de Educaci\u00f3n Media Superior son ayudas econ\u00f3micas que busca beneficiar a m\u00e1s de 3.5 millones de estudiantes de todo M\u00e9xico. El objetivo de esta beca es asegurar la permanencia de alumnas y alumnos de las instituciones p\u00fablicas de Educaci\u00f3n Media Superior del pa\u00eds, que, por alguna raz\u00f3n de tipo econ\u00f3mico, vean peligrar su futuro acad\u00e9mico.<\/p>\n<p>La beca beneficia a estudiantes con un est\u00edmulo de 800 pesos mensuales que son entregados bimestralmente por becario (1,600 pesos bimestrales), durante los diez meses que dura el ciclo escolar.<\/p>\n<p><strong>\u00bfC\u00f3mo se obtiene esta beca?<\/strong><\/p>\n<p>Una vez concluido el proceso de inscripci\u00f3n o reinscripci\u00f3n en alguno de los planteles TEBCEO, el Docente Responsable realiza el proceso de registro ante el SIREL para que el alumno sea beneficiario de la beca.<\/p>\n","protected":false},"excerpt":{"rendered":"<p>Beca Universal para Estudiantes de Educaci\u00f3n Media Superior Benito Ju\u00e1rez Con la finalidad de fortalecer una educaci\u00f3n inclusiva y equitativa, as\u00ed como contribuir a la protecci\u00f3n del Derecho a la Educaci\u00f3n y al Desarrollo Humano, disminuyendo el nivel de deserci\u00f3n escolar, el Telebachillerato Comunitario del Estado de Oaxaca ofrece a sus alumnos la Beca Universal [&hellip;]<\/p>\n","protected":false},"author":1,"featured_media":0,"parent":0,"menu_order":0,"comment_status":"closed","ping_status":"closed","template":"","meta":{"episode_type":"","audio_file":"","podmotor_file_id":"","podmotor_episode_id":"","cover_image":"","cover_image_id":"","duration":"","filesize":"","filesize_raw":"","date_recorded":"","explicit":"","block":"","itunes_episode_number":"","itunes_title":"","itunes_season_number":"","itunes_episode_type":"","footnotes":""},"categories":[],"tags":[],"class_list":["post-39","page","type-page","status-publish","hentry"],"acf":[],"publishpress_future_action":{"enabled":false,"date":"2026-04-20 16:45:54","action":"change-status","newStatus":"draft","terms":[],"taxonomy":"category","extraData":[]},"publishpress_future_workflow_manual_trigger":{"enabledWorkflows":[]},"_links":{"self":[{"href":"https:\/\/www.oaxaca.gob.mx\/tebceo\/wp-json\/wp\/v2\/pages\/39","targetHints":{"allow":["GET"]}}],"collection":[{"href":"https:\/\/www.oaxaca.gob.mx\/tebceo\/wp-json\/wp\/v2\/pages"}],"about":[{"href":"https:\/\/www.oaxaca.gob.mx\/tebceo\/wp-json\/wp\/v2\/types\/page"}],"author":[{"embeddable":true,"href":"https:\/\/www.oaxaca.gob.mx\/tebceo\/wp-json\/wp\/v2\/users\/1"}],"replies":[{"embeddable":true,"href":"https:\/\/www.oaxaca.gob.mx\/tebceo\/wp-json\/wp\/v2\/comments?post=39"}],"version-history":[{"count":0,"href":"https:\/\/www.oaxaca.gob.mx\/tebceo\/wp-json\/wp\/v2\/pages\/39\/revisions"}],"wp:attachment":[{"href":"https:\/\/www.oaxaca.gob.mx\/tebceo\/wp-json\/wp\/v2\/media?parent=39"}],"wp:term":[{"taxonomy":"category","embeddable":true,"href":"https:\/\/www.oaxaca.gob.mx\/tebceo\/wp-json\/wp\/v2\/categories?post=39"},{"taxonomy":"post_tag","embeddable":true,"href":"https:\/\/www.oaxaca.gob.mx\/tebceo\/wp-json\/wp\/v2\/tags?post=39"}],"curies":[{"name":"wp","href":"https:\/\/api.w.org\/{rel}","templated":true}]}}