{"id":34,"date":"2020-05-25T21:29:54","date_gmt":"2020-05-25T21:29:54","guid":{"rendered":"https:\/\/q-www.oaxaca.gob.mx\/tebceo\/?page_id=34"},"modified":"2020-05-25T21:29:54","modified_gmt":"2020-05-25T21:29:54","slug":"mision-vision-y-objetivos","status":"publish","type":"page","link":"https:\/\/www.oaxaca.gob.mx\/tebceo\/mision-vision-y-objetivos\/","title":{"rendered":"Misi\u00f3n, Visi\u00f3n y Objetivos"},"content":{"rendered":"<p><strong>Misi\u00f3n.<\/strong><br \/>\nAtender las necesidades de educaci\u00f3n del nivel medio superior, en aquellas comunidades que carecen del servicio y que se ubican en comunidades marginadas, con poca poblaci\u00f3n estudiantil y presentan condiciones sociales adversas, para fomentar una comprometida inclusi\u00f3n y equidad educativa de los sectores m\u00e1s vulnerables de la poblaci\u00f3n, en las distintas regiones del Estado de Oaxaca. <\/p>\n<p><strong>Visi\u00f3n.<\/strong><br \/>\nSer un bachillerato comunitario de compromiso social, que sea un medio aut\u00e9ntico de transformaci\u00f3n de los pueblos y comunidades rurales de la entidad oaxaque\u00f1a.<\/p>\n<p><strong>Valores.<\/strong><br \/>\nRespeto. Brindar una atenci\u00f3n de calidad a trav\u00e9s del desarrollo eficiente de nuestra labor.<br \/>\nResponsabilidad. Actuar conforme al reglamento establecido con la finalidad de cumplir el objetivo y las metas establecidas.<br \/>\nCompromiso. Realizar un trabajo eficiente y eficaz para que con el desarrollo de las acciones se den resultados favorecedores hacia las y los j\u00f3venes.<br \/>\nEficiencia. Realizar la labor de servidoras y servidores p\u00fablicos de manera \u00f3ptima y con un manejo adecuado de los recursos.<\/p>\n<p><strong>Objetivo y atribuciones.<\/strong><br \/>\nEl TEBCEO tiene como objeto impartir e impulsar la educaci\u00f3n media superior de tipo bachillerato general, tendiente al desarrollo arm\u00f3nico del ser humano, garantizando la calidad en la educaci\u00f3n, el m\u00e1ximo logro de aprendizaje en los educandos de las distintas comunidades en donde se encuentren instalados planteles de Telebachillerato Comunitario, esto alineado a lo dispuesto por el art\u00edculo 3\u00b0 de la Constituci\u00f3n Pol\u00edtica de los Estados Unidos Mexicanos, la Ley General de Educaci\u00f3n, la Ley General del Servicio Profesional Docente y dem\u00e1s ordenamientos vigentes que regulen la materia educativa y sus reglamentos. Para alcanzar este objeto tendr\u00e1 las atribuciones siguientes:<\/p>\n<p>I.\tOfrecer, impartir y promover la educaci\u00f3n de nivel bachillerato en las localidades del Estado, bajo la modalidad escolarizada, utilizando recursos did\u00e1cticos y tecnol\u00f3gicos que faciliten el desarrollo de las competencias establecidas en los Planes y Programas de Estudio vigentes;<br \/>\nII.\tAplicar los Planes y Programas de Estudio que deriven del Gobierno Federal, del Estado o de ambos, procurando su mejoramiento permanente con el fin de ofrecer educaci\u00f3n pertinente y de calidad;<br \/>\nIII.\tPromover y desarrollar en los educandos conocimientos, actitudes y habilidades productivas de acuerdo a su entorno, mediante el uso y aplicaci\u00f3n de m\u00e9todos en pleno desarrollo y el mejoramiento de su Regi\u00f3n, Estado o Pa\u00eds;<br \/>\nIV.\tImpulsar que el educando logre adquirir y desarrollar las competencias que requiere el perfil de egreso de nivel medio superior, para su inclusi\u00f3n a la sociedad;<br \/>\nV.\tDifundir y promover entre los educandos las actividades culturales en todas sus expresiones tomando en cuenta las costumbres de su localidad;<br \/>\nVI.\tOrientar a los educandos hacia una participaci\u00f3n creativa en la econom\u00eda y el desarrollo sustentable de su comunidad o regi\u00f3n;<br \/>\nVII.\tImpulsar convenios de cooperaci\u00f3n y coordinaci\u00f3n acad\u00e9mica, administrativa y de superaci\u00f3n profesional con otras instituciones oficiales, descentralizadas o particulares, de tipo educativo, afines con su objetivo;<br \/>\nVIII.\tAcreditar y certificar estudios de Bachillerato General impartidos dentro del TEBCEO, y<br \/>\nIX.\tLas dem\u00e1s necesarias para el funcionamiento del TEBCEO.<\/p>\n","protected":false},"excerpt":{"rendered":"<p>Misi\u00f3n. Atender las necesidades de educaci\u00f3n del nivel medio superior, en aquellas comunidades que carecen del servicio y que se ubican en comunidades marginadas, con poca poblaci\u00f3n estudiantil y presentan condiciones sociales adversas, para fomentar una comprometida inclusi\u00f3n y equidad educativa de los sectores m\u00e1s vulnerables de la poblaci\u00f3n, en las distintas regiones del Estado [&hellip;]<\/p>\n","protected":false},"author":1,"featured_media":0,"parent":0,"menu_order":0,"comment_status":"closed","ping_status":"closed","template":"","meta":{"episode_type":"","audio_file":"","podmotor_file_id":"","podmotor_episode_id":"","cover_image":"","cover_image_id":"","duration":"","filesize":"","filesize_raw":"","date_recorded":"","explicit":"","block":"","itunes_episode_number":"","itunes_title":"","itunes_season_number":"","itunes_episode_type":"","footnotes":""},"categories":[],"tags":[],"class_list":["post-34","page","type-page","status-publish","hentry"],"acf":[],"publishpress_future_action":{"enabled":false,"date":"2026-04-20 18:43:09","action":"change-status","newStatus":"draft","terms":[],"taxonomy":"category","extraData":[]},"publishpress_future_workflow_manual_trigger":{"enabledWorkflows":[]},"_links":{"self":[{"href":"https:\/\/www.oaxaca.gob.mx\/tebceo\/wp-json\/wp\/v2\/pages\/34","targetHints":{"allow":["GET"]}}],"collection":[{"href":"https:\/\/www.oaxaca.gob.mx\/tebceo\/wp-json\/wp\/v2\/pages"}],"about":[{"href":"https:\/\/www.oaxaca.gob.mx\/tebceo\/wp-json\/wp\/v2\/types\/page"}],"author":[{"embeddable":true,"href":"https:\/\/www.oaxaca.gob.mx\/tebceo\/wp-json\/wp\/v2\/users\/1"}],"replies":[{"embeddable":true,"href":"https:\/\/www.oaxaca.gob.mx\/tebceo\/wp-json\/wp\/v2\/comments?post=34"}],"version-history":[{"count":0,"href":"https:\/\/www.oaxaca.gob.mx\/tebceo\/wp-json\/wp\/v2\/pages\/34\/revisions"}],"wp:attachment":[{"href":"https:\/\/www.oaxaca.gob.mx\/tebceo\/wp-json\/wp\/v2\/media?parent=34"}],"wp:term":[{"taxonomy":"category","embeddable":true,"href":"https:\/\/www.oaxaca.gob.mx\/tebceo\/wp-json\/wp\/v2\/categories?post=34"},{"taxonomy":"post_tag","embeddable":true,"href":"https:\/\/www.oaxaca.gob.mx\/tebceo\/wp-json\/wp\/v2\/tags?post=34"}],"curies":[{"name":"wp","href":"https:\/\/api.w.org\/{rel}","templated":true}]}}