{"id":24,"date":"2020-05-25T20:47:37","date_gmt":"2020-05-25T20:47:37","guid":{"rendered":"https:\/\/q-www.oaxaca.gob.mx\/tebceo\/?page_id=24"},"modified":"2020-05-25T20:47:37","modified_gmt":"2020-05-25T20:47:37","slug":"oferta-educativa","status":"publish","type":"page","link":"https:\/\/www.oaxaca.gob.mx\/tebceo\/oferta-educativa\/","title":{"rendered":"Oferta educativa"},"content":{"rendered":"<p>El Telebachillerato Comunitario se basa en el Plan y Programas de Estudio del Bachillerato General, utilizados en diversas instituciones del pa\u00eds donde se forman m\u00e1s de un mill\u00f3n de estudiantes, y est\u00e1 evaluado favorablemente por el Consejo para la Evaluaci\u00f3n de la Educaci\u00f3n del tipo Medio Superior COPEEMS, por lo que cumple con los preceptos de la Reforma Integral de la Educaci\u00f3n Media Superior (RIEMS).<\/p>\n<p>Aplica un enfoque moderno (por competencias) e interdisciplinario que integra saberes de las distintas \u00e1reas de programas de estudio, y se basa en proyectos formativos y comunitarios, para fortalecer el desarrollo de las habilidades de las y los estudiantes mediante la participaci\u00f3n en su comunidad.<\/p>\n<p>El <strong>Plan de Estudios<\/strong> incluye tres \u00e1reas disciplinares:<\/p>\n<p><strong>1.- Matem\u00e1ticas y Ciencias Experimentales<\/strong><\/p>\n<p>Matem\u00e1ticas, Probabilidad y Estad\u00edstica, Qu\u00edmica, Biolog\u00eda, Ecolog\u00eda y Medio Ambiente, F\u00edsica, Geograf\u00eda y Ciencias de la Salud.<\/p>\n<p>&nbsp;<\/p>\n<p><strong>2.- Ciencias Sociales y Humanidades<\/strong><\/p>\n<p>\u00c9tica y Valores, Derecho, Filosof\u00eda, Introducci\u00f3n a las Ciencias Sociales, Historia de M\u00e9xico, Estructura Socioecon\u00f3mica de M\u00e9xico, Historia Universal Contempor\u00e1nea, Metodolog\u00eda de la Investigaci\u00f3n y Desarrollo Comunitario.<\/p>\n<p>&nbsp;<\/p>\n<p><strong>3.- Comunicaci\u00f3n<\/strong><\/p>\n<p>Taller de Lectura y Redacci\u00f3n, Literatura, Ciencias de la Comunicaci\u00f3n y Lengua Adicional al Espa\u00f1ol.<\/p>\n","protected":false},"excerpt":{"rendered":"<p>El Telebachillerato Comunitario se basa en el Plan y Programas de Estudio del Bachillerato General, utilizados en diversas instituciones del pa\u00eds donde se forman m\u00e1s de un mill\u00f3n de estudiantes, y est\u00e1 evaluado favorablemente por el Consejo para la Evaluaci\u00f3n de la Educaci\u00f3n del tipo Medio Superior COPEEMS, por lo que cumple con los preceptos [&hellip;]<\/p>\n","protected":false},"author":1,"featured_media":0,"parent":0,"menu_order":0,"comment_status":"closed","ping_status":"closed","template":"","meta":{"episode_type":"","audio_file":"","podmotor_file_id":"","podmotor_episode_id":"","cover_image":"","cover_image_id":"","duration":"","filesize":"","filesize_raw":"","date_recorded":"","explicit":"","block":"","itunes_episode_number":"","itunes_title":"","itunes_season_number":"","itunes_episode_type":"","footnotes":""},"categories":[],"tags":[],"class_list":["post-24","page","type-page","status-publish","hentry"],"acf":[],"publishpress_future_action":{"enabled":false,"date":"2026-04-20 14:50:26","action":"change-status","newStatus":"draft","terms":[],"taxonomy":"category","extraData":[]},"publishpress_future_workflow_manual_trigger":{"enabledWorkflows":[]},"_links":{"self":[{"href":"https:\/\/www.oaxaca.gob.mx\/tebceo\/wp-json\/wp\/v2\/pages\/24","targetHints":{"allow":["GET"]}}],"collection":[{"href":"https:\/\/www.oaxaca.gob.mx\/tebceo\/wp-json\/wp\/v2\/pages"}],"about":[{"href":"https:\/\/www.oaxaca.gob.mx\/tebceo\/wp-json\/wp\/v2\/types\/page"}],"author":[{"embeddable":true,"href":"https:\/\/www.oaxaca.gob.mx\/tebceo\/wp-json\/wp\/v2\/users\/1"}],"replies":[{"embeddable":true,"href":"https:\/\/www.oaxaca.gob.mx\/tebceo\/wp-json\/wp\/v2\/comments?post=24"}],"version-history":[{"count":0,"href":"https:\/\/www.oaxaca.gob.mx\/tebceo\/wp-json\/wp\/v2\/pages\/24\/revisions"}],"wp:attachment":[{"href":"https:\/\/www.oaxaca.gob.mx\/tebceo\/wp-json\/wp\/v2\/media?parent=24"}],"wp:term":[{"taxonomy":"category","embeddable":true,"href":"https:\/\/www.oaxaca.gob.mx\/tebceo\/wp-json\/wp\/v2\/categories?post=24"},{"taxonomy":"post_tag","embeddable":true,"href":"https:\/\/www.oaxaca.gob.mx\/tebceo\/wp-json\/wp\/v2\/tags?post=24"}],"curies":[{"name":"wp","href":"https:\/\/api.w.org\/{rel}","templated":true}]}}