{"id":106,"date":"2020-05-28T17:48:50","date_gmt":"2020-05-28T17:48:50","guid":{"rendered":"https:\/\/q-www.oaxaca.gob.mx\/tebceo\/?page_id=106"},"modified":"2021-07-15T21:41:21","modified_gmt":"2021-07-15T21:41:21","slug":"marco-normativo","status":"publish","type":"page","link":"https:\/\/www.oaxaca.gob.mx\/tebceo\/marco-normativo\/","title":{"rendered":"Marco Normativo"},"content":{"rendered":"<nav style=\"margin-bottom: 30px\">\n<div id=\"nav-tab\" class=\"nav nav-tabs\" role=\"tablist\"><a id=\"nav_tab_uno\" class=\"nav-item nav-link active\" role=\"tab\" href=\"#nav_uno\" data-toggle=\"tab\">Leyes<\/a><br \/>\n<a id=\"nav_tab_dos\" class=\"nav-item nav-link\" role=\"tab\" href=\"#nav_dos\" data-toggle=\"tab\">Leyes Federales<\/a><br \/>\n<a id=\"nav_tab_tres\" class=\"nav-item nav-link\" role=\"tab\" href=\"#nav_tres\" data-toggle=\"tab\">Leyes Estatales<\/a><br \/>\n<a id=\"nav_tab_cuatro\" class=\"nav-item nav-link\" role=\"tab\" href=\"#nav_cuatro\" data-toggle=\"tab\">Decretos<\/a><br \/>\n<a id=\"nav_tab_cinco\" class=\"nav-item nav-link\" role=\"tab\" href=\"#nav_cinco\" data-toggle=\"tab\">Lineamientos<\/a><br \/>\n<a id=\"nav_tab_seis\" class=\"nav-item nav-link\" role=\"tab\" href=\"#nav_seis\" data-toggle=\"tab\">C\u00f3digos<\/a><\/p>\n<\/nav>\n<div id=\"nav-tabContent\" class=\"tab-content\">\n<div id=\"nav_uno\" class=\"tab-pane fade show active\" role=\"tabpanel\" aria-labelledby=\"nav_tab_uno\">\n<table id=\"tablepress-2\" class=\"tablepress tablepress-id-2\">\n<thead>\n<tr class=\"row-1\">\n\t<th class=\"column-1\">Documento<\/th><th class=\"column-2\">Descargar<\/th>\n<\/tr>\n<\/thead>\n<tbody class=\"row-striping row-hover\">\n<tr class=\"row-2\">\n\t<td class=\"column-1\">Constituci\u00f3n pol\u00edtica de los estados Unidos Mexicanos<\/td><td class=\"column-2\"><a target=\"_blank\" href=\"\/tebceo\/wp-content\/uploads\/sites\/80\/2020\/05\/Constitucion-Politica-de-los-Estados-Unidos-Mexicanos.pdf\" rel=\"noopener noreferrer\"><i class=\"far fa-file-pdf fa-2x\">&nbsp;<\/i><\/a><\/td>\n<\/tr>\n<\/tbody>\n<\/table>\n<!-- #tablepress-2 from cache --><\/div>\n<div id=\"nav_dos\" class=\"tab-pane fade\" role=\"tabpanel\" aria-labelledby=\"nav_tab_dos\">\n<table id=\"tablepress-3\" class=\"tablepress tablepress-id-3\">\n<thead>\n<tr class=\"row-1\">\n\t<th class=\"column-1\">Documento<\/th><th class=\"column-2\">Descargar<\/th>\n<\/tr>\n<\/thead>\n<tbody class=\"row-striping row-hover\">\n<tr class=\"row-2\">\n\t<td class=\"column-1\">Ley General de Educaci\u00f3n<\/td><td class=\"column-2\"><a target=\"_blank\" href=\"\/tebceo\/wp-content\/uploads\/sites\/80\/2020\/05\/Ley-General-de-Educacion.pdf\" rel=\"noopener noreferrer\"><i class=\"far fa-file-pdf fa-2x\">&nbsp;<\/i><\/a><\/td>\n<\/tr>\n<tr class=\"row-3\">\n\t<td class=\"column-1\">Ley de la carrera de las maestras y maestros<\/td><td class=\"column-2\"><a target=\"_blank\" href=\"\/tebceo\/wp-content\/uploads\/sites\/80\/2020\/05\/Ley-de-la-carrera-de-las-maestras-y-maestros.pdf\" rel=\"noopener noreferrer\"><i class=\"far fa-file-pdf fa-2x\">&nbsp;<\/i><\/a><\/td>\n<\/tr>\n<\/tbody>\n<\/table>\n<!-- #tablepress-3 from cache --><\/div>\n<div id=\"nav_tres\" class=\"tab-pane fade\" role=\"tabpanel\" aria-labelledby=\"nav_tab_tres\">\n<table id=\"tablepress-4\" class=\"tablepress tablepress-id-4\">\n<thead>\n<tr class=\"row-1\">\n\t<th class=\"column-1\">Documento<\/th><th class=\"column-2\">Descargar<\/th>\n<\/tr>\n<\/thead>\n<tbody class=\"row-striping row-hover\">\n<tr class=\"row-2\">\n\t<td class=\"column-1\">Ley de Educaci\u00f3n para el Estado Libre y Soberano de Oaxaca<\/td><td class=\"column-2\"><a target=\"_blank\" href=\"\/tebceo\/wp-content\/uploads\/sites\/80\/2020\/05\/Ley-de-Educacion-para-el-Estado-Libre-y-Soberano-de-Oaxaca.pdf\" rel=\"noopener noreferrer\"><i class=\"far fa-file-pdf fa-2x\">&nbsp;<\/i><\/a><\/td>\n<\/tr>\n<tr class=\"row-3\">\n\t<td class=\"column-1\">Ley de los derechos de las ni\u00f1as, ni\u00f1os y adolescentes del Estado de Oaxaca<\/td><td class=\"column-2\"><a target=\"_blank\" href=\"\/tebceo\/wp-content\/uploads\/sites\/80\/2020\/05\/Ley-de-los-derechos-de-adolescentes-del-Estado-de-Oaxaca.pdf\" rel=\"noopener noreferrer\"><i class=\"far fa-file-pdf fa-2x\">&nbsp;<\/i><\/a><\/td>\n<\/tr>\n<tr class=\"row-4\">\n\t<td class=\"column-1\">Ley de entidades paraestatales<\/td><td class=\"column-2\"><a target=\"_blank\" href=\"\/tebceo\/wp-content\/uploads\/sites\/80\/2020\/05\/Ley-de-entidades-paraestatales.pdf\" rel=\"noopener noreferrer\"><i class=\"far fa-file-pdf fa-2x\">&nbsp;<\/i><\/a><\/td>\n<\/tr>\n<\/tbody>\n<\/table>\n<!-- #tablepress-4 from cache --><\/div>\n<div id=\"nav_cuatro\" class=\"tab-pane fade\" role=\"tabpanel\" aria-labelledby=\"nav_tab_cuatro\">\n<table id=\"tablepress-5\" class=\"tablepress tablepress-id-5\">\n<thead>\n<tr class=\"row-1\">\n\t<th class=\"column-1\">Documento<\/th><th class=\"column-2\">Descargar<\/th>\n<\/tr>\n<\/thead>\n<tbody class=\"row-striping row-hover\">\n<tr class=\"row-2\">\n\t<td class=\"column-1\">Decreto de creaci\u00f3n del TEBCEO<\/td><td class=\"column-2\"><a target=\"_blank\" href=\"#\" rel=\"noopener noreferrer\"><i class=\"far fa-file-pdf fa-2x\">&nbsp;<\/i><\/a><\/td>\n<\/tr>\n<\/tbody>\n<\/table>\n<!-- #tablepress-5 from cache --><\/div>\n<div id=\"nav_cinco\" class=\"tab-pane fade\" role=\"tabpanel\" aria-labelledby=\"nav_tab_cinco\">\n<table id=\"tablepress-6\" class=\"tablepress tablepress-id-6\">\n<thead>\n<tr class=\"row-1\">\n\t<th class=\"column-1\">Documento<\/th><th class=\"column-2\">Descargar<\/th>\n<\/tr>\n<\/thead>\n<tbody class=\"row-striping row-hover\">\n<tr class=\"row-2\">\n\t<td class=\"column-1\">Documento Base para el servicio educativo de Telebachillerato Comunitario 2018.<\/td><td class=\"column-2\"><a target=\"_blank\" href=\"#\" rel=\"noopener noreferrer\"><i class=\"far fa-file-pdf fa-2x\">&nbsp;<\/i><\/a><\/td>\n<\/tr>\n<tr class=\"row-3\">\n\t<td class=\"column-1\">Mapa Curricular Modular del Bachillerato General para el Telebachillerato Comunitario.<\/td><td class=\"column-2\"><a target=\"_blank\" href=\"\/tebceo\/wp-content\/uploads\/sites\/80\/2020\/06\/Mapa-Curricular-Modular-del-Bachillerato-General-para-el-Telebachillerato-Comunitario.pdf\" rel=\"noopener noreferrer\"><i class=\"far fa-file-pdf fa-2x\">&nbsp;<\/i><\/a><\/td>\n<\/tr>\n<tr class=\"row-4\">\n\t<td class=\"column-1\">Lineamientos de Servicios Escolares<\/td><td class=\"column-2\"><a href=\"https:\/\/www.oaxaca.gob.mx\/tebceo\/wp-content\/uploads\/sites\/80\/2022\/09\/Lineamientos-de-Servicios-Escolares-2022-2023.pdf\"><i class=\"far fa-file-pdf fa-2x\">\u00a0<\/i><\/a><\/td>\n<\/tr>\n<tr class=\"row-5\">\n\t<td class=\"column-1\">Manual de imagen Institucional <\/td><td class=\"column-2\"><a href=\"https:\/\/www.oaxaca.gob.mx\/tebceo\/wp-content\/uploads\/sites\/80\/2022\/09\/MANUAL-DE-IMAGEN-INSTITUCIONAL.pdf\"><i class=\"far fa-file-pdf fa-2x\">\u00a0<\/i><\/a><\/td>\n<\/tr>\n<\/tbody>\n<\/table>\n<!-- #tablepress-6 from cache --><\/div>\n<div id=\"nav_seis\" class=\"tab-pane fade\" role=\"tabpanel\" aria-labelledby=\"nav_tab_seis\">\n<table id=\"tablepress-8\" class=\"tablepress tablepress-id-8\">\n<thead>\n<tr class=\"row-1\">\n\t<th class=\"column-1\">Documento<\/th><th class=\"column-2\">Descargar<\/th>\n<\/tr>\n<\/thead>\n<tbody class=\"row-striping row-hover\">\n<tr class=\"row-2\">\n\t<td class=\"column-1\">Reglas de integridad para servidoras y servidores p\u00fablicos.<\/td><td class=\"column-2\"><a target=\"_blank\" href=\"\/tebceo\/wp-content\/uploads\/sites\/80\/2020\/06\/CODIGO_DE_ETICA.pdf\" rel=\"noopener noreferrer\"><i class=\"far fa-file-pdf fa-2x\">&nbsp;<\/i><\/a><\/td>\n<\/tr>\n<tr class=\"row-3\">\n\t<td class=\"column-1\">Lineamientos Generales del C\u00f3digo de \u00c9tica para las Servidoras y Servidores P\u00fablicos.<\/td><td class=\"column-2\"><a target=\"_blank\" href=\"\/tebceo\/wp-content\/uploads\/sites\/80\/2020\/06\/CODIGO_DE_ETICA.pdf\" rel=\"noopener noreferrer\"><i class=\"far fa-file-pdf fa-2x\">&nbsp;<\/i><\/a><\/td>\n<\/tr>\n<tr class=\"row-4\">\n\t<td class=\"column-1\">C\u00f3digo de \u00e9tica para servidoras y servidores p\u00fablicos.<\/td><td class=\"column-2\"><a target=\"_blank\" href=\"\/tebceo\/wp-content\/uploads\/sites\/80\/2020\/06\/CODIGO_DE_ETICA.pdf\" rel=\"noopener noreferrer\"><i class=\"far fa-file-pdf fa-2x\">&nbsp;<\/i><\/a><\/td>\n<\/tr>\n<\/tbody>\n<\/table>\n<!-- #tablepress-8 from cache --><\/div>\n<\/div>\n","protected":false},"excerpt":{"rendered":"<p>Leyes Leyes Federales Leyes Estatales Decretos Lineamientos C\u00f3digos<\/p>\n","protected":false},"author":1,"featured_media":0,"parent":0,"menu_order":0,"comment_status":"closed","ping_status":"closed","template":"","meta":{"episode_type":"","audio_file":"","podmotor_file_id":"","podmotor_episode_id":"","cover_image":"","cover_image_id":"","duration":"","filesize":"","filesize_raw":"","date_recorded":"","explicit":"","block":"","itunes_episode_number":"","itunes_title":"","itunes_season_number":"","itunes_episode_type":"","footnotes":""},"categories":[],"tags":[],"class_list":["post-106","page","type-page","status-publish","hentry"],"acf":[],"publishpress_future_action":{"enabled":false,"date":"2026-04-20 16:49:06","action":"change-status","newStatus":"draft","terms":[],"taxonomy":"category","extraData":[]},"publishpress_future_workflow_manual_trigger":{"enabledWorkflows":[]},"_links":{"self":[{"href":"https:\/\/www.oaxaca.gob.mx\/tebceo\/wp-json\/wp\/v2\/pages\/106","targetHints":{"allow":["GET"]}}],"collection":[{"href":"https:\/\/www.oaxaca.gob.mx\/tebceo\/wp-json\/wp\/v2\/pages"}],"about":[{"href":"https:\/\/www.oaxaca.gob.mx\/tebceo\/wp-json\/wp\/v2\/types\/page"}],"author":[{"embeddable":true,"href":"https:\/\/www.oaxaca.gob.mx\/tebceo\/wp-json\/wp\/v2\/users\/1"}],"replies":[{"embeddable":true,"href":"https:\/\/www.oaxaca.gob.mx\/tebceo\/wp-json\/wp\/v2\/comments?post=106"}],"version-history":[{"count":2,"href":"https:\/\/www.oaxaca.gob.mx\/tebceo\/wp-json\/wp\/v2\/pages\/106\/revisions"}],"predecessor-version":[{"id":550,"href":"https:\/\/www.oaxaca.gob.mx\/tebceo\/wp-json\/wp\/v2\/pages\/106\/revisions\/550"}],"wp:attachment":[{"href":"https:\/\/www.oaxaca.gob.mx\/tebceo\/wp-json\/wp\/v2\/media?parent=106"}],"wp:term":[{"taxonomy":"category","embeddable":true,"href":"https:\/\/www.oaxaca.gob.mx\/tebceo\/wp-json\/wp\/v2\/categories?post=106"},{"taxonomy":"post_tag","embeddable":true,"href":"https:\/\/www.oaxaca.gob.mx\/tebceo\/wp-json\/wp\/v2\/tags?post=106"}],"curies":[{"name":"wp","href":"https:\/\/api.w.org\/{rel}","templated":true}]}}