{"id":8909,"date":"2022-04-22T13:28:56","date_gmt":"2022-04-22T18:28:56","guid":{"rendered":"https:\/\/www.oaxaca.gob.mx\/sapao\/?page_id=8909"},"modified":"2022-04-25T12:53:48","modified_gmt":"2022-04-25T17:53:48","slug":"cocoi","status":"publish","type":"page","link":"https:\/\/www.oaxaca.gob.mx\/soapa\/cocoi\/","title":{"rendered":"COCOI"},"content":{"rendered":"<p>El 16 de enero del 2016, se public\u00f3 en el Peri\u00f3dico Oficial del Gobierno del Estado, el Acuerdo General por el que se Establece el Sistema de Control Interno en la Administraci\u00f3n P\u00fablica Estatal como parte de las acciones instrumentales en el Estado de Oaxaca, para estandarizar bajo criterios de simplificaci\u00f3n administrativa, las disposiciones, pol\u00edticas o estrategias, acciones o criterios y los procedimientos internos que en materia de control interno, se deber\u00e1n observar en el \u00e1mbito de la Administraci\u00f3n P\u00fablica Estatal y se regula la implementaci\u00f3n del modelo est\u00e1ndar de Control Interno, la metodolog\u00eda general de administraci\u00f3n de riesgos y el funcionamiento del Comit\u00e9 de Control Interno, fortaleciendo la cultura del autocontrol y autoevaluaci\u00f3n, as\u00ed como el an\u00e1lisis y seguimiento de las estrategias y acciones como un medio para contribuir a lograr las metas y objetivos de cada instituci\u00f3n.<\/p>\n<p>El Comit\u00e9 de Control Interno tiene entre otros objetivos, agregar valor a la gesti\u00f3n institucional de las dependencias y entidades de la Administraci\u00f3n P\u00fablica Estatal y apoyar el cumplimiento de metas y objetivos institucionales con enfoque a resultados, as\u00ed como a la mejora de los programas presupuestarios.<\/p>\n<div class=\"su-tabs su-tabs-style-default su-tabs-mobile-stack su-tabs-vertical\" data-active=\"1\" data-scroll-offset=\"0\" data-anchor-in-url=\"no\"><div class=\"su-tabs-nav\"><span class=\"\" data-url=\"\" data-target=\"blank\" tabindex=\"0\" role=\"button\">Normatividad<\/span><span class=\"\" data-url=\"\" data-target=\"blank\" tabindex=\"0\" role=\"button\">Acta de Instalaci\u00f3n COCOI<\/span><span class=\"\" data-url=\"\" data-target=\"blank\" tabindex=\"0\" role=\"button\">Programas de Trabajo de Control Interno<\/span><span class=\"\" data-url=\"\" data-target=\"blank\" tabindex=\"0\" role=\"button\">Programa de Trabajo de Administraci\u00f3n de Riesgos<\/span><span class=\"\" data-url=\"\" data-target=\"blank\" tabindex=\"0\" role=\"button\">Grupo de Trabajo en Materia de Administraci\u00f3n de Riesgos<\/span><span class=\"\" data-url=\"\" data-target=\"blank\" tabindex=\"0\" role=\"button\">Actas de Sesi\u00f3n COCOI<\/span><span class=\"\" data-url=\"\" data-target=\"blank\" tabindex=\"0\" role=\"button\">Informes PTCI<\/span><span class=\"\" data-url=\"\" data-target=\"blank\" tabindex=\"0\" role=\"button\">Informes PTAR<\/span><span class=\"\" data-url=\"\" data-target=\"blank\" tabindex=\"0\" role=\"button\">Evaluaciones<\/span><span class=\"\" data-url=\"\" data-target=\"blank\" tabindex=\"0\" role=\"button\">Lineamientos de Operaci\u00f3n del GTAR<\/span><\/div><div class=\"su-tabs-panes\"><div class=\"su-tabs-pane su-u-clearfix su-u-trim\" data-title=\"Normatividad\"><a href=\"https:\/\/www.oaxaca.gob.mx\/sapao\/wp-content\/uploads\/sites\/39\/2022\/04\/Lorem-Ipsum-1.pdf\" class=\"pdfemb-viewer\" style=\"\" data-width=\"max\" data-height=\"max\" data-toolbar=\"top\" data-toolbar-fixed=\"on\">Lorem Ipsum<\/a><\/div>\n<div class=\"su-tabs-pane su-u-clearfix su-u-trim\" data-title=\"Acta de Instalaci\u00f3n COCOI\">\n<table id=\"tablepress-1\" class=\"tablepress tablepress-id-1\">\n<thead>\n<tr class=\"row-1\">\n\t<th class=\"column-1\">2016<\/th><th class=\"column-2\">Descargar<\/th>\n<\/tr>\n<\/thead>\n<tbody class=\"row-striping row-hover\">\n<tr class=\"row-2\">\n\t<td class=\"column-1\">Estados Financieros Correspondientes al a\u00f1o 2016<\/td><td class=\"column-2\"><a href=\"\/sapao\/wp-content\/uploads\/sites\/39\/documentos\/edosfinan\/EstadosFinancieros2016.pdf\" target=\"_blank\">Estados Financieros<\/a><\/td>\n<\/tr>\n<tr class=\"row-3\">\n\t<td class=\"column-1\"><\/td><td class=\"column-2\"><\/td>\n<\/tr>\n<\/tbody>\n<\/table>\n<!-- #tablepress-1 from cache --> <\/div>\n<div class=\"su-tabs-pane su-u-clearfix su-u-trim\" data-title=\"Programas de Trabajo de Control Interno\">Contenido de la pesta\u00f1a<\/div>\n<div class=\"su-tabs-pane su-u-clearfix su-u-trim\" data-title=\"Programa de Trabajo de Administraci\u00f3n de Riesgos\">Contenido de la pesta\u00f1a<\/div>\n<div class=\"su-tabs-pane su-u-clearfix su-u-trim\" data-title=\"Grupo de Trabajo en Materia de Administraci\u00f3n de Riesgos\">Contenido de la pesta\u00f1a<\/div>\n<div class=\"su-tabs-pane su-u-clearfix su-u-trim\" data-title=\"Actas de Sesi\u00f3n COCOI\">Contenido de la pesta\u00f1a<\/div>\n<div class=\"su-tabs-pane su-u-clearfix su-u-trim\" data-title=\"Informes PTCI\">Contenido de la pesta\u00f1a<\/div>\n<div class=\"su-tabs-pane su-u-clearfix su-u-trim\" data-title=\"Informes PTAR\">Contenido de la pesta\u00f1a<\/div>\n<div class=\"su-tabs-pane su-u-clearfix su-u-trim\" data-title=\"Evaluaciones\">Contenido de la pesta\u00f1a<\/div>\n<div class=\"su-tabs-pane su-u-clearfix su-u-trim\" data-title=\"Lineamientos de Operaci\u00f3n del GTAR\">Contenido de la pesta\u00f1a<\/div><\/div><\/div>\n","protected":false},"excerpt":{"rendered":"<p>El 16 de enero del 2016, se public\u00f3 en el Peri\u00f3dico Oficial del Gobierno del Estado, el Acuerdo General por el que se Establece el Sistema de Control Interno en la Administraci\u00f3n P\u00fablica Estatal como parte de las acciones instrumentales en el Estado de Oaxaca, para estandarizar bajo criterios de simplificaci\u00f3n administrativa, las disposiciones, pol\u00edticas [&hellip;]<\/p>\n","protected":false},"author":48,"featured_media":0,"parent":0,"menu_order":0,"comment_status":"closed","ping_status":"closed","template":"","meta":{"episode_type":"","audio_file":"","podmotor_file_id":"","podmotor_episode_id":"","cover_image":"","cover_image_id":"","duration":"","filesize":"","filesize_raw":"","date_recorded":"","explicit":"","block":"","itunes_episode_number":"","itunes_title":"","itunes_season_number":"","itunes_episode_type":"","footnotes":""},"categories":[],"tags":[],"class_list":["post-8909","page","type-page","status-publish","hentry"],"acf":[],"publishpress_future_action":{"enabled":false,"date":"2026-04-23 17:23:53","action":"change-status","newStatus":"draft","terms":[],"taxonomy":"category","extraData":[]},"publishpress_future_workflow_manual_trigger":{"enabledWorkflows":[]},"_links":{"self":[{"href":"https:\/\/www.oaxaca.gob.mx\/soapa\/wp-json\/wp\/v2\/pages\/8909","targetHints":{"allow":["GET"]}}],"collection":[{"href":"https:\/\/www.oaxaca.gob.mx\/soapa\/wp-json\/wp\/v2\/pages"}],"about":[{"href":"https:\/\/www.oaxaca.gob.mx\/soapa\/wp-json\/wp\/v2\/types\/page"}],"author":[{"embeddable":true,"href":"https:\/\/www.oaxaca.gob.mx\/soapa\/wp-json\/wp\/v2\/users\/48"}],"replies":[{"embeddable":true,"href":"https:\/\/www.oaxaca.gob.mx\/soapa\/wp-json\/wp\/v2\/comments?post=8909"}],"version-history":[{"count":44,"href":"https:\/\/www.oaxaca.gob.mx\/soapa\/wp-json\/wp\/v2\/pages\/8909\/revisions"}],"predecessor-version":[{"id":8951,"href":"https:\/\/www.oaxaca.gob.mx\/soapa\/wp-json\/wp\/v2\/pages\/8909\/revisions\/8951"}],"wp:attachment":[{"href":"https:\/\/www.oaxaca.gob.mx\/soapa\/wp-json\/wp\/v2\/media?parent=8909"}],"wp:term":[{"taxonomy":"category","embeddable":true,"href":"https:\/\/www.oaxaca.gob.mx\/soapa\/wp-json\/wp\/v2\/categories?post=8909"},{"taxonomy":"post_tag","embeddable":true,"href":"https:\/\/www.oaxaca.gob.mx\/soapa\/wp-json\/wp\/v2\/tags?post=8909"}],"curies":[{"name":"wp","href":"https:\/\/api.w.org\/{rel}","templated":true}]}}