{"id":8429,"date":"2021-11-30T14:27:09","date_gmt":"2021-11-30T20:27:09","guid":{"rendered":"https:\/\/www.oaxaca.gob.mx\/sapao\/?page_id=8429"},"modified":"2024-12-20T13:09:52","modified_gmt":"2024-12-20T19:09:52","slug":"marco-administrativo","status":"publish","type":"page","link":"https:\/\/www.oaxaca.gob.mx\/soapa\/marco-administrativo\/","title":{"rendered":"Marco Administrativo"},"content":{"rendered":"<p><a href=\"https:\/\/www.oaxaca.gob.mx\/sapao\/wp-content\/uploads\/sites\/39\/2021\/11\/guia-de-oficialia.pdf\" target=\"_blank\" rel=\"noopener\">GUIA DE LA UNIDAD DE CORRESPONDENCIA (OFICIALIA DE PARTES)<\/a><\/p>\n<p><a href=\"https:\/\/www.oaxaca.gob.mx\/soapa\/wp-content\/uploads\/sites\/39\/2024\/12\/LINEAMIENTOS-SOAPA-GTAR-26-NOV-2024-Firmado.pdf\" target=\"_blank\" rel=\"noopener\">LINEAMIENTOS DE OPERACI\u00d3N DEL GRUPO DE TRABAJO DE ADMINISTRACI\u00d3N DE RIESGOS<\/a><\/p>\n<p><a href=\"https:\/\/www.oaxaca.gob.mx\/sapao\/wp-content\/uploads\/sites\/39\/2021\/11\/LINEAMIENTOS-DE-OPERACION-DEL-GRUPO-DE-TRABAJO-DE-AUDITORIA.pdf\" target=\"_blank\" rel=\"noopener\">LINEAMIENTOS DE OPERACI\u00d3N DEL GRUPO DE TRABAJO DE AUDITOR\u00cdA<\/a><\/p>\n","protected":false},"excerpt":{"rendered":"<p>GUIA DE LA UNIDAD DE CORRESPONDENCIA (OFICIALIA DE PARTES) LINEAMIENTOS DE OPERACI\u00d3N DEL GRUPO DE TRABAJO DE ADMINISTRACI\u00d3N DE RIESGOS LINEAMIENTOS DE OPERACI\u00d3N DEL GRUPO DE TRABAJO DE AUDITOR\u00cdA<\/p>\n","protected":false},"author":48,"featured_media":0,"parent":0,"menu_order":0,"comment_status":"closed","ping_status":"closed","template":"","meta":{"episode_type":"","audio_file":"","podmotor_file_id":"","podmotor_episode_id":"","cover_image":"","cover_image_id":"","duration":"","filesize":"","filesize_raw":"","date_recorded":"","explicit":"","block":"","itunes_episode_number":"","itunes_title":"","itunes_season_number":"","itunes_episode_type":"","footnotes":""},"categories":[],"tags":[],"class_list":["post-8429","page","type-page","status-publish","hentry"],"acf":[],"publishpress_future_action":{"enabled":false,"date":"2026-04-23 15:53:54","action":"change-status","newStatus":"draft","terms":[],"taxonomy":"category","extraData":[]},"publishpress_future_workflow_manual_trigger":{"enabledWorkflows":[]},"_links":{"self":[{"href":"https:\/\/www.oaxaca.gob.mx\/soapa\/wp-json\/wp\/v2\/pages\/8429","targetHints":{"allow":["GET"]}}],"collection":[{"href":"https:\/\/www.oaxaca.gob.mx\/soapa\/wp-json\/wp\/v2\/pages"}],"about":[{"href":"https:\/\/www.oaxaca.gob.mx\/soapa\/wp-json\/wp\/v2\/types\/page"}],"author":[{"embeddable":true,"href":"https:\/\/www.oaxaca.gob.mx\/soapa\/wp-json\/wp\/v2\/users\/48"}],"replies":[{"embeddable":true,"href":"https:\/\/www.oaxaca.gob.mx\/soapa\/wp-json\/wp\/v2\/comments?post=8429"}],"version-history":[{"count":3,"href":"https:\/\/www.oaxaca.gob.mx\/soapa\/wp-json\/wp\/v2\/pages\/8429\/revisions"}],"predecessor-version":[{"id":11439,"href":"https:\/\/www.oaxaca.gob.mx\/soapa\/wp-json\/wp\/v2\/pages\/8429\/revisions\/11439"}],"wp:attachment":[{"href":"https:\/\/www.oaxaca.gob.mx\/soapa\/wp-json\/wp\/v2\/media?parent=8429"}],"wp:term":[{"taxonomy":"category","embeddable":true,"href":"https:\/\/www.oaxaca.gob.mx\/soapa\/wp-json\/wp\/v2\/categories?post=8429"},{"taxonomy":"post_tag","embeddable":true,"href":"https:\/\/www.oaxaca.gob.mx\/soapa\/wp-json\/wp\/v2\/tags?post=8429"}],"curies":[{"name":"wp","href":"https:\/\/api.w.org\/{rel}","templated":true}]}}