{"id":8305,"date":"2021-10-29T15:51:37","date_gmt":"2021-10-29T20:51:37","guid":{"rendered":"https:\/\/www.oaxaca.gob.mx\/sapao\/?page_id=8305"},"modified":"2026-03-06T11:27:30","modified_gmt":"2026-03-06T17:27:30","slug":"marco-juridico","status":"publish","type":"page","link":"https:\/\/www.oaxaca.gob.mx\/soapa\/marco-juridico\/","title":{"rendered":"Marco Jur\u00eddico"},"content":{"rendered":"<p><a href=\"https:\/\/www.oaxaca.gob.mx\/sapao\/wp-content\/uploads\/sites\/39\/2022\/09\/1969_Convencion_Americana_sobre_Derechos_Humanos.pdf\" target=\"_blank\" rel=\"noopener\">Convenci\u00f3n Americana sobre Derechos Humanos<\/a><\/p>\n<p><a href=\"https:\/\/www.oaxaca.gob.mx\/sapao\/wp-content\/uploads\/sites\/39\/2022\/09\/PACTO_INTERNACIONAL_DERECHOS_CIVILES_POLITICOS.pdf\" target=\"_blank\" rel=\"noopener\">Pacto Internacional de Derechos Civiles y Pol\u00edticos<\/a><\/p>\n<p><a href=\"https:\/\/www.oaxaca.gob.mx\/sapao\/wp-content\/uploads\/sites\/39\/2022\/02\/CONSTITUCION-POLITICA-DE-LOS-ESTADOS-UNIDOS-MEXICANOS.pdf\" target=\"_blank\" rel=\"noopener\">Constituci\u00f3n Pol\u00edtica de los Estados Unidos Mexicanos<\/a><\/p>\n<p><a href=\"https:\/\/www.oaxaca.gob.mx\/sapao\/wp-content\/uploads\/sites\/39\/2022\/09\/LEY-DEL-SISTEMA-ESTATAL-DE-COMBATE-A-LA-CORRUPCION.pdf\" target=\"_blank\" rel=\"noopener\">Ley del Sistema de Combate a la Corrupci\u00f3n<\/a><\/p>\n<p><a href=\"https:\/\/www.oaxaca.gob.mx\/sapao\/wp-content\/uploads\/sites\/39\/2022\/09\/LGTAIP_200521.pdf\" target=\"_blank\" rel=\"noopener\">Ley General de Transparencia y Acceso a la Informaci\u00f3n P\u00fablica<\/a><\/p>\n<p><a href=\"https:\/\/www.oaxaca.gob.mx\/sapao\/wp-content\/uploads\/sites\/39\/2022\/09\/LGRA.pdf\" target=\"_blank\" rel=\"noopener\">Ley General de Responsabilidades Administrativas<\/a><\/p>\n<p><a href=\"https:\/\/www.oaxaca.gob.mx\/sapao\/wp-content\/uploads\/sites\/39\/2022\/09\/DOF-Diario-Oficial-de-la-Federacion.pdf\" target=\"_blank\" rel=\"noopener\">Lineamientos General en materia de clasificaci\u00f3n y desclasificaci\u00f3n de la informaci\u00f3n, as\u00ed como para la elaboraci\u00f3n de versiones p\u00fablicas<\/a><\/p>\n<p><a href=\"https:\/\/www.oaxaca.gob.mx\/sapao\/wp-content\/uploads\/sites\/39\/2022\/07\/Ley-General-de-Archivos.pdf\">Ley General de Archivos<\/a><\/p>\n<p><a href=\"https:\/\/www.oaxaca.gob.mx\/sapao\/wp-content\/uploads\/sites\/39\/2022\/09\/Constitucion_Politica_del_Estado_Libre_y_Soberano_de_Oaxaca.pdf\" target=\"_blank\" rel=\"noopener\">Constituci\u00f3n Pol\u00edtica del Estado Libre y Soberano de Oaxaca<\/a><\/p>\n<p><a href=\"https:\/\/www.oaxaca.gob.mx\/sapao\/wp-content\/uploads\/sites\/39\/2022\/02\/LEY-DE-AGUA-POTABLE-Y-ALCANTARILLADO-PARA-EL-ESTADO-DE-OAXACA.pdf\" target=\"_blank\" rel=\"noopener\">Ley de Agua Potable y Alcantarillado para el Estado de Oaxaca<\/a><\/p>\n<p><a href=\"https:\/\/www.oaxaca.gob.mx\/sapao\/wp-content\/uploads\/sites\/39\/2022\/07\/Ley-de-Adquisiciones-Enajenaciones-Arrendamientos-Prestacion-de-Servicios-y-Administracion-de-Bienes-Muebles-e-Inmuebles-del-Estado-de-Oaxacaa.pdf\">Ley de Adquisiciones, Enajenaciones, Arrendamientos, Prestaci\u00f3n de Servicios y Administraci\u00f3n de bienes Muebles e Inmuebles del Estado de Oaxaca<\/a><\/p>\n<p><a href=\"https:\/\/www.oaxaca.gob.mx\/sapao\/wp-content\/uploads\/sites\/39\/2022\/02\/LEY-DE-OBRAS-PUBLICAS-Y-SERVICIOS-RELACIONADOS-DEL-ESTADO-DE-OAXACA.pdf\" target=\"_blank\" rel=\"noopener\">Ley de Obras P\u00fablicas y Servicios relacionados del Estado de Oaxaca<\/a><\/p>\n<p><a href=\"https:\/\/www.oaxaca.gob.mx\/sapao\/wp-content\/uploads\/sites\/39\/2022\/02\/LEY-DE-PROCEDIMIENTO-Y-JUSTICIA-ADMINISTRATIVA-PARA-EL-ESTADO-DE-OAXACA.pdf\" target=\"_blank\" rel=\"noopener\">Ley de Procedimiento y Justicia Administrativa para el Estado de Oaxaca<\/a><\/p>\n<p><a href=\"https:\/\/www.oaxaca.gob.mx\/sapao\/wp-content\/uploads\/sites\/39\/2022\/02\/LEY-ESTATAL-DE-DERECHOS-2021.pdf\" target=\"_blank\" rel=\"noopener\">Ley Estatal de Derechos<\/a><\/p>\n<p><a href=\"https:\/\/www.oaxaca.gob.mx\/sapao\/wp-content\/uploads\/sites\/39\/2022\/07\/Ley-de-archivo-para-el-Estado-de-Oaxaca.pdf\">Ley de Archivos para el Estado de Oaxaca<\/a><\/p>\n<p><a href=\"https:\/\/www.oaxaca.gob.mx\/sapao\/wp-content\/uploads\/sites\/39\/2022\/08\/EXT-DEC700-LEY-ENTREGAS-201017.pdf\" target=\"_blank\" rel=\"noopener\">Ley de Entrega Recepci\u00f3n de los Recursos y bienes del Estado de Oaxaca<\/a><\/p>\n<p><a href=\"https:\/\/www.oaxaca.gob.mx\/soapa\/wp-content\/uploads\/sites\/39\/2023\/07\/Ley-del-Organismo-Operador-Publico-Denom.-Sistema-Operador-de-los-Servicios-de-Agua-Potable-y-Alcantarillado-FE-ERRATAS-19_ene_2023.pdf\" target=\"_blank\" rel=\"noopener\">Ley del Sistema Operador de los Servicios de Agua Potable y Alcantarillado<\/a><\/p>\n<p><a href=\"https:\/\/www.oaxaca.gob.mx\/sapao\/wp-content\/uploads\/sites\/39\/2022\/02\/REGLAMENTO-DE-LA-LEY.pdf\" target=\"_blank\" rel=\"noopener\">Reglamento de la Ley de los Servicios de Agua Potable y Alcantarillado de Oaxaca<\/a><\/p>\n<p><a href=\"https:\/\/www.oaxaca.gob.mx\/soapa\/wp-content\/uploads\/sites\/39\/2024\/04\/REGLAMENTO-INTERNO-SOAPA.pdf\" target=\"_blank\" rel=\"noopener\">Reglamento Interno del Sistema Operador de los Servicios de Agua Potable y Alcantarillado<\/a><\/p>\n<p><a href=\"https:\/\/www.oaxaca.gob.mx\/sapao\/wp-content\/uploads\/sites\/39\/2022\/02\/CODIGO-DE-ETICA-DEL-PODER-EJECUTIVO-DEL-ESTADO-DE-OAXACA.pdf\" target=\"_blank\" rel=\"noopener\">C\u00f3digo de \u00e9tica del Poder Ejecutivo del Estado de Oaxaca<\/a><\/p>\n<p><a href=\"https:\/\/www.oaxaca.gob.mx\/soapa\/wp-content\/uploads\/sites\/39\/2024\/05\/CODIGO-DE-CONDUCTA-SOAPA.pdf\" target=\"_blank\" rel=\"noopener\">C\u00f3digo de Conducta del Sistema Operador de los Servicios de Agua Potable y Alcantarillado<\/a><\/p>\n<p><a href=\"https:\/\/www.oaxaca.gob.mx\/sapao\/wp-content\/uploads\/sites\/39\/2022\/08\/EXT-DEC700-LEY-ENTREGAS-201017.pdf\" target=\"_blank\" rel=\"noopener\">Ley de Entrega Recepci\u00f3n de los Recursos y Bienes del Estado de Oaxaca<\/a><\/p>\n<p><a href=\"https:\/\/www.oaxaca.gob.mx\/sapao\/wp-content\/uploads\/sites\/39\/2022\/08\/LINEAMIENTOS-ENTREGA_RECEP_131018-23.pdf\" target=\"_blank\" rel=\"noopener\">Lineamientos para la Entrega Recepci\u00f3n de la Administraci\u00f3n P\u00fablica Estatal<\/a><\/p>\n<p><a href=\"https:\/\/www.oaxaca.gob.mx\/sapao\/wp-content\/uploads\/sites\/39\/2022\/07\/Lineamientos-archivos-LOCCAAPEO.pdf\">Lineamientos para la Organizaci\u00f3n, Conservaci\u00f3n y Custodia de los archivos de la Administraci\u00f3n P\u00fablica Estatal de Oaxaca<\/a><\/p>\n<p><a href=\"https:\/\/www.oaxaca.gob.mx\/soapa\/wp-content\/uploads\/sites\/39\/2025\/01\/MANUAL-DE-ORGANIZACION-SOAPA.pdf\" target=\"_blank\" rel=\"noopener\">Manual de Organizacion del Sistema Operador de los Servicios de Agua Potable y Alcantarillado<\/a><\/p>\n<p><a href=\"https:\/\/www.oaxaca.gob.mx\/sapao\/wp-content\/uploads\/sites\/39\/2022\/02\/MANUAL-DE-PROCEDIMIENTOS-SAPAO.pdf\" target=\"_blank\" rel=\"noopener\">Manual de Procedimientos del Sistema Operador de los Servicios de Agua Potable y Alcantarillado<\/a><\/p>\n<p><a href=\"https:\/\/www.oaxaca.gob.mx\/sapao\/wp-content\/uploads\/sites\/39\/2022\/04\/7.-MEMICI.pdf\" target=\"_blank\" rel=\"noopener\">Modelo Estatal del Marco Integrado de Control Interno para la Administraci\u00f3n P\u00fablica del Poder Ejecutivo del Estado de Oaxaca<\/a><\/p>\n<p><a href=\"https:\/\/www.oaxaca.gob.mx\/sapao\/wp-content\/uploads\/sites\/39\/2022\/04\/8.-ACUERDO-ADMITIVO-CI.pdf\" target=\"_blank\" rel=\"noopener\">Acuerdo Administrativo de Control Interno<\/a><\/p>\n<p><a href=\"https:\/\/www.oaxaca.gob.mx\/soapa\/wp-content\/uploads\/sites\/39\/2025\/02\/PITIC-2024.pdf\" target=\"_blank\" rel=\"noopener\">Plan Institucional De Tecnolog\u00edas de Informaci\u00f3n y Comunicaci\u00f3n 2024<\/a><\/p>\n<p><a href=\"https:\/\/www.oaxaca.gob.mx\/soapa\/wp-content\/uploads\/sites\/39\/2026\/03\/LEY-DE-ENTIDADES-PARAESTATALES-DEL-ESTADO-DE-OAXACA.pdf\">Ley de Entidades Paraestatales de Oaxaca<\/a><\/p>\n<p><a href=\"https:\/\/www.oaxaca.gob.mx\/soapa\/wp-content\/uploads\/sites\/39\/2026\/03\/REGLAMENTO-DE-LA-LEY-DE-ENTIDADES-PARAESTATALES-DEL-ESTADO-DE-OAXACA.pdf\">Reglamento de la Ley de Entidades Paraestatales de Oaxaca<\/a><\/p>\n","protected":false},"excerpt":{"rendered":"<p>Convenci\u00f3n Americana sobre Derechos Humanos Pacto Internacional de Derechos Civiles y Pol\u00edticos Constituci\u00f3n Pol\u00edtica de los Estados Unidos Mexicanos Ley del Sistema de Combate a la Corrupci\u00f3n Ley General de Transparencia y Acceso a la Informaci\u00f3n P\u00fablica Ley General de Responsabilidades Administrativas Lineamientos General en materia de clasificaci\u00f3n y desclasificaci\u00f3n de la informaci\u00f3n, as\u00ed como [&hellip;]<\/p>\n","protected":false},"author":48,"featured_media":0,"parent":0,"menu_order":0,"comment_status":"closed","ping_status":"closed","template":"","meta":{"episode_type":"","audio_file":"","podmotor_file_id":"","podmotor_episode_id":"","cover_image":"","cover_image_id":"","duration":"","filesize":"","filesize_raw":"","date_recorded":"","explicit":"","block":"","itunes_episode_number":"","itunes_title":"","itunes_season_number":"","itunes_episode_type":"","footnotes":""},"categories":[],"tags":[],"class_list":["post-8305","page","type-page","status-publish","hentry"],"acf":[],"publishpress_future_action":{"enabled":false,"date":"2026-04-23 15:39:43","action":"change-status","newStatus":"draft","terms":[],"taxonomy":"category","extraData":[]},"publishpress_future_workflow_manual_trigger":{"enabledWorkflows":[]},"_links":{"self":[{"href":"https:\/\/www.oaxaca.gob.mx\/soapa\/wp-json\/wp\/v2\/pages\/8305","targetHints":{"allow":["GET"]}}],"collection":[{"href":"https:\/\/www.oaxaca.gob.mx\/soapa\/wp-json\/wp\/v2\/pages"}],"about":[{"href":"https:\/\/www.oaxaca.gob.mx\/soapa\/wp-json\/wp\/v2\/types\/page"}],"author":[{"embeddable":true,"href":"https:\/\/www.oaxaca.gob.mx\/soapa\/wp-json\/wp\/v2\/users\/48"}],"replies":[{"embeddable":true,"href":"https:\/\/www.oaxaca.gob.mx\/soapa\/wp-json\/wp\/v2\/comments?post=8305"}],"version-history":[{"count":2,"href":"https:\/\/www.oaxaca.gob.mx\/soapa\/wp-json\/wp\/v2\/pages\/8305\/revisions"}],"predecessor-version":[{"id":12714,"href":"https:\/\/www.oaxaca.gob.mx\/soapa\/wp-json\/wp\/v2\/pages\/8305\/revisions\/12714"}],"wp:attachment":[{"href":"https:\/\/www.oaxaca.gob.mx\/soapa\/wp-json\/wp\/v2\/media?parent=8305"}],"wp:term":[{"taxonomy":"category","embeddable":true,"href":"https:\/\/www.oaxaca.gob.mx\/soapa\/wp-json\/wp\/v2\/categories?post=8305"},{"taxonomy":"post_tag","embeddable":true,"href":"https:\/\/www.oaxaca.gob.mx\/soapa\/wp-json\/wp\/v2\/tags?post=8305"}],"curies":[{"name":"wp","href":"https:\/\/api.w.org\/{rel}","templated":true}]}}