{"id":8253,"date":"2021-10-14T16:06:25","date_gmt":"2021-10-14T21:06:25","guid":{"rendered":"https:\/\/www.oaxaca.gob.mx\/sapao\/?page_id=8253"},"modified":"2023-07-28T15:18:14","modified_gmt":"2023-07-28T21:18:14","slug":"que-hago-si-mi-medidor-presenta-una-anomalia-o-fue-sustraido","status":"publish","type":"page","link":"https:\/\/www.oaxaca.gob.mx\/soapa\/que-hago-si-mi-medidor-presenta-una-anomalia-o-fue-sustraido\/","title":{"rendered":"Qu\u00e9 hago si mi medidor presenta una anomal\u00eda o fue sustra\u00eddo"},"content":{"rendered":"<p><img loading=\"lazy\" decoding=\"async\" class=\"alignnone size-medium wp-image-10204\" src=\"https:\/\/www.oaxaca.gob.mx\/soapa\/wp-content\/uploads\/sites\/39\/2023\/07\/Medidor-de-agua-300x114.png\" alt=\"\" width=\"300\" height=\"114\" srcset=\"https:\/\/www.oaxaca.gob.mx\/soapa\/wp-content\/uploads\/sites\/39\/2023\/07\/Medidor-de-agua-300x114.png 300w, https:\/\/www.oaxaca.gob.mx\/soapa\/wp-content\/uploads\/sites\/39\/2023\/07\/Medidor-de-agua-1024x389.png 1024w, https:\/\/www.oaxaca.gob.mx\/soapa\/wp-content\/uploads\/sites\/39\/2023\/07\/Medidor-de-agua-768x292.png 768w, https:\/\/www.oaxaca.gob.mx\/soapa\/wp-content\/uploads\/sites\/39\/2023\/07\/Medidor-de-agua-1536x584.png 1536w, https:\/\/www.oaxaca.gob.mx\/soapa\/wp-content\/uploads\/sites\/39\/2023\/07\/Medidor-de-agua-2048x779.png 2048w\" sizes=\"auto, (max-width: 300px) 100vw, 300px\" \/><\/p>\n","protected":false},"excerpt":{"rendered":"","protected":false},"author":48,"featured_media":10213,"parent":0,"menu_order":0,"comment_status":"closed","ping_status":"closed","template":"","meta":{"episode_type":"","audio_file":"","podmotor_file_id":"","podmotor_episode_id":"","cover_image":"","cover_image_id":"","duration":"","filesize":"","filesize_raw":"","date_recorded":"","explicit":"","block":"","itunes_episode_number":"","itunes_title":"","itunes_season_number":"","itunes_episode_type":"","footnotes":""},"categories":[23],"tags":[],"class_list":["post-8253","page","type-page","status-publish","has-post-thumbnail","hentry","category-slider"],"acf":[],"publishpress_future_action":{"enabled":false,"date":"2026-04-23 17:53:45","action":"change-status","newStatus":"draft","terms":[],"taxonomy":"category","extraData":[]},"publishpress_future_workflow_manual_trigger":{"enabledWorkflows":[]},"_links":{"self":[{"href":"https:\/\/www.oaxaca.gob.mx\/soapa\/wp-json\/wp\/v2\/pages\/8253","targetHints":{"allow":["GET"]}}],"collection":[{"href":"https:\/\/www.oaxaca.gob.mx\/soapa\/wp-json\/wp\/v2\/pages"}],"about":[{"href":"https:\/\/www.oaxaca.gob.mx\/soapa\/wp-json\/wp\/v2\/types\/page"}],"author":[{"embeddable":true,"href":"https:\/\/www.oaxaca.gob.mx\/soapa\/wp-json\/wp\/v2\/users\/48"}],"replies":[{"embeddable":true,"href":"https:\/\/www.oaxaca.gob.mx\/soapa\/wp-json\/wp\/v2\/comments?post=8253"}],"version-history":[{"count":3,"href":"https:\/\/www.oaxaca.gob.mx\/soapa\/wp-json\/wp\/v2\/pages\/8253\/revisions"}],"predecessor-version":[{"id":10207,"href":"https:\/\/www.oaxaca.gob.mx\/soapa\/wp-json\/wp\/v2\/pages\/8253\/revisions\/10207"}],"wp:featuredmedia":[{"embeddable":true,"href":"https:\/\/www.oaxaca.gob.mx\/soapa\/wp-json\/wp\/v2\/media\/10213"}],"wp:attachment":[{"href":"https:\/\/www.oaxaca.gob.mx\/soapa\/wp-json\/wp\/v2\/media?parent=8253"}],"wp:term":[{"taxonomy":"category","embeddable":true,"href":"https:\/\/www.oaxaca.gob.mx\/soapa\/wp-json\/wp\/v2\/categories?post=8253"},{"taxonomy":"post_tag","embeddable":true,"href":"https:\/\/www.oaxaca.gob.mx\/soapa\/wp-json\/wp\/v2\/tags?post=8253"}],"curies":[{"name":"wp","href":"https:\/\/api.w.org\/{rel}","templated":true}]}}