{"id":7520,"date":"2021-03-02T18:27:04","date_gmt":"2021-03-03T00:27:04","guid":{"rendered":"https:\/\/www.oaxaca.gob.mx\/sapao\/?page_id=7520"},"modified":"2021-03-02T18:30:27","modified_gmt":"2021-03-03T00:30:27","slug":"contraloria-social","status":"publish","type":"page","link":"https:\/\/www.oaxaca.gob.mx\/soapa\/contraloria-social\/","title":{"rendered":"Contralor\u00eda Social Servicios de Agua Potable y Alcantarillado de Oaxaca"},"content":{"rendered":"<h3>Contralor\u00eda Social<\/h3>\n<ul>\n<li><a href=\"https:\/\/www.oaxaca.gob.mx\/sapao\/wp-content\/uploads\/sites\/39\/2021\/03\/CAPACITACION-COMITES-DE-OBRA.pptx\">Capacitaci\u00f3n comit\u00e9s de obra<\/a><\/li>\n<li><a href=\"https:\/\/www.oaxaca.gob.mx\/sapao\/wp-content\/uploads\/sites\/39\/2021\/03\/ESQUEMA-DE-CONTRALORIA-SOCIAL.pdf\">Esquema de Contralor\u00eda Social<\/a><\/li>\n<li><a href=\"https:\/\/www.oaxaca.gob.mx\/sapao\/wp-content\/uploads\/sites\/39\/2021\/03\/GUIA-OPERATIVA-DE-CONTRALORIA-SOCIAL-.pdf\">Gu\u00eda Operativa de Contralor\u00eda Social<\/a><\/li>\n<li><a href=\"https:\/\/www.oaxaca.gob.mx\/sapao\/wp-content\/uploads\/sites\/39\/2021\/03\/PETCS-URBANO-2020.pdf\">PETCS Urbano 2020<\/a><\/li>\n<\/ul>\n<p>&nbsp;<\/p>\n<p>&nbsp;<\/p>\n<hr \/>\n<p>&nbsp;<\/p>\n<h3>REHABILITACI\u00d3N DEL COLECTOR SANITARIO MARGEN DERECHA DEL RIO ATOYAC (TRAMO GUILLERMO PRIETO AL PUENTE EXGARITA)<\/h3>\n<p><a href=\"https:\/\/www.oaxaca.gob.mx\/sapao\/wp-content\/uploads\/sites\/39\/2021\/03\/CEDULA-DE-CONSTITUCION-DE-COMITE.pdf\">CEDULA DE CONSTITUCI\u00d3N DE COMITE<\/a><\/p>\n<p><a href=\"https:\/\/www.oaxaca.gob.mx\/sapao\/wp-content\/uploads\/sites\/39\/2021\/03\/CONSTANCIA-REGISTRO.pdf\">CONSTANCIA REGISTRO<\/a><\/p>\n<p><a href=\"https:\/\/www.oaxaca.gob.mx\/sapao\/wp-content\/uploads\/sites\/39\/2021\/03\/ESCRITO-SIMPLE.pdf\">ESCRITO SIMPLE<\/a><\/p>\n<p><a href=\"https:\/\/www.oaxaca.gob.mx\/sapao\/wp-content\/uploads\/sites\/39\/2021\/03\/FICHA-TECNICO-FINANCIERO.pdf\">FICHA TECNICO FINANCIERO<\/a><\/p>\n<p><a href=\"https:\/\/www.oaxaca.gob.mx\/sapao\/wp-content\/uploads\/sites\/39\/2021\/03\/INFORME-CONTRALORIA-2.pdf\">INFORME CONTRALORIA 2<\/a><\/p>\n<p><a href=\"https:\/\/www.oaxaca.gob.mx\/sapao\/wp-content\/uploads\/sites\/39\/2021\/03\/INFORME-DE-CONTRALORIA-1.pdf\">INFORME DE CONTRALORIA 1<\/a><\/p>\n<p><a href=\"https:\/\/www.oaxaca.gob.mx\/sapao\/wp-content\/uploads\/sites\/39\/2021\/03\/INFORME-MENSUAL-AVANCE-2.pdf\">INFORME MENSUAL AVANCE 2<\/a><\/p>\n<p><a href=\"https:\/\/www.oaxaca.gob.mx\/sapao\/wp-content\/uploads\/sites\/39\/2021\/03\/INFORME-MENSUAL-DE-AVANCES.pdf\">INFORME MENSUAL DE AVANCES<\/a><\/p>\n<p><a href=\"https:\/\/www.oaxaca.gob.mx\/sapao\/wp-content\/uploads\/sites\/39\/2021\/03\/LISTA-DE-ASISTENCIA.pdf\">LISTA DE ASISTENCIA<\/a><\/p>\n<p><a href=\"https:\/\/www.oaxaca.gob.mx\/sapao\/wp-content\/uploads\/sites\/39\/2021\/03\/LISTA-D-ASISTENCIA-2.pdf\">LISTA DE ASISTENCIA 2<\/a><\/p>\n<p><a href=\"https:\/\/www.oaxaca.gob.mx\/sapao\/wp-content\/uploads\/sites\/39\/2021\/03\/LISTA-D-ASISTENCIA-3.pdf\">LISTA DE ASISTENCIA 3<\/a><\/p>\n<p><a href=\"https:\/\/www.oaxaca.gob.mx\/sapao\/wp-content\/uploads\/sites\/39\/2021\/03\/MINUTA-DE-REUNION-1.pdf\">MINUTA DE REUNION 1<\/a><\/p>\n<p><a href=\"https:\/\/www.oaxaca.gob.mx\/sapao\/wp-content\/uploads\/sites\/39\/2021\/03\/MINUTA-DE-REUNION-2.pdf\">MINUTA DE<\/a><a href=\"https:\/\/www.oaxaca.gob.mx\/sapao\/wp-content\/uploads\/sites\/39\/2021\/03\/MINUTA-DE-REUNION-2.pdf\"> REUNION 2<\/a><\/p>\n<hr \/>\n<h3>REHABILITACI\u00d3N DEL COLECTRO SANITARIO EN LA CALLE JUQUILITA, TRAMO CALLE PARAISO A CALE SABINOS<\/h3>\n<p><a href=\"https:\/\/www.oaxaca.gob.mx\/sapao\/wp-content\/uploads\/sites\/39\/2021\/03\/CEDULA-CONSTITUCION-DE-COMITE.pdf\">CEDULA CONSTITUCION DE COMITE<\/a><\/p>\n<p><a href=\"https:\/\/www.oaxaca.gob.mx\/sapao\/wp-content\/uploads\/sites\/39\/2021\/03\/ESCRITO-SIMPLE-1.pdf\">ESCRITO SIMPLE<\/a><\/p>\n<p><a href=\"https:\/\/www.oaxaca.gob.mx\/sapao\/wp-content\/uploads\/sites\/39\/2021\/03\/CONSTANCIA-DE-REGISTRO.pdf\">CONSTANCIA DE REGISTRO<\/a><\/p>\n<p><a href=\"https:\/\/www.oaxaca.gob.mx\/sapao\/wp-content\/uploads\/sites\/39\/2021\/03\/FICHA-TECNICO-FINANCIERA.pdf\">FICHA TECNICO FINANCIERA<\/a><\/p>\n<p><a href=\"https:\/\/www.oaxaca.gob.mx\/sapao\/wp-content\/uploads\/sites\/39\/2021\/03\/MINUTA-DE-REUNION-1-1.pdf\">MINUTA DE REUNION 1<\/a><\/p>\n<p><a href=\"https:\/\/www.oaxaca.gob.mx\/sapao\/wp-content\/uploads\/sites\/39\/2021\/03\/MINUTA-DE-REUNION-2-1.pdf\">MINUTA DE REUNION 2<\/a><\/p>\n<p><a href=\"https:\/\/www.oaxaca.gob.mx\/sapao\/wp-content\/uploads\/sites\/39\/2021\/03\/LISTA-DE-ASISTENCIA-1.pdf\">LISTA DE ASISTENCIA 1<\/a><\/p>\n<p><a href=\"https:\/\/www.oaxaca.gob.mx\/sapao\/wp-content\/uploads\/sites\/39\/2021\/03\/LISTA-DE-ASISTENCIA-2.pdf\">LISTA DE ASISTENCIA 2<\/a><\/p>\n<p><a href=\"https:\/\/www.oaxaca.gob.mx\/sapao\/wp-content\/uploads\/sites\/39\/2021\/03\/LISTA-DE-ASISTENCIA-3.pdf\">LISTA DE ASISTENCIA 3<\/a><\/p>\n<p><a href=\"https:\/\/www.oaxaca.gob.mx\/sapao\/wp-content\/uploads\/sites\/39\/2021\/03\/INFORME-MENSUAL-DE-AVANCES-1.pdf\">INFORME MENSUAL DE AVANCES 1<\/a><\/p>\n<p><a href=\"https:\/\/www.oaxaca.gob.mx\/sapao\/wp-content\/uploads\/sites\/39\/2021\/03\/INFORME-MENSUAL-DE-AVANCES-2.pdf\">INFORME MENSUAL DE AVANCES 2<\/a><\/p>\n<p><a href=\"https:\/\/www.oaxaca.gob.mx\/sapao\/wp-content\/uploads\/sites\/39\/2021\/03\/INFORME-CONTRALORIA-1.pdf\">INFORME CONTRALORIA 1<\/a><\/p>\n<p><a href=\"https:\/\/www.oaxaca.gob.mx\/sapao\/wp-content\/uploads\/sites\/39\/2021\/03\/INFORME-DE-CONTRALORIA-2.pdf\">INFORME DE CONTRALORIA 2<\/a><\/p>\n<hr \/>\n<pre>Tr\u00edpticos\r\n\r\n<a href=\"https:\/\/www.oaxaca.gob.mx\/sapao\/wp-content\/uploads\/sites\/39\/2021\/03\/Triptico-Juquilita-.pdf\">Triptico Juquilita<\/a> <a href=\"https:\/\/www.oaxaca.gob.mx\/sapao\/wp-content\/uploads\/sites\/39\/2021\/03\/Triptico-Guillermo-Prieto.pdf\">Triptico Guillermo Prieto<\/a>\r\n<\/pre>\n","protected":false},"excerpt":{"rendered":"<p>Contralor\u00eda Social Capacitaci\u00f3n comit\u00e9s de obra Esquema de Contralor\u00eda Social Gu\u00eda Operativa de Contralor\u00eda Social PETCS Urbano 2020 &nbsp; &nbsp; &nbsp; REHABILITACI\u00d3N DEL COLECTOR SANITARIO MARGEN DERECHA DEL RIO ATOYAC (TRAMO GUILLERMO PRIETO AL PUENTE EXGARITA) CEDULA DE CONSTITUCI\u00d3N DE COMITE CONSTANCIA REGISTRO ESCRITO SIMPLE FICHA TECNICO FINANCIERO INFORME CONTRALORIA 2 INFORME DE CONTRALORIA 1 [&hellip;]<\/p>\n","protected":false},"author":48,"featured_media":0,"parent":0,"menu_order":0,"comment_status":"closed","ping_status":"closed","template":"","meta":{"episode_type":"","audio_file":"","podmotor_file_id":"","podmotor_episode_id":"","cover_image":"","cover_image_id":"","duration":"","filesize":"","filesize_raw":"","date_recorded":"","explicit":"","block":"","itunes_episode_number":"","itunes_title":"","itunes_season_number":"","itunes_episode_type":"","footnotes":""},"categories":[2],"tags":[],"class_list":["post-7520","page","type-page","status-publish","hentry","category-actividades"],"acf":[],"publishpress_future_action":{"enabled":false,"date":"2026-04-23 17:38:29","action":"change-status","newStatus":"draft","terms":[],"taxonomy":"category","extraData":[]},"publishpress_future_workflow_manual_trigger":{"enabledWorkflows":[]},"_links":{"self":[{"href":"https:\/\/www.oaxaca.gob.mx\/soapa\/wp-json\/wp\/v2\/pages\/7520","targetHints":{"allow":["GET"]}}],"collection":[{"href":"https:\/\/www.oaxaca.gob.mx\/soapa\/wp-json\/wp\/v2\/pages"}],"about":[{"href":"https:\/\/www.oaxaca.gob.mx\/soapa\/wp-json\/wp\/v2\/types\/page"}],"author":[{"embeddable":true,"href":"https:\/\/www.oaxaca.gob.mx\/soapa\/wp-json\/wp\/v2\/users\/48"}],"replies":[{"embeddable":true,"href":"https:\/\/www.oaxaca.gob.mx\/soapa\/wp-json\/wp\/v2\/comments?post=7520"}],"version-history":[{"count":9,"href":"https:\/\/www.oaxaca.gob.mx\/soapa\/wp-json\/wp\/v2\/pages\/7520\/revisions"}],"predecessor-version":[{"id":7528,"href":"https:\/\/www.oaxaca.gob.mx\/soapa\/wp-json\/wp\/v2\/pages\/7520\/revisions\/7528"}],"wp:attachment":[{"href":"https:\/\/www.oaxaca.gob.mx\/soapa\/wp-json\/wp\/v2\/media?parent=7520"}],"wp:term":[{"taxonomy":"category","embeddable":true,"href":"https:\/\/www.oaxaca.gob.mx\/soapa\/wp-json\/wp\/v2\/categories?post=7520"},{"taxonomy":"post_tag","embeddable":true,"href":"https:\/\/www.oaxaca.gob.mx\/soapa\/wp-json\/wp\/v2\/tags?post=7520"}],"curies":[{"name":"wp","href":"https:\/\/api.w.org\/{rel}","templated":true}]}}