{"id":5670,"date":"2020-03-05T09:23:15","date_gmt":"2020-03-05T15:23:15","guid":{"rendered":"https:\/\/www.oaxaca.gob.mx\/sapao\/?page_id=5670"},"modified":"2026-01-30T14:20:35","modified_gmt":"2026-01-30T20:20:35","slug":"sistema-institucional-de-archivos","status":"publish","type":"page","link":"https:\/\/www.oaxaca.gob.mx\/soapa\/sistema-institucional-de-archivos\/","title":{"rendered":"Sistema Institucional de Archivos"},"content":{"rendered":"<p><strong>EJERCICIO 2026<\/strong><\/p>\n<p><a href=\"https:\/\/www.oaxaca.gob.mx\/soapa\/wp-content\/uploads\/sites\/39\/2026\/01\/PADA2026.pdf\" target=\"_blank\" rel=\"noopener\">PADA 2026<\/a><\/p>\n<p>&nbsp;<\/p>\n<hr \/>\n<p><strong>EJERCICIO 2024<\/strong><\/p>\n<p><a href=\"https:\/\/www.oaxaca.gob.mx\/soapa\/wp-content\/uploads\/sites\/39\/2024\/02\/REGISTRO-RNA.pdf\" target=\"_blank\" rel=\"noopener\">CONSTANCIA DE INSCRIPCI\u00d3N AL REGISTRO NACIONAL DE ARCHIVOS<\/a><\/p>\n<p><a href=\"https:\/\/www.oaxaca.gob.mx\/soapa\/wp-content\/uploads\/sites\/39\/2024\/01\/PADA2024.pdf\" target=\"_blank\" rel=\"noopener\">PADA 2024<\/a><\/p>\n<p>&nbsp;<\/p>\n<hr \/>\n<p><strong>EJERCICIO 2022<\/strong><\/p>\n<p><a href=\"https:\/\/www.oaxaca.gob.mx\/sapao\/wp-content\/uploads\/sites\/39\/2022\/03\/1302-28022022_cgca_actualizado.pdf\" target=\"_blank\" rel=\"noopener\">CUADRO GENERAL DE CLASIFICACI\u00d3N ARCHIVISTICA ACTUALIZADO<\/a><\/p>\n<p><a href=\"https:\/\/www.oaxaca.gob.mx\/sapao\/wp-content\/uploads\/sites\/39\/2022\/01\/PADA-2022.pdf\" target=\"_blank\" rel=\"noopener\">PADA\u00a0 2022<\/a><\/p>\n<p><a href=\"https:\/\/www.oaxaca.gob.mx\/sapao\/wp-content\/uploads\/sites\/39\/2022\/10\/1ra-SESION-ORD-SIA-2022.pdf\" target=\"_blank\" rel=\"noopener\">PRIMERA SESI\u00d3N ORDINARIA DEL SIA 2022<\/a><\/p>\n<p><a href=\"https:\/\/www.oaxaca.gob.mx\/sapao\/wp-content\/uploads\/sites\/39\/2022\/10\/2da-SESION-ORD-SIA-2022.pdf\" target=\"_blank\" rel=\"noopener\">SEGUNDA SESI\u00d3N ORDINARIA DEL SIA 2022<\/a><\/p>\n<p><a href=\"https:\/\/www.oaxaca.gob.mx\/sapao\/wp-content\/uploads\/sites\/39\/2022\/10\/Registro-Nacional-de-Archivos.pdf\" target=\"_blank\" rel=\"noopener\">REGISTRO RNA<\/a><\/p>\n<p>&nbsp;<\/p>\n<hr \/>\n<p><strong>EJERCICIO 2021<\/strong><\/p>\n<p><a href=\"https:\/\/www.oaxaca.gob.mx\/sapao\/wp-content\/uploads\/sites\/39\/2022\/04\/Informe-Anual-2021.pdf\" target=\"_blank\" rel=\"noopener\">INFORME ANUAL AL CUMPLIMIENTO DEL PADA<\/a><\/p>\n<p><a href=\"\/sapao\/wp-content\/uploads\/sites\/39\/2021\/07\/ACTA-INSTALACION-GI.pdf\">ACTA DE INSTALACI\u00d3N DEL GRUPO INTERDISCIPLINARIO<\/a><\/p>\n<p><a href=\"https:\/\/www.oaxaca.gob.mx\/sapao\/wp-content\/uploads\/sites\/39\/2021\/01\/pada2021.pdf\">PROGRAMA ANUAL DE DESARROLLO ARCHIV\u00cdSTICO 2021<\/a><\/p>\n<p><a href=\"https:\/\/www.oaxaca.gob.mx\/sapao\/wp-content\/uploads\/sites\/39\/2021\/07\/acta-1ra.-sesion-2021.pdf\">ACTA PRIMERA SESI\u00d3N ORDINARIA<\/a><\/p>\n<p><a href=\"https:\/\/www.oaxaca.gob.mx\/sapao\/wp-content\/uploads\/sites\/39\/2021\/09\/CGCA-2021-Validado.pdf\">CUADRO GENERAL DE CLASIFICACI\u00d3N ARCHIV\u00cdSTICA<\/a><\/p>\n<p><a href=\"https:\/\/www.oaxaca.gob.mx\/sapao\/wp-content\/uploads\/sites\/39\/2022\/03\/1ra.-sesion-2021.pdf\" target=\"_blank\" rel=\"noopener\">ACTA DE LA PRIMERA SESI\u00d3N 2021<\/a><\/p>\n<p><a href=\"https:\/\/www.oaxaca.gob.mx\/sapao\/wp-content\/uploads\/sites\/39\/2022\/03\/2DA.-sesion-2021.pdf\" target=\"_blank\" rel=\"noopener\">ACTA DE LA SEGUNDA SESI\u00d3N 2021<\/a><\/p>\n<p><a href=\"https:\/\/www.oaxaca.gob.mx\/sapao\/wp-content\/uploads\/sites\/39\/2022\/03\/3ra.-sesion-2021.pdf\" target=\"_blank\" rel=\"noopener\">ACTA DE LA TERCERA SESI\u00d3N 2021<\/a><\/p>\n<p><a href=\"https:\/\/www.oaxaca.gob.mx\/sapao\/wp-content\/uploads\/sites\/39\/2022\/03\/4ta.-sesion-2021.pdf\" target=\"_blank\" rel=\"noopener\">ACTA DE LA CUARTA SESI\u00d3N 2021<\/a><\/p>\n<p>&nbsp;<\/p>\n<hr \/>\n<p><strong>EJERCICIO 2020<\/strong><\/p>\n<p><a href=\"https:\/\/www.oaxaca.gob.mx\/sapao\/wp-content\/uploads\/sites\/39\/2021\/02\/anual-pada2020.pdf\">INFORME ANUAL DEL CUMPLIMIENTO DE PADA 2020<\/a><\/p>\n<p><a href=\"https:\/\/www.oaxaca.gob.mx\/sapao\/wp-content\/uploads\/sites\/39\/2020\/03\/PADA-2020.pdf\">PROGRAMA ANUAL DE DESARROLLO ARCHIV\u00cdSTICO 2020<\/a><\/p>\n<p><a href=\"https:\/\/www.oaxaca.gob.mx\/sapao\/wp-content\/uploads\/sites\/39\/2020\/03\/Acta-de-Instalacion-SIA.pdf\">ACTA DE INSTALACI\u00d3N DEL SISTEMA INSTITUCIONAL DE ARCHIVOS<\/a><\/p>\n<p><a href=\"https:\/\/www.oaxaca.gob.mx\/sapao\/wp-content\/uploads\/sites\/39\/2020\/03\/ACTA-1RA.-SESION-ORDINARIA-SIA.pdf\">ACTA DE LA PRIMERA SESI\u00d3N ORDINARIA DEL SISTEMA INSTITUCIONAL DE ARCHIVOS<\/a><\/p>\n<p>&nbsp;<\/p>\n","protected":false},"excerpt":{"rendered":"<p>EJERCICIO 2026 PADA 2026 &nbsp; EJERCICIO 2024 CONSTANCIA DE INSCRIPCI\u00d3N AL REGISTRO NACIONAL DE ARCHIVOS PADA 2024 &nbsp; EJERCICIO 2022 CUADRO GENERAL DE CLASIFICACI\u00d3N ARCHIVISTICA ACTUALIZADO PADA\u00a0 2022 PRIMERA SESI\u00d3N ORDINARIA DEL SIA 2022 SEGUNDA SESI\u00d3N ORDINARIA DEL SIA 2022 REGISTRO RNA &nbsp; EJERCICIO 2021 INFORME ANUAL AL CUMPLIMIENTO DEL PADA ACTA DE INSTALACI\u00d3N DEL [&hellip;]<\/p>\n","protected":false},"author":48,"featured_media":0,"parent":0,"menu_order":0,"comment_status":"closed","ping_status":"closed","template":"","meta":{"episode_type":"","audio_file":"","podmotor_file_id":"","podmotor_episode_id":"","cover_image":"","cover_image_id":"","duration":"","filesize":"","filesize_raw":"","date_recorded":"","explicit":"","block":"","itunes_episode_number":"","itunes_title":"","itunes_season_number":"","itunes_episode_type":"","footnotes":""},"categories":[],"tags":[],"class_list":["post-5670","page","type-page","status-publish","hentry"],"acf":[],"publishpress_future_action":{"enabled":false,"date":"2026-04-23 15:53:58","action":"change-status","newStatus":"draft","terms":[],"taxonomy":"category","extraData":[]},"publishpress_future_workflow_manual_trigger":{"enabledWorkflows":[]},"_links":{"self":[{"href":"https:\/\/www.oaxaca.gob.mx\/soapa\/wp-json\/wp\/v2\/pages\/5670","targetHints":{"allow":["GET"]}}],"collection":[{"href":"https:\/\/www.oaxaca.gob.mx\/soapa\/wp-json\/wp\/v2\/pages"}],"about":[{"href":"https:\/\/www.oaxaca.gob.mx\/soapa\/wp-json\/wp\/v2\/types\/page"}],"author":[{"embeddable":true,"href":"https:\/\/www.oaxaca.gob.mx\/soapa\/wp-json\/wp\/v2\/users\/48"}],"replies":[{"embeddable":true,"href":"https:\/\/www.oaxaca.gob.mx\/soapa\/wp-json\/wp\/v2\/comments?post=5670"}],"version-history":[{"count":2,"href":"https:\/\/www.oaxaca.gob.mx\/soapa\/wp-json\/wp\/v2\/pages\/5670\/revisions"}],"predecessor-version":[{"id":12703,"href":"https:\/\/www.oaxaca.gob.mx\/soapa\/wp-json\/wp\/v2\/pages\/5670\/revisions\/12703"}],"wp:attachment":[{"href":"https:\/\/www.oaxaca.gob.mx\/soapa\/wp-json\/wp\/v2\/media?parent=5670"}],"wp:term":[{"taxonomy":"category","embeddable":true,"href":"https:\/\/www.oaxaca.gob.mx\/soapa\/wp-json\/wp\/v2\/categories?post=5670"},{"taxonomy":"post_tag","embeddable":true,"href":"https:\/\/www.oaxaca.gob.mx\/soapa\/wp-json\/wp\/v2\/tags?post=5670"}],"curies":[{"name":"wp","href":"https:\/\/api.w.org\/{rel}","templated":true}]}}