{"id":54,"date":"2016-04-06T11:07:30","date_gmt":"2016-04-06T17:07:30","guid":{"rendered":"https:\/\/www.oaxaca.gob.mx\/sapao\/?page_id=54"},"modified":"2016-04-06T11:07:30","modified_gmt":"2016-04-06T17:07:30","slug":"resena-historica","status":"publish","type":"page","link":"https:\/\/www.oaxaca.gob.mx\/soapa\/resena-historica\/","title":{"rendered":"Rese\u00f1a Hist\u00f3rica"},"content":{"rendered":"<p>\t\t\t\tEn 1902-1910 siendo Gobernador del Estado el C. Emilio Pimentel, se estableci\u00f3 la junta de saneamiento, cuyo objetivo era estudiar el proyecto de proveer de agua a la Ciudad de Oaxaca.<\/p>\n<p>Para 1920-1940 se instalan redes de distribuci\u00f3n y tomas domiciliarias, al t\u00e9rmino del mandato del C. Constantino Capital, el 3 de mayo de 1940, se inici\u00f3 la construcci\u00f3n de la planta potabilizadora de aguas, en el cerro del fort\u00edn.<\/p>\n<p>Al iniciarse la administraci\u00f3n del C. Vicente Gonz\u00e1lez Fern\u00e1ndez, Gobernador del Estado en 1940, atiende el problema de las Obras de agua y saneamiento.<\/p>\n<p>A fines de 1942, se terminan las obras de ampliaci\u00f3n de las redes de agua y reposici\u00f3n de las tuber\u00edas instaladas en 1920.<\/p>\n<p>El 26 de noviembre de 1942 el Gobernador Constitucional del Estado, C. Vicente Gonz\u00e1lez Fern\u00e1ndez, expide el reglamento de agua y saneamiento (decreto n\u00famero 259 del 15 de diciembre de 1942). Se\u00f1al\u00e1ndose que los servicios de agua potable y saneamiento de la Ciudad, ser\u00e1n administrados por la \u201cJunta de mejoras materiales de Oaxaca de Ju\u00e1rez\u201d.<\/p>\n<p>El 10 de diciembre del mismo a\u00f1o, el Dr. Jos\u00e9 E. Larrumbe, Jefe del Servicio Sanitario Coordinada a la junta de mejoras materiales, administradora del servicio, expidi\u00f3 el certificado de potabilidad del agua y anuncia oficialmente que es propia para beber.<\/p>\n<p>As\u00ed el 10 de octubre de 1943, da inicio a la operaci\u00f3n de la planta potabilizadora de agua en la Ciudad siendo Gobernador el C. Alfonso P\u00e9rez Gasga el 6 de septiembre de 1962, dicta un acuerdo en el que se\u00f1ala que las atribuciones que ten\u00eda asignadas la junta de mejoras materiales de la Ciudad de Oaxaca, ser\u00e1n ejercidas por el mismo gobierno a trav\u00e9s de su departamento de Comunicaciones y Obras P\u00fablicas.<\/p>\n<p>En el a\u00f1o de 1970, se cre\u00f3 el departamento de operaci\u00f3n y mantenimiento de la direcci\u00f3n General de Obras P\u00fablicas, que ten\u00eda a su cargo la operaci\u00f3n y mantenimiento del sistema de agua potable de la Ciudad.<\/p>\n<p>Y en 1981, la Federaci\u00f3n transfiere los sistemas de agua potable a las entidades federativas para que coordinen y supervisen su operaci\u00f3n, administraci\u00f3n, planeaci\u00f3n, estudio, rehabilitaci\u00f3n, ampliaci\u00f3n, programaci\u00f3n, conservaci\u00f3n y proyecto de la estructura necesaria para la captaci\u00f3n, potabilizaci\u00f3n, conducci\u00f3n y distribuci\u00f3n de agua potable, as\u00ed como la estructura de alcantarillado y aquellas que se requieran para el control de la contaminaci\u00f3n.<\/p>\n<p>En el peri\u00f3dico oficial n\u00famero 50 de fecha 12 de diciembre de 1981 aparece el decreto n\u00famero 56 que da a conocer la ley para regular la prestaci\u00f3n de los servicios de agua potable y alcantarillado del Estado de Oaxaca.<\/p>\n<p>El 10 de diciembre del mismo a\u00f1o y seg\u00fan decreto n\u00famero 57, publicado en el Peri\u00f3dico Oficial n\u00famero 51 del Estado de Oaxaca, siendo Gobernador del Estado el C. Pedro V\u00e1squez Colmenares, se crea el organismo p\u00fablico descentralizado denominado \u201cComisi\u00f3n Coordinadora de los Sistemas de Obras y Servicios de Agua y Alcantarillado del Estado de Oaxaca\u201d integrado por un consejo de administraci\u00f3n y un director general, siendo la autoridad suprema de la comisi\u00f3n el primero, el cual se integr\u00f3 por un presidente, un secretario y vocales, as\u00ed tambi\u00e9n, se instituye \u201cLa Administraci\u00f3n Directa Local de Obras y Servicios de Agua Potable y Alcantarillado de la Ciudad de Oaxaca\u201d como la entidad ejecutora de la administraci\u00f3n, operaci\u00f3n y mantenimiento de los sistemas correspondientes con residencia en la ciudad de Oaxaca. Esta administraci\u00f3n inicia sus actividades el 6 de enero de 1982.<\/p>\n<p><strong>El 31 de octubre de 2013 se aprueba\u00a0el decreto n\u00famero 2070\u00a0y se publica\u00a0en el Peri\u00f3dico Oficial Extra del 28 de noviembre del 2013 la\u00a0LEY DEL ORGANISMO OPERADOR P\u00daBLICO DENOMINADO SERVICIOS DE AGUA POTABLE Y ALCANTARILLADO DE OAXACA.<\/strong><\/p>\n<p>CAPITULO I<\/p>\n<p>GENERALIDADES<\/p>\n<p>ART\u00cdCULO 1. Se crea el Organismo Operador de la Administraci\u00f3n P\u00fablica del Gobierno del Estado de Oaxaca, con personalidad jur\u00eddica, autonom\u00eda operativa y patrimonio propio, denominado Servicios de Agua Potable y Alcantarillado de Oaxaca. El Organismo Operador Publico Denominado Servicios de Agua Potable y Alcantarillado de Oaxaca, estar\u00e1 sectorizado a la Secretaria de las Infraestructuras y el Ordenamiento Territorial Sustentable. La competencia territorial del Organismo Operador Publico Denominado Servicios de Agua Potable y Alcantarillado de Oaxaca, ser\u00e1 el Municipio de Oaxaca de Ju\u00e1rez, pudiendo ampliarla a aquellos municipios de las zonas metropolitanas que cuenten con la infraestructura necesaria que haga factible la prestaci\u00f3n de los servicios, y que cuenten con los convenios debidamente suscritos entre el Organismo Operador Publico Denominado Servicios de Agua Potable y Alcantarillado de Oaxaca y el Municipio que lo solicite; igualmente, sobre de aquellos Municipios que no siendo Metropolitanos exista la factibilidad t\u00e9cnica y operativa, que les permita ofrecer servicios de agua potable, alcantarillado y tratamiento de aguas residuales sin que se invadan esferas jur\u00eddicas o atribuciones propias del Municipio; por lo que se deber\u00e1n suscribir los convenios necesarios.<\/p>\n<p>El Organismo Operador P\u00fablico Denominado Servicios de Agua Potable y Alcantarillado de Oaxaca, estar\u00e1 ubicado en la ciudad de Oaxaca de Ju\u00e1rez, Oaxaca.\t\t<\/p>\n","protected":false},"excerpt":{"rendered":"<p>En 1902-1910 siendo Gobernador del Estado el C. Emilio Pimentel, se estableci\u00f3 la junta de saneamiento, cuyo objetivo era estudiar el proyecto de proveer de agua a la Ciudad de Oaxaca. Para 1920-1940 se instalan redes de distribuci\u00f3n y tomas domiciliarias, al t\u00e9rmino del mandato del C. Constantino Capital, el 3 de mayo de 1940, [&hellip;]<\/p>\n","protected":false},"author":1,"featured_media":0,"parent":0,"menu_order":0,"comment_status":"closed","ping_status":"closed","template":"","meta":{"episode_type":"","audio_file":"","podmotor_file_id":"","podmotor_episode_id":"","cover_image":"","cover_image_id":"","duration":"","filesize":"","filesize_raw":"","date_recorded":"","explicit":"","block":"","itunes_episode_number":"","itunes_title":"","itunes_season_number":"","itunes_episode_type":"","footnotes":""},"categories":[],"tags":[],"class_list":["post-54","page","type-page","status-publish","hentry"],"acf":[],"publishpress_future_action":{"enabled":false,"date":"2026-04-23 17:37:59","action":"change-status","newStatus":"draft","terms":[],"taxonomy":"category","extraData":[]},"publishpress_future_workflow_manual_trigger":{"enabledWorkflows":[]},"_links":{"self":[{"href":"https:\/\/www.oaxaca.gob.mx\/soapa\/wp-json\/wp\/v2\/pages\/54","targetHints":{"allow":["GET"]}}],"collection":[{"href":"https:\/\/www.oaxaca.gob.mx\/soapa\/wp-json\/wp\/v2\/pages"}],"about":[{"href":"https:\/\/www.oaxaca.gob.mx\/soapa\/wp-json\/wp\/v2\/types\/page"}],"author":[{"embeddable":true,"href":"https:\/\/www.oaxaca.gob.mx\/soapa\/wp-json\/wp\/v2\/users\/1"}],"replies":[{"embeddable":true,"href":"https:\/\/www.oaxaca.gob.mx\/soapa\/wp-json\/wp\/v2\/comments?post=54"}],"version-history":[{"count":0,"href":"https:\/\/www.oaxaca.gob.mx\/soapa\/wp-json\/wp\/v2\/pages\/54\/revisions"}],"wp:attachment":[{"href":"https:\/\/www.oaxaca.gob.mx\/soapa\/wp-json\/wp\/v2\/media?parent=54"}],"wp:term":[{"taxonomy":"category","embeddable":true,"href":"https:\/\/www.oaxaca.gob.mx\/soapa\/wp-json\/wp\/v2\/categories?post=54"},{"taxonomy":"post_tag","embeddable":true,"href":"https:\/\/www.oaxaca.gob.mx\/soapa\/wp-json\/wp\/v2\/tags?post=54"}],"curies":[{"name":"wp","href":"https:\/\/api.w.org\/{rel}","templated":true}]}}