{"id":5219,"date":"2019-11-11T12:06:49","date_gmt":"2019-11-11T18:06:49","guid":{"rendered":"https:\/\/www.oaxaca.gob.mx\/sapao\/?page_id=5219"},"modified":"2019-11-11T12:06:49","modified_gmt":"2019-11-11T18:06:49","slug":"mision-vision","status":"publish","type":"page","link":"https:\/\/www.oaxaca.gob.mx\/soapa\/mision-vision\/","title":{"rendered":"Misi\u00f3n &#8211; Visi\u00f3n"},"content":{"rendered":"<p><strong>MISI\u00d3N<\/strong><\/p>\n<p>Proveer los servicios de agua potable, alcantarillado y saneamiento en forma eficiente e incluyente para todos los sectores de la poblaci\u00f3n, orientando sus esfuerzos al desarrollo integral y sustentable del Municipio de Oaxaca de Ju\u00e1rez y su Zona Conurbada, a trav\u00e9s del impulso de proyectos estrat\u00e9gicos en el sector, sin comprometer los recursos naturales y fomentando una cultura de uso racional del vital l\u00edquido, que permita mejorar la calidad de los usuarios, dentro de un marco de legalidad, democracia y convivencia arm\u00f3nica.<\/p>\n<p><strong>VISI\u00d3N<\/strong><\/p>\n<p>Consolidarse como un Organismo moderno, que garantice el acceso, disposici\u00f3n y saneamiento del agua para consumo personal, dom\u00e9stico y de servicios, en forma suficiente, salubre, aceptable y asequible a trav\u00e9s de la prestaci\u00f3n de servicios de calidad que generen un mayor bienestar en la ciudadan\u00eda, garantizando el adecuado funcionamiento de la infraestructura hidr\u00e1ulica y su viabilidad financiera, apoyados en un equipo comprometido, responsable y eficiente.<\/p>\n","protected":false},"excerpt":{"rendered":"<p>MISI\u00d3N Proveer los servicios de agua potable, alcantarillado y saneamiento en forma eficiente e incluyente para todos los sectores de la poblaci\u00f3n, orientando sus esfuerzos al desarrollo integral y sustentable del Municipio de Oaxaca de Ju\u00e1rez y su Zona Conurbada, a trav\u00e9s del impulso de proyectos estrat\u00e9gicos en el sector, sin comprometer los recursos naturales [&hellip;]<\/p>\n","protected":false},"author":48,"featured_media":5214,"parent":0,"menu_order":0,"comment_status":"closed","ping_status":"closed","template":"","meta":{"episode_type":"","audio_file":"","podmotor_file_id":"","podmotor_episode_id":"","cover_image":"","cover_image_id":"","duration":"","filesize":"","filesize_raw":"","date_recorded":"","explicit":"","block":"","itunes_episode_number":"","itunes_title":"","itunes_season_number":"","itunes_episode_type":"","footnotes":""},"categories":[23],"tags":[],"class_list":["post-5219","page","type-page","status-publish","has-post-thumbnail","hentry","category-slider"],"acf":[],"publishpress_future_action":{"enabled":false,"date":"2026-04-23 17:24:46","action":"change-status","newStatus":"draft","terms":[],"taxonomy":"category","extraData":[]},"publishpress_future_workflow_manual_trigger":{"enabledWorkflows":[]},"_links":{"self":[{"href":"https:\/\/www.oaxaca.gob.mx\/soapa\/wp-json\/wp\/v2\/pages\/5219","targetHints":{"allow":["GET"]}}],"collection":[{"href":"https:\/\/www.oaxaca.gob.mx\/soapa\/wp-json\/wp\/v2\/pages"}],"about":[{"href":"https:\/\/www.oaxaca.gob.mx\/soapa\/wp-json\/wp\/v2\/types\/page"}],"author":[{"embeddable":true,"href":"https:\/\/www.oaxaca.gob.mx\/soapa\/wp-json\/wp\/v2\/users\/48"}],"replies":[{"embeddable":true,"href":"https:\/\/www.oaxaca.gob.mx\/soapa\/wp-json\/wp\/v2\/comments?post=5219"}],"version-history":[{"count":1,"href":"https:\/\/www.oaxaca.gob.mx\/soapa\/wp-json\/wp\/v2\/pages\/5219\/revisions"}],"predecessor-version":[{"id":5220,"href":"https:\/\/www.oaxaca.gob.mx\/soapa\/wp-json\/wp\/v2\/pages\/5219\/revisions\/5220"}],"wp:featuredmedia":[{"embeddable":true,"href":"https:\/\/www.oaxaca.gob.mx\/soapa\/wp-json\/wp\/v2\/media\/5214"}],"wp:attachment":[{"href":"https:\/\/www.oaxaca.gob.mx\/soapa\/wp-json\/wp\/v2\/media?parent=5219"}],"wp:term":[{"taxonomy":"category","embeddable":true,"href":"https:\/\/www.oaxaca.gob.mx\/soapa\/wp-json\/wp\/v2\/categories?post=5219"},{"taxonomy":"post_tag","embeddable":true,"href":"https:\/\/www.oaxaca.gob.mx\/soapa\/wp-json\/wp\/v2\/tags?post=5219"}],"curies":[{"name":"wp","href":"https:\/\/api.w.org\/{rel}","templated":true}]}}