{"id":49,"date":"2016-04-06T10:42:53","date_gmt":"2016-04-06T16:42:53","guid":{"rendered":"https:\/\/www.oaxaca.gob.mx\/sapao\/?page_id=49"},"modified":"2026-03-06T11:30:25","modified_gmt":"2026-03-06T17:30:25","slug":"mision-y-vision","status":"publish","type":"page","link":"https:\/\/www.oaxaca.gob.mx\/soapa\/quienes-somos\/mision-y-vision\/","title":{"rendered":"Misi\u00f3n y Visi\u00f3n"},"content":{"rendered":"<p><strong>MISI\u00d3N<\/strong><\/p>\n<p>Proveer los servicios de agua potable, alcantarillado y saneamiento en forma eficiente e incluyente para todos los sectores de la poblaci\u00f3n, orientando sus esfuerzos al desarrollo integral y sustentable del Municipio de Oaxaca de Ju\u00e1rez y su Zona Conurbada, a trav\u00e9s del impulso de proyectos estrat\u00e9gicos en el sector, sin comprometer los recursos naturales y fomentando una cultura de uso racional del vital l\u00edquido, que permita mejorar la calidad de los usuarios, dentro de un marco de legalidad, democracia y convivencia arm\u00f3nica.<\/p>\n<p><strong>VISI\u00d3N<\/strong><\/p>\n<p>Consolidarse como un Organismo moderno, que garantice el acceso, disposici\u00f3n y saneamiento del agua para consumo personal, dom\u00e9stico y de servicios, en forma suficiente, salubre, aceptable y asequible a trav\u00e9s de la prestaci\u00f3n de servicios de calidad que generen un mayor bienestar en la ciudadan\u00eda, garantizando el adecuado funcionamiento de la infraestructura hidr\u00e1ulica y su viabilidad financiera, apoyados en un equipo comprometido, responsable y eficiente.<\/p>\n<p><strong>VALORES INSTITUCIONALES<\/strong><\/p>\n<p>Proporcionar valor a la ciudadan\u00eda a trav\u00e9s del uso responsable y transparente de los recursos p\u00fablicos para distribuir cada d\u00eda m\u00e1s y mejor agua, logrando elevar la calidad de vida de nuestros usuarios por medio de la entrega de nuestros servicios.<\/p>\n<p><strong>OBJETIVO INSTITUCIONAL DE SOAPA.<\/strong><\/p>\n<ul class=\"listas-geo\">\n<li style=\"text-align: justify\"><strong>Ser un organismo en constante modernizaci\u00f3n, eficiente y productivo, en la operaci\u00f3n, mantenimiento y administraci\u00f3n de la infraestructura hidr\u00e1ulica y sanitaria.<\/strong><\/li>\n<li style=\"text-align: justify\"><strong>Contar con infraestructura hidr\u00e1ulica suficiente, funcional y \u00f3ptima para garantizar la eficiente prestaci\u00f3n de los servicios de agua potable y alcantarillado en tiempo y forma en beneficio del usuario.<\/strong><\/li>\n<li style=\"text-align: justify\"><strong>Fomentar en la ciudadan\u00eda la cultura del uso sustentable del agua y cuidado del medio ambiente.<\/strong><\/li>\n<\/ul>\n<p>&nbsp;<\/p>\n<p><strong>META INSTITUCIONAL DE SOAPA.<\/strong><\/p>\n<ul class=\"listas-geo\">\n<li style=\"text-align: justify\"><strong>Alcanzar adecuados niveles de cobertura y de calidad de los servicios de agua potable y alcantarillado, consider\u00e1ndolos como un medio para mejorar los niveles de desarrollo y bienestar de la comunidad en su conjunto.<\/strong><\/li>\n<li style=\"text-align: justify\"><strong>Ampliar y mejorar de manera paulatina los sistemas de red hidr\u00e1ulica y alcantarillado sanitario existentes, estableciendo criterios y normas en la operaci\u00f3n y mantenimiento que permitan soluciones r\u00e1pidas, econ\u00f3micas y eficaces ante la interrupci\u00f3n de los servicios.<\/strong><\/li>\n<li style=\"text-align: justify\"><strong>Impulsar mayor participaci\u00f3n de los usuarios mediante la concientizaci\u00f3n del uso adecuado y racional del agua.<\/strong><\/li>\n<\/ul>\n","protected":false},"excerpt":{"rendered":"<p>MISI\u00d3N Proveer los servicios de agua potable, alcantarillado y saneamiento en forma eficiente e incluyente para todos los sectores de la poblaci\u00f3n, orientando sus esfuerzos al desarrollo integral y sustentable del Municipio de Oaxaca de Ju\u00e1rez y su Zona Conurbada, a trav\u00e9s del impulso de proyectos estrat\u00e9gicos en el sector, sin comprometer los recursos naturales [&hellip;]<\/p>\n","protected":false},"author":1,"featured_media":5214,"parent":25,"menu_order":0,"comment_status":"closed","ping_status":"closed","template":"","meta":{"episode_type":"","audio_file":"","podmotor_file_id":"","podmotor_episode_id":"","cover_image":"","cover_image_id":"","duration":"","filesize":"","filesize_raw":"","date_recorded":"","explicit":"","block":"","itunes_episode_number":"","itunes_title":"","itunes_season_number":"","itunes_episode_type":"","footnotes":""},"categories":[23],"tags":[],"class_list":["post-49","page","type-page","status-publish","has-post-thumbnail","hentry","category-slider"],"acf":[],"publishpress_future_action":{"enabled":false,"date":"2026-04-23 17:37:11","action":"change-status","newStatus":"draft","terms":[],"taxonomy":"category","extraData":[]},"publishpress_future_workflow_manual_trigger":{"enabledWorkflows":[]},"_links":{"self":[{"href":"https:\/\/www.oaxaca.gob.mx\/soapa\/wp-json\/wp\/v2\/pages\/49","targetHints":{"allow":["GET"]}}],"collection":[{"href":"https:\/\/www.oaxaca.gob.mx\/soapa\/wp-json\/wp\/v2\/pages"}],"about":[{"href":"https:\/\/www.oaxaca.gob.mx\/soapa\/wp-json\/wp\/v2\/types\/page"}],"author":[{"embeddable":true,"href":"https:\/\/www.oaxaca.gob.mx\/soapa\/wp-json\/wp\/v2\/users\/1"}],"replies":[{"embeddable":true,"href":"https:\/\/www.oaxaca.gob.mx\/soapa\/wp-json\/wp\/v2\/comments?post=49"}],"version-history":[{"count":2,"href":"https:\/\/www.oaxaca.gob.mx\/soapa\/wp-json\/wp\/v2\/pages\/49\/revisions"}],"predecessor-version":[{"id":12716,"href":"https:\/\/www.oaxaca.gob.mx\/soapa\/wp-json\/wp\/v2\/pages\/49\/revisions\/12716"}],"up":[{"embeddable":true,"href":"https:\/\/www.oaxaca.gob.mx\/soapa\/wp-json\/wp\/v2\/pages\/25"}],"wp:featuredmedia":[{"embeddable":true,"href":"https:\/\/www.oaxaca.gob.mx\/soapa\/wp-json\/wp\/v2\/media\/5214"}],"wp:attachment":[{"href":"https:\/\/www.oaxaca.gob.mx\/soapa\/wp-json\/wp\/v2\/media?parent=49"}],"wp:term":[{"taxonomy":"category","embeddable":true,"href":"https:\/\/www.oaxaca.gob.mx\/soapa\/wp-json\/wp\/v2\/categories?post=49"},{"taxonomy":"post_tag","embeddable":true,"href":"https:\/\/www.oaxaca.gob.mx\/soapa\/wp-json\/wp\/v2\/tags?post=49"}],"curies":[{"name":"wp","href":"https:\/\/api.w.org\/{rel}","templated":true}]}}