{"id":3970,"date":"2019-06-03T19:56:12","date_gmt":"2019-06-03T17:56:12","guid":{"rendered":"https:\/\/www.oaxaca.gob.mx\/sapao\/?page_id=3970"},"modified":"2019-06-03T19:56:12","modified_gmt":"2019-06-03T17:56:12","slug":"estructura-organica","status":"publish","type":"page","link":"https:\/\/www.oaxaca.gob.mx\/soapa\/estructura-organica\/","title":{"rendered":"Estructura Org\u00e1nica"},"content":{"rendered":"<nav>\n<div class=\"nav nav-tabs\" id=\"nav-tab\" role=\"tablist\">\n<a class=\"nav-item nav-link active\" id=\"nav-home-tab\" data-toggle=\"tab\" href=\"#nav-home\" role=\"tab\">DIRECCIONES<\/a><br \/>\n<a class=\"nav-item nav-link\" id=\"nav-profile-tab\" data-toggle=\"tab\" href=\"#nav-profile\" role=\"tab\">COORDINACI\u00d3N<\/a><br \/>\n<a class=\"nav-item nav-link\" id=\"nav-orga-tab\" data-toggle=\"tab\" href=\"#nav-orga\" role=\"tab\">ORGANIGRAMA<\/a>\n<\/div>\n<\/nav>\n<div class=\"tab-content\" id=\"nav-tabContent\">\n<div class=\"tab-pane fade show active\" id=\"nav-home\" role=\"tabpanel\" aria-labelledby=\"nav-home-tab\">\n<p class=\"mt-4\"><i class=\"fas fa-building\"><\/i>&nbsp;<a class=\"titledirco\" href=\"\/sapao\/direccion-administrativa-y-financiera\/\">Unidad Administrativa y<br \/>\nFinanciera<\/a><\/p>\n<p class=\"mt-4\"><i class=\"fas fa-building\"><\/i>&nbsp;<a class=\"titledirco\" href=\"\/sapao\/direccion-juridica\/\">Direcci\u00f3n Juridica<\/a><\/p>\n<p class=\"mt-4\"><i class=\"fas fa-building\"><\/i>&nbsp;<a class=\"titledirco\" href=\"\/sapao\/direccion-tecnica\/\">Direcci\u00f3n Tecnica<\/a><\/p>\n<p class=\"mt-4\"><i class=\"fas fa-building\"><\/i>&nbsp;<a class=\"titledirco\" href=\"\/sapao\/direccion-de-planeacion-y-comercializacion\/\">Direcci\u00f3n de Planeaci\u00f3n<\/a><\/p>\n<\/div>\n<div class=\"tab-pane fade\" id=\"nav-profile\" role=\"tabpanel\" aria-labelledby=\"nav-profile-tab\">\n<p class=\"mt-4\"><i class=\"far fa-building\"><\/i>&nbsp;<a class=\"titledirco\" href=\"\/sapao\/coordinacion-operativa\/\">Coordinaci\u00f3n Operativa<\/a><\/p>\n<\/div>\n<div class=\"tab-pane fade\" id=\"nav-orga\" role=\"tabpanel\" aria-labelledby=\"nav-orga-tab\">\n[pdf title=\u00bb\u00bb height=\u00bb700px\u00bb]\/sapao\/wp-content\/uploads\/sites\/39\/2016\/09\/Organigrama-2017.pdf[\/pdf]\n<\/div>\n<\/div>\n","protected":false},"excerpt":{"rendered":"<p>DIRECCIONES COORDINACI\u00d3N ORGANIGRAMA &nbsp;Unidad Administrativa y Financiera &nbsp;Direcci\u00f3n Juridica &nbsp;Direcci\u00f3n Tecnica &nbsp;Direcci\u00f3n de Planeaci\u00f3n &nbsp;Coordinaci\u00f3n Operativa [pdf title=\u00bb\u00bb height=\u00bb700px\u00bb]\/sapao\/wp-content\/uploads\/sites\/39\/2016\/09\/Organigrama-2017.pdf[\/pdf]<\/p>\n","protected":false},"author":1,"featured_media":0,"parent":0,"menu_order":0,"comment_status":"closed","ping_status":"closed","template":"","meta":{"episode_type":"","audio_file":"","podmotor_file_id":"","podmotor_episode_id":"","cover_image":"","cover_image_id":"","duration":"","filesize":"","filesize_raw":"","date_recorded":"","explicit":"","block":"","itunes_episode_number":"","itunes_title":"","itunes_season_number":"","itunes_episode_type":"","footnotes":""},"categories":[],"tags":[],"class_list":["post-3970","page","type-page","status-publish","hentry"],"acf":[],"publishpress_future_action":{"enabled":false,"date":"2026-04-23 17:37:10","action":"change-status","newStatus":"draft","terms":[],"taxonomy":"category","extraData":[]},"publishpress_future_workflow_manual_trigger":{"enabledWorkflows":[]},"_links":{"self":[{"href":"https:\/\/www.oaxaca.gob.mx\/soapa\/wp-json\/wp\/v2\/pages\/3970","targetHints":{"allow":["GET"]}}],"collection":[{"href":"https:\/\/www.oaxaca.gob.mx\/soapa\/wp-json\/wp\/v2\/pages"}],"about":[{"href":"https:\/\/www.oaxaca.gob.mx\/soapa\/wp-json\/wp\/v2\/types\/page"}],"author":[{"embeddable":true,"href":"https:\/\/www.oaxaca.gob.mx\/soapa\/wp-json\/wp\/v2\/users\/1"}],"replies":[{"embeddable":true,"href":"https:\/\/www.oaxaca.gob.mx\/soapa\/wp-json\/wp\/v2\/comments?post=3970"}],"version-history":[{"count":1,"href":"https:\/\/www.oaxaca.gob.mx\/soapa\/wp-json\/wp\/v2\/pages\/3970\/revisions"}],"predecessor-version":[{"id":8924,"href":"https:\/\/www.oaxaca.gob.mx\/soapa\/wp-json\/wp\/v2\/pages\/3970\/revisions\/8924"}],"wp:attachment":[{"href":"https:\/\/www.oaxaca.gob.mx\/soapa\/wp-json\/wp\/v2\/media?parent=3970"}],"wp:term":[{"taxonomy":"category","embeddable":true,"href":"https:\/\/www.oaxaca.gob.mx\/soapa\/wp-json\/wp\/v2\/categories?post=3970"},{"taxonomy":"post_tag","embeddable":true,"href":"https:\/\/www.oaxaca.gob.mx\/soapa\/wp-json\/wp\/v2\/tags?post=3970"}],"curies":[{"name":"wp","href":"https:\/\/api.w.org\/{rel}","templated":true}]}}