{"id":2875,"date":"2018-08-16T11:50:48","date_gmt":"2018-08-16T17:50:48","guid":{"rendered":"https:\/\/www.oaxaca.gob.mx\/sapao\/?page_id=2875"},"modified":"2018-08-16T11:50:48","modified_gmt":"2018-08-16T17:50:48","slug":"lgtaip-articulo-80","status":"publish","type":"page","link":"https:\/\/www.oaxaca.gob.mx\/soapa\/lgtaip-articulo-80\/","title":{"rendered":"LGTAIP &#8211; Art\u00edculo 80"},"content":{"rendered":"<p>\t\t\t\tPara determinar la informaci\u00f3n adicional que publicaran todos los sujetos obligados de manera obligatoria, los Organismos garantes deber\u00e1n:<\/p>\n<p>Fracci\u00f3n I. <strong>Solicitar a los sujetos obligados que, atendiendo a los lineamientos emitidos por el Sistema Nacional, remitan el listado de informaci\u00f3n que consideren de inter\u00e9s p\u00fablico;<\/strong><\/p>\n<p>Fracci\u00f3n II. <strong>Revisar el listado que remiti\u00f3 el sujeto obligado con base en las funciones, atribuciones y competencias que la normatividad aplicable le otorgue, y<\/strong><\/p>\n<p>Fraccion II. <strong>Determinar el cat\u00e1logo de informaci\u00f3n que el sujeto obligado deber\u00e1 publicar como obligaci\u00f3n de transparencia.<\/strong><\/p>\n<p>Fecha de actualizaci\u00f3n de la informaci\u00f3n: <strong>10\/01\/2019<\/strong><\/p>\n<p>Fecha de validaci\u00f3n de la informaci\u00f3n: <strong>10\/01\/2019<\/strong><\/p>\n<p>Area responsable de la informaci\u00f3n:\u00a0<strong>Departamento de Comunicaci\u00f3n Social<\/strong><\/p>\n<p><strong>Informaci\u00f3n 2018<\/strong><\/p>\n<p><strong>Formato LGTA80B<br \/>\n<\/strong><\/p>\n[embeddoc url=\u00bbhttps:\/\/www.oaxaca.gob.mx\/sapao\/wp-content\/uploads\/sites\/39\/2019\/01\/LGTA80B4T.xlsx\u00bb download=\u00bball\u00bb viewer=\u00bbmicrosoft\u00bb]\n<p>&nbsp;<\/p>\n<hr \/>\n<p style=\"text-align: center\"><strong>\u00bfDesea interponer una denuncia por incumplimiento?<\/strong><\/p>\n<p style=\"text-align: center\"><strong>Para interponer una denuncia por incumplimiento, descarga el formato y env\u00edalo al siguiente correo electr\u00f3nico:<\/strong><\/p>\n<p style=\"text-align: center\"><a href=\"\/sapao\/wp-content\/uploads\/sites\/39\/documentos\/transparencia18\/formato_denuncia.pdf\"><strong>Formato<\/strong><\/a><\/p>\n<p style=\"text-align: center\"><strong>Correo: denuncia@iaipoaxaca.org.mx<\/strong><\/p>\n<p style=\"text-align: center\"><a href=\"http:\/\/iaipoaxaca.org.mx\/transparencia\/denuncia\" target=\"_blank\" rel=\"noopener noreferrer\"><strong>Denuncia<\/strong><\/a><\/p>\n","protected":false},"excerpt":{"rendered":"<p>Para determinar la informaci\u00f3n adicional que publicaran todos los sujetos obligados de manera obligatoria, los Organismos garantes deber\u00e1n: Fracci\u00f3n I. Solicitar a los sujetos obligados que, atendiendo a los lineamientos emitidos por el Sistema Nacional, remitan el listado de informaci\u00f3n que consideren de inter\u00e9s p\u00fablico; Fracci\u00f3n II. Revisar el listado que remiti\u00f3 el sujeto obligado [&hellip;]<\/p>\n","protected":false},"author":1,"featured_media":0,"parent":0,"menu_order":0,"comment_status":"closed","ping_status":"closed","template":"","meta":{"episode_type":"","audio_file":"","podmotor_file_id":"","podmotor_episode_id":"","cover_image":"","cover_image_id":"","duration":"","filesize":"","filesize_raw":"","date_recorded":"","explicit":"","block":"","itunes_episode_number":"","itunes_title":"","itunes_season_number":"","itunes_episode_type":"","footnotes":""},"categories":[],"tags":[],"class_list":["post-2875","page","type-page","status-publish","hentry"],"acf":[],"publishpress_future_action":{"enabled":false,"date":"2026-04-23 17:38:29","action":"change-status","newStatus":"draft","terms":[],"taxonomy":"category","extraData":[]},"publishpress_future_workflow_manual_trigger":{"enabledWorkflows":[]},"_links":{"self":[{"href":"https:\/\/www.oaxaca.gob.mx\/soapa\/wp-json\/wp\/v2\/pages\/2875","targetHints":{"allow":["GET"]}}],"collection":[{"href":"https:\/\/www.oaxaca.gob.mx\/soapa\/wp-json\/wp\/v2\/pages"}],"about":[{"href":"https:\/\/www.oaxaca.gob.mx\/soapa\/wp-json\/wp\/v2\/types\/page"}],"author":[{"embeddable":true,"href":"https:\/\/www.oaxaca.gob.mx\/soapa\/wp-json\/wp\/v2\/users\/1"}],"replies":[{"embeddable":true,"href":"https:\/\/www.oaxaca.gob.mx\/soapa\/wp-json\/wp\/v2\/comments?post=2875"}],"version-history":[{"count":0,"href":"https:\/\/www.oaxaca.gob.mx\/soapa\/wp-json\/wp\/v2\/pages\/2875\/revisions"}],"wp:attachment":[{"href":"https:\/\/www.oaxaca.gob.mx\/soapa\/wp-json\/wp\/v2\/media?parent=2875"}],"wp:term":[{"taxonomy":"category","embeddable":true,"href":"https:\/\/www.oaxaca.gob.mx\/soapa\/wp-json\/wp\/v2\/categories?post=2875"},{"taxonomy":"post_tag","embeddable":true,"href":"https:\/\/www.oaxaca.gob.mx\/soapa\/wp-json\/wp\/v2\/tags?post=2875"}],"curies":[{"name":"wp","href":"https:\/\/api.w.org\/{rel}","templated":true}]}}