{"id":2866,"date":"2018-08-16T10:21:43","date_gmt":"2018-08-16T16:21:43","guid":{"rendered":"https:\/\/www.oaxaca.gob.mx\/sapao\/?page_id=2866"},"modified":"2018-08-16T10:21:43","modified_gmt":"2018-08-16T16:21:43","slug":"lgtaip-articulo-71","status":"publish","type":"page","link":"https:\/\/www.oaxaca.gob.mx\/soapa\/lgtaip-articulo-71\/","title":{"rendered":"LGTAIP &#8211; Art\u00edculo 71"},"content":{"rendered":"<p>\t\t\t\tAdem\u00e1s de lo se\u00f1alado en el art\u00edculo anterior de la presente ley, los sujetos obligados de los poderes Ejecutivos Federal, de las Entidades Federativas y municipales, deber\u00e1m poner a disposici\u00f3n del p\u00fablico y actualizar la siguiente informaci\u00f3n.<\/p>\n<p><strong>Fracci\u00f3n I, Inciso A:<\/strong><\/p>\n<p>Ejercicio:<strong> 2018 &#8211; 2019<\/strong><\/p>\n<p>Fecha de actualizaci\u00f3n de la informaci\u00f3n: <strong>19\/10\/2018<\/strong><\/p>\n<p>Fecha de validaci\u00f3n de la informaci\u00f3n: <strong>12\/04\/2019<\/strong><\/p>\n<p>Periodo de actualizaci\u00f3n: <strong>Trimestral<\/strong><\/p>\n<p>Area responsable de la informaci\u00f3n:\u00a0<strong>Direcci\u00f3n de Planeaci\u00f3n<br \/>\n<\/strong><\/p>\n<p><strong>FORMATO LGTA71FIA1<br \/>\n<\/strong><\/p>\n[embeddoc url=\u00bbhttps:\/\/www.oaxaca.gob.mx\/sapao\/wp-content\/uploads\/sites\/39\/2019\/05\/LGTA71FIA1.xlsx\u00bb download=\u00bball\u00bb viewer=\u00bbmicrosoft\u00bb]\n<p>&nbsp;<\/p>\n<p><strong>FORMATO LGTA71FIA2<\/strong><\/p>\n[embeddoc url=\u00bbhttps:\/\/www.oaxaca.gob.mx\/sapao\/wp-content\/uploads\/sites\/39\/2019\/05\/LGTA71FIA2.xlsx\u00bb download=\u00bball\u00bb viewer=\u00bbmicrosoft\u00bb]\n<p>&nbsp;<\/p>\n<hr \/>\n<p><strong>Fracci\u00f3n I, Inciso B:<\/strong><\/p>\n<p>El presupuesto de egresos y las f\u00f3rmulas de distribuci\u00f3n de los recursos otorgados:<\/p>\n<p><strong>Ejercicio: 2018 &#8211; 2019<\/strong><\/p>\n<p>Fecha de actualizaci\u00f3n de la informaci\u00f3n: <strong>10\/04\/2019<\/strong><\/p>\n<p>Fecha de validaci\u00f3n de la informaci\u00f3n: <strong>10\/04\/2019<\/strong><\/p>\n<p>Periodo de actualizaci\u00f3n: <strong>Trimestral<\/strong><\/p>\n<p>Area responsable de la informaci\u00f3n:\u00a0<strong>Departamento de Recursos Financieros.<br \/>\n<\/strong><\/p>\n<p><strong>FORMATO LGTA71FIB1<br \/>\n<\/strong><\/p>\n[embeddoc url=\u00bbhttps:\/\/www.oaxaca.gob.mx\/sapao\/wp-content\/uploads\/sites\/39\/2019\/04\/LGTA71FIB11T19.xlsx\u00bb download=\u00bball\u00bb viewer=\u00bbmicrosoft\u00bb]\n<p>&nbsp;<\/p>\n<p><strong>FORMATO LGTA71FIB2<\/strong><\/p>\n[embeddoc url=\u00bbhttps:\/\/www.oaxaca.gob.mx\/sapao\/wp-content\/uploads\/sites\/39\/2019\/04\/LGTA71FIB21T19.xlsx\u00bb download=\u00bball\u00bb viewer=\u00bbmicrosoft\u00bb]\n<p>&nbsp;<\/p>\n<hr \/>\n<p><strong>Fraccion I, inciso G:<\/strong><\/p>\n<p>Las disposiciones administrativas, directamente o a trav\u00e9s de la autoridad competente, con el plazo de anticipaci\u00f3n que prevean las disposiciones aplicables al sujeto obligado de que se trate, salvo que su difusi\u00f3n pueda comprometer los efectos que se pretenden lograr con la disposici\u00f3n o se trate de situaciones de emergencia, de conformidad con dichas disposiciones:<\/p>\n<p>Ejercicio:<strong> 2019<\/strong><\/p>\n<p>Fecha de actualizaci\u00f3n de la informaci\u00f3n: <strong>25\/04\/2018<\/strong><\/p>\n<p>Fecha de validaci\u00f3n de la informaci\u00f3n: <strong>25\/01\/2019<\/strong><\/p>\n<p>Area responsable de la informaci\u00f3n: <strong>Unidad Administrativa.<br \/>\n<\/strong><\/p>\n<p><strong>FORMATO LGTA71FIG1<br \/>\n<\/strong><\/p>\n[embeddoc url=\u00bbhttps:\/\/www.oaxaca.gob.mx\/sapao\/wp-content\/uploads\/sites\/39\/2019\/05\/LGTA71FIG11Tact.xlsx\u00bb download=\u00bball\u00bb viewer=\u00bbmicrosoft\u00bb]\n<p>&nbsp;<\/p>\n<hr \/>\n<p style=\"text-align: center\"><strong>\u00bfDesea interponer una denuncia por incumplimiento?<\/strong><\/p>\n<p style=\"text-align: center\"><strong>Para interponer una denuncia por incumplimiento, descarga el formato y env\u00edalo al siguiente correo electr\u00f3nico:<\/strong><\/p>\n<p style=\"text-align: center\"><a href=\"\/sapao\/wp-content\/uploads\/sites\/39\/documentos\/transparencia18\/formato_denuncia.pdf\"><strong>Formato<\/strong><\/a><\/p>\n<p style=\"text-align: center\"><strong>Correo: denuncia@iaipoaxaca.org.mx<\/strong><\/p>\n<p style=\"text-align: center\"><a href=\"http:\/\/iaipoaxaca.org.mx\/transparencia\/denuncia\" target=\"_blank\" rel=\"noopener noreferrer\"><strong>Denuncia<\/strong><\/a><\/p>\n","protected":false},"excerpt":{"rendered":"<p>Adem\u00e1s de lo se\u00f1alado en el art\u00edculo anterior de la presente ley, los sujetos obligados de los poderes Ejecutivos Federal, de las Entidades Federativas y municipales, deber\u00e1m poner a disposici\u00f3n del p\u00fablico y actualizar la siguiente informaci\u00f3n. Fracci\u00f3n I, Inciso A: Ejercicio: 2018 &#8211; 2019 Fecha de actualizaci\u00f3n de la informaci\u00f3n: 19\/10\/2018 Fecha de validaci\u00f3n [&hellip;]<\/p>\n","protected":false},"author":1,"featured_media":0,"parent":0,"menu_order":0,"comment_status":"closed","ping_status":"closed","template":"","meta":{"episode_type":"","audio_file":"","podmotor_file_id":"","podmotor_episode_id":"","cover_image":"","cover_image_id":"","duration":"","filesize":"","filesize_raw":"","date_recorded":"","explicit":"","block":"","itunes_episode_number":"","itunes_title":"","itunes_season_number":"","itunes_episode_type":"","footnotes":""},"categories":[],"tags":[],"class_list":["post-2866","page","type-page","status-publish","hentry"],"acf":[],"publishpress_future_action":{"enabled":false,"date":"2026-04-23 17:26:04","action":"change-status","newStatus":"draft","terms":[],"taxonomy":"category","extraData":[]},"publishpress_future_workflow_manual_trigger":{"enabledWorkflows":[]},"_links":{"self":[{"href":"https:\/\/www.oaxaca.gob.mx\/soapa\/wp-json\/wp\/v2\/pages\/2866","targetHints":{"allow":["GET"]}}],"collection":[{"href":"https:\/\/www.oaxaca.gob.mx\/soapa\/wp-json\/wp\/v2\/pages"}],"about":[{"href":"https:\/\/www.oaxaca.gob.mx\/soapa\/wp-json\/wp\/v2\/types\/page"}],"author":[{"embeddable":true,"href":"https:\/\/www.oaxaca.gob.mx\/soapa\/wp-json\/wp\/v2\/users\/1"}],"replies":[{"embeddable":true,"href":"https:\/\/www.oaxaca.gob.mx\/soapa\/wp-json\/wp\/v2\/comments?post=2866"}],"version-history":[{"count":0,"href":"https:\/\/www.oaxaca.gob.mx\/soapa\/wp-json\/wp\/v2\/pages\/2866\/revisions"}],"wp:attachment":[{"href":"https:\/\/www.oaxaca.gob.mx\/soapa\/wp-json\/wp\/v2\/media?parent=2866"}],"wp:term":[{"taxonomy":"category","embeddable":true,"href":"https:\/\/www.oaxaca.gob.mx\/soapa\/wp-json\/wp\/v2\/categories?post=2866"},{"taxonomy":"post_tag","embeddable":true,"href":"https:\/\/www.oaxaca.gob.mx\/soapa\/wp-json\/wp\/v2\/tags?post=2866"}],"curies":[{"name":"wp","href":"https:\/\/api.w.org\/{rel}","templated":true}]}}