{"id":2672,"date":"2018-08-10T14:42:32","date_gmt":"2018-08-10T20:42:32","guid":{"rendered":"https:\/\/www.oaxaca.gob.mx\/sapao\/?page_id=2672"},"modified":"2018-08-10T14:42:32","modified_gmt":"2018-08-10T20:42:32","slug":"ltaipo-articulo-21","status":"publish","type":"page","link":"https:\/\/www.oaxaca.gob.mx\/soapa\/ltaipo-articulo-21\/","title":{"rendered":"LTAIPO &#8211; Art\u00edculo 21"},"content":{"rendered":"<p>\t\t\t\t<strong>Ley de Transparencia y Acceso a la Informaci\u00f3n P\u00fablica para el Estado de Oaxaca<\/strong><\/p>\n<p><strong>Art\u00edculo 21<\/strong><\/p>\n<div>Fracci\u00f3n VIII: <strong>Las dem\u00e1s que se\u00f1alen esta ley y dem\u00e1s disposiciones normativas aplicables.<\/strong><\/div>\n<div>\n<p>Ejercicio:<strong>\u00a02018<\/strong><\/p>\n<p>Fecha de actualizaci\u00f3n de la informaci\u00f3n: <strong>28\/01\/2019<\/strong><\/p>\n<p>Fecha de validaci\u00f3n de la informaci\u00f3n: <strong>28\/01\/2019<\/strong><\/p>\n<p>Periodo de Actualizaci\u00f3n: <strong>Semestral<\/strong><\/p>\n<p>Area responsable de la informaci\u00f3n:\u00a0<strong>Direcci\u00f3n Jur\u00eddica<\/strong><\/p>\n<p><strong>Formato LTAO21FVIIIA<\/strong><\/p>\n[embeddoc url=\u00bbhttps:\/\/www.oaxaca.gob.mx\/sapao\/wp-content\/uploads\/sites\/39\/2019\/01\/LTAO21FVIIIA4toT.xlsx\u00bb download=\u00bball\u00bb viewer=\u00bbmicrosoft\u00bb]\n<\/div>\n<p>&nbsp;<\/p>\n<p><strong>Formato LTAO21FVIIIB<\/strong><\/p>\n[embeddoc url=\u00bbhttps:\/\/www.oaxaca.gob.mx\/sapao\/wp-content\/uploads\/sites\/39\/2019\/01\/LTAO21FVIIIB4T.xlsx\u00bb download=\u00bball\u00bb viewer=\u00bbmicrosoft\u00bb]\n<hr \/>\n<div>\n<p>&nbsp;<\/p>\n<p>Ejercicio:<strong>\u00a02015 &#8211; 2017<\/strong><\/p>\n<p>Fecha de actualizaci\u00f3n de la informaci\u00f3n: <strong>06\/06\/2017<\/strong><\/p>\n<p>Fecha de validaci\u00f3n de la informaci\u00f3n: <strong>06\/07\/2018<\/strong><\/p>\n<p>Periodo de Actualizaci\u00f3n: <strong>Semestral<\/strong><\/p>\n<p>Area responsable de la informaci\u00f3n:\u00a0<strong>Direcci\u00f3n Jur\u00eddica<\/strong><\/p>\n<p><strong>Formato LTAO21FVIIIA<\/strong><\/p>\n[embeddoc url=\u00bbhttps:\/\/www.oaxaca.gob.mx\/sapao\/wp-content\/uploads\/sites\/39\/2019\/02\/LTAO21FVIIIA-17.xlsx\u00bb download=\u00bball\u00bb viewer=\u00bbmicrosoft\u00bb]\n<\/div>\n<p>&nbsp;<\/p>\n<p><strong>Formato LTAO21FVIIIB<\/strong><\/p>\n[embeddoc url=\u00bbhttps:\/\/www.oaxaca.gob.mx\/sapao\/wp-content\/uploads\/sites\/39\/2019\/02\/LTAO21FVIIIB-17.xlsx\u00bb download=\u00bball\u00bb viewer=\u00bbmicrosoft\u00bb]\n<hr \/>\n<p style=\"text-align: center\"><strong>\u00bfDesea interponer una denuncia por incumplimiento?<\/strong><\/p>\n<p style=\"text-align: center\"><strong>Para interponer una denuncia por incumplimiento, descarga el formato y env\u00edalo al siguiente correo electr\u00f3nico:<\/strong><\/p>\n<p style=\"text-align: center\"><a href=\"\/sapao\/wp-content\/uploads\/sites\/39\/documentos\/transparencia18\/formato_denuncia.pdf\"><strong>Formato<\/strong><\/a><\/p>\n<p style=\"text-align: center\"><strong>Correo: denuncia@iaipoaxaca.org.mx<\/strong><\/p>\n<p style=\"text-align: center\"><a href=\"http:\/\/iaipoaxaca.org.mx\/transparencia\/denuncia\" target=\"_blank\" rel=\"noopener noreferrer\"><strong>Denuncia<\/strong><\/a><\/p>\n","protected":false},"excerpt":{"rendered":"<p>Ley de Transparencia y Acceso a la Informaci\u00f3n P\u00fablica para el Estado de Oaxaca Art\u00edculo 21 Fracci\u00f3n VIII: Las dem\u00e1s que se\u00f1alen esta ley y dem\u00e1s disposiciones normativas aplicables. Ejercicio:\u00a02018 Fecha de actualizaci\u00f3n de la informaci\u00f3n: 28\/01\/2019 Fecha de validaci\u00f3n de la informaci\u00f3n: 28\/01\/2019 Periodo de Actualizaci\u00f3n: Semestral Area responsable de la informaci\u00f3n:\u00a0Direcci\u00f3n Jur\u00eddica Formato [&hellip;]<\/p>\n","protected":false},"author":1,"featured_media":0,"parent":0,"menu_order":0,"comment_status":"closed","ping_status":"closed","template":"","meta":{"episode_type":"","audio_file":"","podmotor_file_id":"","podmotor_episode_id":"","cover_image":"","cover_image_id":"","duration":"","filesize":"","filesize_raw":"","date_recorded":"","explicit":"","block":"","itunes_episode_number":"","itunes_title":"","itunes_season_number":"","itunes_episode_type":"","footnotes":""},"categories":[],"tags":[],"class_list":["post-2672","page","type-page","status-publish","hentry"],"acf":[],"publishpress_future_action":{"enabled":false,"date":"2026-04-23 17:26:41","action":"change-status","newStatus":"draft","terms":[],"taxonomy":"category","extraData":[]},"publishpress_future_workflow_manual_trigger":{"enabledWorkflows":[]},"_links":{"self":[{"href":"https:\/\/www.oaxaca.gob.mx\/soapa\/wp-json\/wp\/v2\/pages\/2672","targetHints":{"allow":["GET"]}}],"collection":[{"href":"https:\/\/www.oaxaca.gob.mx\/soapa\/wp-json\/wp\/v2\/pages"}],"about":[{"href":"https:\/\/www.oaxaca.gob.mx\/soapa\/wp-json\/wp\/v2\/types\/page"}],"author":[{"embeddable":true,"href":"https:\/\/www.oaxaca.gob.mx\/soapa\/wp-json\/wp\/v2\/users\/1"}],"replies":[{"embeddable":true,"href":"https:\/\/www.oaxaca.gob.mx\/soapa\/wp-json\/wp\/v2\/comments?post=2672"}],"version-history":[{"count":0,"href":"https:\/\/www.oaxaca.gob.mx\/soapa\/wp-json\/wp\/v2\/pages\/2672\/revisions"}],"wp:attachment":[{"href":"https:\/\/www.oaxaca.gob.mx\/soapa\/wp-json\/wp\/v2\/media?parent=2672"}],"wp:term":[{"taxonomy":"category","embeddable":true,"href":"https:\/\/www.oaxaca.gob.mx\/soapa\/wp-json\/wp\/v2\/categories?post=2672"},{"taxonomy":"post_tag","embeddable":true,"href":"https:\/\/www.oaxaca.gob.mx\/soapa\/wp-json\/wp\/v2\/tags?post=2672"}],"curies":[{"name":"wp","href":"https:\/\/api.w.org\/{rel}","templated":true}]}}