{"id":234,"date":"2017-03-13T09:52:20","date_gmt":"2017-03-13T15:52:20","guid":{"rendered":"https:\/\/www.oaxaca.gob.mx\/sapao\/?page_id=234"},"modified":"2022-05-23T15:21:56","modified_gmt":"2022-05-23T20:21:56","slug":"noticias","status":"publish","type":"page","link":"https:\/\/www.oaxaca.gob.mx\/soapa\/noticias\/","title":{"rendered":"Noticias"},"content":{"rendered":"\n\n<div class=\"su-posts su-posts-default-loop \">\n\n\t\n\t\t\t\t\t\n\t\t\t\n\t\t\t<div id=\"su-post-12732\" class=\"su-post \">\n\n\t\t\t\t\t\t\t\t\t<a class=\"su-post-thumbnail\" href=\"https:\/\/www.oaxaca.gob.mx\/soapa\/intensifican-ceabien-y-soapa-labores-de-desazolve-en-la-capital-tras-recientes-lluvias\/\"><img loading=\"lazy\" decoding=\"async\" width=\"1141\" height=\"451\" src=\"https:\/\/www.oaxaca.gob.mx\/soapa\/wp-content\/uploads\/sites\/39\/2026\/04\/WhatsApp-Image-2026-04-10-at-6.21.22-PM.jpeg\" class=\"attachment-post-thumbnail size-post-thumbnail wp-post-image\" alt=\"\" srcset=\"https:\/\/www.oaxaca.gob.mx\/soapa\/wp-content\/uploads\/sites\/39\/2026\/04\/WhatsApp-Image-2026-04-10-at-6.21.22-PM.jpeg 1141w, https:\/\/www.oaxaca.gob.mx\/soapa\/wp-content\/uploads\/sites\/39\/2026\/04\/WhatsApp-Image-2026-04-10-at-6.21.22-PM-300x119.jpeg 300w, https:\/\/www.oaxaca.gob.mx\/soapa\/wp-content\/uploads\/sites\/39\/2026\/04\/WhatsApp-Image-2026-04-10-at-6.21.22-PM-1024x405.jpeg 1024w, https:\/\/www.oaxaca.gob.mx\/soapa\/wp-content\/uploads\/sites\/39\/2026\/04\/WhatsApp-Image-2026-04-10-at-6.21.22-PM-768x304.jpeg 768w\" sizes=\"auto, (max-width: 1141px) 100vw, 1141px\" \/><\/a>\n\t\t\t\t\n\t\t\t\t<h2 class=\"su-post-title\"><a href=\"https:\/\/www.oaxaca.gob.mx\/soapa\/intensifican-ceabien-y-soapa-labores-de-desazolve-en-la-capital-tras-recientes-lluvias\/\">Intensifican CEABIEN y SOAPA labores de desazolve en la capital tras recientes lluvias<\/a><\/h2>\n\n\t\t\t\t<div class=\"su-post-meta\">\n\t\t\t\t\tPublicado: 10 abril, 2026\t\t\t\t<\/div>\n\n\t\t\t\t<div class=\"su-post-excerpt\">\n\t\t\t\t\t<p>Personal de alcantarillado retira residuos s\u00f3lidos en red sanitaria y pluvial Oaxaca de Ju\u00e1rez, Oax., 10 de abril de 2026.- Derivado de las lluvias registradas en la capital y zona conurbada, la Comisi\u00f3n Estatal del Agua para el Bienestar (Ceabien) y SOAPA realizaron la limpieza y desazolve en parrillas pluviales y pozos de visita de [&hellip;]<\/p>\n\t\t\t\t<\/div>\n\n\t\t\t\t\t\t\t\t\t<a href=\"https:\/\/www.oaxaca.gob.mx\/soapa\/intensifican-ceabien-y-soapa-labores-de-desazolve-en-la-capital-tras-recientes-lluvias\/#respond\" class=\"su-post-comments-link\">0 comentarios<\/a>\n\t\t\t\t\n\t\t\t<\/div>\n\n\t\t\t\t\t\n\t\t\t\n\t\t\t<div id=\"su-post-12697\" class=\"su-post \">\n\n\t\t\t\t\t\t\t\t\t<a class=\"su-post-thumbnail\" href=\"https:\/\/www.oaxaca.gob.mx\/soapa\/aplica-soapa-descuentos-de-hasta-100-en-el-pago-de-agua-potable-a-personas-usuarias-sin-adeudos\/\"><img loading=\"lazy\" decoding=\"async\" width=\"1141\" height=\"451\" src=\"https:\/\/www.oaxaca.gob.mx\/soapa\/wp-content\/uploads\/sites\/39\/2026\/01\/WhatsApp-Image-2026-01-26-at-2.19.22-PM.jpeg\" class=\"attachment-post-thumbnail size-post-thumbnail wp-post-image\" alt=\"\" srcset=\"https:\/\/www.oaxaca.gob.mx\/soapa\/wp-content\/uploads\/sites\/39\/2026\/01\/WhatsApp-Image-2026-01-26-at-2.19.22-PM.jpeg 1141w, https:\/\/www.oaxaca.gob.mx\/soapa\/wp-content\/uploads\/sites\/39\/2026\/01\/WhatsApp-Image-2026-01-26-at-2.19.22-PM-300x119.jpeg 300w, https:\/\/www.oaxaca.gob.mx\/soapa\/wp-content\/uploads\/sites\/39\/2026\/01\/WhatsApp-Image-2026-01-26-at-2.19.22-PM-1024x405.jpeg 1024w, https:\/\/www.oaxaca.gob.mx\/soapa\/wp-content\/uploads\/sites\/39\/2026\/01\/WhatsApp-Image-2026-01-26-at-2.19.22-PM-768x304.jpeg 768w\" sizes=\"auto, (max-width: 1141px) 100vw, 1141px\" \/><\/a>\n\t\t\t\t\n\t\t\t\t<h2 class=\"su-post-title\"><a href=\"https:\/\/www.oaxaca.gob.mx\/soapa\/aplica-soapa-descuentos-de-hasta-100-en-el-pago-de-agua-potable-a-personas-usuarias-sin-adeudos\/\">Aplica Soapa descuentos de hasta 100% en el pago de agua potable a personas usuarias sin adeudos<\/a><\/h2>\n\n\t\t\t\t<div class=\"su-post-meta\">\n\t\t\t\t\tPublicado: 26 enero, 2026\t\t\t\t<\/div>\n\n\t\t\t\t<div class=\"su-post-excerpt\">\n\t\t\t\t\t<p>Los beneficios estar\u00e1n vigentes hasta el 10 de marzo de 2026 Oaxaca de Ju\u00e1rez, Oax. 26 de enero de 2026.- El Gobierno del Estado, a trav\u00e9s del Sistema Operador de los Servicios de Agua Potable y Alcantarillado (Soapa), otorga est\u00edmulos fiscales de hasta el 100 por ciento en el pago por el suministro de este [&hellip;]<\/p>\n\t\t\t\t<\/div>\n\n\t\t\t\t\t\t\t\t\t<a href=\"https:\/\/www.oaxaca.gob.mx\/soapa\/aplica-soapa-descuentos-de-hasta-100-en-el-pago-de-agua-potable-a-personas-usuarias-sin-adeudos\/#respond\" class=\"su-post-comments-link\">0 comentarios<\/a>\n\t\t\t\t\n\t\t\t<\/div>\n\n\t\t\t\t\t\n\t\t\t\n\t\t\t<div id=\"su-post-12557\" class=\"su-post \">\n\n\t\t\t\t\t\t\t\t\t<a class=\"su-post-thumbnail\" href=\"https:\/\/www.oaxaca.gob.mx\/soapa\/en-3-anos-soapa-realiza-110-obras-para-mejorar-la-red-de-agua-potable-y-drenaje-sanitario\/\"><img loading=\"lazy\" decoding=\"async\" width=\"1141\" height=\"451\" src=\"https:\/\/www.oaxaca.gob.mx\/soapa\/wp-content\/uploads\/sites\/39\/2025\/12\/WhatsApp-Image-2025-12-18-at-4.42.16-PM.jpeg\" class=\"attachment-post-thumbnail size-post-thumbnail wp-post-image\" alt=\"\" srcset=\"https:\/\/www.oaxaca.gob.mx\/soapa\/wp-content\/uploads\/sites\/39\/2025\/12\/WhatsApp-Image-2025-12-18-at-4.42.16-PM.jpeg 1141w, https:\/\/www.oaxaca.gob.mx\/soapa\/wp-content\/uploads\/sites\/39\/2025\/12\/WhatsApp-Image-2025-12-18-at-4.42.16-PM-300x119.jpeg 300w, https:\/\/www.oaxaca.gob.mx\/soapa\/wp-content\/uploads\/sites\/39\/2025\/12\/WhatsApp-Image-2025-12-18-at-4.42.16-PM-1024x405.jpeg 1024w, https:\/\/www.oaxaca.gob.mx\/soapa\/wp-content\/uploads\/sites\/39\/2025\/12\/WhatsApp-Image-2025-12-18-at-4.42.16-PM-768x304.jpeg 768w\" sizes=\"auto, (max-width: 1141px) 100vw, 1141px\" \/><\/a>\n\t\t\t\t\n\t\t\t\t<h2 class=\"su-post-title\"><a href=\"https:\/\/www.oaxaca.gob.mx\/soapa\/en-3-anos-soapa-realiza-110-obras-para-mejorar-la-red-de-agua-potable-y-drenaje-sanitario\/\">En 3 a\u00f1os, Soapa realiza 110 obras para mejorar la red de agua potable y drenaje sanitario<\/a><\/h2>\n\n\t\t\t\t<div class=\"su-post-meta\">\n\t\t\t\t\tPublicado: 18 diciembre, 2025\t\t\t\t<\/div>\n\n\t\t\t\t<div class=\"su-post-excerpt\">\n\t\t\t\t\t<p>Las acciones de 2025 benefician a m\u00e1s de 556 mil personas de Oaxaca de Ju\u00e1rez y zona conurbada Oaxaca de Ju\u00e1rez, Oax., 18 de diciembre de 2025. Durante los primeros tres a\u00f1os del Gobierno de la Primavera Oaxaque\u00f1a, el Sistema Operador de los Servicios de Agua Potable y Alcantarillado (Soapa) ejecut\u00f3 110 obras para mejorar [&hellip;]<\/p>\n\t\t\t\t<\/div>\n\n\t\t\t\t\t\t\t\t\t<a href=\"https:\/\/www.oaxaca.gob.mx\/soapa\/en-3-anos-soapa-realiza-110-obras-para-mejorar-la-red-de-agua-potable-y-drenaje-sanitario\/#respond\" class=\"su-post-comments-link\">0 comentarios<\/a>\n\t\t\t\t\n\t\t\t<\/div>\n\n\t\t\t\t\t\n\t\t\t\n\t\t\t<div id=\"su-post-12543\" class=\"su-post \">\n\n\t\t\t\t\t\t\t\t\t<a class=\"su-post-thumbnail\" href=\"https:\/\/www.oaxaca.gob.mx\/soapa\/mantenimiento-al-pozo-profundo-auxiliar-1-generara-atraso-en-la-distribucion-de-agua-en-la-zona-norte-de-la-capital-soapa\/\"><img loading=\"lazy\" decoding=\"async\" width=\"1141\" height=\"451\" src=\"https:\/\/www.oaxaca.gob.mx\/soapa\/wp-content\/uploads\/sites\/39\/2025\/12\/WhatsApp-Image-2025-12-08-at-1.32.13-PM.jpeg\" class=\"attachment-post-thumbnail size-post-thumbnail wp-post-image\" alt=\"\" srcset=\"https:\/\/www.oaxaca.gob.mx\/soapa\/wp-content\/uploads\/sites\/39\/2025\/12\/WhatsApp-Image-2025-12-08-at-1.32.13-PM.jpeg 1141w, https:\/\/www.oaxaca.gob.mx\/soapa\/wp-content\/uploads\/sites\/39\/2025\/12\/WhatsApp-Image-2025-12-08-at-1.32.13-PM-300x119.jpeg 300w, https:\/\/www.oaxaca.gob.mx\/soapa\/wp-content\/uploads\/sites\/39\/2025\/12\/WhatsApp-Image-2025-12-08-at-1.32.13-PM-1024x405.jpeg 1024w, https:\/\/www.oaxaca.gob.mx\/soapa\/wp-content\/uploads\/sites\/39\/2025\/12\/WhatsApp-Image-2025-12-08-at-1.32.13-PM-768x304.jpeg 768w\" sizes=\"auto, (max-width: 1141px) 100vw, 1141px\" \/><\/a>\n\t\t\t\t\n\t\t\t\t<h2 class=\"su-post-title\"><a href=\"https:\/\/www.oaxaca.gob.mx\/soapa\/mantenimiento-al-pozo-profundo-auxiliar-1-generara-atraso-en-la-distribucion-de-agua-en-la-zona-norte-de-la-capital-soapa\/\">Mantenimiento al pozo profundo Auxiliar 1 generar\u00e1 atraso en la distribuci\u00f3n de agua en la zona norte de la capital: Soapa<\/a><\/h2>\n\n\t\t\t\t<div class=\"su-post-meta\">\n\t\t\t\t\tPublicado: 8 diciembre, 2025\t\t\t\t<\/div>\n\n\t\t\t\t<div class=\"su-post-excerpt\">\n\t\t\t\t\t<p>La infraestructura fortalecer\u00e1 el abasto al subsistema Sierra Ju\u00e1rez que brinda suministro en las colonias y fraccionamientos de esta demarcaci\u00f3n \u00a0Oaxaca de Ju\u00e1rez, Oax., 8 de diciembre de 2025.- El Sistema Operador de los Servicios de Agua Potable y Alcantarillado (Soapa) informa que derivado del mantenimiento del pozo profundo \u201cAuxiliar 1\u201d, se presenta un atraso [&hellip;]<\/p>\n\t\t\t\t<\/div>\n\n\t\t\t\t\t\t\t\t\t<a href=\"https:\/\/www.oaxaca.gob.mx\/soapa\/mantenimiento-al-pozo-profundo-auxiliar-1-generara-atraso-en-la-distribucion-de-agua-en-la-zona-norte-de-la-capital-soapa\/#respond\" class=\"su-post-comments-link\">0 comentarios<\/a>\n\t\t\t\t\n\t\t\t<\/div>\n\n\t\t\t\t\t\n\t\t\t\n\t\t\t<div id=\"su-post-12539\" class=\"su-post \">\n\n\t\t\t\t\t\t\t\t\t<a class=\"su-post-thumbnail\" href=\"https:\/\/www.oaxaca.gob.mx\/soapa\/realiza-soapa-ajuste-en-la-programacion-del-suministro-de-agua-potable-en-la-zona-poniente-de-oaxaca-de-juarez\/\"><img loading=\"lazy\" decoding=\"async\" width=\"1141\" height=\"451\" src=\"https:\/\/www.oaxaca.gob.mx\/soapa\/wp-content\/uploads\/sites\/39\/2025\/12\/WhatsApp-Image-2025-12-06-at-7.34.09-AM.jpeg\" class=\"attachment-post-thumbnail size-post-thumbnail wp-post-image\" alt=\"\" srcset=\"https:\/\/www.oaxaca.gob.mx\/soapa\/wp-content\/uploads\/sites\/39\/2025\/12\/WhatsApp-Image-2025-12-06-at-7.34.09-AM.jpeg 1141w, https:\/\/www.oaxaca.gob.mx\/soapa\/wp-content\/uploads\/sites\/39\/2025\/12\/WhatsApp-Image-2025-12-06-at-7.34.09-AM-300x119.jpeg 300w, https:\/\/www.oaxaca.gob.mx\/soapa\/wp-content\/uploads\/sites\/39\/2025\/12\/WhatsApp-Image-2025-12-06-at-7.34.09-AM-1024x405.jpeg 1024w, https:\/\/www.oaxaca.gob.mx\/soapa\/wp-content\/uploads\/sites\/39\/2025\/12\/WhatsApp-Image-2025-12-06-at-7.34.09-AM-768x304.jpeg 768w\" sizes=\"auto, (max-width: 1141px) 100vw, 1141px\" \/><\/a>\n\t\t\t\t\n\t\t\t\t<h2 class=\"su-post-title\"><a href=\"https:\/\/www.oaxaca.gob.mx\/soapa\/realiza-soapa-ajuste-en-la-programacion-del-suministro-de-agua-potable-en-la-zona-poniente-de-oaxaca-de-juarez\/\">Realiza Soapa ajuste en la programaci\u00f3n del suministro de agua potable en la zona poniente de Oaxaca de Ju\u00e1rez<\/a><\/h2>\n\n\t\t\t\t<div class=\"su-post-meta\">\n\t\t\t\t\tPublicado: 6 diciembre, 2025\t\t\t\t<\/div>\n\n\t\t\t\t<div class=\"su-post-excerpt\">\n\t\t\t\t\t<p>Las agencias de Pueblo Nuevo y Santa Roza Panzacola presentar\u00e1n un atraso de 7 d\u00edas en el servicio Oaxaca de Ju\u00e1rez, Oax. 5 de diciembre de 2025.- El Sistema Operador de los Servicios de Agua Potable y Alcantarillado (Soapa) repara una l\u00ednea de conducci\u00f3n de 14 pulgadas en el poblado de Morelos, perteneciente al municipio [&hellip;]<\/p>\n\t\t\t\t<\/div>\n\n\t\t\t\t\t\t\t\t\t<a href=\"https:\/\/www.oaxaca.gob.mx\/soapa\/realiza-soapa-ajuste-en-la-programacion-del-suministro-de-agua-potable-en-la-zona-poniente-de-oaxaca-de-juarez\/#respond\" class=\"su-post-comments-link\">0 comentarios<\/a>\n\t\t\t\t\n\t\t\t<\/div>\n\n\t\t\t\t\t\n\t\t\t\n\t\t\t<div id=\"su-post-12536\" class=\"su-post \">\n\n\t\t\t\t\t\t\t\t\t<a class=\"su-post-thumbnail\" href=\"https:\/\/www.oaxaca.gob.mx\/soapa\/coadyuva-soapa-en-el-saneamiento-del-rio-salado-con-infraestructura-sanitaria-en-santa-lucia-del-camino\/\"><img loading=\"lazy\" decoding=\"async\" width=\"1141\" height=\"451\" src=\"https:\/\/www.oaxaca.gob.mx\/soapa\/wp-content\/uploads\/sites\/39\/2025\/12\/WhatsApp-Image-2025-12-04-at-4.00.06-PM.jpeg\" class=\"attachment-post-thumbnail size-post-thumbnail wp-post-image\" alt=\"\" srcset=\"https:\/\/www.oaxaca.gob.mx\/soapa\/wp-content\/uploads\/sites\/39\/2025\/12\/WhatsApp-Image-2025-12-04-at-4.00.06-PM.jpeg 1141w, https:\/\/www.oaxaca.gob.mx\/soapa\/wp-content\/uploads\/sites\/39\/2025\/12\/WhatsApp-Image-2025-12-04-at-4.00.06-PM-300x119.jpeg 300w, https:\/\/www.oaxaca.gob.mx\/soapa\/wp-content\/uploads\/sites\/39\/2025\/12\/WhatsApp-Image-2025-12-04-at-4.00.06-PM-1024x405.jpeg 1024w, https:\/\/www.oaxaca.gob.mx\/soapa\/wp-content\/uploads\/sites\/39\/2025\/12\/WhatsApp-Image-2025-12-04-at-4.00.06-PM-768x304.jpeg 768w\" sizes=\"auto, (max-width: 1141px) 100vw, 1141px\" \/><\/a>\n\t\t\t\t\n\t\t\t\t<h2 class=\"su-post-title\"><a href=\"https:\/\/www.oaxaca.gob.mx\/soapa\/coadyuva-soapa-en-el-saneamiento-del-rio-salado-con-infraestructura-sanitaria-en-santa-lucia-del-camino\/\">Coadyuva SOAPA en el saneamiento del r\u00edo Salado con infraestructura sanitaria en Santa Luc\u00eda del Camino<\/a><\/h2>\n\n\t\t\t\t<div class=\"su-post-meta\">\n\t\t\t\t\tPublicado: 4 diciembre, 2025\t\t\t\t<\/div>\n\n\t\t\t\t<div class=\"su-post-excerpt\">\n\t\t\t\t\t<p>Se contempla la instalaci\u00f3n de m\u00e1s de 135 metros lineales de tuber\u00eda PEAD, la construcci\u00f3n de dos pozos de visita y la realizaci\u00f3n de nueve descargas domiciliarias nuevas Oaxaca de Ju\u00e1rez, Oax., 4 diciembre de 2025. Para evitar que las descargas de aguas residuales desemboquen en el r\u00edo Salado, el Sistema Operador de los Servicios [&hellip;]<\/p>\n\t\t\t\t<\/div>\n\n\t\t\t\t\t\t\t\t\t<a href=\"https:\/\/www.oaxaca.gob.mx\/soapa\/coadyuva-soapa-en-el-saneamiento-del-rio-salado-con-infraestructura-sanitaria-en-santa-lucia-del-camino\/#respond\" class=\"su-post-comments-link\">0 comentarios<\/a>\n\t\t\t\t\n\t\t\t<\/div>\n\n\t\t\t\t\t\n\t\t\t\n\t\t\t<div id=\"su-post-12533\" class=\"su-post \">\n\n\t\t\t\t\t\t\t\t\t<a class=\"su-post-thumbnail\" href=\"https:\/\/www.oaxaca.gob.mx\/soapa\/exhorta-soapa-a-evitar-descargas-de-desechos-organicos-en-la-red-pluvial-del-centro-historico\/\"><img loading=\"lazy\" decoding=\"async\" width=\"1141\" height=\"451\" src=\"https:\/\/www.oaxaca.gob.mx\/soapa\/wp-content\/uploads\/sites\/39\/2025\/12\/WhatsApp-Image-2025-12-02-at-5.56.31-PM.jpeg\" class=\"attachment-post-thumbnail size-post-thumbnail wp-post-image\" alt=\"\" srcset=\"https:\/\/www.oaxaca.gob.mx\/soapa\/wp-content\/uploads\/sites\/39\/2025\/12\/WhatsApp-Image-2025-12-02-at-5.56.31-PM.jpeg 1141w, https:\/\/www.oaxaca.gob.mx\/soapa\/wp-content\/uploads\/sites\/39\/2025\/12\/WhatsApp-Image-2025-12-02-at-5.56.31-PM-300x119.jpeg 300w, https:\/\/www.oaxaca.gob.mx\/soapa\/wp-content\/uploads\/sites\/39\/2025\/12\/WhatsApp-Image-2025-12-02-at-5.56.31-PM-1024x405.jpeg 1024w, https:\/\/www.oaxaca.gob.mx\/soapa\/wp-content\/uploads\/sites\/39\/2025\/12\/WhatsApp-Image-2025-12-02-at-5.56.31-PM-768x304.jpeg 768w\" sizes=\"auto, (max-width: 1141px) 100vw, 1141px\" \/><\/a>\n\t\t\t\t\n\t\t\t\t<h2 class=\"su-post-title\"><a href=\"https:\/\/www.oaxaca.gob.mx\/soapa\/exhorta-soapa-a-evitar-descargas-de-desechos-organicos-en-la-red-pluvial-del-centro-historico\/\">Exhorta SOAPA a evitar descargas de desechos org\u00e1nicos en la red pluvial del Centro Hist\u00f3rico<\/a><\/h2>\n\n\t\t\t\t<div class=\"su-post-meta\">\n\t\t\t\t\tPublicado: 2 diciembre, 2025\t\t\t\t<\/div>\n\n\t\t\t\t<div class=\"su-post-excerpt\">\n\t\t\t\t\t<p>Personal de alcantarillado retir\u00f3 restos de comida, grasa y basura que obstru\u00edan la operatividad de la infraestructura en la calle Garc\u00eda Vigil Oaxaca de Ju\u00e1rez, Oax., 2 de diciembre de 2025. El Sistema Operador de los Servicios de Agua Potable y Alcantarillado (Soapa) realiz\u00f3 la limpieza y el desazolve en la red pluvial de la [&hellip;]<\/p>\n\t\t\t\t<\/div>\n\n\t\t\t\t\t\t\t\t\t<a href=\"https:\/\/www.oaxaca.gob.mx\/soapa\/exhorta-soapa-a-evitar-descargas-de-desechos-organicos-en-la-red-pluvial-del-centro-historico\/#respond\" class=\"su-post-comments-link\">0 comentarios<\/a>\n\t\t\t\t\n\t\t\t<\/div>\n\n\t\t\t\t\t\n\t\t\t\n\t\t\t<div id=\"su-post-12528\" class=\"su-post \">\n\n\t\t\t\t\t\t\t\t\t<a class=\"su-post-thumbnail\" href=\"https:\/\/www.oaxaca.gob.mx\/soapa\/avanza-soapa-con-la-rehabilitacion-de-la-red-sanitaria-de-san-martin-mexicapam\/\"><img loading=\"lazy\" decoding=\"async\" width=\"1141\" height=\"451\" src=\"https:\/\/www.oaxaca.gob.mx\/soapa\/wp-content\/uploads\/sites\/39\/2025\/11\/WhatsApp-Image-2025-11-29-at-2.01.26-PM.jpeg\" class=\"attachment-post-thumbnail size-post-thumbnail wp-post-image\" alt=\"\" srcset=\"https:\/\/www.oaxaca.gob.mx\/soapa\/wp-content\/uploads\/sites\/39\/2025\/11\/WhatsApp-Image-2025-11-29-at-2.01.26-PM.jpeg 1141w, https:\/\/www.oaxaca.gob.mx\/soapa\/wp-content\/uploads\/sites\/39\/2025\/11\/WhatsApp-Image-2025-11-29-at-2.01.26-PM-300x119.jpeg 300w, https:\/\/www.oaxaca.gob.mx\/soapa\/wp-content\/uploads\/sites\/39\/2025\/11\/WhatsApp-Image-2025-11-29-at-2.01.26-PM-1024x405.jpeg 1024w, https:\/\/www.oaxaca.gob.mx\/soapa\/wp-content\/uploads\/sites\/39\/2025\/11\/WhatsApp-Image-2025-11-29-at-2.01.26-PM-768x304.jpeg 768w\" sizes=\"auto, (max-width: 1141px) 100vw, 1141px\" \/><\/a>\n\t\t\t\t\n\t\t\t\t<h2 class=\"su-post-title\"><a href=\"https:\/\/www.oaxaca.gob.mx\/soapa\/avanza-soapa-con-la-rehabilitacion-de-la-red-sanitaria-de-san-martin-mexicapam\/\">Avanza Soapa con la rehabilitaci\u00f3n de la red sanitaria de San Mart\u00edn Mexicapam<\/a><\/h2>\n\n\t\t\t\t<div class=\"su-post-meta\">\n\t\t\t\t\tPublicado: 29 noviembre, 2025\t\t\t\t<\/div>\n\n\t\t\t\t<div class=\"su-post-excerpt\">\n\t\t\t\t\t<p>Se sustituyen tuber\u00edas de la red de atarjeas y del colector sanitario que cumplieron con su vida \u00fatil Oaxaca de Ju\u00e1rez, Oax. 28 de noviembre de 2025.- El Sistema Operador de los Servicios de Agua Potable y Alcantarillado (Soapa) avanza con la rehabilitaci\u00f3n del colector y la red sanitaria de las avenidas Juventino Rosas y [&hellip;]<\/p>\n\t\t\t\t<\/div>\n\n\t\t\t\t\t\t\t\t\t<a href=\"https:\/\/www.oaxaca.gob.mx\/soapa\/avanza-soapa-con-la-rehabilitacion-de-la-red-sanitaria-de-san-martin-mexicapam\/#respond\" class=\"su-post-comments-link\">0 comentarios<\/a>\n\t\t\t\t\n\t\t\t<\/div>\n\n\t\t\t\t\t\n\t\t\t\n\t\t\t<div id=\"su-post-12524\" class=\"su-post \">\n\n\t\t\t\t\t\t\t\t\t<a class=\"su-post-thumbnail\" href=\"https:\/\/www.oaxaca.gob.mx\/soapa\/obtiene-soapa-certificacion-en-vigilancia-y-operacion-en-estaciones-de-bombeo\/\"><img loading=\"lazy\" decoding=\"async\" width=\"1141\" height=\"451\" src=\"https:\/\/www.oaxaca.gob.mx\/soapa\/wp-content\/uploads\/sites\/39\/2025\/11\/WhatsApp-Image-2025-11-22-at-10.44.18-AM.jpeg\" class=\"attachment-post-thumbnail size-post-thumbnail wp-post-image\" alt=\"\" srcset=\"https:\/\/www.oaxaca.gob.mx\/soapa\/wp-content\/uploads\/sites\/39\/2025\/11\/WhatsApp-Image-2025-11-22-at-10.44.18-AM.jpeg 1141w, https:\/\/www.oaxaca.gob.mx\/soapa\/wp-content\/uploads\/sites\/39\/2025\/11\/WhatsApp-Image-2025-11-22-at-10.44.18-AM-300x119.jpeg 300w, https:\/\/www.oaxaca.gob.mx\/soapa\/wp-content\/uploads\/sites\/39\/2025\/11\/WhatsApp-Image-2025-11-22-at-10.44.18-AM-1024x405.jpeg 1024w, https:\/\/www.oaxaca.gob.mx\/soapa\/wp-content\/uploads\/sites\/39\/2025\/11\/WhatsApp-Image-2025-11-22-at-10.44.18-AM-768x304.jpeg 768w\" sizes=\"auto, (max-width: 1141px) 100vw, 1141px\" \/><\/a>\n\t\t\t\t\n\t\t\t\t<h2 class=\"su-post-title\"><a href=\"https:\/\/www.oaxaca.gob.mx\/soapa\/obtiene-soapa-certificacion-en-vigilancia-y-operacion-en-estaciones-de-bombeo\/\">Obtiene SOAPA certificaci\u00f3n en vigilancia y operaci\u00f3n en estaciones de bombeo<\/a><\/h2>\n\n\t\t\t\t<div class=\"su-post-meta\">\n\t\t\t\t\tPublicado: 22 noviembre, 2025\t\t\t\t<\/div>\n\n\t\t\t\t<div class=\"su-post-excerpt\">\n\t\t\t\t\t<p>Las y los trabajadores fueron examinados de manera te\u00f3rica y pr\u00e1ctica, por personal especializado, en la Planta Potabilizadora Trujano de la capital del estado Oaxaca de Ju\u00e1rez, Oax., 21 de noviembre de 2025.- Personal del Sistema Operador de los Servicios de Agua Potable y Alcantarillado (Soapa) obtuvo la certificaci\u00f3n EC0319 \u201cVigilancia de la operaci\u00f3n de [&hellip;]<\/p>\n\t\t\t\t<\/div>\n\n\t\t\t\t\t\t\t\t\t<a href=\"https:\/\/www.oaxaca.gob.mx\/soapa\/obtiene-soapa-certificacion-en-vigilancia-y-operacion-en-estaciones-de-bombeo\/#respond\" class=\"su-post-comments-link\">0 comentarios<\/a>\n\t\t\t\t\n\t\t\t<\/div>\n\n\t\t\t\t\t\n\t\t\t\n\t\t\t<div id=\"su-post-12493\" class=\"su-post \">\n\n\t\t\t\t\t\t\t\t\t<a class=\"su-post-thumbnail\" href=\"https:\/\/www.oaxaca.gob.mx\/soapa\/ajusta-soapa-suministro-de-agua-en-san-juan-chapultepec-y-san-martin-mexicapam-tras-falla-electrica-en-planta-trujano\/\"><img loading=\"lazy\" decoding=\"async\" width=\"1141\" height=\"451\" src=\"https:\/\/www.oaxaca.gob.mx\/soapa\/wp-content\/uploads\/sites\/39\/2025\/10\/WhatsApp-Image-2025-10-30-at-7.14.27-AM.jpeg\" class=\"attachment-post-thumbnail size-post-thumbnail wp-post-image\" alt=\"\" srcset=\"https:\/\/www.oaxaca.gob.mx\/soapa\/wp-content\/uploads\/sites\/39\/2025\/10\/WhatsApp-Image-2025-10-30-at-7.14.27-AM.jpeg 1141w, https:\/\/www.oaxaca.gob.mx\/soapa\/wp-content\/uploads\/sites\/39\/2025\/10\/WhatsApp-Image-2025-10-30-at-7.14.27-AM-300x119.jpeg 300w, https:\/\/www.oaxaca.gob.mx\/soapa\/wp-content\/uploads\/sites\/39\/2025\/10\/WhatsApp-Image-2025-10-30-at-7.14.27-AM-1024x405.jpeg 1024w, https:\/\/www.oaxaca.gob.mx\/soapa\/wp-content\/uploads\/sites\/39\/2025\/10\/WhatsApp-Image-2025-10-30-at-7.14.27-AM-768x304.jpeg 768w\" sizes=\"auto, (max-width: 1141px) 100vw, 1141px\" \/><\/a>\n\t\t\t\t\n\t\t\t\t<h2 class=\"su-post-title\"><a href=\"https:\/\/www.oaxaca.gob.mx\/soapa\/ajusta-soapa-suministro-de-agua-en-san-juan-chapultepec-y-san-martin-mexicapam-tras-falla-electrica-en-planta-trujano\/\">Ajusta Soapa suministro de agua en San Juan Chapultepec y San Mart\u00edn Mexicapam tras falla el\u00e9ctrica en planta Trujano<\/a><\/h2>\n\n\t\t\t\t<div class=\"su-post-meta\">\n\t\t\t\t\tPublicado: 30 octubre, 2025\t\t\t\t<\/div>\n\n\t\t\t\t<div class=\"su-post-excerpt\">\n\t\t\t\t\t<p>Se prev\u00e9 un retraso de 15 d\u00edas en la distribuci\u00f3n del vital l\u00edquido Oaxaca de Ju\u00e1rez, Oax. 29 de octubre de 2025.- El Sistema Operador de los Servicios de Agua Potable y Alcantarillado (Soapa) realiza ajuste en distribuci\u00f3n a algunas zonas del municipio de Oaxaca de Ju\u00e1rez, tras una falla el\u00e9ctrica ocasionada por un particular [&hellip;]<\/p>\n\t\t\t\t<\/div>\n\n\t\t\t\t\t\t\t\t\t<a href=\"https:\/\/www.oaxaca.gob.mx\/soapa\/ajusta-soapa-suministro-de-agua-en-san-juan-chapultepec-y-san-martin-mexicapam-tras-falla-electrica-en-planta-trujano\/#respond\" class=\"su-post-comments-link\">0 comentarios<\/a>\n\t\t\t\t\n\t\t\t<\/div>\n\n\t\t\n\t\n<\/div>\n\n","protected":false},"excerpt":{"rendered":"","protected":false},"author":1,"featured_media":0,"parent":0,"menu_order":0,"comment_status":"closed","ping_status":"closed","template":"","meta":{"episode_type":"","audio_file":"","podmotor_file_id":"","podmotor_episode_id":"","cover_image":"","cover_image_id":"","duration":"","filesize":"","filesize_raw":"","date_recorded":"","explicit":"","block":"","itunes_episode_number":"","itunes_title":"","itunes_season_number":"","itunes_episode_type":"","footnotes":""},"categories":[],"tags":[],"class_list":["post-234","page","type-page","status-publish","hentry"],"acf":[],"publishpress_future_action":{"enabled":false,"date":"2026-04-23 17:26:04","action":"change-status","newStatus":"draft","terms":[],"taxonomy":"category","extraData":[]},"publishpress_future_workflow_manual_trigger":{"enabledWorkflows":[]},"_links":{"self":[{"href":"https:\/\/www.oaxaca.gob.mx\/soapa\/wp-json\/wp\/v2\/pages\/234","targetHints":{"allow":["GET"]}}],"collection":[{"href":"https:\/\/www.oaxaca.gob.mx\/soapa\/wp-json\/wp\/v2\/pages"}],"about":[{"href":"https:\/\/www.oaxaca.gob.mx\/soapa\/wp-json\/wp\/v2\/types\/page"}],"author":[{"embeddable":true,"href":"https:\/\/www.oaxaca.gob.mx\/soapa\/wp-json\/wp\/v2\/users\/1"}],"replies":[{"embeddable":true,"href":"https:\/\/www.oaxaca.gob.mx\/soapa\/wp-json\/wp\/v2\/comments?post=234"}],"version-history":[{"count":3,"href":"https:\/\/www.oaxaca.gob.mx\/soapa\/wp-json\/wp\/v2\/pages\/234\/revisions"}],"predecessor-version":[{"id":9022,"href":"https:\/\/www.oaxaca.gob.mx\/soapa\/wp-json\/wp\/v2\/pages\/234\/revisions\/9022"}],"wp:attachment":[{"href":"https:\/\/www.oaxaca.gob.mx\/soapa\/wp-json\/wp\/v2\/media?parent=234"}],"wp:term":[{"taxonomy":"category","embeddable":true,"href":"https:\/\/www.oaxaca.gob.mx\/soapa\/wp-json\/wp\/v2\/categories?post=234"},{"taxonomy":"post_tag","embeddable":true,"href":"https:\/\/www.oaxaca.gob.mx\/soapa\/wp-json\/wp\/v2\/tags?post=234"}],"curies":[{"name":"wp","href":"https:\/\/api.w.org\/{rel}","templated":true}]}}