{"id":202,"date":"2016-09-01T13:42:01","date_gmt":"2016-09-01T19:42:01","guid":{"rendered":"https:\/\/www.oaxaca.gob.mx\/sapao\/?page_id=202"},"modified":"2016-09-01T13:42:01","modified_gmt":"2016-09-01T19:42:01","slug":"direccion-de-planeacion-y-comercializacion","status":"publish","type":"page","link":"https:\/\/www.oaxaca.gob.mx\/soapa\/direccion-de-planeacion-y-comercializacion\/","title":{"rendered":"Direcci\u00f3n de Planeaci\u00f3n y Comercializaci\u00f3n"},"content":{"rendered":"<p>\t\t\t\tLa Direcci\u00f3n de Planeaci\u00f3n y Comercializaci\u00f3n contar\u00e1 con un\u00a0Director, quien depender\u00e1 directamente del Director General y tendr\u00e1 las\u00a0siguientes facultades;<\/p>\n<p>I. Proponer y establecer las acciones encaminadas al cumplimiento del\u00a0Plan Estatal de Desarrollo, en los programas y estrategias de las obras y\u00a0servicios que proporciona SAPAO;<\/p>\n<p>II. Analizar y presentar al Director General, el anteproyecto del Programa\u00a0Operativo Anual y el Programa Presupuestal Anual de SAPAO, en\u00a0coordinaci\u00f3n con las \u00c1reas Administrativas responsables de su ejecuci\u00f3n;<\/p>\n<p>III. Coordinar acciones con las \u00c1reas Administrativas correspondientes, para\u00a0la elaboraci\u00f3n del Programa Operativo Anual y el Programa Presupuestal\u00a0Anual de SAPAO;<\/p>\n<p>IV. Dirigir la elaboraci\u00f3n de los planes y proyectos, vigilando su viabilidad\u00a0presupuestal, as\u00ed como instruir y supervisar la actualizaci\u00f3n del padr\u00f3n de\u00a0proyectos;<\/p>\n<p>V. Coordinar acciones con la Direcci\u00f3n T\u00e9cnica para la elaboraci\u00f3n de\u00a0proyectos de construcci\u00f3n, ampliaci\u00f3n y rehabilitaci\u00f3n de redes de agua\u00a0potable y alcantarillado;<\/p>\n<p>VI. Instruir la elaboraci\u00f3n de reportes e informaci\u00f3n que requieran las\u00a0instancias Federales, Estatales y Municipales;<\/p>\n<p>VII. Gestionar los recursos ante la Secretaria de Finanzas para la ejecuci\u00f3n\u00a0de obras de los servicios que proporciona SAPAO;<\/p>\n<p>VIII. Coordinar la asesor\u00eda y apoyos a los Ayuntamientos que lo soliciten, en\u00a0la elaboraci\u00f3n, ejecuci\u00f3n y evaluaci\u00f3n de los planes de desarrollo en\u00a0materia de agua potable y alcantarillado;<\/p>\n<p>IX. Informar a la Direcci\u00f3n Jur\u00eddica, la elaboraci\u00f3n de las notificaciones\u00a0personales, a los usuarios que incumplen con la normatividad aplicable,\u00a0en el uso de los servicios que proporciona SAPAO, as\u00ed como promover la\u00a0liquidaci\u00f3n y recaudaci\u00f3n de los cr\u00e9ditos fiscales a que haya lugar;<\/p>\n<p>X. Proponer planes de corto, mediano y largo plazo para mejorar el\u00a0funcionamiento de SAPAO;<\/p>\n<p>XI. Establecer, difundir y vigilar la aplicaci\u00f3n de los requisitos y\u00a0especificaciones t\u00e9cnicas, que deben contener los planes, programas,\u00a0proyectos y estudios relativos a las obras de agua potable y<br \/>\nalcantarillado;<\/p>\n<p>XII. Impulsar el fortalecimiento y expansi\u00f3n de los servicios que proporciona\u00a0SAPAO;<\/p>\n<p>XIII. Vigilar la atenci\u00f3n y satisfacci\u00f3n de los usuarios, sobre la prestaci\u00f3n y\u00a0cobro de los servicios de agua potable y alcantarillado;<\/p>\n<p>XIV. Coordinar acciones con la Direcci\u00f3n Jur\u00eddica, para elaborar la propuesta\u00a0de tarifas;<\/p>\n<p>XV. Supervisar y controlar el cumplimiento de los niveles de eficiencia en la\u00a0recaudaci\u00f3n;<\/p>\n<p>XVI. Vigilar el cumplimiento de los convenios y acuerdos en la prestaci\u00f3n de\u00a0los servicios que otorga S AP AO y cobro por el uso de los mismos;<\/p>\n<p>XVII. Instruir y coordinar las acciones de inspecci\u00f3n y vigilancia en el uso y alto\u00a0consumo de los servicios de agua potable y alcantarillado;<\/p>\n<p>XVIII. Supervisar el cumplimiento de los plazos establecidos eh la entrega a los\u00a0usuarios de los recibos para pago de los servicios, los periodos para su\u00a0pago y la difusi\u00f3n de los lugares y horarios de atenci\u00f3n;<\/p>\n<p>XIX. Supervisar la actualizaci\u00f3n y clasificaci\u00f3n tarifaria del padr\u00f3n de usuario;<\/p>\n<p>XX. Instruir y supervisar la instalad\u00f3n de medidores, procurando satisfacer\u00a0las demandas diarias, tanto de contrataci\u00f3n como cambio del mismo;<\/p>\n<p>XXI. Proponer y establecer las pol\u00edticas para la alta, baja, modificaci\u00f3n de\u00a0datos o redas\u00edficaci\u00f3n del tipo de servido en el padr\u00f3n de usuarios;<\/p>\n<p>XXII. Participar en la proyecci\u00f3n e integraci\u00f3n de propuestas de plantas de\u00a0tratamiento de aguas residuales particulares o p\u00fablicas;<\/p>\n<p>XXIII. Coordinar la realizaci\u00f3n y control del tr\u00e1mite para el pago de facturas de\u00a0las adquisiciones de bienes o servicios que realice la Direcci\u00f3n General,\u00a0en coordinaci\u00f3n con la Unidad Administrativa;<\/p>\n<p>XXIV. Instruir, supervisar y controlar el tr\u00e1mite de pago de antidpos de los\u00a0contratos de obra, en coordinaci\u00f3n con la Unidad Administrativa, y<\/p>\n<p>XXV. Las que le se\u00f1alen las dem\u00e1s disposiciones normativas aplicables y le\u00a0confiera el Director General en el \u00e1mbito de su competencia.<\/p>\n<p>La Direcci\u00f3n de Planeaci\u00f3n y Comercializaci\u00f3n para el\u00a0cumplimiento de las facultades a que se refiere el art\u00edculo anterior, se auxiliar\u00e1\u00a0de los departamentos de Programaci\u00f3n y Presupuesto; de Comercializaci\u00f3n; de\u00a0Estudios y Proyectos, y de Padr\u00f3n de Usuarios.\t\t<\/p>\n","protected":false},"excerpt":{"rendered":"<p>La Direcci\u00f3n de Planeaci\u00f3n y Comercializaci\u00f3n contar\u00e1 con un\u00a0Director, quien depender\u00e1 directamente del Director General y tendr\u00e1 las\u00a0siguientes facultades; I. Proponer y establecer las acciones encaminadas al cumplimiento del\u00a0Plan Estatal de Desarrollo, en los programas y estrategias de las obras y\u00a0servicios que proporciona SAPAO; II. Analizar y presentar al Director General, el anteproyecto del Programa\u00a0Operativo [&hellip;]<\/p>\n","protected":false},"author":1,"featured_media":0,"parent":0,"menu_order":0,"comment_status":"closed","ping_status":"closed","template":"","meta":{"episode_type":"","audio_file":"","podmotor_file_id":"","podmotor_episode_id":"","cover_image":"","cover_image_id":"","duration":"","filesize":"","filesize_raw":"","date_recorded":"","explicit":"","block":"","itunes_episode_number":"","itunes_title":"","itunes_season_number":"","itunes_episode_type":"","footnotes":""},"categories":[],"tags":[],"class_list":["post-202","page","type-page","status-publish","hentry"],"acf":[],"publishpress_future_action":{"enabled":false,"date":"2026-04-23 17:37:59","action":"change-status","newStatus":"draft","terms":[],"taxonomy":"category","extraData":[]},"publishpress_future_workflow_manual_trigger":{"enabledWorkflows":[]},"_links":{"self":[{"href":"https:\/\/www.oaxaca.gob.mx\/soapa\/wp-json\/wp\/v2\/pages\/202","targetHints":{"allow":["GET"]}}],"collection":[{"href":"https:\/\/www.oaxaca.gob.mx\/soapa\/wp-json\/wp\/v2\/pages"}],"about":[{"href":"https:\/\/www.oaxaca.gob.mx\/soapa\/wp-json\/wp\/v2\/types\/page"}],"author":[{"embeddable":true,"href":"https:\/\/www.oaxaca.gob.mx\/soapa\/wp-json\/wp\/v2\/users\/1"}],"replies":[{"embeddable":true,"href":"https:\/\/www.oaxaca.gob.mx\/soapa\/wp-json\/wp\/v2\/comments?post=202"}],"version-history":[{"count":0,"href":"https:\/\/www.oaxaca.gob.mx\/soapa\/wp-json\/wp\/v2\/pages\/202\/revisions"}],"wp:attachment":[{"href":"https:\/\/www.oaxaca.gob.mx\/soapa\/wp-json\/wp\/v2\/media?parent=202"}],"wp:term":[{"taxonomy":"category","embeddable":true,"href":"https:\/\/www.oaxaca.gob.mx\/soapa\/wp-json\/wp\/v2\/categories?post=202"},{"taxonomy":"post_tag","embeddable":true,"href":"https:\/\/www.oaxaca.gob.mx\/soapa\/wp-json\/wp\/v2\/tags?post=202"}],"curies":[{"name":"wp","href":"https:\/\/api.w.org\/{rel}","templated":true}]}}