{"id":199,"date":"2016-09-01T13:32:11","date_gmt":"2016-09-01T19:32:11","guid":{"rendered":"https:\/\/www.oaxaca.gob.mx\/sapao\/?page_id=199"},"modified":"2016-09-01T13:32:11","modified_gmt":"2016-09-01T19:32:11","slug":"direccion-tecnica","status":"publish","type":"page","link":"https:\/\/www.oaxaca.gob.mx\/soapa\/direccion-tecnica\/","title":{"rendered":"Direcci\u00f3n T\u00e9cnica"},"content":{"rendered":"<p style=\"text-align: justify\">La Direcci\u00f3n T\u00e9cnica contar\u00e1 con un Director, quien depender\u00e1\u00a0directamente del Director General y tendr\u00e1 las siguientes facultades:<\/p>\n<p style=\"text-align: justify\">I. Autorizar y coordinar la ejecuci\u00f3n de los programas de operaci\u00f3n,\u00a0ampliaci\u00f3n, mantenimiento y conservaci\u00f3n de la infraestructura de los\u00a0servicios de agua potable, alcantarillado y saneamiento, y los dem\u00e1s que\u00a0se requieran para la prestaci\u00f3n de estos servicios;<\/p>\n<p style=\"text-align: justify\">II. Supervisar el funcionamiento de la infraestructura de los servicios de\u00a0agua potable y alcantarillado;<\/p>\n<p style=\"text-align: justify\">III. Vigilar la aplicaci\u00f3n de las normas aplicables y procedimientos t\u00e9cnicos\u00a0en la construcci\u00f3n de la infraestructura de los servicios de agua potable y\u00a0alcantarillado de SAPAO;<\/p>\n<p style=\"text-align: justify\">IV. Supervisar el ejercicio de los presupuestos de gastos de operaci\u00f3n, de\u00a0conservaci\u00f3n y mantenimiento de la infraestructura de los servicios de\u00a0agua potable y alcantarillado de SAPAO;<\/p>\n<p style=\"text-align: justify\">V. Participar en la elaboraci\u00f3n de los planes maestros y reguladores de las\u00a0redes de agua potable, alcantarillado y saneamiento;<\/p>\n<p style=\"text-align: justify\">VI. Dirigir y supervisar la ejecuci\u00f3n de obras para verificar que se cumpla con\u00a0los plazos, especificaciones y normas de calidad estipuladas;<\/p>\n<p style=\"text-align: justify\">VII. Recibir las obras ejecutadas en zonas urbanas y municipios, previa\u00a0verificaci\u00f3n de las especificaciones y normas de calidad establecidas, as\u00ed\u00a0como levantar las actas de entrega-recepci\u00f3n correspondiente;<\/p>\n<p style=\"text-align: justify\">VIII. Establecer y evaluar los \u00edndices de efectividad de los servicios de agua\u00a0potable y alcantarillado;<\/p>\n<p style=\"text-align: justify\">IX. Coordinar, supervisar y evaluar la operaci\u00f3n de las plantas\u00a0potabilizadoras, procesos de control de calidad, estudios de laboratorio y\u00a0pruebas que aseguran la potabilidad del agua;<\/p>\n<p style=\"text-align: justify\">X. Coadyuvar con la Direcci\u00f3n Jur\u00eddica en la elaboraci\u00f3n de convenios, para\u00a0la ampliaci\u00f3n de servicios por cooperaci\u00f3n o con programas\u00a0federalizados;<\/p>\n<p style=\"text-align: justify\">XI. Coordinar la evaluaci\u00f3n de los resultados de producci\u00f3n de agua, contra\u00a0agua suministrada a usuarios y proponer las acciones para mejorar el\u00a0servicio;<\/p>\n<p style=\"text-align: justify\">XII. Dirigir y supervisar el funcionamiento de pozos, rebombeos,\u00a0conducciones y equipo electromec\u00e1nico para la captaci\u00f3n de agua, as\u00ed\u00a0como la operaci\u00f3n y mantenimiento de los sistemas de agua de SAPAO;<\/p>\n<p style=\"text-align: justify\">XIII. Gestionar ante las instancias Federales, Estatales y Municipales los\u00a0permisos para la perforaci\u00f3n de pozos profundos, as\u00ed como para su\u00a0captaci\u00f3n;<\/p>\n<p style=\"text-align: justify\">XIV. Establecer los mecanismos adecuados, para que el agua se suministre a\u00a0los usuarios en calidad, cantidad, presi\u00f3n y tiempo;<\/p>\n<p style=\"text-align: justify\">XV. Coordinar, supervisar y evaluar el funcionamiento, mantenimiento,\u00a0reparaci\u00f3n y\/o reposici\u00f3n de las unidades electromec\u00e1nicas que\u00a0intervienen en la captaci\u00f3n del agua, a fin de asegurar el suministro de\u00a0agua;<\/p>\n<p style=\"text-align: justify\">XVI. Supervisar la bit\u00e1cora de control y fechas de servicios de los trabajos de\u00a0reparaci\u00f3n, rehabilitaci\u00f3n, mantenimiento o cambios de los controles\u00a0el\u00e9ctricos, equipos, estaciones y pozos;<\/p>\n<p style=\"text-align: justify\">XVII. Vigilar la aplicaci\u00f3n de las medidas de seguridad en los equipos de\u00a0bombeo;\u00a0XVIII. Coordinar y supervisar la operaci\u00f3n del sistema de distribuci\u00f3n de agua\u00a0potable;<\/p>\n<p style=\"text-align: justify\">XIX. Coordinar la evaluaci\u00f3n de la prestaci\u00f3n del servicio, como horarios,\u00a0presi\u00f3n, fugas, seccionamiento de la red y la calidad del agua;<\/p>\n<p style=\"text-align: justify\">XX. Coordinar los programas para la detecci\u00f3n y control de fugas;<\/p>\n<p style=\"text-align: justify\">XXI. Resolver las quejas presentadas por los usuarios, referentes a problemas\u00a0en la red de agua potable y alcantarillado;<\/p>\n<p style=\"text-align: justify\">XXII. Instruir el suministro del servicio de agua potable a traves de camiones\u00a0cisterna en zonas que carecen del servicio, cuando as\u00ed lo determine la\u00a0Direcci\u00f3n General;<\/p>\n<p style=\"text-align: justify\">XXIII. Ordenar la medici\u00f3n de los vol\u00famenes de agua extra\u00edda de las fuentes de\u00a0abastecimiento superficiales y subterr\u00e1neas;<\/p>\n<p style=\"text-align: justify\">XXIV. Vigilar la aplicaci\u00f3n de las especificaciones, para la dosificaci\u00f3n de\u00a0substancias qu\u00edmicas en el tratamiento del agua;<\/p>\n<p style=\"text-align: justify\">XXV. Supervisar el resguardo de los contratos de obra o servicios relacionados\u00a0con la misma, que hayan sido ejecutadas, dando seguimiento a aquellos\u00a0que se encuentren en proceso, en tr\u00e1mite de suspensi\u00f3n, rescisi\u00f3n o\u00a0terminaci\u00f3n.<\/p>\n<p style=\"text-align: justify\">XXVI. Controlar el inventario f\u00edsico del sistema de distribuci\u00f3n de agua potable y\u00a0alcantarillado.<\/p>\n<p style=\"text-align: justify\">XXVII. Auxiliar en la elaboraci\u00f3n del Programa Anual Presupuestal, y<\/p>\n<p style=\"text-align: justify\">XXVIII. Las que le se\u00f1alen las dem\u00e1s disposiciones normativas aplicables y le\u00a0confiera el Director General en el \u00e1mbito de su competencia.<\/p>\n<p style=\"text-align: justify\">La Direcci\u00f3n T\u00e9cnica para el cumplimiento de las facultades a que\u00a0se refiere el articulo anterior, se auxiliar\u00e1 de los Departamentos de Supervisi\u00f3n\u00a0de Obra; de Operaci\u00f3n y Mantenimiento; de M\u00f3dulos de Servicios, y de Control\u00a0de Calidad del Agua.<\/p>\n","protected":false},"excerpt":{"rendered":"<p>La Direcci\u00f3n T\u00e9cnica contar\u00e1 con un Director, quien depender\u00e1\u00a0directamente del Director General y tendr\u00e1 las siguientes facultades: I. Autorizar y coordinar la ejecuci\u00f3n de los programas de operaci\u00f3n,\u00a0ampliaci\u00f3n, mantenimiento y conservaci\u00f3n de la infraestructura de los\u00a0servicios de agua potable, alcantarillado y saneamiento, y los dem\u00e1s que\u00a0se requieran para la prestaci\u00f3n de estos servicios; II. Supervisar [&hellip;]<\/p>\n","protected":false},"author":1,"featured_media":0,"parent":0,"menu_order":0,"comment_status":"closed","ping_status":"closed","template":"","meta":{"episode_type":"","audio_file":"","podmotor_file_id":"","podmotor_episode_id":"","cover_image":"","cover_image_id":"","duration":"","filesize":"","filesize_raw":"","date_recorded":"","explicit":"","block":"","itunes_episode_number":"","itunes_title":"","itunes_season_number":"","itunes_episode_type":"","footnotes":""},"categories":[],"tags":[],"class_list":["post-199","page","type-page","status-publish","hentry"],"acf":[],"publishpress_future_action":{"enabled":false,"date":"2026-04-23 17:23:53","action":"change-status","newStatus":"draft","terms":[],"taxonomy":"category","extraData":[]},"publishpress_future_workflow_manual_trigger":{"enabledWorkflows":[]},"_links":{"self":[{"href":"https:\/\/www.oaxaca.gob.mx\/soapa\/wp-json\/wp\/v2\/pages\/199","targetHints":{"allow":["GET"]}}],"collection":[{"href":"https:\/\/www.oaxaca.gob.mx\/soapa\/wp-json\/wp\/v2\/pages"}],"about":[{"href":"https:\/\/www.oaxaca.gob.mx\/soapa\/wp-json\/wp\/v2\/types\/page"}],"author":[{"embeddable":true,"href":"https:\/\/www.oaxaca.gob.mx\/soapa\/wp-json\/wp\/v2\/users\/1"}],"replies":[{"embeddable":true,"href":"https:\/\/www.oaxaca.gob.mx\/soapa\/wp-json\/wp\/v2\/comments?post=199"}],"version-history":[{"count":0,"href":"https:\/\/www.oaxaca.gob.mx\/soapa\/wp-json\/wp\/v2\/pages\/199\/revisions"}],"wp:attachment":[{"href":"https:\/\/www.oaxaca.gob.mx\/soapa\/wp-json\/wp\/v2\/media?parent=199"}],"wp:term":[{"taxonomy":"category","embeddable":true,"href":"https:\/\/www.oaxaca.gob.mx\/soapa\/wp-json\/wp\/v2\/categories?post=199"},{"taxonomy":"post_tag","embeddable":true,"href":"https:\/\/www.oaxaca.gob.mx\/soapa\/wp-json\/wp\/v2\/tags?post=199"}],"curies":[{"name":"wp","href":"https:\/\/api.w.org\/{rel}","templated":true}]}}