{"id":196,"date":"2016-09-01T13:17:04","date_gmt":"2016-09-01T19:17:04","guid":{"rendered":"https:\/\/www.oaxaca.gob.mx\/sapao\/?page_id=196"},"modified":"2016-09-01T13:17:04","modified_gmt":"2016-09-01T19:17:04","slug":"direccion-administrativa-y-financiera","status":"publish","type":"page","link":"https:\/\/www.oaxaca.gob.mx\/soapa\/direccion-administrativa-y-financiera\/","title":{"rendered":"Unidad Administrativa y Financiera"},"content":{"rendered":"<p style=\"text-align: justify\">La Unidad Administrativa, contar\u00e1 con un Jefe de Unidad, quien\u00a0depender\u00e1 directamente del Director General y tendr\u00e1 las siguientes facultades:<\/p>\n<p style=\"text-align: justify\">I. Supervisar y controlar el ejercicio presupuestal de los recursos\u00a0provenientes de convenios y acuerdos celebrados con la Federaci\u00f3n, el\u00a0Estado o Municipios, as\u00ed como con los sectores social y privado;<\/p>\n<p style=\"text-align: justify\">II. Formular en coordinaci\u00f3n con la Direcci\u00f3n de Planeaci\u00f3n y\u00a0Comercializaci\u00f3n, el anteproyecto de presupuesto anual de egresos de\u00a0SAP AO y vigilar su correcta aplicaci\u00f3n;<\/p>\n<p style=\"text-align: justify\">III. Coordinar el fondo revolvente para movimientos y adquisiciones\u00a0menores, de acuerdo a las necesidades prioritarias;<\/p>\n<p style=\"text-align: justify\">IV. Supervisar y controlar la correcta aplicaci\u00f3n de los recursos destinados a\u00a0la obras de ampliaci\u00f3n y construcci\u00f3n a cargo de SAPAO;<\/p>\n<p style=\"text-align: justify\">V. Celebrar convenios con las Instituciones bancarias para el cobro de los\u00a0servicios que proporciona SAPAO;<\/p>\n<p style=\"text-align: justify\">VI. Coordinar con los m\u00f3dulos de servicio, el dep\u00f3sito que se generan por\u00a0los cobros de los servicios que presta SAPAO;<\/p>\n<p style=\"text-align: justify\">VII. Coordinar el control y registro de las actas de entrega-recepci\u00f3n de los\u00a0servidores p\u00fablicos de SAPAO;<\/p>\n<p style=\"text-align: justify\">VIII. Instruir el tr\u00e1mite correspondiente para sancionar al personal que incurra\u00a0en actos que violen la normatividad aplicable en materia de Recursos\u00a0Humanos;<\/p>\n<p style=\"text-align: justify\">IX. Coordinar la elaboraci\u00f3n y actualizaci\u00f3n de los Manuales de\u00a0Organizaci\u00f3n y de Procedimientos de SAP AO y vigilar su aplicaci\u00f3n;<\/p>\n<p style=\"text-align: justify\">X. Comprar en tiempo y forma los bienes y servicios consolidados;<\/p>\n<p style=\"text-align: justify\">XI. Gestionar ante las instancias correspondientes, la compra de bienes y la\u00a0obtenci\u00f3n de servicios necesarios para el funcionamiento de las \u00c1reas\u00a0Administrativas de SAPAO, de conformidad con lo establecido en las\u00a0normas respectivas;<\/p>\n<p style=\"text-align: justify\">XII. Analizar y consolidar los estados financieros de SAP AO ;<\/p>\n<p style=\"text-align: justify\">XIII. Administrar y conducir las relaciones laborales con el personal de\u00a0SAPAO;<\/p>\n<p style=\"text-align: justify\">XIV. Supervisar el cumplimiento de la normatividad aplicable en materia de\u00a0Recursos Humanos;<\/p>\n<p style=\"text-align: justify\">XV. Coordinar y supervisar el tr\u00e1mite referente a nombramientos,\u00a0promociones, licencias y bajas de servidores p\u00fablicos de confianza, base\u00a0y temporales de SAPAO;<\/p>\n<p style=\"text-align: justify\">XVI. Coordinar y validar el pago de salarios a los trabajadores de SAP AO , as\u00ed\u00a0como mantener actualizadas las plantillas de personal;<\/p>\n<p style=\"text-align: justify\">XVII. Gestionar las modificaciones o ampliaciones presupu\u00e9stales que se\u00a0requieran;<\/p>\n<p style=\"text-align: justify\">XVIII. Conservar y mantener en \u00f3ptimas condiciones los bienes muebles e\u00a0inmuebles de SAPAO, asi como su control y la adaptaci\u00f3n en las\u00a0instalaciones que requieran las \u00c1reas Administrativas;<\/p>\n<p style=\"text-align: justify\">XIX. Vigilar y controlar el uso de los veh\u00edculos y proporcionar mantenimiento a\u00a0los mismos;<\/p>\n<p style=\"text-align: justify\">XX. Administrar el almac\u00e9n de SAP\u00c1O;<\/p>\n<p style=\"text-align: justify\">XXI. Integrar y mantener actualizado el inventario de bienes de SAPAO;<\/p>\n<p style=\"text-align: justify\">XXII. Representar al Director General en los proceso de entrega-recepci\u00f3n de\u00a0SAPAO. O en su caso, de las \u00c1reas Administrativas que la integran, y<\/p>\n<p style=\"text-align: justify\">XXIII. Las que le se\u00f1alen las dem\u00e1s disposiciones normativas aplicables y le\u00a0confiera el Director General en el \u00e1mbito de su competencia.<\/p>\n<p style=\"text-align: justify\">El jefe de la Unidad Administrativa para el cumplimiento de las\u00a0facultades a que se refiere el articulo anterior se auxiliar\u00e1 de los Departamentos:\u00a0de Recursos Humanos; de Recursos Financieros, y de Recursos Materiales y\u00a0Servicios Generales.<\/p>\n","protected":false},"excerpt":{"rendered":"<p>La Unidad Administrativa, contar\u00e1 con un Jefe de Unidad, quien\u00a0depender\u00e1 directamente del Director General y tendr\u00e1 las siguientes facultades: I. Supervisar y controlar el ejercicio presupuestal de los recursos\u00a0provenientes de convenios y acuerdos celebrados con la Federaci\u00f3n, el\u00a0Estado o Municipios, as\u00ed como con los sectores social y privado; II. Formular en coordinaci\u00f3n con la Direcci\u00f3n [&hellip;]<\/p>\n","protected":false},"author":1,"featured_media":0,"parent":0,"menu_order":0,"comment_status":"closed","ping_status":"closed","template":"","meta":{"episode_type":"","audio_file":"","podmotor_file_id":"","podmotor_episode_id":"","cover_image":"","cover_image_id":"","duration":"","filesize":"","filesize_raw":"","date_recorded":"","explicit":"","block":"","itunes_episode_number":"","itunes_title":"","itunes_season_number":"","itunes_episode_type":"","footnotes":""},"categories":[],"tags":[],"class_list":["post-196","page","type-page","status-publish","hentry"],"acf":[],"publishpress_future_action":{"enabled":false,"date":"2026-04-23 17:37:10","action":"change-status","newStatus":"draft","terms":[],"taxonomy":"category","extraData":[]},"publishpress_future_workflow_manual_trigger":{"enabledWorkflows":[]},"_links":{"self":[{"href":"https:\/\/www.oaxaca.gob.mx\/soapa\/wp-json\/wp\/v2\/pages\/196","targetHints":{"allow":["GET"]}}],"collection":[{"href":"https:\/\/www.oaxaca.gob.mx\/soapa\/wp-json\/wp\/v2\/pages"}],"about":[{"href":"https:\/\/www.oaxaca.gob.mx\/soapa\/wp-json\/wp\/v2\/types\/page"}],"author":[{"embeddable":true,"href":"https:\/\/www.oaxaca.gob.mx\/soapa\/wp-json\/wp\/v2\/users\/1"}],"replies":[{"embeddable":true,"href":"https:\/\/www.oaxaca.gob.mx\/soapa\/wp-json\/wp\/v2\/comments?post=196"}],"version-history":[{"count":0,"href":"https:\/\/www.oaxaca.gob.mx\/soapa\/wp-json\/wp\/v2\/pages\/196\/revisions"}],"wp:attachment":[{"href":"https:\/\/www.oaxaca.gob.mx\/soapa\/wp-json\/wp\/v2\/media?parent=196"}],"wp:term":[{"taxonomy":"category","embeddable":true,"href":"https:\/\/www.oaxaca.gob.mx\/soapa\/wp-json\/wp\/v2\/categories?post=196"},{"taxonomy":"post_tag","embeddable":true,"href":"https:\/\/www.oaxaca.gob.mx\/soapa\/wp-json\/wp\/v2\/tags?post=196"}],"curies":[{"name":"wp","href":"https:\/\/api.w.org\/{rel}","templated":true}]}}