{"id":194,"date":"2016-09-01T12:54:28","date_gmt":"2016-09-01T18:54:28","guid":{"rendered":"https:\/\/www.oaxaca.gob.mx\/sapao\/?page_id=194"},"modified":"2016-09-01T12:54:28","modified_gmt":"2016-09-01T18:54:28","slug":"direccion-juridica","status":"publish","type":"page","link":"https:\/\/www.oaxaca.gob.mx\/soapa\/direccion-juridica\/","title":{"rendered":"Direcci\u00f3n Jur\u00eddica"},"content":{"rendered":"<p style=\"text-align: justify\">La Direcci\u00f3n Jur\u00eddica contar\u00e1 con un Director, quien depender\u00e1\u00a0directamente del Director General y tendr\u00e1 las siguientes facultades:<\/p>\n<p style=\"text-align: justify\">I. Fungir como representante o apoderado legal en los juicios o\u00a0procedimientos judiciales y administrativos en los cuales sea parte o\u00a0tenga inter\u00e9s jur\u00eddico SAPAO, as\u00ed como en la celebraci\u00f3n de los\u00a0contratos, convenios y dem\u00e1s instrumentes jur\u00eddicos que obliguen a \u00e9sta,\u00a0frente a terceros;<\/p>\n<p style=\"text-align: justify\">II. Representar al Director General en toda clase de juicios, denuncias,\u00a0querellas, demandas tanto del fuero com\u00fan como federal, contestar\u00a0demandas, ofrecer y desahogar pruebas, articular y absolver posiciones,\u00a0interponer recursos, incidentes y desistirse de los mismos;<\/p>\n<p style=\"text-align: justify\">III. Coordinar los tr\u00e1mites en los que exista controversia legal; de car\u00e1cter\u00a0judicial o administrativo hasta su total resoluci\u00f3n;<\/p>\n<p style=\"text-align: justify\">IV. Coordinar acciones con las autoridades correspondientes, en la\u00a0escrituraci\u00f3n de bienes inmuebles o titulaci\u00f3n de tierras afectadas por la\u00a0realizaci\u00f3n de obras hidr\u00e1ulicas o que deban djudicarse como\u00a0compensaci\u00f3n a particulares, ejidatarios y comuneros, en los\u00a0procedimientos de expropiaci\u00f3n en los que sea parte SAPAO;<\/p>\n<p style=\"text-align: justify\">V. Proponer y establecer las pol\u00edticas y lineamientos relacionados con la\u00a0atenci\u00f3n e investigaci\u00f3n de quejas y denuncias, asi como el desahogo de\u00a0los procedimientos de forma administrativa y\/o jur\u00eddica que se susciten en\u00a0la prestaci\u00f3n de los servicios que proporciona SAPAO;<\/p>\n<p style=\"text-align: justify\">VI. Otorgar el Perd\u00f3n de acuerdo a la normatividad aplicable;<\/p>\n<p style=\"text-align: justify\">VII. Celebrar acuerdos, convenios, contratos y dem\u00e1s instrumentos jur\u00eddicos\u00a0por los servicios que proporciona SAPAO;<\/p>\n<p style=\"text-align: justify\">VIII. Elaborar conjuntamente con la Direcci\u00f3n de Planeaci\u00f3n y\u00a0Comercializaci\u00f3n la propuesta de tarifas en los servicios que presta\u00a0SAPAO; y proponerla al Director General para su consideraci\u00f3n.<\/p>\n<p style=\"text-align: justify\">IX. Emitir resoluciones de acuerdo a las infracciones en que incurran los\u00a0usuarios, ordenando 1as clausuras o las medidas t\u00e9cnicas que en su caso\u00a0procedan, y vigilar su notificaci\u00f3n, cobro y cumplimiento;<\/p>\n<p style=\"text-align: justify\">X. Formular los formatos de solicitudes de servicios, avisos, contratos,\u00a0acuerdos, y dem\u00e1s formatos que se util\u00edcen en las \u00c1reas Administrativas\u00a0para la prestaci\u00f3n de los servicios que proporciona S A P AO ;<\/p>\n<p style=\"text-align: justify\">XI. Coordinar la compilaci\u00f3n y sistematizaci\u00f3n de ordenamientos jur\u00eddicos;<\/p>\n<p style=\"text-align: justify\">XII. Certificar previo cotejo documentaci\u00f3n interna de SAPAO ;<\/p>\n<p style=\"text-align: justify\">XIII. Integrar la hemeroteca de Peri\u00f3dicos Oficiales del Estado, asi como de\u00a0Diarios Oficiales de la Federaci\u00f3n, que publiquen decretos, acuerdos o\u00a0asuntos de inter\u00e9s para SAPAO;<\/p>\n<p style=\"text-align: justify\">XIV. Asesorar y resolver las consultas de car\u00e1cter jur\u00edd\u00edco que le formulen las\u00a0\u00c1reas Administrativas de SAPAO;<\/p>\n<p style=\"text-align: justify\">XV. Legalizar la adquisici\u00f3n, destino o enajenaci\u00f3n de los bienes inmuebles\u00a0de SAPAO, as\u00ed como intervenir en los asuntos de tos que se deriven\u00a0derechos y obligaciones a cargo del mismo, de conformidad con las\u00a0disposiciones jur\u00eddicas aplicables;<\/p>\n<p style=\"text-align: justify\">XVI. Revisar que las p\u00f3lizas de fianzas o de seguros se encuentren\u00a0formuladas conforme a derecho y garanticen las obligaciones\u00a0contractuales respectivas a favor de SAPAO;<\/p>\n<p style=\"text-align: justify\">XVII. Realizar los tr\u00e1mites para regularizar la posesi\u00f3n o propiedad de los\u00a0bienes que integran el patrimonio de SAPAO ;<\/p>\n<p style=\"text-align: justify\">XVIII. Proponer al Director General, las iniciativas, reglamentos, decretos,\u00a0circulares, acuerdos administrativos, convenios, contratos y dem\u00e1s\u00a0documentos relativos a la competencia de SAPAO, as\u00ed como llevar el\u00a0registro y control del cumplimiento de las obligaciones pactadas;<\/p>\n<p style=\"text-align: justify\">XIX. Analizar el contrato -colectivo de trabajo y acordar con la Direcci\u00f3n\u00a0General y la Unidad Administrativa las modificaciones en su caso;<\/p>\n<p style=\"text-align: justify\">XX. Participar directamente en las negociaciones contractuales con los\u00a0representantes sindicales, en coordinaci\u00f3n con la Unidad Administrativa;<\/p>\n<p style=\"text-align: justify\">XXI. Instruir el levantamiento de las actas de investigaci\u00f3n administrativa por\u00a0incumplimiento de los servidores p\u00fablicos en coordinaci\u00f3n con la Unidad\u00a0Administrativa, de acuerdo a la normatividad aplicable;<\/p>\n<p style=\"text-align: justify\">XXII. Coordinar acciones con las \u00c1reas Administrativas correspondientes, en los\u00a0procesos de licitaci\u00f3n p\u00fablica, invitaci\u00f3n restringida y adjudicaci\u00f3n\u00a0directa, relacionados con la obra p\u00fablica, adquisiciones, arrendamientos y\u00a0servicios de SAPAO, en t\u00e9rminos de la legislaci\u00f3n aplicable;<\/p>\n<p style=\"text-align: justify\">XXIII. Auxiliar al Director General en la realizaci\u00f3n de las sesiones del Consejo\u00a0de Administraci\u00f3n;<\/p>\n<p style=\"text-align: justify\">XXIV. Participar en la elaboraci\u00f3n del Programa Anual Presupuestal, y<\/p>\n<p style=\"text-align: justify\">XXV. Las que le se\u00f1alen las dem\u00e1s disposiciones normativas aplicables y le\u00a0confiera el Director General en el \u00e1mbito de su competencia.<\/p>\n<p style=\"text-align: justify\">El Director Jur\u00eddico para e\u00ed cumplimiento de las facultades a que\u00a0se refiere el art\u00edculo anterior, se auxiliar\u00e1 de los Departamentos: de\u00a0Normatividad, Constitucionalidad. Convenios, Contratos y Transparencia; de lo\u00a0Contencioso y Administrativo, y de Quejas y Denuncias.<\/p>\n","protected":false},"excerpt":{"rendered":"<p>La Direcci\u00f3n Jur\u00eddica contar\u00e1 con un Director, quien depender\u00e1\u00a0directamente del Director General y tendr\u00e1 las siguientes facultades: I. Fungir como representante o apoderado legal en los juicios o\u00a0procedimientos judiciales y administrativos en los cuales sea parte o\u00a0tenga inter\u00e9s jur\u00eddico SAPAO, as\u00ed como en la celebraci\u00f3n de los\u00a0contratos, convenios y dem\u00e1s instrumentes jur\u00eddicos que obliguen a [&hellip;]<\/p>\n","protected":false},"author":1,"featured_media":0,"parent":0,"menu_order":0,"comment_status":"closed","ping_status":"closed","template":"","meta":{"episode_type":"","audio_file":"","podmotor_file_id":"","podmotor_episode_id":"","cover_image":"","cover_image_id":"","duration":"","filesize":"","filesize_raw":"","date_recorded":"","explicit":"","block":"","itunes_episode_number":"","itunes_title":"","itunes_season_number":"","itunes_episode_type":"","footnotes":""},"categories":[],"tags":[],"class_list":["post-194","page","type-page","status-publish","hentry"],"acf":[],"publishpress_future_action":{"enabled":false,"date":"2026-04-23 17:39:02","action":"change-status","newStatus":"draft","terms":[],"taxonomy":"category","extraData":[]},"publishpress_future_workflow_manual_trigger":{"enabledWorkflows":[]},"_links":{"self":[{"href":"https:\/\/www.oaxaca.gob.mx\/soapa\/wp-json\/wp\/v2\/pages\/194","targetHints":{"allow":["GET"]}}],"collection":[{"href":"https:\/\/www.oaxaca.gob.mx\/soapa\/wp-json\/wp\/v2\/pages"}],"about":[{"href":"https:\/\/www.oaxaca.gob.mx\/soapa\/wp-json\/wp\/v2\/types\/page"}],"author":[{"embeddable":true,"href":"https:\/\/www.oaxaca.gob.mx\/soapa\/wp-json\/wp\/v2\/users\/1"}],"replies":[{"embeddable":true,"href":"https:\/\/www.oaxaca.gob.mx\/soapa\/wp-json\/wp\/v2\/comments?post=194"}],"version-history":[{"count":0,"href":"https:\/\/www.oaxaca.gob.mx\/soapa\/wp-json\/wp\/v2\/pages\/194\/revisions"}],"wp:attachment":[{"href":"https:\/\/www.oaxaca.gob.mx\/soapa\/wp-json\/wp\/v2\/media?parent=194"}],"wp:term":[{"taxonomy":"category","embeddable":true,"href":"https:\/\/www.oaxaca.gob.mx\/soapa\/wp-json\/wp\/v2\/categories?post=194"},{"taxonomy":"post_tag","embeddable":true,"href":"https:\/\/www.oaxaca.gob.mx\/soapa\/wp-json\/wp\/v2\/tags?post=194"}],"curies":[{"name":"wp","href":"https:\/\/api.w.org\/{rel}","templated":true}]}}