{"id":187,"date":"2016-09-01T12:34:27","date_gmt":"2016-09-01T18:34:27","guid":{"rendered":"https:\/\/www.oaxaca.gob.mx\/sapao\/?page_id=187"},"modified":"2016-09-01T12:34:27","modified_gmt":"2016-09-01T18:34:27","slug":"coordinacion-operativa","status":"publish","type":"page","link":"https:\/\/www.oaxaca.gob.mx\/soapa\/coordinacion-operativa\/","title":{"rendered":"Coordinaci\u00f3n Operativa"},"content":{"rendered":"<p>\t\t\t\tLa Coordinaci\u00f3n Operativa contar\u00e1 con un Coordinador, quien\u00a0depender\u00e1 directamente del Director General y tendr\u00e1 las siguientes facultades:<\/p>\n<p>I. Coordinar los procesos de licitaci\u00f3n p\u00fablica, invitaci\u00f3n restringida y\u00a0adjudicaci\u00f3n directa, necesarios para la ejecuci\u00f3n de obras de\u00a0conservaci\u00f3n, mantenimiento, rehabilitaci\u00f3n y ampliaci\u00f3n de redes de\u00a0agua potable y alcantarillado, as\u00ed como para la potabilizaci\u00f3n y\u00a0tratamiento de aguas residuales.<\/p>\n<p>II. Llevar a cabo la programaci\u00f3n, organizaci\u00f3n y control en el desarrollo de\u00a0los procedimientos para la adjudicaci\u00f3n de obras y servicios relacionados\u00a0con la misma, atendiendo a la normatividad vigente en la materia;<\/p>\n<p>III. Desarrollar acciones encaminadas a mantener y fortalecer las relaciones\u00a0institucionales y p\u00fablicas de S A P A O con los medios masivos de\u00a0comunicaci\u00f3n;<\/p>\n<p>IV. Coordinar la difusi\u00f3n de los programas de cultura del pago por el uso\u00a0racional del agua potable, la utilizaci\u00f3n de los servicios, el alcantarillado y\u00a0saneamiento as\u00ed como de las obras y acciones que realiza SA P AO ;<\/p>\n<p>V. Formular tos cat\u00e1logos de conceptos para los concursos de obra;<\/p>\n<p>VI. Coordinar la difusi\u00f3n de las actividades del Director General;<\/p>\n<p>VII. Actuar como vocero oficial de SAP AO ;<\/p>\n<p>VIII. Dirigir y coordinar las giras de trabajo y eventos del Director General;<\/p>\n<p>IX. Vigilar que se informe la programaci\u00f3n o suspensi\u00f3n del servicio de\u00a0suministro de agua potable a los usuarios;<\/p>\n<p>Someter a consideraci\u00f3n del Director General, el presupuesto para la\u00a0difusi\u00f3n de las actividades y acciones inherentes a las \u00e1reas a su cargo;<\/p>\n<p>XI. Procurar la optimizaci\u00f3n de los sistemas de procesamiento de datos a fin\u00a0de obtener los mejores resultados en los sistemas de facturaci\u00f3n,\u00a0contabilidad, inventarios de almac\u00e9n y padr\u00f3n de usuarios;<\/p>\n<p>XII. Gestionar cursos de capacitaci\u00f3n a los empleados de las diferentes\u00a0\u00c1reas Administrativas en el uso de los programas y sistemas\u00a0desarrollados para ellos;<\/p>\n<p>XIII. Administrar el Servidor asignado a cada una de las \u00c1reas\u00a0Administrativas, y dar soporte t\u00e9cnico, para el manejo de los sistemas\u00a0operativos y sus programas;<\/p>\n<p>XIV. Proponer las pol\u00edticas y lineamientos en materia de tecnolog\u00eda de la\u00a0informaci\u00f3n, para el dise\u00f1o, desarrollo, distribuci\u00f3n, implantaci\u00f3n,\u00a0operaci\u00f3n y mantenimiento de sistemas automatizados, capacitaci\u00f3n en\u00a0inform\u00e1tica, seguridad e integridad de !a informaci\u00f3n;<\/p>\n<p>XV. Coordinar la difusi\u00f3n de programas para el uso racional del agua potable\u00a0y dise\u00f1ar propaganda con este mismo fin;<\/p>\n<p>XVI. Coordinar el dise\u00f1o de los programas de la cultura del pago por la\u00a0utilizaci\u00f3n de los servicios que presta SAPAO;<\/p>\n<p>XVII. Colaborar en la elaboraci\u00f3n del Programa Anual Presupuestal, y\u00a0XVHI. Las que le se\u00f1alen las dem\u00e1s disposiciones normativas aplicables y le\u00a0confiera el Director General en el \u00e1mbito de su competencia.<\/p>\n<p>La Coordinaci\u00f3n Operativa, para el cumplimiento d\u00e9 las facultades\u00a0a que se refiere el articulo anterior, se auxiliar\u00e1 de los Departamentos: de\u00a0Licitaci\u00f3n y Precios Unitarios; de Tecnolog\u00edas de la Informaci\u00f3n; de\u00a0Comunicaci\u00f3n Social y Cultura del Agua y Atenci\u00f3n Comunitaria.\t\t<\/p>\n","protected":false},"excerpt":{"rendered":"<p>La Coordinaci\u00f3n Operativa contar\u00e1 con un Coordinador, quien\u00a0depender\u00e1 directamente del Director General y tendr\u00e1 las siguientes facultades: I. Coordinar los procesos de licitaci\u00f3n p\u00fablica, invitaci\u00f3n restringida y\u00a0adjudicaci\u00f3n directa, necesarios para la ejecuci\u00f3n de obras de\u00a0conservaci\u00f3n, mantenimiento, rehabilitaci\u00f3n y ampliaci\u00f3n de redes de\u00a0agua potable y alcantarillado, as\u00ed como para la potabilizaci\u00f3n y\u00a0tratamiento de aguas residuales. II. [&hellip;]<\/p>\n","protected":false},"author":1,"featured_media":0,"parent":0,"menu_order":0,"comment_status":"closed","ping_status":"closed","template":"","meta":{"episode_type":"","audio_file":"","podmotor_file_id":"","podmotor_episode_id":"","cover_image":"","cover_image_id":"","duration":"","filesize":"","filesize_raw":"","date_recorded":"","explicit":"","block":"","itunes_episode_number":"","itunes_title":"","itunes_season_number":"","itunes_episode_type":"","footnotes":""},"categories":[],"tags":[],"class_list":["post-187","page","type-page","status-publish","hentry"],"acf":[],"publishpress_future_action":{"enabled":false,"date":"2026-04-23 17:38:29","action":"change-status","newStatus":"draft","terms":[],"taxonomy":"category","extraData":[]},"publishpress_future_workflow_manual_trigger":{"enabledWorkflows":[]},"_links":{"self":[{"href":"https:\/\/www.oaxaca.gob.mx\/soapa\/wp-json\/wp\/v2\/pages\/187","targetHints":{"allow":["GET"]}}],"collection":[{"href":"https:\/\/www.oaxaca.gob.mx\/soapa\/wp-json\/wp\/v2\/pages"}],"about":[{"href":"https:\/\/www.oaxaca.gob.mx\/soapa\/wp-json\/wp\/v2\/types\/page"}],"author":[{"embeddable":true,"href":"https:\/\/www.oaxaca.gob.mx\/soapa\/wp-json\/wp\/v2\/users\/1"}],"replies":[{"embeddable":true,"href":"https:\/\/www.oaxaca.gob.mx\/soapa\/wp-json\/wp\/v2\/comments?post=187"}],"version-history":[{"count":1,"href":"https:\/\/www.oaxaca.gob.mx\/soapa\/wp-json\/wp\/v2\/pages\/187\/revisions"}],"predecessor-version":[{"id":9131,"href":"https:\/\/www.oaxaca.gob.mx\/soapa\/wp-json\/wp\/v2\/pages\/187\/revisions\/9131"}],"wp:attachment":[{"href":"https:\/\/www.oaxaca.gob.mx\/soapa\/wp-json\/wp\/v2\/media?parent=187"}],"wp:term":[{"taxonomy":"category","embeddable":true,"href":"https:\/\/www.oaxaca.gob.mx\/soapa\/wp-json\/wp\/v2\/categories?post=187"},{"taxonomy":"post_tag","embeddable":true,"href":"https:\/\/www.oaxaca.gob.mx\/soapa\/wp-json\/wp\/v2\/tags?post=187"}],"curies":[{"name":"wp","href":"https:\/\/api.w.org\/{rel}","templated":true}]}}