{"id":1839,"date":"2017-12-21T14:54:28","date_gmt":"2017-12-21T20:54:28","guid":{"rendered":"https:\/\/www.oaxaca.gob.mx\/sapao\/?page_id=1839"},"modified":"2017-12-21T14:54:28","modified_gmt":"2017-12-21T20:54:28","slug":"fise-2017","status":"publish","type":"page","link":"https:\/\/www.oaxaca.gob.mx\/soapa\/fise-2017\/","title":{"rendered":"FISE 2017"},"content":{"rendered":"\n<table id=\"tablepress-17\" class=\"tablepress tablepress-id-17\">\n<thead>\n<tr class=\"row-1\">\n\t<th class=\"column-1\">Fecha<\/th><th class=\"column-2\">Contrato<\/th><th class=\"column-3\">T\u00edtulo<\/th><th class=\"column-4\">Dercarga<\/th>\n<\/tr>\n<\/thead>\n<tbody class=\"row-striping row-hover\">\n<tr class=\"row-2\">\n\t<td class=\"column-1\">28-10-2017<\/td><td class=\"column-2\">SAPAO\/FISE\/2618\/2017<\/td><td class=\"column-3\">1. REHABILITACI\u00d3N DE TANQUES DE ALMACENAMIENTO EN EL MACROSECTOR SAN JUAN CHAPULTEPEC (TQ. SANTA ANITA, TQ. LA FUNDICI\u00d3N I Y II, TQ. MONTE ALB\u00c1N PARTE ALTA)<\/td><td class=\"column-4\"><a href=\"\/sapao\/wp-content\/uploads\/sites\/39\/documentos\/transparencia\/DP\/FISE2017\/CONTRATOLPE-SAPAO-007-2017_REHABILITACION.pdf\" target=\"_blank\">CONTRATOLPE-SAPAO-007-2017_REHABILITACION<\/a><\/td>\n<\/tr>\n<tr class=\"row-3\">\n\t<td class=\"column-1\"><\/td><td class=\"column-2\"><\/td><td class=\"column-3\">ACTA DE ENTREGA RECEPCION<\/td><td class=\"column-4\"><a href=\"\/sapao\/wp-content\/uploads\/sites\/39\/documentos\/transparencia\/DP\/FISE2017\/SAPAOFISE26182017.pdf\" target=\"_blank\">DESCARGAR<\/a><\/td>\n<\/tr>\n<tr class=\"row-4\">\n\t<td class=\"column-1\">28-10-2017<\/td><td class=\"column-2\">SAPAO\/FISE\/2998\/2017<\/td><td class=\"column-3\">2. EQUIPAMIENTO ELECTROMEC\u00c1NICO DE TANQUE DE REBOMBEO LA FUNDICI\u00d3N.<\/td><td class=\"column-4\"><a href=\"\/sapao\/wp-content\/uploads\/sites\/39\/documentos\/transparencia\/DP\/FISE2017\/CONTRATOLPE-SAPAO-007-2017_EQUIPAMIENTO.pdf\" target=\"_blank\">CONTRATOLPE-SAPAO-007-2017_EQUIPAMIENTO<\/a><\/td>\n<\/tr>\n<tr class=\"row-5\">\n\t<td class=\"column-1\"><\/td><td class=\"column-2\"><\/td><td class=\"column-3\">ACTA DE ENTREGA RECEPCION<\/td><td class=\"column-4\"><a href=\"\/sapao\/wp-content\/uploads\/sites\/39\/documentos\/transparencia\/DP\/FISE2017\/SAPAOFISE29982017.pdf\" target=\"_blank\">DESCARGAR<\/a><\/td>\n<\/tr>\n<tr class=\"row-6\">\n\t<td class=\"column-1\">04-11-2017<\/td><td class=\"column-2\">SAPAO\/FISE\/2895\/2017<\/td><td class=\"column-3\">CONSTRUCCION DE PLANTA POTABILIZADORA TRUJANO<\/td><td class=\"column-4\"><a href=\"\/sapao\/wp-content\/uploads\/sites\/39\/documentos\/transparencia\/DP\/FISE2017\/CONTRATOLPE-SAPAO-008-2017.pdf\" target=\"_blank\">CONTRATOLPE-SAPAO-008-2017<\/a><\/td>\n<\/tr>\n<tr class=\"row-7\">\n\t<td class=\"column-1\"><\/td><td class=\"column-2\"><\/td><td class=\"column-3\">ACTA DE ENTREGA RECEPCION<\/td><td class=\"column-4\"><a href=\"\/sapao\/wp-content\/uploads\/sites\/39\/documentos\/transparencia\/DP\/FISE2017\/SAPAOFISE28952017.pdf\" target=\"_blank\">DESCARGAR<\/a><\/td>\n<\/tr>\n<tr class=\"row-8\">\n\t<td class=\"column-1\">11-11-2017<\/td><td class=\"column-2\">SAPAO\/FISE\/3624\/2017<\/td><td class=\"column-3\">CONSTRUCCI\u00d3N DEL SISTEMA DE AGUA POTABLE EN EL MACROSECTOR SAN JUAN CHAPULTEPEC (TRAMO: MACROTANQUE SAN JUAN CHAPULTEPEC-TANQUES LA FUNDICI\u00d3N I Y II) (MAS-OAXACA)<\/td><td class=\"column-4\"><a href=\"\/sapao\/wp-content\/uploads\/sites\/39\/documentos\/transparencia\/DP\/FISE2017\/CONTRATOLPE-SAPAO-010-2017.pdf\" target=\"_blank\">CONTRATOLPE-SAPAO-010-2017<\/a><\/td>\n<\/tr>\n<tr class=\"row-9\">\n\t<td class=\"column-1\"><\/td><td class=\"column-2\"><\/td><td class=\"column-3\">ACTA DE ENTREGA RECEPCION<\/td><td class=\"column-4\"><a href=\"\/sapao\/wp-content\/uploads\/sites\/39\/documentos\/transparencia\/DP\/FISE2017\/SAPAOFISE36242017.pdf\" target=\"_blank\">DESCARGAR<\/a><\/td>\n<\/tr>\n<tr class=\"row-10\">\n\t<td class=\"column-1\">11-11-2017<\/td><td class=\"column-2\">SAPAO\/FISE\/3625\/2017<\/td><td class=\"column-3\">CONSTRUCCION DEL SISTEMA DE AGUA POTABLE EN EL MACROSECTOR SAN JUAN CHAPULTEPEC (TRAMO: MACROTANQUE SAN JUAN CHAPULTEPEC - TANQUE DE DISTRIBUCION MIGUEL HIDALGO) (MAS - OAXACA)<\/td><td class=\"column-4\"><a href=\"\/sapao\/wp-content\/uploads\/sites\/39\/documentos\/transparencia\/DP\/FISE2017\/CONTRATOLPE-SAPAO-011-2017.pdf\" target=\"_blank\">CONTRATOLPE-SAPAO-011-2017<\/a><\/td>\n<\/tr>\n<tr class=\"row-11\">\n\t<td class=\"column-1\"><\/td><td class=\"column-2\"><\/td><td class=\"column-3\">ACTA DE ENTREGA RECEPCION<\/td><td class=\"column-4\"><a href=\"\/sapao\/wp-content\/uploads\/sites\/39\/documentos\/transparencia\/DP\/FISE2017\/SAPAOFISE36252017.pdf\" target=\"_blank\">DESCARGAR<\/a><\/td>\n<\/tr>\n<tr class=\"row-12\">\n\t<td class=\"column-1\">11-11-2017<\/td><td class=\"column-2\">SAPAO\/FISE\/3626\/2017<\/td><td class=\"column-3\">CONSTRUCCION DEL SISTEMA DE AGUA POTABLE EN EL MACROSECTOR SAN JUAN CHAPULTEPEC (TRAMO: MACROTANQUE SAN JUAN CHAPULTEPEC - TANQUE SANTA ANITA) (MAS - OAXACA)<\/td><td class=\"column-4\"><a href=\"\/sapao\/wp-content\/uploads\/sites\/39\/documentos\/transparencia\/DP\/FISE2017\/CONTRATOLPE-SAPAO-012-2017.pdf\" target=\"_blank\">CONTRATOLPE-SAPAO-012-2017<\/a><\/td>\n<\/tr>\n<tr class=\"row-13\">\n\t<td class=\"column-1\"><\/td><td class=\"column-2\"><\/td><td class=\"column-3\">ACTA DE ENTREGA RECEPCION<\/td><td class=\"column-4\"><a href=\"\/sapao\/wp-content\/uploads\/sites\/39\/documentos\/transparencia\/DP\/FISE2017\/SAPAOFISE36262017.pdf\" target=\"_blank\">DESCARGAR<\/a><\/td>\n<\/tr>\n<tr class=\"row-14\">\n\t<td class=\"column-1\">11-11-2017<\/td><td class=\"column-2\">SAPAO\/FISE\/3622\/2017<\/td><td class=\"column-3\">CONSTRUCCION DE TANQUE DE DISTRIBUCION MIGUEL HIDALGO<\/td><td class=\"column-4\"><a href=\"\/sapao\/wp-content\/uploads\/sites\/39\/documentos\/transparencia\/DP\/FISE2017\/CONTRATOLPE-SAPAO-013-2017_CONSTRUCCION.pdf\" target=\"_blank\">LPE-SAPAO-013-2017CONTRATO_CONSTRUCCION<\/a><\/td>\n<\/tr>\n<tr class=\"row-15\">\n\t<td class=\"column-1\"><\/td><td class=\"column-2\"><\/td><td class=\"column-3\">ACTA DE ENTREGA RECEPCION<\/td><td class=\"column-4\"><a href=\"\/sapao\/wp-content\/uploads\/sites\/39\/documentos\/transparencia\/DP\/FISE2017\/SAPAOFISE36222017.pdf\" target=\"_blank\">DESCARGAR<\/a><\/td>\n<\/tr>\n<tr class=\"row-16\">\n\t<td class=\"column-1\">11-11-2017<\/td><td class=\"column-2\">SAPAO\/FISE\/2997\/2017<\/td><td class=\"column-3\">EQUIPAMIENTO ELECTROMECANICO DE TANQUE DE REBOMBEO MIGUEL HIDALGO<\/td><td class=\"column-4\"><a href=\"\/sapao\/wp-content\/uploads\/sites\/39\/documentos\/transparencia\/DP\/FISE2017\/CONTRATOLPE-SAPAO-013-2017_EQUIPAMIENTO.pdf\" target=\"_blank\">LPE-SAPAO-013-2017CONTRATO_EQUIPAMIENTO<\/a><\/td>\n<\/tr>\n<tr class=\"row-17\">\n\t<td class=\"column-1\"><\/td><td class=\"column-2\"><\/td><td class=\"column-3\">ACTA DE ENTREGA RECEPCION<\/td><td class=\"column-4\"><a href=\"\/sapao\/wp-content\/uploads\/sites\/39\/documentos\/transparencia\/DP\/FISE2017\/SAPAOFISE29972017.pdf\" target=\"_blank\">DESCARGAR<\/a><\/td>\n<\/tr>\n<tr class=\"row-18\">\n\t<td class=\"column-1\">11-11-2017<\/td><td class=\"column-2\">SAPAO\/FISE\/3623\/2017<\/td><td class=\"column-3\">EQUIPAMIENTO ELECTROMECANICO DE POZOS PROFUNDOS DE AGUA POTABLE EN EL MACROSECTOR SAN JUAN CHAPULTEPEC<\/td><td class=\"column-4\"><a href=\"\/sapao\/wp-content\/uploads\/sites\/39\/documentos\/transparencia\/DP\/FISE2017\/CONTRATOLPE-SAPAO-014-2017.pdf\" target=\"_blank\">CONTRATOLPE-SAPAO-014-2017<\/a><\/td>\n<\/tr>\n<tr class=\"row-19\">\n\t<td class=\"column-1\"><\/td><td class=\"column-2\"><\/td><td class=\"column-3\">ACTA DE ENTREGA RECEPCION<\/td><td class=\"column-4\"><a href=\"\/sapao\/wp-content\/uploads\/sites\/39\/documentos\/transparencia\/DP\/FISE2017\/SAPAOFISE36232017.pdf\" target=\"_blank\">DESCARGAR<\/a><\/td>\n<\/tr>\n<\/tbody>\n<\/table>\n<!-- #tablepress-17 from cache -->\n<p>&nbsp;<\/p>\n<p><em><strong>ADJUDICACI\u00d3N DIRECTA<\/strong><\/em><\/p>\n\n<table id=\"tablepress-18\" class=\"tablepress tablepress-id-18\">\n<thead>\n<tr class=\"row-1\">\n\t<th class=\"column-1\">Fecha<\/th><th class=\"column-2\">Contrato<\/th><th class=\"column-3\">Nombre<\/th><th class=\"column-4\">Descarga<\/th>\n<\/tr>\n<\/thead>\n<tbody class=\"row-striping row-hover\">\n<tr class=\"row-2\">\n\t<td class=\"column-1\">14-10-2017<\/td><td class=\"column-2\">SAPAO\/FISE\/2906\/2017<\/td><td class=\"column-3\">CONSTRUCCION DE MACROTANQUE SAN JUAN CHAPULTEPEC (2A. ETAPA)<\/td><td class=\"column-4\"><a href=\"\/sapao\/wp-content\/uploads\/sites\/39\/documentos\/transparencia\/DP\/FISE2017\/ADCONTRATO_CONSTRUCCION_MACROTANQUE2ETAPA.pdf\" target=\"_blank\">SAPAO\/FISE\/2906\/2017<\/a><\/td>\n<\/tr>\n<tr class=\"row-3\">\n\t<td class=\"column-1\"><\/td><td class=\"column-2\"><\/td><td class=\"column-3\">ACTA DE ENTREGA RECEPCION<\/td><td class=\"column-4\"><a href=\"\/sapao\/wp-content\/uploads\/sites\/39\/documentos\/transparencia\/DP\/FISE2017\/SAPAOFISE29062017.pdf\" target=\"_blank\">DESCARGAR<\/a><\/td>\n<\/tr>\n<tr class=\"row-4\">\n\t<td class=\"column-1\">14-10-2017<\/td><td class=\"column-2\">SAPAO\/FISE\/3622\/2017<\/td><td class=\"column-3\">CONSTRUCCION DE TANQUE DE DISTRIBUCION MIGUEL HIDALGO<\/td><td class=\"column-4\"><a href=\"\/sapao\/wp-content\/uploads\/sites\/39\/documentos\/transparencia\/DP\/FISE2017\/ADCONTRATO_CONSTRUCCION_TANQUES.pdf\" target=\"_blank\">SAPAO\/FISE\/3622\/2017<\/a><\/td>\n<\/tr>\n<tr class=\"row-5\">\n\t<td class=\"column-1\"><\/td><td class=\"column-2\"><\/td><td class=\"column-3\">ACTA DE ENTREGA RECEPCION<\/td><td class=\"column-4\"><a href=\"\/sapao\/wp-content\/uploads\/sites\/39\/documentos\/transparencia\/DP\/FISE2017\/SAPAOFISE36222017.pdf\" target=\"_blank\">DESCARGAR<\/a><\/td>\n<\/tr>\n<tr class=\"row-6\">\n\t<td class=\"column-1\">14-10-2017<\/td><td class=\"column-2\">SAPAO\/FISE\/2619\/2017<\/td><td class=\"column-3\">EQUIPAMIENTO ELECTROMECANICO DE MACROTANQUE SAN JUAN CHAPULTEPEC<\/td><td class=\"column-4\"><a href=\"\/sapao\/wp-content\/uploads\/sites\/39\/documentos\/transparencia\/DP\/FISE2017\/ADCONTRATO_EQUIPAMIENTO_MACROTANQUE.pdf\" target=\"_blank\">SAPAO\/FISE\/2619\/2017<\/a><\/td>\n<\/tr>\n<tr class=\"row-7\">\n\t<td class=\"column-1\"><\/td><td class=\"column-2\"><\/td><td class=\"column-3\">ACTA DE ENTREGA RECEPCION<\/td><td class=\"column-4\"><a href=\"\/sapao\/wp-content\/uploads\/sites\/39\/documentos\/transparencia\/DP\/FISE2017\/SAPAOFISE26192017.pdf\" target=\"_blank\">DESCARGAR<\/a><\/td>\n<\/tr>\n<\/tbody>\n<\/table>\n<!-- #tablepress-18 from cache -->\n","protected":false},"excerpt":{"rendered":"<p>&nbsp; ADJUDICACI\u00d3N DIRECTA<\/p>\n","protected":false},"author":1,"featured_media":0,"parent":0,"menu_order":0,"comment_status":"closed","ping_status":"closed","template":"","meta":{"episode_type":"","audio_file":"","podmotor_file_id":"","podmotor_episode_id":"","cover_image":"","cover_image_id":"","duration":"","filesize":"","filesize_raw":"","date_recorded":"","explicit":"","block":"","itunes_episode_number":"","itunes_title":"","itunes_season_number":"","itunes_episode_type":"","footnotes":""},"categories":[],"tags":[],"class_list":["post-1839","page","type-page","status-publish","hentry"],"acf":[],"publishpress_future_action":{"enabled":false,"date":"2026-04-23 17:26:41","action":"change-status","newStatus":"draft","terms":[],"taxonomy":"category","extraData":[]},"publishpress_future_workflow_manual_trigger":{"enabledWorkflows":[]},"_links":{"self":[{"href":"https:\/\/www.oaxaca.gob.mx\/soapa\/wp-json\/wp\/v2\/pages\/1839","targetHints":{"allow":["GET"]}}],"collection":[{"href":"https:\/\/www.oaxaca.gob.mx\/soapa\/wp-json\/wp\/v2\/pages"}],"about":[{"href":"https:\/\/www.oaxaca.gob.mx\/soapa\/wp-json\/wp\/v2\/types\/page"}],"author":[{"embeddable":true,"href":"https:\/\/www.oaxaca.gob.mx\/soapa\/wp-json\/wp\/v2\/users\/1"}],"replies":[{"embeddable":true,"href":"https:\/\/www.oaxaca.gob.mx\/soapa\/wp-json\/wp\/v2\/comments?post=1839"}],"version-history":[{"count":0,"href":"https:\/\/www.oaxaca.gob.mx\/soapa\/wp-json\/wp\/v2\/pages\/1839\/revisions"}],"wp:attachment":[{"href":"https:\/\/www.oaxaca.gob.mx\/soapa\/wp-json\/wp\/v2\/media?parent=1839"}],"wp:term":[{"taxonomy":"category","embeddable":true,"href":"https:\/\/www.oaxaca.gob.mx\/soapa\/wp-json\/wp\/v2\/categories?post=1839"},{"taxonomy":"post_tag","embeddable":true,"href":"https:\/\/www.oaxaca.gob.mx\/soapa\/wp-json\/wp\/v2\/tags?post=1839"}],"curies":[{"name":"wp","href":"https:\/\/api.w.org\/{rel}","templated":true}]}}