{"id":1826,"date":"2017-12-21T13:59:53","date_gmt":"2017-12-21T19:59:53","guid":{"rendered":"https:\/\/www.oaxaca.gob.mx\/sapao\/?page_id=1826"},"modified":"2020-09-10T13:21:41","modified_gmt":"2020-09-10T18:21:41","slug":"banobras-mas-oaxaca","status":"publish","type":"page","link":"https:\/\/www.oaxaca.gob.mx\/soapa\/banobras-mas-oaxaca\/","title":{"rendered":"BANOBRAS MAS OAXACA"},"content":{"rendered":"<p><strong>INFORMACION 2020<\/strong><\/p>\n\n<table id=\"tablepress-51\" class=\"tablepress tablepress-id-51\">\n<thead>\n<tr class=\"row-1\">\n\t<th class=\"column-1\">Fecha de Contrato<\/th><th class=\"column-2\">Contrato<\/th><th class=\"column-3\">T\u00edtulo<\/th><th class=\"column-4\">Descarga<\/th>\n<\/tr>\n<\/thead>\n<tbody class=\"row-striping row-hover\">\n<tr class=\"row-2\">\n\t<td class=\"column-1\">07-09-2020<\/td><td class=\"column-2\">SAPAO-CBMASOAX-0493-2020<\/td><td class=\"column-3\">PERFORACION, EQUIPAMIENTO Y CONSTRUCCION DE OBRAS COMPLEMENTARIAS DE POZO ZANARA PARA SUMINISTRO DE AGUA EN PLANTA POTABILIZADORA TRUJANO<\/td><td class=\"column-4\"><a href=\"\/sapao\/wp-content\/uploads\/sites\/39\/2020\/09\/CONTRATO-SAPAO-CBMASOAX-0493-2020.pdf\" target=\"_blank\" rel=\"noopener noreferrer\">SAPAO-CBMASOAX-0493-2020<\/a><\/td>\n<\/tr>\n<tr class=\"row-3\">\n\t<td class=\"column-1\">07-09-2020<\/td><td class=\"column-2\">SAPAO-CBMASOAX-0494-2020<\/td><td class=\"column-3\">CONSTRUCCI\u00d3N Y EQUIPAMIENTO DE TANQUE DE TRANSICION PARA MACROTANQUE SAN JUAN CHAPULTEPEC<\/td><td class=\"column-4\"><a href=\"\/sapao\/wp-content\/uploads\/sites\/39\/2020\/09\/CONTRATO-SAPAO-CBMASOAX-0494-2020.pdf\" target=\"_blank\" rel=\"noopener noreferrer\">CBMASOAX-0494-2020<\/a><\/td>\n<\/tr>\n<\/tbody>\n<\/table>\n<!-- #tablepress-51 from cache -->\n<hr \/>\n<p>&nbsp;<\/p>\n<p><strong>INFORMACION 2018<\/strong><\/p>\n\n<table id=\"tablepress-26\" class=\"tablepress tablepress-id-26\">\n<thead>\n<tr class=\"row-1\">\n\t<th class=\"column-1\">Fecha de Contrato<\/th><th class=\"column-2\">Contrato<\/th><th class=\"column-3\">T\u00edtulo<\/th><th class=\"column-4\">Descarga<\/th>\n<\/tr>\n<\/thead>\n<tbody class=\"row-striping row-hover\">\n<tr class=\"row-2\">\n\t<td class=\"column-1\">25-07-2018<\/td><td class=\"column-2\">SAPAO-CBMASOAX-0040-2018<\/td><td class=\"column-3\">CONSTRUCCION DE SISTEMA DE AGUA POTABLE EN EL MACROSECTOR SAN JUAN CHAPULTEPEC (SECTOR SANTA ANITA BAJO)<\/td><td class=\"column-4\"><a href=\"\/sapao\/wp-content\/uploads\/sites\/39\/documentos\/MAS2018\/SAPAO-CBMASOAX-0040-2018.pdf\" target=\"_blank\" rel=\"noopener noreferrer\">SAPAO-CBMASOAX-0040-2018<\/a><\/td>\n<\/tr>\n<tr class=\"row-3\">\n\t<td class=\"column-1\">03-05-2018<\/td><td class=\"column-2\">SAPAO-CBMASOAX-0041-2018<\/td><td class=\"column-3\">CONSTRUCCI\u00d3N DE SISTEMA DE AGUA POTABLE EN EL MACROSECTOR SAN JUAN CHAPULTEPEC (SECTOR LA FUNDICI\u00d3N BAJO)<\/td><td class=\"column-4\"><a href=\"\/sapao\/wp-content\/uploads\/sites\/39\/documentos\/MAS2018\/SAPAO-CBMASOAX-0041-2018.pdf\" target=\"_blank\" rel=\"noopener noreferrer\">SAPAO-CBMASOAX-0041-2018<\/a><\/td>\n<\/tr>\n<tr class=\"row-4\">\n\t<td class=\"column-1\">03-05-2018<\/td><td class=\"column-2\">SAPAO-CBMASOAX-0042-2018<\/td><td class=\"column-3\">CONSTRUCCI\u00d3N DE SISTEMA DE AGUA POTABLE EN EL MACROSECTOR SAN JUAN CHAPULTEPEC (SECTOR MIGUEL HIDALGO BAJO)<\/td><td class=\"column-4\"><a href=\"\/sapao\/wp-content\/uploads\/sites\/39\/documentos\/MAS2018\/SAPAO-CBMASOAX-0042-2018.pdf\" target=\"_blank\" rel=\"noopener noreferrer\">SAPAO-CBMASOAX-0042-2018<\/a><\/td>\n<\/tr>\n<tr class=\"row-5\">\n\t<td class=\"column-1\">03-05-2018<\/td><td class=\"column-2\">SAPAO-CBMASOAX-0043-2018<\/td><td class=\"column-3\">CONSTRUCCI\u00d3N DE SISTEMA DE AGUA POTABLE EN EL MACROSECTOR SAN JUAN CHAPULTEPEC (SECTOR MONTE ALBAN PARTE ALTA)<\/td><td class=\"column-4\"><a href=\"\/sapao\/wp-content\/uploads\/sites\/39\/documentos\/MAS2018\/SAPAO-CBMASOAX-0043-2018.pdf\" target=\"_blank\" rel=\"noopener noreferrer\">SAPAO-CBMASOAX-0043-2018<\/a><\/td>\n<\/tr>\n<tr class=\"row-6\">\n\t<td class=\"column-1\"><\/td><td class=\"column-2\"><\/td><td class=\"column-3\">ACTA DE ENTREGA RECEPCI\u00d3N<\/td><td class=\"column-4\"><a href=\"\/sapao\/wp-content\/uploads\/sites\/39\/documentos\/MAS2018\/ACTA-ENTREGA_SAPAO-CBMASOAX-0043-2018.pdf\" target=\"_blank\" rel=\"noopener noreferrer\">VER<\/a><\/td>\n<\/tr>\n<tr class=\"row-7\">\n\t<td class=\"column-1\">03-05-2018<\/td><td class=\"column-2\">SAPAO-CBMASOAX-0044-2018<\/td><td class=\"column-3\">CONSTRUCCI\u00d3N DE SISTEMA DE AGUA POTABLE EN EL MACROSECTOR SAN JUAN CHAPULTEPEC (SECTOR LA PLANCHA)<\/td><td class=\"column-4\"><a href=\"\/sapao\/wp-content\/uploads\/sites\/39\/documentos\/MAS2018\/SAPAO-CBMASOAX-0044-2018.pdf\" target=\"_blank\" rel=\"noopener noreferrer\">SAPAO-CBMASOAX-0044-2018<\/a><\/td>\n<\/tr>\n<tr class=\"row-8\">\n\t<td class=\"column-1\">03-05-2018<\/td><td class=\"column-2\">SAPAO-CBMASOAX-0045-2018<\/td><td class=\"column-3\">CONSTRUCCI\u00d3N DE SISTEMA DE AGUA POTABLE EN EL MACROSECTOR SAN JUAN CHAPULTEPEC (SECTOR MIGUEL HIDALGO ALTO)<\/td><td class=\"column-4\"><a href=\"\/sapao\/wp-content\/uploads\/sites\/39\/documentos\/MAS2018\/SAPAO-CBMASOAX-0045-2018.pdf\" target=\"_blank\" rel=\"noopener noreferrer\">SAPAO-CBMASOAX-0045-2018<\/a><\/td>\n<\/tr>\n<\/tbody>\n<\/table>\n<!-- #tablepress-26 from cache -->\n<hr \/>\n<p>&nbsp;<\/p>\n<p><strong>INFORMACION 2017<\/strong><\/p>\n\n<table id=\"tablepress-16\" class=\"tablepress tablepress-id-16\">\n<thead>\n<tr class=\"row-1\">\n\t<th class=\"column-1\">Fecha de  Contrato<\/th><th class=\"column-2\">Contrato<\/th><th class=\"column-3\">T\u00edtulo<\/th><th class=\"column-4\">Descarga<\/th>\n<\/tr>\n<\/thead>\n<tbody class=\"row-striping row-hover\">\n<tr class=\"row-2\">\n\t<td class=\"column-1\">14-10-2017<\/td><td class=\"column-2\">SAPAO\/CB-MASOAX\/1998\/2017<\/td><td class=\"column-3\">PERFORACI\u00d3N DEL POZO PROFUNDO CORTV (INCLUYE PERFORACI\u00d3N, EQUIPAMIENTO Y AMPLIACI\u00d3N DE RAMAL EL\u00c9CTRICO)<\/td><td class=\"column-4\"><a href=\"\/sapao\/wp-content\/uploads\/sites\/39\/documentos\/transparencia\/DP\/BANOBRAS_MAS_OAXACA\/CONTRATOLPE-SAPAO-001-2017.pdf\" target=\"_blank\">CONTRATO SAPAO\/CB-MASOAX\/1998\/2017<\/a><\/td>\n<\/tr>\n<tr class=\"row-3\">\n\t<td class=\"column-1\"><\/td><td class=\"column-2\">ACTA DE ENTREGA RECEPCION<\/td><td class=\"column-3\"><\/td><td class=\"column-4\"><a href=\"\/sapao\/wp-content\/uploads\/sites\/39\/documentos\/transparencia\/DP\/BANOBRAS_MAS_OAXACA\/SAPAO_CBMASOAX_1998_2017.pdf\" target=\"_blank\">DESCARGAR<\/a><\/td>\n<\/tr>\n<tr class=\"row-4\">\n\t<td class=\"column-1\">14-10-2017<\/td><td class=\"column-2\">SAPAO\/CB-MASOAX\/1999\/2017<\/td><td class=\"column-3\">PERFORACI\u00d3N DEL POZO PROFUNDO GESO (INCLUYE PERFORACI\u00d3N, EQUIPAMIENTO Y AMPLIACI\u00d3N DE RAMAL EL\u00c9CTRICO)<\/td><td class=\"column-4\"><a href=\"\/sapao\/wp-content\/uploads\/sites\/39\/documentos\/transparencia\/DP\/BANOBRAS_MAS_OAXACA\/CONTRATOLPE-SAPAO-002-2017.pdf\" target=\"_blank\">CONTRATO SAPAO\/CB-MASOAX\/1999\/2017<\/a><\/td>\n<\/tr>\n<tr class=\"row-5\">\n\t<td class=\"column-1\"><\/td><td class=\"column-2\">ACTA DE ENTREGA RECEPCION<\/td><td class=\"column-3\"><\/td><td class=\"column-4\"><a href=\"\/sapao\/wp-content\/uploads\/sites\/39\/documentos\/transparencia\/DP\/BANOBRAS_MAS_OAXACA\/SAPAO_CBMASOAX_1999_2017.pdf\" target=\"_blank\">DESCARGAR<\/a><\/td>\n<\/tr>\n<tr class=\"row-6\">\n\t<td class=\"column-1\">14-10-2017<\/td><td class=\"column-2\">SAPAO\/CB-MASOAX\/2001\/2017<\/td><td class=\"column-3\">REPOSICI\u00d3N DE POZO PROFUNDO AZUCENAS<\/td><td class=\"column-4\"><a href=\"\/sapao\/wp-content\/uploads\/sites\/39\/documentos\/transparencia\/DP\/BANOBRAS_MAS_OAXACA\/CONTRATOLPE-SAPAO-003-2017.pdf\" target=\"_blank\">CONTRATO SAPAO\/CB-MASOAX\/2001\/2017<\/a><\/td>\n<\/tr>\n<tr class=\"row-7\">\n\t<td class=\"column-1\"><\/td><td class=\"column-2\">ACTA DE ENTREGA RECEPCION<\/td><td class=\"column-3\"><\/td><td class=\"column-4\"><a href=\"\/sapao\/wp-content\/uploads\/sites\/39\/documentos\/transparencia\/DP\/BANOBRAS_MAS_OAXACA\/SAPAO_CBMASOAX_2001_2017.pdf\" target=\"_blank\">DESCARGAR<\/a><\/td>\n<\/tr>\n<tr class=\"row-8\">\n\t<td class=\"column-1\">14-10-2017<\/td><td class=\"column-2\">SAPAO\/CB-MASOAX\/2002\/2017<\/td><td class=\"column-3\">CONSTRUCCI\u00d3N DE TANQUE DE ALMACENAMIENTO LA PLANCHA<\/td><td class=\"column-4\"><a href=\"\/sapao\/wp-content\/uploads\/sites\/39\/documentos\/transparencia\/DP\/BANOBRAS_MAS_OAXACA\/CONTRATOLPE-SAPAO-005-2017.pdf\" target=\"_blank\">CONTRATO SAPAO\/CB-MASOAX\/2002\/2017<\/a><\/td>\n<\/tr>\n<tr class=\"row-9\">\n\t<td class=\"column-1\"><\/td><td class=\"column-2\">ACTA DE ENTREGA RECEPCION<\/td><td class=\"column-3\"><\/td><td class=\"column-4\"><a href=\"\/sapao\/wp-content\/uploads\/sites\/39\/documentos\/transparencia\/DP\/BANOBRAS_MAS_OAXACA\/SAPAO_CBMASOAX_2002_2017.pdf\" target=\"_blank\">DESCARGAR<\/a><\/td>\n<\/tr>\n<tr class=\"row-10\">\n\t<td class=\"column-1\">14-10-2017<\/td><td class=\"column-2\">SAPAO\/CB-MASOAX\/2003\/2017<\/td><td class=\"column-3\">1.\tCONSTRUCCI\u00d3N DE LINEA DE CONDUCCI\u00d3N DE AGUA POTABLE DEL REBOMBEO LA FUNDICI\u00d3N A TANQUE DE ALMACENAMIENTO MONTE ALBAN PARTE ALTA<\/td><td class=\"column-4\"><a href=\"\/sapao\/wp-content\/uploads\/sites\/39\/documentos\/transparencia\/DP\/BANOBRAS_MAS_OAXACA\/CONTRATOLPE-SAPAO-006-2017_2.pdf\" target=\"_blank\">CONTRATO SAPAO\/CB-MASOAX\/2003\/2017<\/a><\/td>\n<\/tr>\n<tr class=\"row-11\">\n\t<td class=\"column-1\"><\/td><td class=\"column-2\">ACTA DE ENTREGA RECEPCION<\/td><td class=\"column-3\"><\/td><td class=\"column-4\"><a href=\"\/sapao\/wp-content\/uploads\/sites\/39\/documentos\/transparencia\/DP\/BANOBRAS_MAS_OAXACA\/SAPAO_CBMASOAX_2003_2017.pdf\" target=\"_blank\">DESCARGAR<\/a><\/td>\n<\/tr>\n<tr class=\"row-12\">\n\t<td class=\"column-1\">14-10-2017<\/td><td class=\"column-2\">SAPAO\/CB-MASOAX\/2004\/2017<\/td><td class=\"column-3\">2.\tCONSTRUCCI\u00d3N DE LINEA DE CONDUCCI\u00d3N DE AGUA POTABLE DEL REBOMBEO MIGUEL HIDALGO A TANQUE DE ALMACENAMIENTO LA PLANCHA<\/td><td class=\"column-4\"><a href=\"\/sapao\/wp-content\/uploads\/sites\/39\/documentos\/transparencia\/DP\/BANOBRAS_MAS_OAXACA\/LPE-SAPAO-006-2017CONTRATO_1.pdf\" target=\"_blank\">CONTRATO SAPAO\/CB-MASOAX\/2004\/2017<\/a><\/td>\n<\/tr>\n<tr class=\"row-13\">\n\t<td class=\"column-1\"><\/td><td class=\"column-2\">ACTA DE ENTREGA RECEPCION<\/td><td class=\"column-3\"><\/td><td class=\"column-4\"><a href=\"\/sapao\/wp-content\/uploads\/sites\/39\/documentos\/transparencia\/DP\/BANOBRAS_MAS_OAXACA\/SAPAO_CBMASOAX_2004_2017.pdf\" target=\"_blank\">DESCARGAR<\/a><\/td>\n<\/tr>\n<tr class=\"row-14\">\n\t<td class=\"column-1\">14-10-2017<\/td><td class=\"column-2\">SAPAO\/CB-MASOAX\/2000\/2017<\/td><td class=\"column-3\">1. CONSTRUCCI\u00d3N DE L\u00cdNEA DE CONDUCCI\u00d3N PARA LA INTERCONEXI\u00d3N DE POZOS CON LA PLANTA POTABILIZADORA TRUJANO (2A. ETAPA)<\/td><td class=\"column-4\"><a href=\"\/sapao\/wp-content\/uploads\/sites\/39\/documentos\/transparencia\/DP\/BANOBRAS_MAS_OAXACA\/LPE-SAPAO-006-2017CONTRATO_2.pdf\" target=\"_blank\">CONTRATO SAPAO\/CB-MASOAX\/2000\/2017<\/a><\/td>\n<\/tr>\n<\/tbody>\n<\/table>\n<!-- #tablepress-16 from cache -->\n","protected":false},"excerpt":{"rendered":"<p>INFORMACION 2020 &nbsp; INFORMACION 2018 &nbsp; INFORMACION 2017<\/p>\n","protected":false},"author":1,"featured_media":0,"parent":0,"menu_order":0,"comment_status":"closed","ping_status":"closed","template":"","meta":{"episode_type":"","audio_file":"","podmotor_file_id":"","podmotor_episode_id":"","cover_image":"","cover_image_id":"","duration":"","filesize":"","filesize_raw":"","date_recorded":"","explicit":"","block":"","itunes_episode_number":"","itunes_title":"","itunes_season_number":"","itunes_episode_type":"","footnotes":""},"categories":[],"tags":[],"class_list":["post-1826","page","type-page","status-publish","hentry"],"acf":[],"publishpress_future_action":{"enabled":false,"date":"2026-04-23 17:40:08","action":"change-status","newStatus":"draft","terms":[],"taxonomy":"category","extraData":[]},"publishpress_future_workflow_manual_trigger":{"enabledWorkflows":[]},"_links":{"self":[{"href":"https:\/\/www.oaxaca.gob.mx\/soapa\/wp-json\/wp\/v2\/pages\/1826","targetHints":{"allow":["GET"]}}],"collection":[{"href":"https:\/\/www.oaxaca.gob.mx\/soapa\/wp-json\/wp\/v2\/pages"}],"about":[{"href":"https:\/\/www.oaxaca.gob.mx\/soapa\/wp-json\/wp\/v2\/types\/page"}],"author":[{"embeddable":true,"href":"https:\/\/www.oaxaca.gob.mx\/soapa\/wp-json\/wp\/v2\/users\/1"}],"replies":[{"embeddable":true,"href":"https:\/\/www.oaxaca.gob.mx\/soapa\/wp-json\/wp\/v2\/comments?post=1826"}],"version-history":[{"count":3,"href":"https:\/\/www.oaxaca.gob.mx\/soapa\/wp-json\/wp\/v2\/pages\/1826\/revisions"}],"predecessor-version":[{"id":6681,"href":"https:\/\/www.oaxaca.gob.mx\/soapa\/wp-json\/wp\/v2\/pages\/1826\/revisions\/6681"}],"wp:attachment":[{"href":"https:\/\/www.oaxaca.gob.mx\/soapa\/wp-json\/wp\/v2\/media?parent=1826"}],"wp:term":[{"taxonomy":"category","embeddable":true,"href":"https:\/\/www.oaxaca.gob.mx\/soapa\/wp-json\/wp\/v2\/categories?post=1826"},{"taxonomy":"post_tag","embeddable":true,"href":"https:\/\/www.oaxaca.gob.mx\/soapa\/wp-json\/wp\/v2\/tags?post=1826"}],"curies":[{"name":"wp","href":"https:\/\/api.w.org\/{rel}","templated":true}]}}