{"id":1410,"date":"2017-09-29T14:38:03","date_gmt":"2017-09-29T20:38:03","guid":{"rendered":"https:\/\/www.oaxaca.gob.mx\/sapao\/?page_id=1410"},"modified":"2017-09-29T14:38:03","modified_gmt":"2017-09-29T20:38:03","slug":"apaur","status":"publish","type":"page","link":"https:\/\/www.oaxaca.gob.mx\/soapa\/apaur\/","title":{"rendered":"APAUR"},"content":{"rendered":"<p>\t\t\t\tCONTRATOS APAUR<\/p>\n\n<table id=\"tablepress-12\" class=\"tablepress tablepress-id-12\">\n<thead>\n<tr class=\"row-1\">\n\t<th class=\"column-1\">No. de Contrato<\/th><th class=\"column-2\">Nombre de la Obra<\/th><th class=\"column-3\">Archivos Ajuntos<\/th>\n<\/tr>\n<\/thead>\n<tbody class=\"row-striping row-hover\">\n<tr class=\"row-2\">\n\t<td class=\"column-1\">SAPAO\/APAUR\/1160\/2017<\/td><td class=\"column-2\">Recuperaci\u00f3n de caudal y equipamiento electromec\u00e1nico del pozo profundo 7 acueducto<\/td><td class=\"column-3\"><a href=\"\/sapao\/wp-content\/uploads\/sites\/39\/documentos\/apaur\/contratos_apaur\/CONTRATO7ACUEDUCTO.pdf\" target=\"_blank\">SAPAO\/APAUR\/1160\/2017<\/a><\/td>\n<\/tr>\n<tr class=\"row-3\">\n\t<td class=\"column-1\">SAPAO\/APAUR\/1167\/2017<\/td><td class=\"column-2\">Recuperaci\u00f3n de caudal y equipamiento electromec\u00e1nico del pozo profundo 14 piloto<\/td><td class=\"column-3\"><a href=\"\/sapao\/wp-content\/uploads\/sites\/39\/documentos\/apaur\/contratos_apaur\/CONTRATO14 PILOTO.pdf\" target=\"_blank\">SAPAO\/APAUR\/1167\/2017<\/a><\/td>\n<\/tr>\n<tr class=\"row-4\">\n\t<td class=\"column-1\">SAPAO\/APAUR\/1163\/2017<\/td><td class=\"column-2\">Recuperaci\u00f3n de caudal y equipamiento electromec\u00e1nico del pozo profundo aeropuerto 3<\/td><td class=\"column-3\"><a href=\"\/sapao\/wp-content\/uploads\/sites\/39\/documentos\/apaur\/contratos_apaur\/CONTRATOAEROPUERTO3.pdf\" target=\"_blank\">SAPAO\/APAUR\/1163\/2017<\/a><\/td>\n<\/tr>\n<tr class=\"row-5\">\n\t<td class=\"column-1\">SAPAO\/APAUR\/1165\/2017<\/td><td class=\"column-2\">Recuperaci\u00f3n de caudal y equipamiento electromec\u00e1nico del pozo profundo aeropuerto 4<\/td><td class=\"column-3\"><a href=\"\/sapao\/wp-content\/uploads\/sites\/39\/documentos\/apaur\/contratos_apaur\/CONTRATOAEROPUERTO4.pdf\" target=\"_blank\">SAPAO\/APAUR\/1165\/2017<\/a><\/td>\n<\/tr>\n<tr class=\"row-6\">\n\t<td class=\"column-1\">SAPAO\/APAUR\/1158\/2017<\/td><td class=\"column-2\">Perforaci\u00f3n y equipamiento electromec\u00e1nico del pozo profundo Candiani 2<\/td><td class=\"column-3\"><a href=\"\/sapao\/wp-content\/uploads\/sites\/39\/documentos\/apaur\/contratos_apaur\/CONTRATOCANDIANI2.pdf\" target=\"_blank\">SAPAO\/APAUR\/1158\/2017<\/a><\/td>\n<\/tr>\n<tr class=\"row-7\">\n\t<td class=\"column-1\">SAPAO\/APAUR\/1162\/2017<\/td><td class=\"column-2\">Perforaci\u00f3n y equipamiento electromec\u00e1nico del pozo profundo DIF<\/td><td class=\"column-3\"><a href=\"\/sapao\/wp-content\/uploads\/sites\/39\/documentos\/apaur\/contratos_apaur\/CONTRATODIF.pdf\" target=\"_blank\">SAPAO\/APAUR\/1162\/2017<\/a><\/td>\n<\/tr>\n<tr class=\"row-8\">\n\t<td class=\"column-1\"><\/td><td class=\"column-2\">ACTA DE ENTREGA RECEPCION<\/td><td class=\"column-3\"><a href=\"\/sapao\/wp-content\/uploads\/sites\/39\/documentos\/apaur\/contratos_apaur\/SAPAOAPAUR11622017.pdf\" target=\"_blank\">DESCARGAR<\/a><\/td>\n<\/tr>\n<tr class=\"row-9\">\n\t<td class=\"column-1\">SAPAO\/APAUR\/1166\/2017<\/td><td class=\"column-2\">Perforaci\u00f3n, equipamiento, ampliaci\u00f3n de ramal el\u00e9ctrico y l\u00ednea de conducci\u00f3n e interconexi\u00f3n de pozo profundo ICAPET<\/td><td class=\"column-3\"><a href=\"\/sapao\/wp-content\/uploads\/sites\/39\/documentos\/apaur\/contratos_apaur\/CONTRATOICAPET.pdf\" target=\"_blank\">SAPAO\/APAUR\/1166\/2017<\/a><\/td>\n<\/tr>\n<tr class=\"row-10\">\n\t<td class=\"column-1\"><\/td><td class=\"column-2\">ACTA DE ENTREGA RECEPCION<\/td><td class=\"column-3\"><a href=\"\/sapao\/wp-content\/uploads\/sites\/39\/documentos\/apaur\/contratos_apaur\/SAPAOAPAUR11662017.pdf\" target=\"_blank\">DESCARGAR<\/a><\/td>\n<\/tr>\n<tr class=\"row-11\">\n\t<td class=\"column-1\">SAPAO\/APAUR\/1161\/2017<\/td><td class=\"column-2\">Reposici\u00f3n de pozo profundo de Santa Rosa IVO y equipamiento para recuperaci\u00f3n de caudal<\/td><td class=\"column-3\"><a href=\"\/sapao\/wp-content\/uploads\/sites\/39\/documentos\/apaur\/contratos_apaur\/CONTRATOSANTAROSA.pdf\" target=\"_blank\">SAPAO\/APAUR\/1161\/2017<\/a><\/td>\n<\/tr>\n<tr class=\"row-12\">\n\t<td class=\"column-1\">SAPAO\/APAUR\/1164\/2017<\/td><td class=\"column-2\">Recuperaci\u00f3n de caudal y equipamiento electromec\u00e1nico del pozo profundo Trujano<\/td><td class=\"column-3\"><a href=\"\/sapao\/wp-content\/uploads\/sites\/39\/documentos\/apaur\/contratos_apaur\/CONTRATOTRUJANO.pdf\" target=\"_blank\">SAPAO\/APAUR\/1164\/2017<\/a><\/td>\n<\/tr>\n<tr class=\"row-13\">\n\t<td class=\"column-1\"><\/td><td class=\"column-2\">ACTA DE ENTREGA RECEPCION<\/td><td class=\"column-3\"><a href=\"\/sapao\/wp-content\/uploads\/sites\/39\/documentos\/apaur\/contratos_apaur\/ACTA_SAPAO_APAUR_1164_2017.pdf\" target=\"_blank\">DESCARGAR<\/a><\/td>\n<\/tr>\n<tr class=\"row-14\">\n\t<td class=\"column-1\">SAPAO\/APAUR\/1159\/2017<\/td><td class=\"column-2\">Recuperaci\u00f3n de caudal y equipamiento electromec\u00e1nico del pozo profundo Walmart<\/td><td class=\"column-3\"><a href=\"\/sapao\/wp-content\/uploads\/sites\/39\/documentos\/apaur\/contratos_apaur\/CONTRATOWALMART.pdf\" target=\"_blank\">SAPAO\/APAUR\/1159\/2017<\/a><\/td>\n<\/tr>\n<\/tbody>\n<\/table>\n<!-- #tablepress-12 from cache -->\n<p>CONTRATOS SUPERVISION DE OBRA<\/p>\n\n<table id=\"tablepress-13\" class=\"tablepress tablepress-id-13\">\n<thead>\n<tr class=\"row-1\">\n\t<th class=\"column-1\">No. de Contrato<\/th><th class=\"column-2\">Nombre de la Obra<\/th><th class=\"column-3\">Archivos adjuntos<\/th>\n<\/tr>\n<\/thead>\n<tbody class=\"row-striping row-hover\">\n<tr class=\"row-2\">\n\t<td class=\"column-1\">SAPAO\/APAUR\/1306\/2017<\/td><td class=\"column-2\">Gastos de supervisi\u00f3n t\u00e9cnica para la obra: Recuperaci\u00f3n de caudal y equipamiento electromec\u00e1nico del pozo profundo 7 acueducto.<\/td><td class=\"column-3\"><a href=\"\/sapao\/wp-content\/uploads\/sites\/39\/documentos\/apaur\/contratos_apaur\/POZO7ACUEDUCTO.pdf\" target=\"_blank\">SAPAO\/APAUR\/1306\/2017<\/a><\/td>\n<\/tr>\n<tr class=\"row-3\">\n\t<td class=\"column-1\">SAPAO\/APAUR\/1310\/2017<\/td><td class=\"column-2\">Gastos de supervisi\u00f3n t\u00e9cnica para la obra: Recuperaci\u00f3n de caudal y equipamiento electromec\u00e1nico del pozo profundo 14 piloto<\/td><td class=\"column-3\"><a href=\"\/sapao\/wp-content\/uploads\/sites\/39\/documentos\/apaur\/contratos_apaur\/POZO14PILOTO.pdf\" target=\"_blank\">SAPAO\/APAUR\/1310\/2017<\/a><\/td>\n<\/tr>\n<tr class=\"row-4\">\n\t<td class=\"column-1\">SAPAO\/APAUR\/1309\/2017<\/td><td class=\"column-2\">Gastos de supervisi\u00f3n t\u00e9cnica para la obra: Recuperaci\u00f3n de caudal y equipamiento electromec\u00e1nico del pozo profundo aeropuerto 3<\/td><td class=\"column-3\"><a href=\"\/sapao\/wp-content\/uploads\/sites\/39\/documentos\/apaur\/contratos_apaur\/POZOAEROPUERTO3.pdf\" target=\"_blank\">SAPAO\/APAUR\/1309\/2017<\/a><\/td>\n<\/tr>\n<tr class=\"row-5\">\n\t<td class=\"column-1\">SAPAO\/APAUR\/1311\/2017<\/td><td class=\"column-2\">Gastos de supervisi\u00f3n t\u00e9cnica para la obra: Recuperaci\u00f3n de caudal y equipamiento electromec\u00e1nico del pozo profundo aeropuerto 4<\/td><td class=\"column-3\"><a href=\"\/sapao\/wp-content\/uploads\/sites\/39\/documentos\/apaur\/contratos_apaur\/POZOAEROPUERTO4.pdf\" target=\"_blank\">SAPAO\/APAUR\/1311\/2017<\/a><\/td>\n<\/tr>\n<tr class=\"row-6\">\n\t<td class=\"column-1\">SAPAO\/APAUR\/1304\/2017<\/td><td class=\"column-2\">Gastos de supervisi\u00f3n t\u00e9cnica para la obra: Perforaci\u00f3n y equipamiento electromec\u00e1nico del pozo profundo Candiani 2<\/td><td class=\"column-3\"><a href=\"\/sapao\/wp-content\/uploads\/sites\/39\/documentos\/apaur\/contratos_apaur\/POZOCANDIANI2.pdf\" target=\"_blank\">SAPAO\/APAUR\/1304\/2017<\/a><\/td>\n<\/tr>\n<tr class=\"row-7\">\n\t<td class=\"column-1\">SAPAO\/APAUR\/1308\/2017<\/td><td class=\"column-2\">Gastos de supervisi\u00f3n t\u00e9cnica para la obra: Perforaci\u00f3n y equipamiento electromec\u00e1nico del pozo profundo DIF<\/td><td class=\"column-3\"><a href=\"\/sapao\/wp-content\/uploads\/sites\/39\/documentos\/apaur\/contratos_apaur\/POZODIF.pdf\" target=\"_blank\">SAPAO\/APAUR\/1308\/2017<\/a><\/td>\n<\/tr>\n<tr class=\"row-8\">\n\t<td class=\"column-1\">SAPAO\/APAUR\/1313\/2017<\/td><td class=\"column-2\">Gastos de supervisi\u00f3n t\u00e9cnica para la obra: Perforaci\u00f3n, equipamiento, ampliaci\u00f3n de ramal el\u00e9ctrico y l\u00ednea de conducci\u00f3n e interconexi\u00f3n de pozo profundo ICAPET<\/td><td class=\"column-3\"><a href=\"\/sapao\/wp-content\/uploads\/sites\/39\/documentos\/apaur\/contratos_apaur\/POZOICAPET.pdf\" target=\"_blank\">SAPAO\/APAUR\/1313\/2017<\/a><\/td>\n<\/tr>\n<tr class=\"row-9\">\n\t<td class=\"column-1\">SAPAO\/APAUR\/1312\/2017<\/td><td class=\"column-2\">Gastos de supervisi\u00f3n t\u00e9cnica para la obra: Reposici\u00f3n de pozo profundo de Santa Rosa IVO y equipamiento para recuperaci\u00f3n de caudal<\/td><td class=\"column-3\"><a href=\"\/sapao\/wp-content\/uploads\/sites\/39\/documentos\/apaur\/contratos_apaur\/POZOSANTAROSA-IVO.pdf\" target=\"_blank\">SAPAO\/APAUR\/1312\/2017<\/a><\/td>\n<\/tr>\n<tr class=\"row-10\">\n\t<td class=\"column-1\">SAPAO\/APAUR\/1307\/2017<\/td><td class=\"column-2\">Gastos de supervisi\u00f3n t\u00e9cnica para la obra: Recuperaci\u00f3n de caudal y equipamiento electromec\u00e1nico del pozo profundo Trujano<\/td><td class=\"column-3\"><a href=\"\/sapao\/wp-content\/uploads\/sites\/39\/documentos\/apaur\/contratos_apaur\/POZOTRUJANO.pdf\" target=\"_blank\">SAPAO\/APAUR\/1307\/2017<\/a><\/td>\n<\/tr>\n<tr class=\"row-11\">\n\t<td class=\"column-1\">SAPAO\/APAUR\/1305\/2017<\/td><td class=\"column-2\">Gastos de supervisi\u00f3n t\u00e9cnica para la obra: Recuperaci\u00f3n de caudal y equipamiento electromec\u00e1nico del pozo profundo Walmart<\/td><td class=\"column-3\"><a href=\"\/sapao\/wp-content\/uploads\/sites\/39\/documentos\/apaur\/contratos_apaur\/POZOWALMART.pdf\" target=\"_blank\">SAPAO\/APAUR\/1305\/2017<\/a><\/td>\n<\/tr>\n<\/tbody>\n<\/table>\n<!-- #tablepress-13 from cache -->\n","protected":false},"excerpt":{"rendered":"<p>CONTRATOS APAUR CONTRATOS SUPERVISION DE OBRA<\/p>\n","protected":false},"author":1,"featured_media":0,"parent":0,"menu_order":0,"comment_status":"closed","ping_status":"closed","template":"","meta":{"episode_type":"","audio_file":"","podmotor_file_id":"","podmotor_episode_id":"","cover_image":"","cover_image_id":"","duration":"","filesize":"","filesize_raw":"","date_recorded":"","explicit":"","block":"","itunes_episode_number":"","itunes_title":"","itunes_season_number":"","itunes_episode_type":"","footnotes":""},"categories":[],"tags":[],"class_list":["post-1410","page","type-page","status-publish","hentry"],"acf":[],"publishpress_future_action":{"enabled":false,"date":"2026-04-23 17:26:47","action":"change-status","newStatus":"draft","terms":[],"taxonomy":"category","extraData":[]},"publishpress_future_workflow_manual_trigger":{"enabledWorkflows":[]},"_links":{"self":[{"href":"https:\/\/www.oaxaca.gob.mx\/soapa\/wp-json\/wp\/v2\/pages\/1410","targetHints":{"allow":["GET"]}}],"collection":[{"href":"https:\/\/www.oaxaca.gob.mx\/soapa\/wp-json\/wp\/v2\/pages"}],"about":[{"href":"https:\/\/www.oaxaca.gob.mx\/soapa\/wp-json\/wp\/v2\/types\/page"}],"author":[{"embeddable":true,"href":"https:\/\/www.oaxaca.gob.mx\/soapa\/wp-json\/wp\/v2\/users\/1"}],"replies":[{"embeddable":true,"href":"https:\/\/www.oaxaca.gob.mx\/soapa\/wp-json\/wp\/v2\/comments?post=1410"}],"version-history":[{"count":0,"href":"https:\/\/www.oaxaca.gob.mx\/soapa\/wp-json\/wp\/v2\/pages\/1410\/revisions"}],"wp:attachment":[{"href":"https:\/\/www.oaxaca.gob.mx\/soapa\/wp-json\/wp\/v2\/media?parent=1410"}],"wp:term":[{"taxonomy":"category","embeddable":true,"href":"https:\/\/www.oaxaca.gob.mx\/soapa\/wp-json\/wp\/v2\/categories?post=1410"},{"taxonomy":"post_tag","embeddable":true,"href":"https:\/\/www.oaxaca.gob.mx\/soapa\/wp-json\/wp\/v2\/tags?post=1410"}],"curies":[{"name":"wp","href":"https:\/\/api.w.org\/{rel}","templated":true}]}}