{"id":1222,"date":"2017-09-05T10:13:25","date_gmt":"2017-09-05T16:13:25","guid":{"rendered":"https:\/\/www.oaxaca.gob.mx\/sapao\/?page_id=1222"},"modified":"2017-09-05T10:13:25","modified_gmt":"2017-09-05T16:13:25","slug":"articulo-36-ltaip","status":"publish","type":"page","link":"https:\/\/www.oaxaca.gob.mx\/soapa\/articulo-36-ltaip\/","title":{"rendered":"LTAIPO &#8211; Art\u00edculo 36"},"content":{"rendered":"<p>\t\t\t\tLEY DE TRANSPARENCIA Y ACCESO A LA INFORMACI\u00d3N P\u00daBLICA PARA EL ESTADO DE OAXACA<\/p>\n<p>Art\u00edculo 36. Los sujetos obligados que realicen obra p\u00fablica, deber\u00e1n difundir f\u00edsicamente en el lugar de la obra, una placa o inscripci\u00f3n que se\u00f1ale que fue realizada con recursos p\u00fablicos y el costo de la misma.<\/p>\n<p>Ejercicio:<strong> 2018 &#8211; 2019<\/strong><\/p>\n<p>Fecha de validaci\u00f3n: <strong>13\/04\/2019<\/strong><\/p>\n<p>Fecha de actualizaci\u00f3n: <strong>13\/04\/2018<\/strong><\/p>\n<p>Area responsable: <strong>Direcci\u00f3n de Planeaci\u00f3n y Comercializaci\u00f3n<\/strong><\/p>\n[embeddoc url=\u00bbhttps:\/\/www.oaxaca.gob.mx\/sapao\/wp-content\/uploads\/sites\/39\/2019\/05\/LTAO36-unico-parrafo.xlsx\u00bb download=\u00bball\u00bb viewer=\u00bbmicrosoft\u00bb]\n<p>&nbsp;<\/p>\n<hr \/>\n<p><strong>Informaci\u00f3n 2017 &#8211; 2015<\/strong><\/p>\n\n<table id=\"tablepress-9\" class=\"tablepress tablepress-id-9\">\n<thead>\n<tr class=\"row-1\">\n\t<th class=\"column-1\">Informaci\u00f3n sobre obra p\u00fablica<\/th><td class=\"column-2\"><\/td>\n<\/tr>\n<\/thead>\n<tbody class=\"row-striping row-hover\">\n<tr class=\"row-2\">\n\t<td class=\"column-1\">A\u00f1o 2017<\/td><td class=\"column-2\"><a href=\"\/sapao\/wp-content\/uploads\/sites\/39\/documentos\/transparencia\/art36\/OBRAS-2017.zip\" target=\"_blank\">Descarga<\/a><\/td>\n<\/tr>\n<tr class=\"row-3\">\n\t<td class=\"column-1\">A\u00f1o 2016<\/td><td class=\"column-2\"><a href=\"\/sapao\/wp-content\/uploads\/sites\/39\/documentos\/transparencia\/art36\/OBRAS-2016.zip\" target=\"_blank\">Descarga<\/a><\/td>\n<\/tr>\n<tr class=\"row-4\">\n\t<td class=\"column-1\">A\u00f1o 2015<\/td><td class=\"column-2\"><a href=\"\/sapao\/wp-content\/uploads\/sites\/39\/documentos\/transparencia\/art36\/OBRAS-2015.zip\" target=\"_blank\">Descarga<\/a><\/td>\n<\/tr>\n<\/tbody>\n<\/table>\n<!-- #tablepress-9 from cache -->\n<p>&nbsp;<\/p>\n<hr \/>\n<p style=\"text-align: center\"><strong>\u00bfDesea interponer una denuncia por incumplimiento?<\/strong><\/p>\n<p style=\"text-align: center\"><strong>Para interponer una denuncia por incumplimiento, descarga el formato y env\u00edalo al siguiente correo electr\u00f3nico:<\/strong><\/p>\n<p style=\"text-align: center\"><a href=\"\/sapao\/wp-content\/uploads\/sites\/39\/documentos\/transparencia18\/formato_denuncia.pdf\"><strong>Formato<\/strong><\/a><\/p>\n<p style=\"text-align: center\"><strong>Correo: denuncia@iaipoaxaca.org.mx<\/strong><\/p>\n<p style=\"text-align: center\"><a href=\"http:\/\/iaipoaxaca.org.mx\/transparencia\/denuncia\" target=\"_blank\" rel=\"noopener noreferrer\"><strong>Denuncia<\/strong><\/a><\/p>\n","protected":false},"excerpt":{"rendered":"<p>LEY DE TRANSPARENCIA Y ACCESO A LA INFORMACI\u00d3N P\u00daBLICA PARA EL ESTADO DE OAXACA Art\u00edculo 36. Los sujetos obligados que realicen obra p\u00fablica, deber\u00e1n difundir f\u00edsicamente en el lugar de la obra, una placa o inscripci\u00f3n que se\u00f1ale que fue realizada con recursos p\u00fablicos y el costo de la misma. Ejercicio: 2018 &#8211; 2019 Fecha [&hellip;]<\/p>\n","protected":false},"author":1,"featured_media":0,"parent":0,"menu_order":0,"comment_status":"closed","ping_status":"closed","template":"","meta":{"episode_type":"","audio_file":"","podmotor_file_id":"","podmotor_episode_id":"","cover_image":"","cover_image_id":"","duration":"","filesize":"","filesize_raw":"","date_recorded":"","explicit":"","block":"","itunes_episode_number":"","itunes_title":"","itunes_season_number":"","itunes_episode_type":"","footnotes":""},"categories":[],"tags":[],"class_list":["post-1222","page","type-page","status-publish","hentry"],"acf":[],"publishpress_future_action":{"enabled":false,"date":"2026-04-23 17:26:04","action":"change-status","newStatus":"draft","terms":[],"taxonomy":"category","extraData":[]},"publishpress_future_workflow_manual_trigger":{"enabledWorkflows":[]},"_links":{"self":[{"href":"https:\/\/www.oaxaca.gob.mx\/soapa\/wp-json\/wp\/v2\/pages\/1222","targetHints":{"allow":["GET"]}}],"collection":[{"href":"https:\/\/www.oaxaca.gob.mx\/soapa\/wp-json\/wp\/v2\/pages"}],"about":[{"href":"https:\/\/www.oaxaca.gob.mx\/soapa\/wp-json\/wp\/v2\/types\/page"}],"author":[{"embeddable":true,"href":"https:\/\/www.oaxaca.gob.mx\/soapa\/wp-json\/wp\/v2\/users\/1"}],"replies":[{"embeddable":true,"href":"https:\/\/www.oaxaca.gob.mx\/soapa\/wp-json\/wp\/v2\/comments?post=1222"}],"version-history":[{"count":0,"href":"https:\/\/www.oaxaca.gob.mx\/soapa\/wp-json\/wp\/v2\/pages\/1222\/revisions"}],"wp:attachment":[{"href":"https:\/\/www.oaxaca.gob.mx\/soapa\/wp-json\/wp\/v2\/media?parent=1222"}],"wp:term":[{"taxonomy":"category","embeddable":true,"href":"https:\/\/www.oaxaca.gob.mx\/soapa\/wp-json\/wp\/v2\/categories?post=1222"},{"taxonomy":"post_tag","embeddable":true,"href":"https:\/\/www.oaxaca.gob.mx\/soapa\/wp-json\/wp\/v2\/tags?post=1222"}],"curies":[{"name":"wp","href":"https:\/\/api.w.org\/{rel}","templated":true}]}}