{"id":10488,"date":"2023-12-08T11:33:27","date_gmt":"2023-12-08T17:33:27","guid":{"rendered":"https:\/\/www.oaxaca.gob.mx\/soapa\/?page_id=10488"},"modified":"2023-12-08T11:33:27","modified_gmt":"2023-12-08T17:33:27","slug":"mapa-del-sitio","status":"publish","type":"page","link":"https:\/\/www.oaxaca.gob.mx\/soapa\/mapa-del-sitio\/","title":{"rendered":"Mapa del Sitio"},"content":{"rendered":"<div class=\"wsp-container\"><h2 class=\"wsp-pages-title\">P\u00e1ginas<\/h2>\n<ul class=\"wsp-pages-list\">\n<li class=\"page_item page-item-10212\"><a href=\"https:\/\/www.oaxaca.gob.mx\/soapa\/que-hacer-en-caso-de-robo-o-anomalia-del-medidor-de-agua\/\">\u00bfQu\u00e9 hacer en caso de Robo o Anomal\u00eda del medidor de agua?<\/a><\/li>\n<li class=\"page_item page-item-25 page_item_has_children\"><a href=\"https:\/\/www.oaxaca.gob.mx\/soapa\/quienes-somos\/\">\u00bfQui\u00e9nes Somos?<\/a>\n<ul class='children'>\n\t<li class=\"page_item page-item-49\"><a href=\"https:\/\/www.oaxaca.gob.mx\/soapa\/quienes-somos\/mision-y-vision\/\">Misi\u00f3n y Visi\u00f3n<\/a><\/li>\n<\/ul>\n<\/li>\n<li class=\"page_item page-item-6504\"><a href=\"https:\/\/www.oaxaca.gob.mx\/soapa\/acciones-de-gobierno\/\">Acciones de Gobierno<\/a><\/li>\n<li class=\"page_item page-item-86\"><a href=\"https:\/\/www.oaxaca.gob.mx\/soapa\/adjudicacion-directa\/\">Adjudicaci\u00f3n Directa<\/a><\/li>\n<li class=\"page_item page-item-7347\"><a href=\"https:\/\/www.oaxaca.gob.mx\/soapa\/ahora-es-mas-facil-pagar-tu-agua\/\">Ahora es m\u00e1s f\u00e1cil pagar tu agua<\/a><\/li>\n<li class=\"page_item page-item-1410\"><a href=\"https:\/\/www.oaxaca.gob.mx\/soapa\/apaur\/\">APAUR<\/a><\/li>\n<li class=\"page_item page-item-3607\"><a href=\"https:\/\/www.oaxaca.gob.mx\/soapa\/avance-de-gestion-de-actividades\/\">Avance de Gesti\u00f3n de Actividades<\/a><\/li>\n<li class=\"page_item page-item-3598\"><a href=\"https:\/\/www.oaxaca.gob.mx\/soapa\/avance-de-gestion-de-componentes\/\">Avance de gesti\u00f3n de componentes<\/a><\/li>\n<li class=\"page_item page-item-3831\"><a href=\"https:\/\/www.oaxaca.gob.mx\/soapa\/avances-fisicos-y-financieros-pdr-cuenta-tres-2018\/\">Avances F\u00edsicos y Financieros PDR CUENTA TRES 2018<\/a><\/li>\n<li class=\"page_item page-item-4198\"><a href=\"https:\/\/www.oaxaca.gob.mx\/soapa\/aviso-de-privacidad\/\">Aviso de privacidad<\/a><\/li>\n<li class=\"page_item page-item-1826\"><a href=\"https:\/\/www.oaxaca.gob.mx\/soapa\/banobras-mas-oaxaca\/\">BANOBRAS MAS OAXACA<\/a><\/li>\n<li class=\"page_item page-item-8909\"><a href=\"https:\/\/www.oaxaca.gob.mx\/soapa\/cocoi\/\">COCOI<\/a><\/li>\n<li class=\"page_item page-item-5723\"><a href=\"https:\/\/www.oaxaca.gob.mx\/soapa\/codigo-de-conducta\/\">C\u00f3digo de Conducta<\/a><\/li>\n<li class=\"page_item page-item-4057\"><a href=\"https:\/\/www.oaxaca.gob.mx\/soapa\/codigo-de-etica\/\">C\u00f3digo de \u00c9tica<\/a><\/li>\n<li class=\"page_item page-item-8749\"><a href=\"https:\/\/www.oaxaca.gob.mx\/soapa\/comite-de-etica\/\">Comit\u00e9 de \u00c9tica<\/a><\/li>\n<li class=\"page_item page-item-9136\"><a href=\"https:\/\/www.oaxaca.gob.mx\/soapa\/comitedeetica\/\">Comit\u00e9 de \u00c9tica<\/a><\/li>\n<li class=\"page_item page-item-6110\"><a href=\"https:\/\/www.oaxaca.gob.mx\/soapa\/slides-3\/\">Comunicado Secretar\u00eda de Contralor\u00eda y Transparencia Gubernamental<\/a><\/li>\n<li class=\"page_item page-item-12176\"><a href=\"https:\/\/www.oaxaca.gob.mx\/soapa\/concurso-nacional-transparencia-en-corto\/\">Concurso Nacional Transparencia en corto<\/a><\/li>\n<li class=\"page_item page-item-8249\"><a href=\"https:\/\/www.oaxaca.gob.mx\/soapa\/consejos-para-cuidar-tu-medidor\/\">Consejos para cuidar tu medidor<\/a><\/li>\n<li class=\"page_item page-item-3957\"><a href=\"https:\/\/www.oaxaca.gob.mx\/soapa\/contacto\/\">Contacto<\/a><\/li>\n<li class=\"page_item page-item-7520\"><a href=\"https:\/\/www.oaxaca.gob.mx\/soapa\/contraloria-social\/\">Contralor\u00eda Social Servicios de Agua Potable y Alcantarillado de Oaxaca<\/a><\/li>\n<li class=\"page_item page-item-2537\"><a href=\"https:\/\/www.oaxaca.gob.mx\/soapa\/contratos-2018\/\">Contratos 2018<\/a><\/li>\n<li class=\"page_item page-item-187\"><a href=\"https:\/\/www.oaxaca.gob.mx\/soapa\/coordinacion-operativa\/\">Coordinaci\u00f3n Operativa<\/a><\/li>\n<li class=\"page_item page-item-7339\"><a href=\"https:\/\/www.oaxaca.gob.mx\/soapa\/cuidado-del-agua\/\">Cuidado del agua<\/a><\/li>\n<li class=\"page_item page-item-3709\"><a href=\"https:\/\/www.oaxaca.gob.mx\/soapa\/cumplimiento-obligaciones-lgtaip\/\">CUMPLIMIENTO DE OBLIGACIONES DE TRANSPARENCIA<\/a><\/li>\n<li class=\"page_item page-item-9852\"><a href=\"https:\/\/www.oaxaca.gob.mx\/soapa\/datos-de-interes\/\">Datos de Inter\u00e9s<\/a><\/li>\n<li class=\"page_item page-item-6012\"><a href=\"https:\/\/www.oaxaca.gob.mx\/soapa\/declaracion-patrimonial\/\">Declaraci\u00f3n Patrimonial<\/a><\/li>\n<li class=\"page_item page-item-202\"><a href=\"https:\/\/www.oaxaca.gob.mx\/soapa\/direccion-de-planeacion-y-comercializacion\/\">Direcci\u00f3n de Planeaci\u00f3n y Comercializaci\u00f3n<\/a><\/li>\n<li class=\"page_item page-item-194\"><a href=\"https:\/\/www.oaxaca.gob.mx\/soapa\/direccion-juridica\/\">Direcci\u00f3n Jur\u00eddica<\/a><\/li>\n<li class=\"page_item page-item-199\"><a href=\"https:\/\/www.oaxaca.gob.mx\/soapa\/direccion-tecnica\/\">Direcci\u00f3n T\u00e9cnica<\/a><\/li>\n<li class=\"page_item page-item-294\"><a href=\"https:\/\/www.oaxaca.gob.mx\/soapa\/directorio\/\">Directorio<\/a><\/li>\n<li class=\"page_item page-item-431\"><a href=\"https:\/\/www.oaxaca.gob.mx\/soapa\/directorioprueba\/\">DirectorioPrueba<\/a><\/li>\n<li class=\"page_item page-item-10027\"><a href=\"https:\/\/www.oaxaca.gob.mx\/soapa\/documento-de-seguridad\/\">Documento de Seguridad<\/a><\/li>\n<li class=\"page_item page-item-158\"><a href=\"https:\/\/www.oaxaca.gob.mx\/soapa\/estados-financieros\/\">Estados Financieros<\/a><\/li>\n<li class=\"page_item page-item-6751\"><a href=\"https:\/\/www.oaxaca.gob.mx\/soapa\/estimulos-sapao-2015-al-2019\/\">Est\u00edmulos SAPAO 2015 al 2019<\/a><\/li>\n<li class=\"page_item page-item-3970\"><a href=\"https:\/\/www.oaxaca.gob.mx\/soapa\/estructura-organica\/\">Estructura Org\u00e1nica<\/a><\/li>\n<li class=\"page_item page-item-4162\"><a href=\"https:\/\/www.oaxaca.gob.mx\/soapa\/estructura-organica-u-organigrama\/\">Estructura Org\u00e1nica u Organigrama<\/a><\/li>\n<li class=\"page_item page-item-9960 page_item_has_children\"><a href=\"https:\/\/www.oaxaca.gob.mx\/soapa\/eventos\/\">Eventos<\/a>\n<ul class='children'>\n\t<li class=\"page_item page-item-9962\"><a href=\"https:\/\/www.oaxaca.gob.mx\/soapa\/eventos\/categorias\/\">Categor\u00edas<\/a><\/li>\n\t<li class=\"page_item page-item-9963\"><a href=\"https:\/\/www.oaxaca.gob.mx\/soapa\/eventos\/etiquetas\/\">Etiquetas<\/a><\/li>\n\t<li class=\"page_item page-item-9964\"><a href=\"https:\/\/www.oaxaca.gob.mx\/soapa\/eventos\/mis-reservas\/\">Mis Reservas<\/a><\/li>\n\t<li class=\"page_item page-item-9961\"><a href=\"https:\/\/www.oaxaca.gob.mx\/soapa\/eventos\/ubicaciones\/\">Ubicaciones<\/a><\/li>\n<\/ul>\n<\/li>\n<li class=\"page_item page-item-2482\"><a href=\"https:\/\/www.oaxaca.gob.mx\/soapa\/fies\/\">FIES<\/a><\/li>\n<li class=\"page_item page-item-1839\"><a href=\"https:\/\/www.oaxaca.gob.mx\/soapa\/fise-2017\/\">FISE 2017<\/a><\/li>\n<li class=\"page_item page-item-1871\"><a href=\"https:\/\/www.oaxaca.gob.mx\/soapa\/fonregion-2017\/\">FONREGION 2017<\/a><\/li>\n<li class=\"page_item page-item-1876\"><a href=\"https:\/\/www.oaxaca.gob.mx\/soapa\/fortalecimiento\/\">FORTALECIMIENTO<\/a><\/li>\n<li class=\"page_item page-item-230\"><a href=\"https:\/\/www.oaxaca.gob.mx\/soapa\/fotogaleria\/\">Fotogaler\u00eda<\/a><\/li>\n<li class=\"page_item page-item-4100\"><a href=\"https:\/\/www.oaxaca.gob.mx\/soapa\/funciones\/\">Funciones<\/a><\/li>\n<li class=\"page_item page-item-7885\"><a href=\"https:\/\/www.oaxaca.gob.mx\/soapa\/gaceta-informativa-agosto-2021\/\">Gaceta informativa Agosto 2021<\/a><\/li>\n<li class=\"page_item page-item-7111\"><a href=\"https:\/\/www.oaxaca.gob.mx\/soapa\/slides-9\/\">Gaceta Informativa Diciembre 2020<\/a><\/li>\n<li class=\"page_item page-item-8476\"><a href=\"https:\/\/www.oaxaca.gob.mx\/soapa\/gaceta-informativa-diciembre-2021\/\">Gaceta informativa diciembre 2021<\/a><\/li>\n<li class=\"page_item page-item-8544\"><a href=\"https:\/\/www.oaxaca.gob.mx\/soapa\/gaceta-informativa-enero-2022\/\">Gaceta Informativa enero 2022<\/a><\/li>\n<li class=\"page_item page-item-7405\"><a href=\"https:\/\/www.oaxaca.gob.mx\/soapa\/slides-13\/\">Gaceta informativa febrero 2021<\/a><\/li>\n<li class=\"page_item page-item-7206\"><a href=\"https:\/\/www.oaxaca.gob.mx\/soapa\/slides-10\/\">Gaceta Informativa Fin de A\u00f1o 2020<\/a><\/li>\n<li class=\"page_item page-item-7030\"><a href=\"https:\/\/www.oaxaca.gob.mx\/soapa\/slides-4\/\">Gaceta informativa Noviembre 2020<\/a><\/li>\n<li class=\"page_item page-item-8333\"><a href=\"https:\/\/www.oaxaca.gob.mx\/soapa\/gaceta-informativa-noviembre-2021\/\">Gaceta Informativa noviembre 2021<\/a><\/li>\n<li class=\"page_item page-item-6996\"><a href=\"https:\/\/www.oaxaca.gob.mx\/soapa\/slides-8\/\">Gaceta informativa Octubre 2020<\/a><\/li>\n<li class=\"page_item page-item-8164\"><a href=\"https:\/\/www.oaxaca.gob.mx\/soapa\/gaceta-informativa-octubre-2021\/\">Gaceta informativa octubre 2021<\/a><\/li>\n<li class=\"page_item page-item-6515\"><a href=\"https:\/\/www.oaxaca.gob.mx\/soapa\/gaceta-informativa-sapao-agosto-2020\/\">Gaceta informativa SAPAO Agosto 2020<\/a><\/li>\n<li class=\"page_item page-item-5781\"><a href=\"https:\/\/www.oaxaca.gob.mx\/soapa\/slides-2\/\">Gaceta informativa SAPAO Mayo 2020<\/a><\/li>\n<li class=\"page_item page-item-8043\"><a href=\"https:\/\/www.oaxaca.gob.mx\/soapa\/gaceta-informativa-septiembre-2021\/\">Gaceta informativa septiembre 2021<\/a><\/li>\n<li class=\"page_item page-item-6224\"><a href=\"https:\/\/www.oaxaca.gob.mx\/soapa\/gaceta-sapao-julio-2020\/\">Gaceta SAPAO Julio 2020<\/a><\/li>\n<li class=\"page_item page-item-6100\"><a href=\"https:\/\/www.oaxaca.gob.mx\/soapa\/gaceta-sapao-junio-2020\/\">Gaceta SAPAO Junio 2020<\/a><\/li>\n<li class=\"page_item page-item-9132\"><a href=\"https:\/\/www.oaxaca.gob.mx\/soapa\/guardianes\/\">Guardianes<\/a><\/li>\n<li class=\"page_item page-item-2582\"><a href=\"https:\/\/www.oaxaca.gob.mx\/soapa\/iecr\/\">IECR<\/a><\/li>\n<li class=\"page_item page-item-10500\"><a href=\"https:\/\/www.oaxaca.gob.mx\/soapa\/informacion-tramite\/\">Informaci\u00f3n del Tr\u00e1mite<\/a><\/li>\n<li class=\"page_item page-item-11026\"><a href=\"https:\/\/www.oaxaca.gob.mx\/soapa\/informacion-presupuestaria\/\">Informaci\u00f3n Presupuestaria<\/a><\/li>\n<li class=\"page_item page-item-3899\"><a href=\"https:\/\/www.oaxaca.gob.mx\/soapa\/\">Inicio<\/a><\/li>\n<li class=\"page_item page-item-84\"><a href=\"https:\/\/www.oaxaca.gob.mx\/soapa\/invitacion-restringida-a-cuando-menos-3-contratistas\/\">Invitaci\u00f3n Restringida (a cuando menos 3 contratistas)<\/a><\/li>\n<li class=\"page_item page-item-7150\"><a href=\"https:\/\/www.oaxaca.gob.mx\/soapa\/slides-11\/\">Juntos cuidemos en agua<\/a><\/li>\n<li class=\"page_item page-item-2950\"><a href=\"https:\/\/www.oaxaca.gob.mx\/soapa\/ldf\/\">LDF<\/a><\/li>\n<li class=\"page_item page-item-1068\"><a href=\"https:\/\/www.oaxaca.gob.mx\/soapa\/leyes-y-reglamentos\/\">Leyes y Reglamentos<\/a><\/li>\n<li class=\"page_item page-item-2866\"><a href=\"https:\/\/www.oaxaca.gob.mx\/soapa\/lgtaip-articulo-71\/\">LGTAIP &#8211; Art\u00edculo 71<\/a><\/li>\n<li class=\"page_item page-item-2875\"><a href=\"https:\/\/www.oaxaca.gob.mx\/soapa\/lgtaip-articulo-80\/\">LGTAIP &#8211; Art\u00edculo 80<\/a><\/li>\n<li class=\"page_item page-item-79\"><a href=\"https:\/\/www.oaxaca.gob.mx\/soapa\/licitaciones\/\">Licitaciones<\/a><\/li>\n<li class=\"page_item page-item-82\"><a href=\"https:\/\/www.oaxaca.gob.mx\/soapa\/licitacion-publica\/\">Licitaciones P\u00fablicas<\/a><\/li>\n<li class=\"page_item page-item-8251\"><a href=\"https:\/\/www.oaxaca.gob.mx\/soapa\/limpia-y-desinfecta-tu-tinaco\/\">Limpia y desinfecta tu tinaco, cisterna o dep\u00f3sito de agua<\/a><\/li>\n<li class=\"page_item page-item-7759\"><a href=\"https:\/\/www.oaxaca.gob.mx\/soapa\/lineamientos-generales-del-codigo-de-etica\/\">Lineamientos Generales del C\u00f3digo de \u00c9tica<\/a><\/li>\n<li class=\"page_item page-item-4134\"><a href=\"https:\/\/www.oaxaca.gob.mx\/soapa\/loginpress\/\">LoginPress<\/a><\/li>\n<li class=\"page_item page-item-2672\"><a href=\"https:\/\/www.oaxaca.gob.mx\/soapa\/ltaipo-articulo-21\/\">LTAIPO &#8211; Art\u00edculo 21<\/a><\/li>\n<li class=\"page_item page-item-1222\"><a href=\"https:\/\/www.oaxaca.gob.mx\/soapa\/articulo-36-ltaip\/\">LTAIPO &#8211; Art\u00edculo 36<\/a><\/li>\n<li class=\"page_item page-item-4173\"><a href=\"https:\/\/www.oaxaca.gob.mx\/soapa\/manual-de-organizacion\/\">Manual de Organizaci\u00f3n<\/a><\/li>\n<li class=\"page_item page-item-10488\"><a href=\"https:\/\/www.oaxaca.gob.mx\/soapa\/mapa-del-sitio\/\">Mapa del Sitio<\/a><\/li>\n<li class=\"page_item page-item-8429\"><a href=\"https:\/\/www.oaxaca.gob.mx\/soapa\/marco-administrativo\/\">Marco Administrativo<\/a><\/li>\n<li class=\"page_item page-item-8305\"><a href=\"https:\/\/www.oaxaca.gob.mx\/soapa\/marco-juridico\/\">Marco Jur\u00eddico<\/a><\/li>\n<li class=\"page_item page-item-6770\"><a href=\"https:\/\/www.oaxaca.gob.mx\/soapa\/slides-6\/\">Mensajer\u00eda instant\u00e1nea<\/a><\/li>\n<li class=\"page_item page-item-5219\"><a href=\"https:\/\/www.oaxaca.gob.mx\/soapa\/mision-vision\/\">Misi\u00f3n &#8211; Visi\u00f3n<\/a><\/li>\n<li class=\"page_item page-item-61\"><a href=\"https:\/\/www.oaxaca.gob.mx\/soapa\/modulos-de-atencion\/\">M\u00f3dulos de Atenci\u00f3n<\/a><\/li>\n<li class=\"page_item page-item-234\"><a href=\"https:\/\/www.oaxaca.gob.mx\/soapa\/noticias\/\">Noticias<\/a><\/li>\n<li class=\"page_item page-item-204\"><a href=\"https:\/\/www.oaxaca.gob.mx\/soapa\/organigrama\/\">Organigrama<\/a><\/li>\n<li class=\"page_item page-item-4205\"><a href=\"https:\/\/www.oaxaca.gob.mx\/soapa\/pagina-ejemplo-3\/\">P\u00e1gina de ejemplo<\/a><\/li>\n<li class=\"page_item page-item-2\"><a href=\"https:\/\/www.oaxaca.gob.mx\/soapa\/pagina-ejemplo\/\">P\u00e1gina de ejemplo<\/a><\/li>\n<li class=\"page_item page-item-2414\"><a href=\"https:\/\/www.oaxaca.gob.mx\/soapa\/pagina-de-prueba-para-contacto\/\">Pagina de prueba para contacto<\/a><\/li>\n<li class=\"page_item page-item-9860\"><a href=\"https:\/\/www.oaxaca.gob.mx\/soapa\/poap-2024\/\">PAOP 2024<\/a><\/li>\n<li class=\"page_item page-item-12326\"><a href=\"https:\/\/www.oaxaca.gob.mx\/soapa\/plan-estrategico-institucional-de-soapa\/\">Plan Estrat\u00e9gico Institucional de Soapa<\/a><\/li>\n<li class=\"page_item page-item-8712\"><a href=\"https:\/\/www.oaxaca.gob.mx\/soapa\/programa-anual-de-obras-2022\/\">Programa Anual de Obras 2022<\/a><\/li>\n<li class=\"page_item page-item-1337\"><a href=\"https:\/\/www.oaxaca.gob.mx\/soapa\/programa-presupuestal\/\">Programa Presupuestal<\/a><\/li>\n<li class=\"page_item page-item-8253\"><a href=\"https:\/\/www.oaxaca.gob.mx\/soapa\/que-hago-si-mi-medidor-presenta-una-anomalia-o-fue-sustraido\/\">Qu\u00e9 hago si mi medidor presenta una anomal\u00eda o fue sustra\u00eddo<\/a><\/li>\n<li class=\"page_item page-item-7343\"><a href=\"https:\/\/www.oaxaca.gob.mx\/soapa\/realiza-tus-reportes\/\">Realiza tus reportes<\/a><\/li>\n<li class=\"page_item page-item-6768\"><a href=\"https:\/\/www.oaxaca.gob.mx\/soapa\/slides-5\/\">Redes sociales oficiales<\/a><\/li>\n<li class=\"page_item page-item-9277\"><a href=\"https:\/\/www.oaxaca.gob.mx\/soapa\/registro-digital-de-acuerdos\/\">Registro Digital de Acuerdos<\/a><\/li>\n<li class=\"page_item page-item-7761\"><a href=\"https:\/\/www.oaxaca.gob.mx\/soapa\/reglas-de-integridad\/\">Reglas de Integridad<\/a><\/li>\n<li class=\"page_item page-item-3846\"><a href=\"https:\/\/www.oaxaca.gob.mx\/soapa\/reportes-rft\/\">Reportes RFT<\/a><\/li>\n<li class=\"page_item page-item-54\"><a href=\"https:\/\/www.oaxaca.gob.mx\/soapa\/resena-historica\/\">Rese\u00f1a Hist\u00f3rica<\/a><\/li>\n<li class=\"page_item page-item-38\"><a href=\"https:\/\/www.oaxaca.gob.mx\/soapa\/sala-de-prensa\/\">Sala de Prensa<\/a><\/li>\n<li class=\"page_item page-item-5670\"><a href=\"https:\/\/www.oaxaca.gob.mx\/soapa\/sistema-institucional-de-archivos\/\">Sistema Institucional de Archivos<\/a><\/li>\n<li class=\"page_item page-item-2587\"><a href=\"https:\/\/www.oaxaca.gob.mx\/soapa\/tabla-de-aplicabilidad\/\">Tabla de Aplicabilidad<\/a><\/li>\n<li class=\"page_item page-item-10136\"><a href=\"https:\/\/www.oaxaca.gob.mx\/soapa\/tested\/\">Tested<\/a><\/li>\n<li class=\"page_item page-item-4178\"><a href=\"https:\/\/www.oaxaca.gob.mx\/soapa\/tramites-y-servicios\/\">Tr\u00e1mites y Servicios<\/a><\/li>\n<li class=\"page_item page-item-41\"><a href=\"https:\/\/www.oaxaca.gob.mx\/soapa\/transparencia\/\">Transparencia<\/a><\/li>\n<li class=\"page_item page-item-196\"><a href=\"https:\/\/www.oaxaca.gob.mx\/soapa\/direccion-administrativa-y-financiera\/\">Unidad Administrativa y Financiera<\/a><\/li>\n<li class=\"page_item page-item-6857\"><a href=\"https:\/\/www.oaxaca.gob.mx\/soapa\/slide-anything-popup-preview\/\">Slide Anything Popup Preview<\/a><\/li>\n<\/ul>\n<\/div>\n","protected":false},"excerpt":{"rendered":"","protected":false},"author":1,"featured_media":0,"parent":0,"menu_order":0,"comment_status":"closed","ping_status":"closed","template":"","meta":{"episode_type":"","audio_file":"","podmotor_file_id":"","podmotor_episode_id":"","cover_image":"","cover_image_id":"","duration":"","filesize":"","filesize_raw":"","date_recorded":"","explicit":"","block":"","itunes_episode_number":"","itunes_title":"","itunes_season_number":"","itunes_episode_type":"","footnotes":""},"categories":[],"tags":[],"class_list":["post-10488","page","type-page","status-publish","hentry"],"acf":[],"publishpress_future_action":{"enabled":false,"date":"2026-04-23 15:39:11","action":"change-status","newStatus":"draft","terms":[],"taxonomy":"category","extraData":[]},"publishpress_future_workflow_manual_trigger":{"enabledWorkflows":[]},"_links":{"self":[{"href":"https:\/\/www.oaxaca.gob.mx\/soapa\/wp-json\/wp\/v2\/pages\/10488","targetHints":{"allow":["GET"]}}],"collection":[{"href":"https:\/\/www.oaxaca.gob.mx\/soapa\/wp-json\/wp\/v2\/pages"}],"about":[{"href":"https:\/\/www.oaxaca.gob.mx\/soapa\/wp-json\/wp\/v2\/types\/page"}],"author":[{"embeddable":true,"href":"https:\/\/www.oaxaca.gob.mx\/soapa\/wp-json\/wp\/v2\/users\/1"}],"replies":[{"embeddable":true,"href":"https:\/\/www.oaxaca.gob.mx\/soapa\/wp-json\/wp\/v2\/comments?post=10488"}],"version-history":[{"count":1,"href":"https:\/\/www.oaxaca.gob.mx\/soapa\/wp-json\/wp\/v2\/pages\/10488\/revisions"}],"predecessor-version":[{"id":10489,"href":"https:\/\/www.oaxaca.gob.mx\/soapa\/wp-json\/wp\/v2\/pages\/10488\/revisions\/10489"}],"wp:attachment":[{"href":"https:\/\/www.oaxaca.gob.mx\/soapa\/wp-json\/wp\/v2\/media?parent=10488"}],"wp:term":[{"taxonomy":"category","embeddable":true,"href":"https:\/\/www.oaxaca.gob.mx\/soapa\/wp-json\/wp\/v2\/categories?post=10488"},{"taxonomy":"post_tag","embeddable":true,"href":"https:\/\/www.oaxaca.gob.mx\/soapa\/wp-json\/wp\/v2\/tags?post=10488"}],"curies":[{"name":"wp","href":"https:\/\/api.w.org\/{rel}","templated":true}]}}