{"id":10136,"date":"2023-07-19T16:47:33","date_gmt":"2023-07-19T22:47:33","guid":{"rendered":"https:\/\/www.oaxaca.gob.mx\/soapa\/?page_id=10136"},"modified":"2023-07-19T16:47:33","modified_gmt":"2023-07-19T22:47:33","slug":"tested","status":"publish","type":"page","link":"https:\/\/www.oaxaca.gob.mx\/soapa\/tested\/","title":{"rendered":"Tested"},"content":{"rendered":"\n<table id=\"tablepress-tbl-directorio\" class=\"tablepress tablepress-id-tbl-directorio tbody-has-connected-cells\">\n<thead>\n<tr class=\"row-1\">\n\t<th class=\"column-1\"><strong>\u00c1REA<\/strong><\/th><th class=\"column-2\"><strong>TITULAR<\/strong><\/th><th class=\"column-3\"><strong>EXT.<\/strong><\/th>\n<\/tr>\n<\/thead>\n<tbody class=\"row-striping row-hover\">\n<tr class=\"row-2\">\n\t<td class=\"column-1\"><strong>ENCARGADO DE DESPACHO<\/strong><\/td><td class=\"column-2\"><strong>ARQ. N\u00c9STOR HUGO ZARAGOZA GARC\u00cdA<\/strong><\/td><td class=\"column-3\"><strong>200<\/strong><\/td>\n<\/tr>\n<tr class=\"row-3\">\n\t<td class=\"column-1\">Secretario Particular <\/td><td class=\"column-2\">Lic. Cesar Iv\u00e1n Garc\u00eda Zaragoza<\/td><td class=\"column-3\">200<\/td>\n<\/tr>\n<tr class=\"row-4\">\n\t<td class=\"column-1\">Secretaria de Direcci\u00f3n<\/td><td class=\"column-2\">Zaira Jim\u00e9nez Vidals<\/td><td class=\"column-3\">200<\/td>\n<\/tr>\n<tr class=\"row-5\">\n\t<td class=\"column-1\">Oficial\u00eda de Partes<\/td><td class=\"column-2\">Claudia Isabel Navarro S\u00e1nchez<\/td><td class=\"column-3\">201<\/td>\n<\/tr>\n<tr class=\"row-6\">\n\t<td class=\"column-1\"><\/td><td class=\"column-2\"><\/td><td class=\"column-3\"><\/td>\n<\/tr>\n<tr class=\"row-7\">\n\t<td colspan=\"2\" class=\"column-1\"><strong>STAFF<\/strong><\/td><td class=\"column-3\"><\/td>\n<\/tr>\n<tr class=\"row-8\">\n\t<td class=\"column-1\">Departamento de Cultura del Agua y Atenci\u00f3n Comunitaria<\/td><td class=\"column-2\">Mtra. Mariana Tiburcio Antonio<\/td><td class=\"column-3\">220<\/td>\n<\/tr>\n<tr class=\"row-9\">\n\t<td class=\"column-1\">Departamento de Comunicaci\u00f3n Social<\/td><td class=\"column-2\">Lic. Marco Antonio Santiago P\u00e9rez<\/td><td class=\"column-3\">230<\/td>\n<\/tr>\n<tr class=\"row-10\">\n\t<td class=\"column-1\">Departamento de Tecnolog\u00edas de la Informaci\u00f3n<\/td><td class=\"column-2\">Ing. Oscar Ram\u00edrez Hern\u00e1ndez<\/td><td class=\"column-3\">210<\/td>\n<\/tr>\n<tr class=\"row-11\">\n\t<td class=\"column-1\"><\/td><td class=\"column-2\"><\/td><td class=\"column-3\"><\/td>\n<\/tr>\n<tr class=\"row-12\">\n\t<td class=\"column-1\"><strong>DIRECCI\u00d3N JUR\u00cdDICA<\/strong><\/td><td class=\"column-2\"><strong>LIC. SANDRA ISABEL ZURITA V\u00c1SQUEZ<\/strong><\/td><td class=\"column-3\"><strong>320<\/strong><\/td>\n<\/tr>\n<tr class=\"row-13\">\n\t<td class=\"column-1\">Departamento Consultivo<\/td><td class=\"column-2\">Lic. Mar\u00eda de Jes\u00fas D\u00edaz Hern\u00e1ndez<\/td><td class=\"column-3\">320<\/td>\n<\/tr>\n<tr class=\"row-14\">\n\t<td class=\"column-1\">Departamento de lo Contencioso y Administrativo<\/td><td class=\"column-2\">Lic. Georgina Caballero P\u00e9rez <\/td><td class=\"column-3\">320<\/td>\n<\/tr>\n<tr class=\"row-15\">\n\t<td class=\"column-1\">Departamento de Quejas y Denuncias<\/td><td class=\"column-2\">Lic. Sergio Jair Heras Ignacio<\/td><td class=\"column-3\">230<\/td>\n<\/tr>\n<tr class=\"row-16\">\n\t<td class=\"column-1\"><\/td><td class=\"column-2\"><\/td><td class=\"column-3\"><\/td>\n<\/tr>\n<tr class=\"row-17\">\n\t<td class=\"column-1\"><strong>UNIDAD ADMINISTRATIVA<\/strong><\/td><td class=\"column-2\"><strong>LIC. KRISTAL IVONNE TRENADO L\u00d3PEZ<\/strong><\/td><td class=\"column-3\"><strong>500<\/strong><\/td>\n<\/tr>\n<tr class=\"row-18\">\n\t<td class=\"column-1\">Departamento de Recursos Humanos<\/td><td class=\"column-2\">C.P. Jos\u00e9 Luis Mendez <\/td><td class=\"column-3\">501<\/td>\n<\/tr>\n<tr class=\"row-19\">\n\t<td class=\"column-1\">Departamento de Recursos Financieros<\/td><td class=\"column-2\">C.P. Oseas de la Rosa Santos<\/td><td class=\"column-3\">503<\/td>\n<\/tr>\n<tr class=\"row-20\">\n\t<td class=\"column-1\">Departamento de Recursos Materiales<\/td><td class=\"column-2\">T.C. El\u00edas Angel Santos Hern\u00e1ndez<\/td><td class=\"column-3\">504<\/td>\n<\/tr>\n<tr class=\"row-21\">\n\t<td class=\"column-1\"><\/td><td class=\"column-2\"><\/td><td class=\"column-3\"><\/td>\n<\/tr>\n<tr class=\"row-22\">\n\t<td class=\"column-1\"><strong>DIRECTOR DE PLANEACI\u00d3N Y COMERCIALIZACI\u00d3N<\/strong><\/td><td class=\"column-2\"><strong>MTRA. ARACELI COL\u00cdN JIMENEZ<\/strong><\/td><td class=\"column-3\"><strong>400<\/strong><\/td>\n<\/tr>\n<tr class=\"row-23\">\n\t<td class=\"column-1\">Departamento de Comercializaci\u00f3n<\/td><td class=\"column-2\">C.P. Francisca Hernandez Olivera<\/td><td class=\"column-3\">402<\/td>\n<\/tr>\n<tr class=\"row-24\">\n\t<td class=\"column-1\">Departamento de Padr\u00f3n de Usuarios<\/td><td class=\"column-2\">C.P. Alejo Cruz Ort\u00edz<\/td><td class=\"column-3\">403<\/td>\n<\/tr>\n<tr class=\"row-25\">\n\t<td class=\"column-1\">Departamento de Programaci\u00f3n y Presupuesto<\/td><td class=\"column-2\">Ing. Jair de Jesus Barranco Mart\u00ednez<\/td><td class=\"column-3\">401<\/td>\n<\/tr>\n<tr class=\"row-26\">\n\t<td class=\"column-1\">Departamento de Estudios y Proyectos<\/td><td class=\"column-2\">Ing. Lahir de Jes\u00fas Cruz L\u00f3pez<\/td><td class=\"column-3\">405<\/td>\n<\/tr>\n<tr class=\"row-27\">\n\t<td class=\"column-1\">Departamento de Licitaci\u00f3n y Precios Unitarios<\/td><td class=\"column-2\">Arq. Oscar Fermin Villalobos Rivas<\/td><td class=\"column-3\">404<\/td>\n<\/tr>\n<tr class=\"row-28\">\n\t<td class=\"column-1\"><\/td><td class=\"column-2\"><\/td><td class=\"column-3\"><\/td>\n<\/tr>\n<tr class=\"row-29\">\n\t<td class=\"column-1\"><strong>DIRECCI\u00d3N T\u00c9CNICA<\/strong><\/td><td class=\"column-2\"><strong> ARQ. N\u00c9STOR HUGO ZARAGOZA GARC\u00cdA<\/strong><\/td><td class=\"column-3\"><strong>300<\/strong><\/td>\n<\/tr>\n<tr class=\"row-30\">\n\t<td class=\"column-1\">Departamento de Supervisi\u00f3n de Obra<\/td><td class=\"column-2\">Ing. Gil Abad Ram\u00edrez Castillo<\/td><td class=\"column-3\">301<\/td>\n<\/tr>\n<tr class=\"row-31\">\n\t<td class=\"column-1\">Departamento de Operaci\u00f3n y Mantenimiento<\/td><td class=\"column-2\">Ing. Juan Jose Torres Amaya<\/td><td class=\"column-3\">606<\/td>\n<\/tr>\n<tr class=\"row-32\">\n\t<td class=\"column-1\">Departamento de Control de Calidad<\/td><td class=\"column-2\">Ing. Adan Cruz R\u00edos<\/td><td class=\"column-3\">303<\/td>\n<\/tr>\n<tr class=\"row-33\">\n\t<td class=\"column-1\">Departamento De M\u00f3dulos de Servicio<\/td><td class=\"column-2\">C.P. Veronica P\u00e9rez Cruz<\/td><td class=\"column-3\">311<\/td>\n<\/tr>\n<\/tbody>\n<\/table>\n<!-- #tablepress-tbl-directorio from cache -->\n<p>&nbsp;<\/p>\n<p>Hola<\/p>\n","protected":false},"excerpt":{"rendered":"<p>&nbsp; Hola<\/p>\n","protected":false},"author":48,"featured_media":0,"parent":0,"menu_order":0,"comment_status":"closed","ping_status":"closed","template":"","meta":{"episode_type":"","audio_file":"","podmotor_file_id":"","podmotor_episode_id":"","cover_image":"","cover_image_id":"","duration":"","filesize":"","filesize_raw":"","date_recorded":"","explicit":"","block":"","itunes_episode_number":"","itunes_title":"","itunes_season_number":"","itunes_episode_type":"","footnotes":""},"categories":[],"tags":[],"class_list":["post-10136","page","type-page","status-publish","hentry"],"acf":[],"publishpress_future_action":{"enabled":false,"date":"2026-04-23 17:26:47","action":"change-status","newStatus":"draft","terms":[],"taxonomy":"category","extraData":[]},"publishpress_future_workflow_manual_trigger":{"enabledWorkflows":[]},"_links":{"self":[{"href":"https:\/\/www.oaxaca.gob.mx\/soapa\/wp-json\/wp\/v2\/pages\/10136","targetHints":{"allow":["GET"]}}],"collection":[{"href":"https:\/\/www.oaxaca.gob.mx\/soapa\/wp-json\/wp\/v2\/pages"}],"about":[{"href":"https:\/\/www.oaxaca.gob.mx\/soapa\/wp-json\/wp\/v2\/types\/page"}],"author":[{"embeddable":true,"href":"https:\/\/www.oaxaca.gob.mx\/soapa\/wp-json\/wp\/v2\/users\/48"}],"replies":[{"embeddable":true,"href":"https:\/\/www.oaxaca.gob.mx\/soapa\/wp-json\/wp\/v2\/comments?post=10136"}],"version-history":[{"count":2,"href":"https:\/\/www.oaxaca.gob.mx\/soapa\/wp-json\/wp\/v2\/pages\/10136\/revisions"}],"predecessor-version":[{"id":10149,"href":"https:\/\/www.oaxaca.gob.mx\/soapa\/wp-json\/wp\/v2\/pages\/10136\/revisions\/10149"}],"wp:attachment":[{"href":"https:\/\/www.oaxaca.gob.mx\/soapa\/wp-json\/wp\/v2\/media?parent=10136"}],"wp:term":[{"taxonomy":"category","embeddable":true,"href":"https:\/\/www.oaxaca.gob.mx\/soapa\/wp-json\/wp\/v2\/categories?post=10136"},{"taxonomy":"post_tag","embeddable":true,"href":"https:\/\/www.oaxaca.gob.mx\/soapa\/wp-json\/wp\/v2\/tags?post=10136"}],"curies":[{"name":"wp","href":"https:\/\/api.w.org\/{rel}","templated":true}]}}