{"id":9571,"date":"2022-05-17T18:58:08","date_gmt":"2022-05-17T23:58:08","guid":{"rendered":"https:\/\/www.oaxaca.gob.mx\/smo\/?page_id=9571"},"modified":"2025-12-30T18:32:06","modified_gmt":"2025-12-31T00:32:06","slug":"licitaciones","status":"publish","type":"page","link":"https:\/\/www.oaxaca.gob.mx\/sm\/licitaciones\/","title":{"rendered":"Licitaciones"},"content":{"rendered":"<div class=\"su-tabs su-tabs-style-default su-tabs-mobile-stack\" data-active=\"1\" data-scroll-offset=\"0\" data-anchor-in-url=\"yes\"><div class=\"su-tabs-nav\"><span class=\"\" data-url=\"\" data-target=\"blank\" tabindex=\"0\" role=\"button\">Programa Anual de Adquisiciones<\/span><span class=\"\" data-url=\"\" data-target=\"blank\" tabindex=\"0\" role=\"button\">Acta 6TA SO CF SM<\/span><span class=\"\" data-url=\"\" data-target=\"blank\" tabindex=\"0\" role=\"button\">PAAAS 2024 AUTORIZADO<\/span><span class=\"\" data-url=\"\" data-target=\"blank\" tabindex=\"0\" role=\"button\">PAAAS 2024 MODIFICADO<\/span><span class=\"\" data-url=\"\" data-target=\"blank\" tabindex=\"0\" role=\"button\">2025<\/span><\/div><div class=\"su-tabs-panes\"><div class=\"su-tabs-pane su-u-clearfix su-u-trim\" data-title=\"Programa Anual de Adquisiciones\">\n<a href=\"https:\/\/www.oaxaca.gob.mx\/sm\/wp-content\/uploads\/sites\/72\/2025\/12\/PAASOP-2024.pdf\" class=\"pdfemb-viewer\" style=\"\" data-width=\"max\" data-height=\"max\" data-toolbar=\"top\" data-toolbar-fixed=\"on\">PAASOP-2024<\/a>\n<\/div>\n<div class=\"su-tabs-pane su-u-clearfix su-u-trim\" data-title=\"Acta 6TA SO CF SM\">\n<div class=\"su-row\"><div class=\"su-column su-column-size-1-2\"><div class=\"su-column-inner su-u-clearfix su-u-trim\">Acta 6TA SO CF SM <\/div><\/div> <div class=\"su-column su-column-size-1-2\"><div class=\"su-column-inner su-u-clearfix su-u-trim\">.<\/div><\/div> <\/div>\n<div class=\"su-row\"><\/div><div class=\"su-column su-column-size-1-2\"><div class=\"su-column-inner su-u-clearfix su-u-trim\"><\/div><\/div><a href=\"https:\/\/www.oaxaca.gob.mx\/sm\/wp-content\/uploads\/sites\/72\/2025\/02\/3.-ACTA-6TA-SO-CF-SM.pdf\" class=\"pdfemb-viewer\" style=\"\" data-width=\"max\" data-height=\"max\" data-toolbar=\"top\" data-toolbar-fixed=\"on\">3.-ACTA-6TA-SO-CF-SM<\/a>\n<\/div>\n<div class=\"su-tabs-pane su-u-clearfix su-u-trim\" data-title=\"PAAAS 2024 AUTORIZADO\">\n<a href=\"https:\/\/www.oaxaca.gob.mx\/sm\/wp-content\/uploads\/sites\/72\/2025\/05\/PAAAS-AUT.pdf\" class=\"pdfemb-viewer\" style=\"\" data-width=\"max\" data-height=\"max\" data-toolbar=\"top\" data-toolbar-fixed=\"on\">PAAAS-AUT<\/a>\n<\/div>\n<div class=\"su-tabs-pane su-u-clearfix su-u-trim\" data-title=\"PAAAS 2024 MODIFICADO\">\n<a href=\"https:\/\/www.oaxaca.gob.mx\/sm\/wp-content\/uploads\/sites\/72\/2025\/05\/PAAAS-MOD-7-8.pdf\" class=\"pdfemb-viewer\" style=\"\" data-width=\"max\" data-height=\"max\" data-toolbar=\"top\" data-toolbar-fixed=\"on\">PAAAS-MOD-7-8<\/a>\n<\/div>\n<div class=\"su-tabs-pane su-u-clearfix su-u-trim\" data-title=\"2025\">\n<a href=\"https:\/\/www.oaxaca.gob.mx\/sm\/wp-content\/uploads\/sites\/72\/2025\/10\/Convocatoria-I3P.pdf\" class=\"pdfemb-viewer\" style=\"\" data-width=\"max\" data-height=\"max\" data-toolbar=\"top\" data-toolbar-fixed=\"on\">Convocatoria-I3P<\/a>\n<\/div><\/div><\/div>\n[\/su_tabs]\n<p>&nbsp;<\/p>\n<div class=\"su-tabs su-tabs-style-default su-tabs-mobile-stack\" data-active=\"1\" data-scroll-offset=\"0\" data-anchor-in-url=\"yes\"><div class=\"su-tabs-nav\"><span class=\"\" data-url=\"\" data-target=\"blank\" tabindex=\"0\" role=\"button\">Procedimiento: IA3P-IA-920032984-E1-2021<\/span><span class=\"\" data-url=\"\" data-target=\"blank\" tabindex=\"0\" role=\"button\">Procedimiento: IA3P-IA-920032984-E3-2021<\/span><span class=\"\" data-url=\"\" data-target=\"blank\" tabindex=\"0\" role=\"button\">Procedimiento: IA3P-IA-920032984-E4-2021<\/span><span class=\"\" data-url=\"\" data-target=\"blank\" tabindex=\"0\" role=\"button\">Procedimiento: IA3P-IA-920032984-E5-2021<\/span><span class=\"\" data-url=\"\" data-target=\"blank\" tabindex=\"0\" role=\"button\">Procedimiento: IA3P-IA-920032984-E6-2021<\/span><span class=\"\" data-url=\"\" data-target=\"blank\" tabindex=\"0\" role=\"button\">Procedimiento: IA3P-IA-920032984-E7-2021<\/span><span class=\"\" data-url=\"\" data-target=\"blank\" tabindex=\"0\" role=\"button\">Procedimiento: IA-920032984-E6-2022<\/span><span class=\"\" data-url=\"\" data-target=\"blank\" tabindex=\"0\" role=\"button\">Procedimiento: IA-79-115-920032984-N-1-2023<\/span><\/div><div class=\"su-tabs-panes\"><div class=\"su-tabs-pane su-u-clearfix su-u-trim\" data-title=\"Procedimiento: IA3P-IA-920032984-E1-2021\">Contrataci\u00f3n del Servicio para Ejecutar la Meta 2680. MT. MT.-21-3 Impulsar la Participaci\u00f3n de las Mujeres Mediante un Proyecto Dirigido al Empoderamiento Econ\u00f3mico en el \u00c1mbito Comunitario\n<table id=\"tablepress-54\" class=\"tablepress tablepress-id-54\">\n<thead>\n<tr class=\"row-1\">\n\t<th class=\"column-1\">Nombre<\/th><th class=\"column-2\">Link<\/th>\n<\/tr>\n<\/thead>\n<tbody class=\"row-striping row-hover\">\n<tr class=\"row-2\">\n\t<td class=\"column-1\">Convocatoria de la Invitaci\u00f3n (Bases)<\/td><td class=\"column-2\"><a href=\"https:\/\/www.oaxaca.gob.mx\/smo\/wp-content\/uploads\/sites\/72\/2022\/05\/CONVOCATORIA-A-LA-INVITACIONBASES.pdf\" target=\"_blank\" rel=\"noopener noreferrer\"><i class=\"fas fa-link fa-2x\">\u00a0<\/i><\/a><\/td>\n<\/tr>\n<tr class=\"row-3\">\n\t<td class=\"column-1\">Acta de la Junta de Aclaraciones<\/td><td class=\"column-2\"><a href=\"https:\/\/www.oaxaca.gob.mx\/smo\/wp-content\/uploads\/sites\/72\/2022\/05\/ACTA-DE-JUNTA-DE-ACLARACIONES.pdf\" target=\"_blank\" rel=\"noopener noreferrer\"><i class=\"fas fa-link fa-2x\">\u00a0<\/i><\/a><\/td>\n<\/tr>\n<tr class=\"row-4\">\n\t<td class=\"column-1\">Recepci\u00f3n y Apertura de Propuestas T\u00e9cnicas y Econ\u00f3micas<\/td><td class=\"column-2\"><a href=\"https:\/\/www.oaxaca.gob.mx\/smo\/wp-content\/uploads\/sites\/72\/2022\/05\/RECEPCION-Y-APERTURA-DE-PROPUESTAS-TECNICAS-Y-ECONOMICAS.pdf\" target=\"_blank\" rel=\"noopener noreferrer\"><i class=\"fas fa-link fa-2x\">\u00a0<\/i><\/a><\/td>\n<\/tr>\n<tr class=\"row-5\">\n\t<td class=\"column-1\">Acta de Fallo<\/td><td class=\"column-2\"><a href=\"https:\/\/www.oaxaca.gob.mx\/smo\/wp-content\/uploads\/sites\/72\/2022\/05\/ACTA-DE-FALLO.pdf\" target=\"_blank\" rel=\"noopener noreferrer\"><i class=\"fas fa-link fa-2x\">\u00a0<\/i><\/a><\/td>\n<\/tr>\n<\/tbody>\n<\/table>\n<!-- #tablepress-54 from cache --><\/div>\n<div class=\"su-tabs-pane su-u-clearfix su-u-trim\" data-title=\"Procedimiento: IA3P-IA-920032984-E3-2021\">Contrataci\u00f3n del Servicio para Ejecutar la \u201cMeta 2682.MT. MT-21-5 Identificar e Implementar Buenas Pr\u00e1cticas en Materia de Seguridad Ciudadana y Construcci\u00f3n de Paz con Perspectiva de G\u00e9nero\n<table id=\"tablepress-55\" class=\"tablepress tablepress-id-55\">\n<thead>\n<tr class=\"row-1\">\n\t<th class=\"column-1\">Nombre <\/th><th class=\"column-2\">Link<\/th>\n<\/tr>\n<\/thead>\n<tbody class=\"row-striping row-hover\">\n<tr class=\"row-2\">\n\t<td class=\"column-1\">Convocatoria de la Invitaci\u00f3n (Bases)<\/td><td class=\"column-2\"><a href=\"https:\/\/www.oaxaca.gob.mx\/smo\/wp-content\/uploads\/sites\/72\/2022\/05\/CONVOCATORIA-A-LA-INVITACION-BASES.pdf\" target=\"_blank\" rel=\"noopener noreferrer\"><i class=\"fas fa-link fa-2x\">\u00a0<\/i><\/a><\/td>\n<\/tr>\n<tr class=\"row-3\">\n\t<td class=\"column-1\">Acta de la Junta de Aclaraciones<\/td><td class=\"column-2\"><a href=\"https:\/\/www.oaxaca.gob.mx\/smo\/wp-content\/uploads\/sites\/72\/2022\/05\/ACTA-DE-JUNTA-DE-ACLARACIONES-1.pdf\" target=\"_blank\" rel=\"noopener noreferrer\"><i class=\"fas fa-link fa-2x\">\u00a0<\/i><\/a><\/td>\n<\/tr>\n<tr class=\"row-4\">\n\t<td class=\"column-1\">Recepci\u00f3n y Apertura de Propuestas T\u00e9cnicas y Econ\u00f3micas<\/td><td class=\"column-2\"><a href=\"https:\/\/www.oaxaca.gob.mx\/smo\/wp-content\/uploads\/sites\/72\/2022\/05\/RECEPCION-Y-APERTURA-DE-PRO.-TEC.-Y-ECO..pdf\" target=\"_blank\" rel=\"noopener noreferrer\"><i class=\"fas fa-link fa-2x\">\u00a0<\/i><\/a><\/td>\n<\/tr>\n<tr class=\"row-5\">\n\t<td class=\"column-1\">Acta de Fallo<\/td><td class=\"column-2\"><a href=\"https:\/\/www.oaxaca.gob.mx\/smo\/wp-content\/uploads\/sites\/72\/2022\/05\/ACTA-DE-FALLO-1.pdf\" target=\"_blank\" rel=\"noopener noreferrer\"><i class=\"fas fa-link fa-2x\">\u00a0<\/i><\/a><\/td>\n<\/tr>\n<\/tbody>\n<\/table>\n<!-- #tablepress-55 from cache --><\/div>\n<div class=\"su-tabs-pane su-u-clearfix su-u-trim\" data-title=\"Procedimiento: IA3P-IA-920032984-E4-2021\">Contrataci\u00f3n de Servicios para la Ejecuci\u00f3n de las \u201cMetas 243.MT. MF-4 \/ 246.MT. AC-MF-4. Desarrollar Procesos de Intervenci\u00f3n Integral en Materia de Educaci\u00f3n Integral en Sexualidad (EIS) Dirigida a Comunidades Escolares Y 244.MT. MF-5 \/ 245.MT. AC-MF-5. Implementar Procesos de Sensibilizaci\u00f3n e Intervenci\u00f3n Integral Dirigidos a Comunidades No Escolares con la Participaci\u00f3n de Actores Locales e Institucionales para la Prevenci\u00f3n del Embarazo en Adolescentes\n<table id=\"tablepress-56\" class=\"tablepress tablepress-id-56\">\n<thead>\n<tr class=\"row-1\">\n\t<th class=\"column-1\">Nombre <\/th><th class=\"column-2\">Link<\/th>\n<\/tr>\n<\/thead>\n<tbody class=\"row-striping row-hover\">\n<tr class=\"row-2\">\n\t<td class=\"column-1\">Convocatoria de la Invitaci\u00f3n (Bases)<\/td><td class=\"column-2\"><a href=\"https:\/\/www.oaxaca.gob.mx\/smo\/wp-content\/uploads\/sites\/72\/2022\/05\/CONVOCATORIA-A-LA-INVITACION-BASES-1.pdf\" target=\"_blank\" rel=\"noopener noreferrer\"><i class=\"fas fa-link fa-2x\">\u00a0<\/i><\/a><\/td>\n<\/tr>\n<tr class=\"row-3\">\n\t<td class=\"column-1\">Acta de la Junta de Aclaraciones<\/td><td class=\"column-2\"><a href=\"https:\/\/www.oaxaca.gob.mx\/smo\/wp-content\/uploads\/sites\/72\/2022\/05\/ACTA-DE-JUNTA-DE-ACLARACIONES-2.pdf\" target=\"_blank\" rel=\"noopener noreferrer\"><i class=\"fas fa-link fa-2x\">\u00a0<\/i><\/a><\/td>\n<\/tr>\n<tr class=\"row-4\">\n\t<td class=\"column-1\">Recepci\u00f3n y Apertura de Propuestas T\u00e9cnicas y Econ\u00f3micas<\/td><td class=\"column-2\"><a href=\"https:\/\/www.oaxaca.gob.mx\/smo\/wp-content\/uploads\/sites\/72\/2022\/05\/RECEPCION-Y-APERTURA-DE-PRO.-TEC.-Y-ECO.-1.pdf\" target=\"_blank\" rel=\"noopener noreferrer\"><i class=\"fas fa-link fa-2x\">\u00a0<\/i><\/a><\/td>\n<\/tr>\n<tr class=\"row-5\">\n\t<td class=\"column-1\">Acta de Fallo<\/td><td class=\"column-2\"><a href=\"https:\/\/www.oaxaca.gob.mx\/smo\/wp-content\/uploads\/sites\/72\/2022\/05\/ACTA-DE-FALLO-2.pdf\" target=\"_blank\" rel=\"noopener noreferrer\"><i class=\"fas fa-link fa-2x\">\u00a0<\/i><\/a><\/td>\n<\/tr>\n<\/tbody>\n<\/table>\n<!-- #tablepress-56 from cache --><\/div>\n<div class=\"su-tabs-pane su-u-clearfix su-u-trim\" data-title=\"Procedimiento: IA3P-IA-920032984-E5-2021\">Contrataci\u00f3n de Servicios para la Ejecuci\u00f3n de la \u201cMeta 242.MT MF-3 Impulsar Estrategias para la Prevenci\u00f3n y Atenci\u00f3n de la Violencia Sexual Contra Ni\u00f1as y Adolescentes y el Acceso a la Interrupci\u00f3n Voluntaria del Embarazo (IVE) seg\u00fan el Marco Normativo Vigente\n<table id=\"tablepress-57\" class=\"tablepress tablepress-id-57\">\n<thead>\n<tr class=\"row-1\">\n\t<th class=\"column-1\">Nombre <\/th><th class=\"column-2\">Link<\/th>\n<\/tr>\n<\/thead>\n<tbody class=\"row-striping row-hover\">\n<tr class=\"row-2\">\n\t<td class=\"column-1\">Convocatoria de la Invitaci\u00f3n (Bases)<\/td><td class=\"column-2\"><a href=\"https:\/\/www.oaxaca.gob.mx\/smo\/wp-content\/uploads\/sites\/72\/2022\/05\/CONVOCATORIA-A-LA-INVITACION-BASES-2.pdf\" target=\"_blank\" rel=\"noopener noreferrer\"><i class=\"fas fa-link fa-2x\">\u00a0<\/i><\/a><\/td>\n<\/tr>\n<tr class=\"row-3\">\n\t<td class=\"column-1\">Acta de la Junta de Aclaraciones<\/td><td class=\"column-2\"><a href=\"https:\/\/www.oaxaca.gob.mx\/smo\/wp-content\/uploads\/sites\/72\/2022\/05\/ACTA-DE-JUNTA-DE-ACLARACIONES-3.pdf\" target=\"_blank\" rel=\"noopener noreferrer\"><i class=\"fas fa-link fa-2x\">\u00a0<\/i><\/a><\/td>\n<\/tr>\n<tr class=\"row-4\">\n\t<td class=\"column-1\">Recepci\u00f3n y Apertura de Propuestas T\u00e9cnicas y Econ\u00f3micas<br \/>\n<\/td><td class=\"column-2\"><a href=\"https:\/\/www.oaxaca.gob.mx\/smo\/wp-content\/uploads\/sites\/72\/2022\/05\/RECEPCION-Y-APERTURA-DE-PRO.-TEC.-Y-ECO.-2.pdf\" target=\"_blank\" rel=\"noopener noreferrer\"><i class=\"fas fa-link fa-2x\">\u00a0<\/i><\/a><\/td>\n<\/tr>\n<tr class=\"row-5\">\n\t<td class=\"column-1\">Acta de Fallo<\/td><td class=\"column-2\"><a href=\"https:\/\/www.oaxaca.gob.mx\/smo\/wp-content\/uploads\/sites\/72\/2022\/05\/ACTA-DE-FALLO-3.pdf\" target=\"_blank\" rel=\"noopener noreferrer\"><i class=\"fas fa-link fa-2x\">\u00a0<\/i><\/a><\/td>\n<\/tr>\n<\/tbody>\n<\/table>\n<!-- #tablepress-57 from cache --><\/div>\n<div class=\"su-tabs-pane su-u-clearfix su-u-trim\" data-title=\"Procedimiento: IA3P-IA-920032984-E6-2021\">Contrataci\u00f3n del Servicio para la Ejecuci\u00f3n de la Meta 240.MT MF-1 Fortalecer la Capacidad de Incidencia y la Instrumentaci\u00f3n de Acciones Locales Articuladas por los Grupos Estatales para la Prevenci\u00f3n del Embarazo en Adolescentes, con el Liderazgo de las Instancias de las Mujeres en las Entidades Federativas (IMEF) en los Grupos\n<table id=\"tablepress-58\" class=\"tablepress tablepress-id-58\">\n<thead>\n<tr class=\"row-1\">\n\t<th class=\"column-1\">Nombre <\/th><th class=\"column-2\">Link<\/th>\n<\/tr>\n<\/thead>\n<tbody class=\"row-striping row-hover\">\n<tr class=\"row-2\">\n\t<td class=\"column-1\">Convocatoria de la Invitaci\u00f3n (Bases)<\/td><td class=\"column-2\"><a href=\"https:\/\/www.oaxaca.gob.mx\/smo\/wp-content\/uploads\/sites\/72\/2022\/05\/CONVOCATORIA-A-LA-INVITACION-BASES-3.pdf\" target=\"_blank\" rel=\"noopener noreferrer\"><i class=\"fas fa-link fa-2x\">\u00a0<\/i><\/a><\/td>\n<\/tr>\n<tr class=\"row-3\">\n\t<td class=\"column-1\">Acta de la Junta de Aclaraciones<\/td><td class=\"column-2\"><a href=\"https:\/\/www.oaxaca.gob.mx\/smo\/wp-content\/uploads\/sites\/72\/2022\/05\/ACTA-DE-JUNTA-DE-ACLARACIONES-4.pdf\" target=\"_blank\" rel=\"noopener noreferrer\"><i class=\"fas fa-link fa-2x\">\u00a0<\/i><\/a><\/td>\n<\/tr>\n<tr class=\"row-4\">\n\t<td class=\"column-1\">Recepci\u00f3n y Apertura de Propuestas T\u00e9cnicas y Econ\u00f3micas<\/td><td class=\"column-2\"><a href=\"https:\/\/www.oaxaca.gob.mx\/smo\/wp-content\/uploads\/sites\/72\/2022\/05\/RECEPCION-Y-APERTURA-DE-PRO.-TEC.-Y-ECO.-3.pdf\" target=\"_blank\" rel=\"noopener noreferrer\"><i class=\"fas fa-link fa-2x\">\u00a0<\/i><\/a><\/td>\n<\/tr>\n<tr class=\"row-5\">\n\t<td class=\"column-1\">Acta de Fallo<\/td><td class=\"column-2\"><a href=\"https:\/\/www.oaxaca.gob.mx\/smo\/wp-content\/uploads\/sites\/72\/2022\/05\/ACTA-DE-FALLO-4.pdf\" target=\"_blank\" rel=\"noopener noreferrer\"><i class=\"fas fa-link fa-2x\">\u00a0<\/i><\/a><\/td>\n<\/tr>\n<\/tbody>\n<\/table>\n<!-- #tablepress-58 from cache --><\/div>\n<div class=\"su-tabs-pane su-u-clearfix su-u-trim\" data-title=\"Procedimiento: IA3P-IA-920032984-E7-2021\">Contrataci\u00f3n de Servicios y Adquisici\u00f3n de Bienes e Insumos para la Ejecuci\u00f3n de la \u201cMeta 2933.MT. MTC-21-4 Contribuir al Fortalecimiento Operativo de las Casas y Albergues para Mujeres Migrantes sus Hijas e Hijos\n<table id=\"tablepress-91\" class=\"tablepress tablepress-id-91\">\n<thead>\n<tr class=\"row-1\">\n\t<th class=\"column-1\">Nombre <\/th><th class=\"column-2\">Link<\/th>\n<\/tr>\n<\/thead>\n<tbody class=\"row-striping row-hover\">\n<tr class=\"row-2\">\n\t<td class=\"column-1\"> Convocatoria de la Invitaci\u00f3n (Bases)<\/td><td class=\"column-2\"><a href=\"https:\/\/www.oaxaca.gob.mx\/smo\/wp-content\/uploads\/sites\/72\/2022\/05\/CONVOCATORIA-A-LA-INVITACION-BASES-4.pdf\" target=\"_blank\" rel=\"noopener noreferrer\"><i class=\"fas fa-link fa-2x\">\u00a0<\/i><\/a><\/td>\n<\/tr>\n<tr class=\"row-3\">\n\t<td class=\"column-1\">Acta de la Junta de Aclaraciones<\/td><td class=\"column-2\"><a href=\"https:\/\/www.oaxaca.gob.mx\/smo\/wp-content\/uploads\/sites\/72\/2022\/05\/ACTA-DE-JUNTA-DE-ACLARACIONES-5.pdf\" target=\"_blank\" rel=\"noopener noreferrer\"><i class=\"fas fa-link fa-2x\">\u00a0<\/i><\/a><\/td>\n<\/tr>\n<tr class=\"row-4\">\n\t<td class=\"column-1\">Recepci\u00f3n y Apertura de Propuestas T\u00e9cnicas y Econ\u00f3micas<\/td><td class=\"column-2\"><a href=\"https:\/\/www.oaxaca.gob.mx\/smo\/wp-content\/uploads\/sites\/72\/2022\/05\/RECEPCION-Y-APERTURA-DE-PRO.-TEC.-Y-ECN..pdf\" target=\"_blank\" rel=\"noopener noreferrer\"><i class=\"fas fa-link fa-2x\">\u00a0<\/i><\/a><\/td>\n<\/tr>\n<tr class=\"row-5\">\n\t<td class=\"column-1\">Acta de Fallo<\/td><td class=\"column-2\"><a href=\"https:\/\/www.oaxaca.gob.mx\/smo\/wp-content\/uploads\/sites\/72\/2022\/05\/ACTA-DE-FALLO-5.pdf\" target=\"_blank\" rel=\"noopener noreferrer\"><i class=\"fas fa-link fa-2x\">\u00a0<\/i><\/a><\/td>\n<\/tr>\n<\/tbody>\n<\/table>\n<!-- #tablepress-91 from cache --><\/div>\n<div class=\"su-tabs-pane su-u-clearfix su-u-trim\" data-title=\"Procedimiento: IA-920032984-E6-2022\">Contrataci\u00f3n de servicios para la ejecuci\u00f3n del proyecto AVGM\/OAX\/AC2\/SM\/92 (Sistemas \u00danico de Informaci\u00f3n de la Secretar\u00eda de las Mujeres de Oaxaca)\n<table id=\"tablepress-84\" class=\"tablepress tablepress-id-84\">\n<thead>\n<tr class=\"row-1\">\n\t<th class=\"column-1\">Nombre<\/th><th class=\"column-2\">Link<\/th>\n<\/tr>\n<\/thead>\n<tbody class=\"row-striping row-hover\">\n<tr class=\"row-2\">\n\t<td class=\"column-1\">Convocatoria de la Invitaci\u00f3n (Bases)<\/td><td class=\"column-2\"><a href=\"https:\/\/www.oaxaca.gob.mx\/smo\/wp-content\/uploads\/sites\/72\/2023\/02\/CONVOCATORIA-BASES.pdf\" target=\"_blank\" rel=\"noopener noreferrer\"><i class=\"fas fa-link fa-2x\">\u00a0<\/i><\/a><\/td>\n<\/tr>\n<tr class=\"row-3\">\n\t<td class=\"column-1\">Acta de la Junta de Aclaraciones<\/td><td class=\"column-2\"><a href=\"https:\/\/www.oaxaca.gob.mx\/smo\/wp-content\/uploads\/sites\/72\/2023\/02\/ACTA-JUNTA-DE-ACLARACIONES.pdf\" target=\"_blank\" rel=\"noopener noreferrer\"><i class=\"fas fa-link fa-2x\">\u00a0<\/i><\/a><\/td>\n<\/tr>\n<tr class=\"row-4\">\n\t<td class=\"column-1\">Recepci\u00f3n y Apertura de Propuestas T\u00e9cnicas y Econ\u00f3micas<\/td><td class=\"column-2\"><a href=\"https:\/\/www.oaxaca.gob.mx\/smo\/wp-content\/uploads\/sites\/72\/2023\/02\/ACTA-DE-RECEP.-Y-APERTURA-DE-PROPOSICIONES.pdf\" target=\"_blank\" rel=\"noopener noreferrer\"><i class=\"fas fa-link fa-2x\">\u00a0<\/i><\/a><\/td>\n<\/tr>\n<tr class=\"row-5\">\n\t<td class=\"column-1\">Acta de Fallo<\/td><td class=\"column-2\"><a href=\"https:\/\/www.oaxaca.gob.mx\/smo\/wp-content\/uploads\/sites\/72\/2023\/02\/ACTA-FALLO.pdf\" target=\"_blank\" rel=\"noopener noreferrer\"><i class=\"fas fa-link fa-2x\">\u00a0<\/i><\/a><\/td>\n<\/tr>\n<\/tbody>\n<\/table>\n<!-- #tablepress-84 from cache --><\/div>\n<div class=\"su-tabs-pane su-u-clearfix su-u-trim\" data-title=\"Procedimiento: IA-79-115-920032984-N-1-2023\">Contrataci\u00f3n de servicios para la ejecuci\u00f3n de las metas 11.MT MF-1. 12.MT MF-2, 13.MT MF-3, 15.MT MUCPAZ-MF-1, 16.MT MUCPAZ-MF-2, 19.MT MUCPAZ-MF-3 en el marco del Fondo para el Bienestar y el Avance de las Mujeres (FOBAM 2023)\n<table id=\"tablepress-90\" class=\"tablepress tablepress-id-90\">\n<thead>\n<tr class=\"row-1\">\n\t<th class=\"column-1\">Nombre<\/th><th class=\"column-2\">Link<\/th>\n<\/tr>\n<\/thead>\n<tbody class=\"row-striping row-hover\">\n<tr class=\"row-2\">\n\t<td class=\"column-1\">Convocatoria de la Invitaci\u00f3n (Bases)<\/td><td class=\"column-2\"><a href=\"https:\/\/www.oaxaca.gob.mx\/sm\/wp-content\/uploads\/sites\/72\/2023\/12\/CONVOCATORIA-BASES-IA-79-115-920032984-N-1-2023.pdf\" target=\"_blank\" rel=\"noopener noreferrer\"><i class=\"fas fa-link fa-2x\">\u00a0<\/i><\/a><\/td>\n<\/tr>\n<tr class=\"row-3\">\n\t<td class=\"column-1\">Acta de la Junta de Aclaraciones<\/td><td class=\"column-2\"><a href=\"https:\/\/www.oaxaca.gob.mx\/sm\/wp-content\/uploads\/sites\/72\/2023\/12\/ACTA-JUNTA-DE-ACLARACIONES-IA-79-115-920032984.pdf\" target=\"_blank\" rel=\"noopener noreferrer\"><i class=\"fas fa-link fa-2x\">\u00a0<\/i><\/a><\/td>\n<\/tr>\n<tr class=\"row-4\">\n\t<td class=\"column-1\">Recepci\u00f3n y Apertura de Propuestas T\u00e9cnicas y Econ\u00f3micas<\/td><td class=\"column-2\"><a href=\"https:\/\/www.oaxaca.gob.mx\/sm\/wp-content\/uploads\/sites\/72\/2023\/12\/ACTA-RECEP.-Y-APERT.-PROPOSICIONES-IA-79-115920032984-N-1-2023.pdf\" target=\"_blank\" rel=\"noopener noreferrer\"><i class=\"fas fa-link fa-2x\">\u00a0<\/i><\/a><\/td>\n<\/tr>\n<tr class=\"row-5\">\n\t<td class=\"column-1\">Acta de Fallo<\/td><td class=\"column-2\"><a href=\"https:\/\/www.oaxaca.gob.mx\/sm\/wp-content\/uploads\/sites\/72\/2023\/12\/ACTA-DE-FALLO-IA-79-115-920032984-N-1-2023.pdf\" target=\"_blank\" rel=\"noopener noreferrer\"><i class=\"fas fa-link fa-2x\">\u00a0<\/i><\/a><\/td>\n<\/tr>\n<\/tbody>\n<\/table>\n<!-- #tablepress-90 from cache --><\/div><\/div><\/div>\n","protected":false},"excerpt":{"rendered":"<p>[\/su_tabs] &nbsp;<\/p>\n","protected":false},"author":78,"featured_media":0,"parent":0,"menu_order":0,"comment_status":"closed","ping_status":"closed","template":"","meta":{"episode_type":"","audio_file":"","podmotor_file_id":"","podmotor_episode_id":"","cover_image":"","cover_image_id":"","duration":"","filesize":"","filesize_raw":"","date_recorded":"","explicit":"","block":"","itunes_episode_number":"","itunes_title":"","itunes_season_number":"","itunes_episode_type":"","footnotes":""},"categories":[],"tags":[],"class_list":["post-9571","page","type-page","status-publish","hentry"],"acf":[],"publishpress_future_action":{"enabled":false,"date":"2026-05-13 12:12:06","action":"change-status","newStatus":"draft","terms":[],"taxonomy":"category","extraData":[]},"publishpress_future_workflow_manual_trigger":{"enabledWorkflows":[]},"_links":{"self":[{"href":"https:\/\/www.oaxaca.gob.mx\/sm\/wp-json\/wp\/v2\/pages\/9571","targetHints":{"allow":["GET"]}}],"collection":[{"href":"https:\/\/www.oaxaca.gob.mx\/sm\/wp-json\/wp\/v2\/pages"}],"about":[{"href":"https:\/\/www.oaxaca.gob.mx\/sm\/wp-json\/wp\/v2\/types\/page"}],"author":[{"embeddable":true,"href":"https:\/\/www.oaxaca.gob.mx\/sm\/wp-json\/wp\/v2\/users\/78"}],"replies":[{"embeddable":true,"href":"https:\/\/www.oaxaca.gob.mx\/sm\/wp-json\/wp\/v2\/comments?post=9571"}],"version-history":[{"count":2,"href":"https:\/\/www.oaxaca.gob.mx\/sm\/wp-json\/wp\/v2\/pages\/9571\/revisions"}],"predecessor-version":[{"id":14735,"href":"https:\/\/www.oaxaca.gob.mx\/sm\/wp-json\/wp\/v2\/pages\/9571\/revisions\/14735"}],"wp:attachment":[{"href":"https:\/\/www.oaxaca.gob.mx\/sm\/wp-json\/wp\/v2\/media?parent=9571"}],"wp:term":[{"taxonomy":"category","embeddable":true,"href":"https:\/\/www.oaxaca.gob.mx\/sm\/wp-json\/wp\/v2\/categories?post=9571"},{"taxonomy":"post_tag","embeddable":true,"href":"https:\/\/www.oaxaca.gob.mx\/sm\/wp-json\/wp\/v2\/tags?post=9571"}],"curies":[{"name":"wp","href":"https:\/\/api.w.org\/{rel}","templated":true}]}}