{"id":8858,"date":"2022-11-24T13:36:58","date_gmt":"2022-11-24T19:36:58","guid":{"rendered":"https:\/\/www.oaxaca.gob.mx\/smo\/?page_id=8858"},"modified":"2023-12-01T16:40:36","modified_gmt":"2023-12-01T22:40:36","slug":"directorio-de-organizaciones-de-la-sociedad-civil","status":"publish","type":"page","link":"https:\/\/www.oaxaca.gob.mx\/sm\/directorio-de-unidades-locales-de-atencion-especializada","title":{"rendered":"Directorio de Unidades Locales de Atenci\u00f3n Especializada"},"content":{"rendered":"<p><img loading=\"lazy\" decoding=\"async\" class=\"alignnone size-full wp-image-12613\" src=\"https:\/\/www.oaxaca.gob.mx\/sm\/wp-content\/uploads\/sites\/72\/2023\/12\/cintillo-scaled.jpg\" alt=\"\" width=\"2560\" height=\"244\" srcset=\"https:\/\/www.oaxaca.gob.mx\/sm\/wp-content\/uploads\/sites\/72\/2023\/12\/cintillo-scaled.jpg 2560w, https:\/\/www.oaxaca.gob.mx\/sm\/wp-content\/uploads\/sites\/72\/2023\/12\/cintillo-300x29.jpg 300w, https:\/\/www.oaxaca.gob.mx\/sm\/wp-content\/uploads\/sites\/72\/2023\/12\/cintillo-1024x97.jpg 1024w, https:\/\/www.oaxaca.gob.mx\/sm\/wp-content\/uploads\/sites\/72\/2023\/12\/cintillo-768x73.jpg 768w, https:\/\/www.oaxaca.gob.mx\/sm\/wp-content\/uploads\/sites\/72\/2023\/12\/cintillo-1536x146.jpg 1536w, https:\/\/www.oaxaca.gob.mx\/sm\/wp-content\/uploads\/sites\/72\/2023\/12\/cintillo-2048x195.jpg 2048w\" sizes=\"auto, (max-width: 2560px) 100vw, 2560px\" \/><\/p>\n<hr \/>\n<h2 style=\"text-align: center\"><strong>Servicios de Atenci\u00f3n<\/strong><\/h2>\n<hr \/>\n<p>Las unidades locales de atenci\u00f3n especializada pertenecientes a la Secretaria de las Mujeres y de organizaciones que se encuentran en el siguiente directorio, son fortalecidos con recursos que brinda la CONAVIM a trav\u00e9s del Programa Anual PAIMEF-2023: \u201cUniendo esfuerzos interinstitucionales para contribuir al desarrollo y bienestar de las mujeres mediante la prevenci\u00f3n, atenci\u00f3n y especializaci\u00f3n en el \u00e1mbito comunitario e institucional\u201d, y que en su Vertiente C, busca fortalecer los servicios de atenci\u00f3n especializada para mujeres en situaci\u00f3n de violencia y personas allegadas en las unidades locales de atenci\u00f3n de la Secretar\u00eda de las Mujeres y de organizaciones en las regiones de la entidad.<\/p>\n<p style=\"text-align: center\"><div class=\"su-box su-box-style-default\" id=\"\" style=\"border-color:#080026;border-radius:3px;max-width:none\"><div class=\"su-box-title\" style=\"background-color:#3B0859;color:#FFFFFF;border-top-left-radius:1px;border-top-right-radius:1px\"><strong>La Secretar\u00eda de las Mujeres de Oaxaca brinda los siguientes servicios gratuitos:<\/strong><\/div><div class=\"su-box-content su-u-clearfix su-u-trim\" style=\"border-bottom-left-radius:1px;border-bottom-right-radius:1px\">\n<div class=\"su-list\" style=\"margin-left:0px\">\n<ul>\n<li><i class=\"sui sui-check\" style=\"color:#333333\"><\/i> Trabajo Social.<\/li>\n<li><i class=\"sui sui-check\" style=\"color:#333333\"><\/i> Ludoteca.<\/li>\n<li><i class=\"sui sui-check\" style=\"color:#333333\"><\/i> Legal.<\/li>\n<li><i class=\"sui sui-check\" style=\"color:#333333\"><\/i> Psicol\u00f3gica.<\/li>\n<li><i class=\"sui sui-check\" style=\"color:#333333\"><\/i> Tanatol\u00f3gico.<\/li>\n<\/ul>\n<\/div>\n<\/div><\/div>\n<p>Estos servicios son brindados por el Centro de Atenci\u00f3n Estatal Integral a Mujeres en situaci\u00f3n de Violencia (CEATI-MUJERES), el cual se integra por: Unidad de Atenci\u00f3n Integral a Mujeres en Situaci\u00f3n de Violencia Familiar y de G\u00e9nero, Unidad de Atenci\u00f3n a Mujeres en Situaci\u00f3n de Violencia Sexual, Unidad de Atenci\u00f3n y Seguimiento a Casos de Feminicidio en el Estado de Oaxaca y Grupo focalizado para la atenci\u00f3n y seguimiento a casos de violencia digital en raz\u00f3n de g\u00e9nero contra las Mujeres en el Estado de Oaxaca, as\u00ed como por las Unidades Locales de las organizaciones de la sociedad civil:<\/p>\n\n<table id=\"tablepress-46\" class=\"tablepress tablepress-id-46\">\n<thead>\n<tr class=\"row-1\">\n\t<th class=\"column-1\">Entidad<\/th><th class=\"column-2\">Centro \/ Unidad<br \/>\n     de Atenci\u00f3n<\/th><th class=\"column-3\">Domicilio<\/th><th class=\"column-4\">    N\u00fameros<br \/>\nTelef\u00f3nicos<\/th><th class=\"column-5\">   Correo Electr\u00f3nico<\/th><th class=\"column-6\">Horario de<br \/>\n Atenci\u00f3n<\/th><th class=\"column-7\">Servicios<br \/>\nGratuitos<\/th>\n<\/tr>\n<\/thead>\n<tbody class=\"row-striping row-hover\">\n<tr class=\"row-2\">\n\t<td class=\"column-1\">Oaxaca<\/td><td class=\"column-2\">Unidad de Atenci\u00f3n Integral a Mujeres en Situaci\u00f3n de Violencia Familiar y de G\u00e9nero<\/td><td class=\"column-3\">Calle Rep\u00fablica de El Salvador No.112 Col. Am\u00e9rica Sur C.P. 68104, Oaxaca de Ju\u00e1rez<\/td><td class=\"column-4\">951 672 64 69<\/td><td class=\"column-5\">centropaimefoaxaca@gmail.com<\/td><td class=\"column-6\">Se brindan servicios presenciales y en l\u00ednea. El horario de atenci\u00f3n es de lunes a viernes de 9:00 a 21:00 horas, s\u00e1bados de 10:00 a 14:00 horas y a partir de las 15:00 horas se establecen guardias virtuales para la atenci\u00f3n de los d\u00edas s\u00e1bado y domingo.<\/td><td class=\"column-7\">Psicol\u00f3gico<br \/>\nJur\u00eddico<br \/>\nLudoteca<br \/>\nTrabajo Social<\/td>\n<\/tr>\n<tr class=\"row-3\">\n\t<td class=\"column-1\">Oaxaca<\/td><td class=\"column-2\">Unidad de Atenci\u00f3n a Mujeres en Situaci\u00f3n de Violencia Sexual<\/td><td class=\"column-3\">Calle Rep\u00fablica de El Salvador No.112 Col. Am\u00e9rica Sur C.P. 68104, Oaxaca de Ju\u00e1rez<\/td><td class=\"column-4\">951 672 64 69<\/td><td class=\"column-5\">uamsvs@gmail.com<\/td><td class=\"column-6\">Se brindan servicios presenciales y en l\u00ednea. El horario de atenci\u00f3n es de lunes a viernes de 9:00 a 21:00 horas, los s\u00e1bados se atiende de 10:00 a 14:00 horas y a partir de las 15:00 horas se establecen guardias virtuales para la atenci\u00f3n de los d\u00edas s\u00e1bado y domingo.<\/td><td class=\"column-7\">Psicol\u00f3gico<br \/>\nJur\u00eddico<br \/>\nTrabajo Social<\/td>\n<\/tr>\n<tr class=\"row-4\">\n\t<td class=\"column-1\">Oaxaca<\/td><td class=\"column-2\">Unidad de Atenci\u00f3n y Seguimiento a Casos de Feminicidio en el Estado<\/td><td class=\"column-3\">Calle Rep\u00fablica de El Salvador No.112 Col. Am\u00e9rica Sur C.P. 68104, Oaxaca de Ju\u00e1rez<\/td><td class=\"column-4\">951 672 64 69<\/td><td class=\"column-5\">grupo.feminicidios@gmail.com<\/td><td class=\"column-6\">Se brindan servicios presenciales y en l\u00ednea. El horario de atenci\u00f3n es de lunes a viernes de 9:00 a 21:00 horas. S\u00e1bado se atiende de 10:00 a 14:00 horas y a partir de las 15:00 horas se establecen guardias virtuales para la atenci\u00f3n de los d\u00edas s\u00e1bado y domingo.<\/td><td class=\"column-7\">Psicol\u00f3gico<br \/>\nJur\u00eddico<\/td>\n<\/tr>\n<tr class=\"row-5\">\n\t<td class=\"column-1\">Oaxaca<\/td><td class=\"column-2\">Grupo Focalizado para la Atenci\u00f3n y Seguimiento de Casos de Violencia Digital en Raz\u00f3n de G\u00e9nero Contra las Mujeres en el Estado de Oaxaca<\/td><td class=\"column-3\">Calle Rep\u00fablica de El Salvador No.112 Col. Am\u00e9rica Sur C.P. 68104, Oaxaca de Ju\u00e1rez<\/td><td class=\"column-4\">951 672 64 69<\/td><td class=\"column-5\">ViolenciaDigital1@gmail.com <\/td><td class=\"column-6\">Lunes a viernes de 9:00 a 17:00 horas. S\u00e1bado y domingo, guardias virtuales.<\/td><td class=\"column-7\">Psicol\u00f3gico<br \/>\nJur\u00eddico<\/td>\n<\/tr>\n<tr class=\"row-6\">\n\t<td class=\"column-1\">Oaxaca<\/td><td class=\"column-2\">M\u00f3dulo de Orientaci\u00f3n Telef\u00f3nica<\/td><td class=\"column-3\">Calle de Siracusa # 101, 71244 Santa Luc\u00eda del Camino, Oaxaca.<\/td><td class=\"column-4\">Asesor\u00eda Jur\u00eddica<br \/>\n951 207 2666<br \/>\nAsesor\u00eda Psicol\u00f3gica<br \/>\n951 427 7502<br \/>\n<\/td><td class=\"column-5\">modulo.orientaciontelefonica.smo@gmail.com<\/td><td class=\"column-6\">Lunes a viernes de 9:00 a 21:00 horas. S\u00e1bado y domingo de 9:00 a 14:00 horas.<\/td><td class=\"column-7\">Psicol\u00f3gico<br \/>\nJur\u00eddico<\/td>\n<\/tr>\n<tr class=\"row-7\">\n\t<td class=\"column-1\">Oaxaca<\/td><td class=\"column-2\">Centro de Atenci\u00f3n Externa de la Uni\u00f3n de Comunidades Ind\u00edgenas de la Zona Norte del Istmo, UCIZONI\", ubicado en el municipio de Mat\u00edas Romero Avenda\u00f1o de la regi\u00f3n Istmo.<\/td><td class=\"column-3\">Av. 1 de Mayo 1204, Colonia Rinc\u00f3n Viejo, Mat\u00edas Romero Avenda\u00f1o; Oaxaca.<\/td><td class=\"column-4\">971 188 0156<\/td><td class=\"column-5\">martinezpalacioszuly29@gmail.com<\/td><td class=\"column-6\">Lunes a Viernes, con horario de 9:00 a 16:00 horas.<\/td><td class=\"column-7\">Psicol\u00f3gico<br \/>\nJur\u00eddico<br \/>\nTrabajo Social<\/td>\n<\/tr>\n<tr class=\"row-8\">\n\t<td class=\"column-1\">Oaxaca<\/td><td class=\"column-2\">Centro de Atenci\u00f3n Externa de Circulo Profesional para la Formaci\u00f3n con Equidad de G\u00e9nero Nduva Ndandi\", ubicado en el municipio de Heroica Ciudad de Tlaxiaco de la regi\u00f3n Mixteca.<\/td><td class=\"column-3\">Itandeca 24, Barrio San Miguel, Heroica Ciudad de Tlaxiaco; Oaxaca.<\/td><td class=\"column-4\">953 552 0700<\/td><td class=\"column-5\">circuloyahuij@gmail.com,<br \/>\npaimefcirculonduva@gmail.com<\/td><td class=\"column-6\">Lunes a viernes de 09:00-16:00 horas y S\u00e1bados 10:00-14:00 horas.<\/td><td class=\"column-7\">Psicol\u00f3gico<br \/>\nJur\u00eddico<br \/>\nTrabajo Social<\/td>\n<\/tr>\n<tr class=\"row-9\">\n\t<td class=\"column-1\">Oaxaca<\/td><td class=\"column-2\">Centro para los Derechos de la Mujer N\u00e4\u00e4xwiin, ubicado en Matias Romero Avenda\u00f1o de la regi\u00f3n Istmo.<\/td><td class=\"column-3\">Iturbide 300-A, Centro, 70330 Mat\u00edas Romero Avenda\u00f1o, Oaxaca.<\/td><td class=\"column-4\">972 722 3002<\/td><td class=\"column-5\">cdmnaax2023@gmail.com<\/td><td class=\"column-6\">Lunes a Viernes, con horario de 9:00 a 17:00 horas<\/td><td class=\"column-7\">Psicol\u00f3gico<br \/>\nJur\u00eddico<br \/>\nTrabajo Social<\/td>\n<\/tr>\n<tr class=\"row-10\">\n\t<td class=\"column-1\">Oaxaca<\/td><td class=\"column-2\">Centro de Atenci\u00f3n Consolidando un M\u00e9xico Mejor, ubicado en el municipio de Zimatl\u00e1n de \u00c1lvarez de la Regi\u00f3n Valles Centrales.<\/td><td class=\"column-3\">Emiliano Zapata s\/n, esquina con Av. Ju\u00e1rez, Barrio San Juan Zimatl\u00e1n de \u00c1lvarez; Oaxaca.<\/td><td class=\"column-4\">951 142 5758<br \/>\n951 131 6886<\/td><td class=\"column-5\">cummac@hotmail.com<\/td><td class=\"column-6\">De lunes a viernes de 9:00 a 15:00 horas, en caso de existan casos a atender se agenda en un horario distinto.<\/td><td class=\"column-7\">Psicol\u00f3gico<br \/>\nJur\u00eddico<br \/>\nTrabajo Social<\/td>\n<\/tr>\n<\/tbody>\n<\/table>\n<!-- #tablepress-46 from cache -->\n","protected":false},"excerpt":{"rendered":"<p>Servicios de Atenci\u00f3n Las unidades locales de atenci\u00f3n especializada pertenecientes a la Secretaria de las Mujeres y de organizaciones que se encuentran en el siguiente directorio, son fortalecidos con recursos que brinda la CONAVIM a trav\u00e9s del Programa Anual PAIMEF-2023: \u201cUniendo esfuerzos interinstitucionales para contribuir al desarrollo y bienestar de las mujeres mediante la prevenci\u00f3n, [&hellip;]<\/p>\n","protected":false},"author":78,"featured_media":11569,"parent":0,"menu_order":0,"comment_status":"closed","ping_status":"closed","template":"","meta":{"episode_type":"","audio_file":"","podmotor_file_id":"","podmotor_episode_id":"","cover_image":"","cover_image_id":"","duration":"","filesize":"","filesize_raw":"","date_recorded":"","explicit":"","block":"","itunes_episode_number":"","itunes_title":"","itunes_season_number":"","itunes_episode_type":"","footnotes":""},"categories":[7],"tags":[],"class_list":["post-8858","page","type-page","status-publish","has-post-thumbnail","hentry","category-mostrar-en-la-galeria-principal"],"acf":[],"publishpress_future_action":{"enabled":false,"date":"2026-05-16 00:29:19","action":"change-status","newStatus":"draft","terms":[],"taxonomy":"category","extraData":[]},"publishpress_future_workflow_manual_trigger":{"enabledWorkflows":[]},"_links":{"self":[{"href":"https:\/\/www.oaxaca.gob.mx\/sm\/wp-json\/wp\/v2\/pages\/8858","targetHints":{"allow":["GET"]}}],"collection":[{"href":"https:\/\/www.oaxaca.gob.mx\/sm\/wp-json\/wp\/v2\/pages"}],"about":[{"href":"https:\/\/www.oaxaca.gob.mx\/sm\/wp-json\/wp\/v2\/types\/page"}],"author":[{"embeddable":true,"href":"https:\/\/www.oaxaca.gob.mx\/sm\/wp-json\/wp\/v2\/users\/78"}],"replies":[{"embeddable":true,"href":"https:\/\/www.oaxaca.gob.mx\/sm\/wp-json\/wp\/v2\/comments?post=8858"}],"version-history":[{"count":2,"href":"https:\/\/www.oaxaca.gob.mx\/sm\/wp-json\/wp\/v2\/pages\/8858\/revisions"}],"predecessor-version":[{"id":12609,"href":"https:\/\/www.oaxaca.gob.mx\/sm\/wp-json\/wp\/v2\/pages\/8858\/revisions\/12609"}],"wp:featuredmedia":[{"embeddable":true,"href":"https:\/\/www.oaxaca.gob.mx\/sm\/wp-json\/wp\/v2\/media\/11569"}],"wp:attachment":[{"href":"https:\/\/www.oaxaca.gob.mx\/sm\/wp-json\/wp\/v2\/media?parent=8858"}],"wp:term":[{"taxonomy":"category","embeddable":true,"href":"https:\/\/www.oaxaca.gob.mx\/sm\/wp-json\/wp\/v2\/categories?post=8858"},{"taxonomy":"post_tag","embeddable":true,"href":"https:\/\/www.oaxaca.gob.mx\/sm\/wp-json\/wp\/v2\/tags?post=8858"}],"curies":[{"name":"wp","href":"https:\/\/api.w.org\/{rel}","templated":true}]}}