{"id":7764,"date":"2021-06-11T12:35:24","date_gmt":"2021-06-11T17:35:24","guid":{"rendered":"https:\/\/www.oaxaca.gob.mx\/smo\/?page_id=7764"},"modified":"2021-11-10T14:03:55","modified_gmt":"2021-11-10T20:03:55","slug":"contraloria-social-paimef-2021","status":"publish","type":"page","link":"https:\/\/www.oaxaca.gob.mx\/sm\/contraloria-social-paimef-2021\/","title":{"rendered":"Contralor\u00eda Social PAIMEF 2021"},"content":{"rendered":"<p><img decoding=\"async\" class=\"alignnone size-medium wp-image-7765\" src=\"https:\/\/www.oaxaca.gob.mx\/smo\/wp-content\/uploads\/sites\/72\/2021\/06\/banner-contraloria-2021.png\" alt=\"\" width=\"100%\" height=\"\" srcset=\"https:\/\/www.oaxaca.gob.mx\/sm\/wp-content\/uploads\/sites\/72\/2021\/06\/banner-contraloria-2021.png 2000w, https:\/\/www.oaxaca.gob.mx\/sm\/wp-content\/uploads\/sites\/72\/2021\/06\/banner-contraloria-2021-300x155.png 300w, https:\/\/www.oaxaca.gob.mx\/sm\/wp-content\/uploads\/sites\/72\/2021\/06\/banner-contraloria-2021-1024x529.png 1024w, https:\/\/www.oaxaca.gob.mx\/sm\/wp-content\/uploads\/sites\/72\/2021\/06\/banner-contraloria-2021-768x397.png 768w, https:\/\/www.oaxaca.gob.mx\/sm\/wp-content\/uploads\/sites\/72\/2021\/06\/banner-contraloria-2021-1536x794.png 1536w\" sizes=\"(max-width: 2000px) 100vw, 2000px\" \/><\/p>\n<hr \/>\n<hr \/>\n<div class=\"su-box su-box-style-default\" id=\"\" style=\"border-color:#00281a;border-radius:3px;max-width:none\"><div class=\"su-box-title\" style=\"background-color:#255b4d;color:#FFFFFF;border-top-left-radius:1px;border-top-right-radius:1px\">\u00bfQu\u00e9 es la Contralor\u00eda Social?<\/div><div class=\"su-box-content su-u-clearfix su-u-trim\" style=\"border-bottom-left-radius:1px;border-bottom-right-radius:1px\">\n<p>Es la supervisi\u00f3n y vigilancia de los servicios o apoyos brindados por el Gobierno a trav\u00e9s de la participaci\u00f3n y organizaci\u00f3n de las personas beneficiarias de los programas de desarrollo social, a fin de verificar el cumplimiento de las metas y la correcta aplicaci\u00f3n de los recursos.<\/p>\n<\/div><\/div>\n<div class=\"su-box su-box-style-default\" id=\"\" style=\"border-color:#00281a;border-radius:3px;max-width:none\"><div class=\"su-box-title\" style=\"background-color:#255b4d;color:#FFFFFF;border-top-left-radius:1px;border-top-right-radius:1px\">\u00bfC\u00f3mo puedo participar en la Contralor\u00eda Social del PAIMEF?<\/div><div class=\"su-box-content su-u-clearfix su-u-trim\" style=\"border-bottom-left-radius:1px;border-bottom-right-radius:1px\">Si participas en una actividad o recibes alg\u00fan apoyo del PAIMEF, puedes ser parte de un Comit\u00e9 de Contralor\u00eda Social que supervise y verifique que los servicios que se brinden lleguen a las personas.<\/p>\n<\/div><\/div>\n<hr \/>\n<h3 style=\"text-align: center\"><strong>Para mayor informaci\u00f3n te recomendamos consultar los siguientes materiales de difusi\u00f3n:<\/strong><\/h3>\n<hr \/>\n<div class=\"su-row\"><div class=\"su-column su-column-size-1-3\"><div class=\"su-column-inner su-u-clearfix su-u-trim\">\n<div class=\"su-box su-box-style-default\" id=\"\" style=\"border-color:#00281a;border-radius:3px;max-width:none\"><div class=\"su-box-title\" style=\"background-color:#255b4d;color:#FFFFFF;border-top-left-radius:1px;border-top-right-radius:1px\"><strong>Cartel de Contralor\u00eda Social<\/strong><\/div><div class=\"su-box-content su-u-clearfix su-u-trim\" style=\"border-bottom-left-radius:1px;border-bottom-right-radius:1px\">\n<p><a href=\"https:\/\/www.oaxaca.gob.mx\/smo\/wp-content\/uploads\/sites\/72\/2021\/06\/CARTEL-CS-PAIMEF-2021.pdf\" target=\"_blank\" rel=\"noopener noreferrer\"><img loading=\"lazy\" decoding=\"async\" class=\"aligncenter wp-image-6468 \" src=\"https:\/\/www.oaxaca.gob.mx\/smo\/wp-content\/uploads\/sites\/72\/2021\/06\/cartel-portada.png\" alt=\"\" width=\"293\" height=\"400\" \/><\/a><\/p>\n<\/div><\/div>\n<\/div><\/div> <div class=\"su-column su-column-size-1-3\"><div class=\"su-column-inner su-u-clearfix su-u-trim\">\n<div class=\"su-box su-box-style-default\" id=\"\" style=\"border-color:#00281a;border-radius:3px;max-width:none\"><div class=\"su-box-title\" style=\"background-color:#255b4d;color:#FFFFFF;border-top-left-radius:1px;border-top-right-radius:1px\"><strong>Tr\u00edptico de Contralor\u00eda Social<\/strong><\/div><div class=\"su-box-content su-u-clearfix su-u-trim\" style=\"border-bottom-left-radius:1px;border-bottom-right-radius:1px\">\n<p><a href=\"https:\/\/www.oaxaca.gob.mx\/smo\/wp-content\/uploads\/sites\/72\/2021\/06\/TRIPTICO-CS-PAIMEF-2021.pdf\" target=\"_blank\" rel=\"noopener noreferrer\"><img loading=\"lazy\" decoding=\"async\" class=\"aligncenter wp-image-6469 \" src=\"https:\/\/www.oaxaca.gob.mx\/smo\/wp-content\/uploads\/sites\/72\/2021\/06\/triptico-portada-.png\" alt=\"\" width=\"294\" height=\"400\" \/><\/a><\/p>\n<\/div><\/div>\n<\/div><\/div> <div class=\"su-column su-column-size-1-3\"><div class=\"su-column-inner su-u-clearfix su-u-trim\">\n<div class=\"su-box su-box-style-default\" id=\"\" style=\"border-color:#00281a;border-radius:3px;max-width:none\"><div class=\"su-box-title\" style=\"background-color:#255b4d;color:#FFFFFF;border-top-left-radius:1px;border-top-right-radius:1px\"><strong>Cuaderno de trabajo <\/strong><\/div><div class=\"su-box-content su-u-clearfix su-u-trim\" style=\"border-bottom-left-radius:1px;border-bottom-right-radius:1px\">\n<p><a href=\"https:\/\/www.oaxaca.gob.mx\/smo\/wp-content\/uploads\/sites\/72\/2021\/06\/Cuaderno-CS-PAIMEF-2021.pdf\" target=\"_blank\" rel=\"noopener noreferrer\"><img loading=\"lazy\" decoding=\"async\" class=\"aligncenter wp-image-6470 \" src=\"https:\/\/www.oaxaca.gob.mx\/smo\/wp-content\/uploads\/sites\/72\/2021\/06\/cuaderno-portada-.png\" alt=\"\" width=\"294\" height=\"400\" \/><\/a><\/p>\n<\/div><\/div>\n<\/div><\/div><\/div>\n<hr \/>\n<hr \/>\n<h4 style=\"text-align: center\"><div class=\"su-note\"  style=\"border-color:#a48358;border-radius:3px;-moz-border-radius:3px;-webkit-border-radius:3px;\"><div class=\"su-note-inner su-u-clearfix su-u-trim\" style=\"background-color:#be9d72;border-color:#ffffff;color:#fff;border-radius:3px;-moz-border-radius:3px;-webkit-border-radius:3px;\">\nEste Programa es p\u00fablico, ajeno a cualquier partido pol\u00edtico. Queda prohibido el uso para fines distintos al desarrollo social.<br \/>\n<a href=\"http:\/\/www.gob.mx\/bienestar\">www.gob.mx\/bienestar\u00a0<\/a> <a href=\"http:\/\/www.gob.mx\/indesol\">www.gob.mx\/indesol<\/a><\/h4>\n<\/div><\/div>\n","protected":false},"excerpt":{"rendered":"<p>Para mayor informaci\u00f3n te recomendamos consultar los siguientes materiales de difusi\u00f3n:<\/p>\n","protected":false},"author":78,"featured_media":7794,"parent":0,"menu_order":0,"comment_status":"closed","ping_status":"closed","template":"","meta":{"episode_type":"","audio_file":"","podmotor_file_id":"","podmotor_episode_id":"","cover_image":"","cover_image_id":"","duration":"","filesize":"","filesize_raw":"","date_recorded":"","explicit":"","block":"","itunes_episode_number":"","itunes_title":"","itunes_season_number":"","itunes_episode_type":"","footnotes":""},"categories":[1],"tags":[],"class_list":["post-7764","page","type-page","status-publish","has-post-thumbnail","hentry","category-sin-categoria"],"acf":[],"publishpress_future_action":{"enabled":false,"date":"2026-05-04 12:52:18","action":"change-status","newStatus":"draft","terms":[],"taxonomy":"category","extraData":[]},"publishpress_future_workflow_manual_trigger":{"enabledWorkflows":[]},"_links":{"self":[{"href":"https:\/\/www.oaxaca.gob.mx\/sm\/wp-json\/wp\/v2\/pages\/7764","targetHints":{"allow":["GET"]}}],"collection":[{"href":"https:\/\/www.oaxaca.gob.mx\/sm\/wp-json\/wp\/v2\/pages"}],"about":[{"href":"https:\/\/www.oaxaca.gob.mx\/sm\/wp-json\/wp\/v2\/types\/page"}],"author":[{"embeddable":true,"href":"https:\/\/www.oaxaca.gob.mx\/sm\/wp-json\/wp\/v2\/users\/78"}],"replies":[{"embeddable":true,"href":"https:\/\/www.oaxaca.gob.mx\/sm\/wp-json\/wp\/v2\/comments?post=7764"}],"version-history":[{"count":22,"href":"https:\/\/www.oaxaca.gob.mx\/sm\/wp-json\/wp\/v2\/pages\/7764\/revisions"}],"predecessor-version":[{"id":8636,"href":"https:\/\/www.oaxaca.gob.mx\/sm\/wp-json\/wp\/v2\/pages\/7764\/revisions\/8636"}],"wp:featuredmedia":[{"embeddable":true,"href":"https:\/\/www.oaxaca.gob.mx\/sm\/wp-json\/wp\/v2\/media\/7794"}],"wp:attachment":[{"href":"https:\/\/www.oaxaca.gob.mx\/sm\/wp-json\/wp\/v2\/media?parent=7764"}],"wp:term":[{"taxonomy":"category","embeddable":true,"href":"https:\/\/www.oaxaca.gob.mx\/sm\/wp-json\/wp\/v2\/categories?post=7764"},{"taxonomy":"post_tag","embeddable":true,"href":"https:\/\/www.oaxaca.gob.mx\/sm\/wp-json\/wp\/v2\/tags?post=7764"}],"curies":[{"name":"wp","href":"https:\/\/api.w.org\/{rel}","templated":true}]}}