{"id":7609,"date":"2021-05-23T13:20:24","date_gmt":"2021-05-23T18:20:24","guid":{"rendered":"https:\/\/www.oaxaca.gob.mx\/smo\/?page_id=7609"},"modified":"2024-01-16T11:50:42","modified_gmt":"2024-01-16T17:50:42","slug":"alerta-de-violencia-de-genero-contra-las-mujeres-avgm","status":"publish","type":"page","link":"https:\/\/www.oaxaca.gob.mx\/sm\/avgmbk","title":{"rendered":"AVGMbk"},"content":{"rendered":"<p><img decoding=\"async\" class=\"alignnone wp-image-7649\" src=\"https:\/\/www.oaxaca.gob.mx\/smo\/wp-content\/uploads\/sites\/72\/2021\/05\/portada-AVGM.png\" alt=\"\" width=\"100%\" height=\"\" srcset=\"https:\/\/www.oaxaca.gob.mx\/sm\/wp-content\/uploads\/sites\/72\/2021\/05\/portada-AVGM.png 1500w, https:\/\/www.oaxaca.gob.mx\/sm\/wp-content\/uploads\/sites\/72\/2021\/05\/portada-AVGM-300x60.png 300w, https:\/\/www.oaxaca.gob.mx\/sm\/wp-content\/uploads\/sites\/72\/2021\/05\/portada-AVGM-1024x205.png 1024w, https:\/\/www.oaxaca.gob.mx\/sm\/wp-content\/uploads\/sites\/72\/2021\/05\/portada-AVGM-768x154.png 768w\" sizes=\"(max-width: 1500px) 100vw, 1500px\" \/><\/p>\n<div class=\"su-box su-box-style-default\" id=\"\" style=\"border-color:#b94800;border-radius:0px;max-width:none\"><div class=\"su-box-title\" style=\"background-color:#ec7b00;color:#FFFFFF;border-top-left-radius:0px;border-top-right-radius:0px\"><\/div><div class=\"su-box-content su-u-clearfix su-u-trim\" style=\"border-bottom-left-radius:0px;border-bottom-right-radius:0px\"><div class=\"su-tabs su-tabs-style-default su-tabs-mobile-stack\" data-active=\"1\" data-scroll-offset=\"0\" data-anchor-in-url=\"yes\"><div class=\"su-tabs-nav\"><span class=\"\" data-url=\"\" data-target=\"blank\" tabindex=\"0\" role=\"button\">Declaratoria de AVGM<\/span><span class=\"\" data-url=\"\" data-target=\"blank\" tabindex=\"0\" role=\"button\">Informes Estatales<\/span><span class=\"\" data-url=\"\" data-target=\"blank\" tabindex=\"0\" role=\"button\">Sistema Estatal PASEVM<\/span><span class=\"\" data-url=\"\" data-target=\"blank\" tabindex=\"0\" role=\"button\">Informes Municipales<\/span><span class=\"\" data-url=\"\" data-target=\"blank\" tabindex=\"0\" role=\"button\">Temas de Inter\u00e9s<\/span><\/div><div class=\"su-tabs-panes\"><div class=\"su-tabs-pane su-u-clearfix su-u-trim\" data-title=\"Declaratoria de AVGM\">\n[3d-flip-book id=\"7658\" ][\/3d-flip-book]\n<\/div>\n<div class=\"su-tabs-pane su-u-clearfix su-u-trim\" data-title=\"Informes Estatales\">\n<p><a href=\"https:\/\/www.oaxaca.gob.mx\/smo\/informe-anual-avgm-2019-2020\/\" target=\"_blank\" rel=\"noopener\"><img decoding=\"async\" class=\"alignnone wp-image-7645\" src=\"https:\/\/www.oaxaca.gob.mx\/smo\/wp-content\/uploads\/sites\/72\/2021\/05\/banner-informe-anual-AVGM-2020-1.png\" alt=\"\" width=\"100%\" height=\"\" srcset=\"https:\/\/www.oaxaca.gob.mx\/sm\/wp-content\/uploads\/sites\/72\/2021\/05\/banner-informe-anual-AVGM-2020-1.png 2238w, https:\/\/www.oaxaca.gob.mx\/sm\/wp-content\/uploads\/sites\/72\/2021\/05\/banner-informe-anual-AVGM-2020-1-300x112.png 300w, https:\/\/www.oaxaca.gob.mx\/sm\/wp-content\/uploads\/sites\/72\/2021\/05\/banner-informe-anual-AVGM-2020-1-1024x383.png 1024w, https:\/\/www.oaxaca.gob.mx\/sm\/wp-content\/uploads\/sites\/72\/2021\/05\/banner-informe-anual-AVGM-2020-1-768x287.png 768w, https:\/\/www.oaxaca.gob.mx\/sm\/wp-content\/uploads\/sites\/72\/2021\/05\/banner-informe-anual-AVGM-2020-1-1536x574.png 1536w, https:\/\/www.oaxaca.gob.mx\/sm\/wp-content\/uploads\/sites\/72\/2021\/05\/banner-informe-anual-AVGM-2020-1-2048x765.png 2048w\" sizes=\"(max-width: 2238px) 100vw, 2238px\" \/><\/a><\/p>\n<hr \/>\n<hr \/>\n<p><a href=\"https:\/\/www.oaxaca.gob.mx\/smo\/informe-anual-avgm-2018-2019\/\" target=\"_blank\" rel=\"noopener\"><img decoding=\"async\" class=\"alignnone wp-image-7645\" src=\"https:\/\/www.oaxaca.gob.mx\/smo\/wp-content\/uploads\/sites\/72\/2021\/05\/banner-informe-anual-AVGM-pag-web-1.png\" alt=\"\" width=\"100%\" height=\"\" \/><\/a><br \/>\n<\/div>\n<div class=\"su-tabs-pane su-u-clearfix su-u-trim\" data-title=\"Sistema Estatal PASEVM\">\n<img decoding=\"async\" class=\"alignnone size-medium wp-image-7661\" src=\"https:\/\/www.oaxaca.gob.mx\/smo\/wp-content\/uploads\/sites\/72\/2021\/06\/diagrama-integrantes-sistema-pase.png\" alt=\"\" width=\"100%\" height=\"\" srcset=\"https:\/\/www.oaxaca.gob.mx\/sm\/wp-content\/uploads\/sites\/72\/2021\/06\/diagrama-integrantes-sistema-pase.png 1000w, https:\/\/www.oaxaca.gob.mx\/sm\/wp-content\/uploads\/sites\/72\/2021\/06\/diagrama-integrantes-sistema-pase-300x300.png 300w, https:\/\/www.oaxaca.gob.mx\/sm\/wp-content\/uploads\/sites\/72\/2021\/06\/diagrama-integrantes-sistema-pase-150x150.png 150w, https:\/\/www.oaxaca.gob.mx\/sm\/wp-content\/uploads\/sites\/72\/2021\/06\/diagrama-integrantes-sistema-pase-768x768.png 768w\" sizes=\"(max-width: 1000px) 100vw, 1000px\" \/><br \/>\n<\/div>\n<div class=\"su-tabs-pane su-u-clearfix su-u-trim\" data-title=\"Informes Municipales\">\n<h3 style=\"text-align: center\"><\/h3>\n\n<table id=\"tablepress-24\" class=\"tablepress tablepress-id-24\">\n<thead>\n<tr class=\"row-1\">\n\t<th class=\"column-1\">Municipio <\/th><th class=\"column-2\">Descargar<\/th>\n<\/tr>\n<\/thead>\n<tbody class=\"row-striping row-hover\">\n<tr class=\"row-2\">\n\t<td class=\"column-1\">San Juan Mixtepec Informe AVGM 2020<\/td><td class=\"column-2\"><a href=\"https:\/\/www.oaxaca.gob.mx\/smo\/wp-content\/uploads\/sites\/72\/2021\/06\/San-Juan-Mixtepec-Informe-AVGM-2020.pdf\" target=\"_blank\" rel=\"noopener noreferrer\"><i class=\"far fa-file-pdf fa-2x\">\u00a0<\/i><\/a><\/td>\n<\/tr>\n<tr class=\"row-3\">\n\t<td class=\"column-1\">Zimatl\u00e1n de \u00c1lvarez Informe AVGM 2020<\/td><td class=\"column-2\"><a href=\"https:\/\/www.oaxaca.gob.mx\/smo\/wp-content\/uploads\/sites\/72\/2021\/06\/Zimatlan-de-Alvarez-Informe-AVGM-2020.pdf\" target=\"_blank\" rel=\"noopener noreferrer\"><i class=\"far fa-file-pdf fa-2x\">\u00a0<\/i><\/a><\/td>\n<\/tr>\n<tr class=\"row-4\">\n\t<td class=\"column-1\">Villa de Tututepec Informe AVGM 2020<\/td><td class=\"column-2\"><a href=\"https:\/\/www.oaxaca.gob.mx\/smo\/wp-content\/uploads\/sites\/72\/2021\/06\/Villa-de-Tututepec-Informe-AVGM-2020.pdf\" target=\"_blank\" rel=\"noopener noreferrer\"><i class=\"far fa-file-pdf fa-2x\">\u00a0<\/i><\/a><\/td>\n<\/tr>\n<tr class=\"row-5\">\n\t<td class=\"column-1\">Tlacolula de Matamoros Informe AVGM 2020<\/td><td class=\"column-2\"><a href=\"https:\/\/www.oaxaca.gob.mx\/smo\/wp-content\/uploads\/sites\/72\/2021\/06\/Tlacolula-de-Matamoros-Informe-AVGM-2020.pdf\" target=\"_blank\" rel=\"noopener noreferrer\"><i class=\"far fa-file-pdf fa-2x\">\u00a0<\/i><\/a><\/td>\n<\/tr>\n<tr class=\"row-6\">\n\t<td class=\"column-1\">Teotitl\u00e1n de Flores Mag\u00f3n Informe AVGM 2020<\/td><td class=\"column-2\"><a href=\"https:\/\/www.oaxaca.gob.mx\/smo\/wp-content\/uploads\/sites\/72\/2021\/06\/Teotitlan-de-Flores-Magon-Informe-AVGM-2020.pdf\" target=\"_blank\" rel=\"noopener noreferrer\"><i class=\"far fa-file-pdf fa-2x\">\u00a0<\/i><\/a><\/td>\n<\/tr>\n<tr class=\"row-7\">\n\t<td class=\"column-1\">Santo Domingo Tehuantepec Informe AVGm 2020<\/td><td class=\"column-2\"><a href=\"https:\/\/www.oaxaca.gob.mx\/smo\/wp-content\/uploads\/sites\/72\/2021\/06\/Santo-Domingo-Tehuantepec-Informe-AVGm-2020.pdf\" target=\"_blank\" rel=\"noopener noreferrer\"><i class=\"far fa-file-pdf fa-2x\">\u00a0<\/i><\/a><\/td>\n<\/tr>\n<tr class=\"row-8\">\n\t<td class=\"column-1\">Santiago Pinotepa Nacional Informe AVGM 2020<\/td><td class=\"column-2\"><a href=\"https:\/\/www.oaxaca.gob.mx\/smo\/wp-content\/uploads\/sites\/72\/2021\/06\/Santiago-Pinotepa-Nacional-Informe-AVGM-2020.pdf\" target=\"_blank\" rel=\"noopener noreferrer\"><i class=\"far fa-file-pdf fa-2x\">\u00a0<\/i><\/a><\/td>\n<\/tr>\n<tr class=\"row-9\">\n\t<td class=\"column-1\">Santa Mar\u00eda Yucuhiti Informe AVGM 2020<\/td><td class=\"column-2\"><a href=\"https:\/\/www.oaxaca.gob.mx\/smo\/wp-content\/uploads\/sites\/72\/2021\/06\/Santa-Maria-Yucuhiti-Informe-AVGM-2020.pdf\" target=\"_blank\" rel=\"noopener noreferrer\"><i class=\"far fa-file-pdf fa-2x\">\u00a0<\/i><\/a><\/td>\n<\/tr>\n<tr class=\"row-10\">\n\t<td class=\"column-1\">Santiago Jamiltepec Informe AVGM 2020<\/td><td class=\"column-2\"><a href=\"https:\/\/www.oaxaca.gob.mx\/smo\/wp-content\/uploads\/sites\/72\/2021\/06\/Santiago-Jamiltepec-Informe-AVGM-2020.pdf\" target=\"_blank\" rel=\"noopener noreferrer\"><i class=\"far fa-file-pdf fa-2x\">\u00a0<\/i><\/a><\/td>\n<\/tr>\n<tr class=\"row-11\">\n\t<td class=\"column-1\">Santa Mar\u00eda Tonameca Informe AVGM 2020<\/td><td class=\"column-2\"><a href=\"https:\/\/www.oaxaca.gob.mx\/smo\/wp-content\/uploads\/sites\/72\/2021\/06\/Santa-Maria-Tonameca-Informe-AVGM-2020.pdf\" target=\"_blank\" rel=\"noopener noreferrer\"><i class=\"far fa-file-pdf fa-2x\">\u00a0<\/i><\/a><\/td>\n<\/tr>\n<tr class=\"row-12\">\n\t<td class=\"column-1\">Santa Mar\u00eda Huatulco Informe AVGM 2020<\/td><td class=\"column-2\"><a href=\"https:\/\/www.oaxaca.gob.mx\/smo\/wp-content\/uploads\/sites\/72\/2021\/06\/Santa-Maria-Huatulco-Informe-AVGM-2020.pdf\" target=\"_blank\" rel=\"noopener noreferrer\"><i class=\"far fa-file-pdf fa-2x\">\u00a0<\/i><\/a><\/td>\n<\/tr>\n<tr class=\"row-13\">\n\t<td class=\"column-1\">Santa Mar\u00eda Apazco Informe AVGM 2020<\/td><td class=\"column-2\"><a href=\"https:\/\/www.oaxaca.gob.mx\/smo\/wp-content\/uploads\/sites\/72\/2021\/06\/Santa-Maria-Apazco-Informe-AVGM-2020.pdf\" target=\"_blank\" rel=\"noopener noreferrer\"><i class=\"far fa-file-pdf fa-2x\">\u00a0<\/i><\/a><\/td>\n<\/tr>\n<tr class=\"row-14\">\n\t<td class=\"column-1\">Santa Luc\u00eda del Camino Informe AVGM 2020<\/td><td class=\"column-2\"><a href=\"https:\/\/www.oaxaca.gob.mx\/smo\/wp-content\/uploads\/sites\/72\/2021\/06\/Santa-Lucia-del-Camino-Informe-AVGM-2020.pdf\" target=\"_blank\" rel=\"noopener noreferrer\"><i class=\"far fa-file-pdf fa-2x\">\u00a0<\/i><\/a><\/td>\n<\/tr>\n<tr class=\"row-15\">\n\t<td class=\"column-1\">San Pedro Pochutla Informe AVGM 2020<\/td><td class=\"column-2\"><a href=\"https:\/\/www.oaxaca.gob.mx\/smo\/wp-content\/uploads\/sites\/72\/2021\/06\/San-Pedro-Pochutla-Informe-AVGM-2020.pdf\" target=\"_blank\" rel=\"noopener noreferrer\"><i class=\"far fa-file-pdf fa-2x\">\u00a0<\/i><\/a><\/td>\n<\/tr>\n<tr class=\"row-16\">\n\t<td class=\"column-1\">San Lorenzo Cacaotepec Informe AVGM 2020<\/td><td class=\"column-2\"><a href=\"https:\/\/www.oaxaca.gob.mx\/smo\/wp-content\/uploads\/sites\/72\/2021\/06\/San-Lorenzo-Cacaotepec-Informe-AVGM-2020.pdf\" target=\"_blank\" rel=\"noopener noreferrer\"><i class=\"far fa-file-pdf fa-2x\">\u00a0<\/i><\/a><\/td>\n<\/tr>\n<tr class=\"row-17\">\n\t<td class=\"column-1\">San Juan Guichicovi Informe AVGM 2020<\/td><td class=\"column-2\"><a href=\"https:\/\/www.oaxaca.gob.mx\/smo\/wp-content\/uploads\/sites\/72\/2021\/06\/San-Juan-Guichicovi-Informe-AVGM-2020.pdf\" target=\"_blank\" rel=\"noopener noreferrer\"><i class=\"far fa-file-pdf fa-2x\">\u00a0<\/i><\/a><\/td>\n<\/tr>\n<tr class=\"row-18\">\n\t<td class=\"column-1\">San Juan Bautista Valle Nacional Informe AVGM 2020<\/td><td class=\"column-2\"><a href=\"https:\/\/www.oaxaca.gob.mx\/smo\/wp-content\/uploads\/sites\/72\/2021\/06\/San-Juan-Bautista-Valle-Nacional-Informe-AVGM-2020.pdf\" target=\"_blank\" rel=\"noopener noreferrer\"><i class=\"far fa-file-pdf fa-2x\">\u00a0<\/i><\/a><\/td>\n<\/tr>\n<tr class=\"row-19\">\n\t<td class=\"column-1\">San Juan Bautista Tuxtepec Informe AVGM 2020<\/td><td class=\"column-2\"><a href=\"https:\/\/www.oaxaca.gob.mx\/smo\/wp-content\/uploads\/sites\/72\/2021\/06\/San-Juan-Bautista-Tuxtepec-Informe-AVGM-2020.pdf\" target=\"_blank\" rel=\"noopener noreferrer\"><i class=\"far fa-file-pdf fa-2x\">\u00a0<\/i><\/a><\/td>\n<\/tr>\n<tr class=\"row-20\">\n\t<td class=\"column-1\">San Bartolo Coyotepec Informe AVGM 2020<\/td><td class=\"column-2\"><a href=\"https:\/\/www.oaxaca.gob.mx\/smo\/wp-content\/uploads\/sites\/72\/2021\/06\/San-Bartolo-Coyotepec-Informe-AVGM-2020.pdf\" target=\"_blank\" rel=\"noopener noreferrer\"><i class=\"far fa-file-pdf fa-2x\">\u00a0<\/i><\/a><\/td>\n<\/tr>\n<tr class=\"row-21\">\n\t<td class=\"column-1\">Putla Villa de Guerrero Informe AVGM 2020<\/td><td class=\"column-2\"><a href=\"https:\/\/www.oaxaca.gob.mx\/smo\/wp-content\/uploads\/sites\/72\/2021\/06\/Putla-Villa-de-Guerrero-Informe-AVGM-2020.pdf\" target=\"_blank\" rel=\"noopener noreferrer\"><i class=\"far fa-file-pdf fa-2x\">\u00a0<\/i><\/a><\/td>\n<\/tr>\n<tr class=\"row-22\">\n\t<td class=\"column-1\">Oaxaca de Ju\u00e1rez Informe AVGM 2020<\/td><td class=\"column-2\"><a href=\"https:\/\/www.oaxaca.gob.mx\/smo\/wp-content\/uploads\/sites\/72\/2021\/06\/Oaxaca-de-Juarez-Informe-AVGM-2020.pdf\" target=\"_blank\" rel=\"noopener noreferrer\"><i class=\"far fa-file-pdf fa-2x\">\u00a0<\/i><\/a><\/td>\n<\/tr>\n<tr class=\"row-23\">\n\t<td class=\"column-1\">Miahuatl\u00e1n de Porfirio D\u00edaz Informe AVGM 2020<\/td><td class=\"column-2\"><a href=\"https:\/\/www.oaxaca.gob.mx\/smo\/wp-content\/uploads\/sites\/72\/2021\/06\/Miahuatlan-de-Porfirio-Diaz-Informe-AVGM-2020.pdf\" target=\"_blank\" rel=\"noopener noreferrer\"><i class=\"far fa-file-pdf fa-2x\">\u00a0<\/i><\/a><\/td>\n<\/tr>\n<tr class=\"row-24\">\n\t<td class=\"column-1\">Mat\u00edas Romero Avenda\u00f1o Informe AVGM 2020<\/td><td class=\"column-2\"><a href=\"https:\/\/www.oaxaca.gob.mx\/smo\/wp-content\/uploads\/sites\/72\/2021\/06\/Matias-Romero-Avendano-Informe-AVGM-2020.pdf\" target=\"_blank\" rel=\"noopener noreferrer\"><i class=\"far fa-file-pdf fa-2x\">\u00a0<\/i><\/a><\/td>\n<\/tr>\n<tr class=\"row-25\">\n\t<td class=\"column-1\">Loma Bonita Informe AVGM 2020<\/td><td class=\"column-2\"><a href=\"https:\/\/www.oaxaca.gob.mx\/smo\/wp-content\/uploads\/sites\/72\/2021\/05\/San-Juan-Bautista-Tuxtepec.pdf\" target=\"_blank\" rel=\"noopener noreferrer\"><i class=\"far fa-file-pdf fa-2x\">\u00a0<\/i><\/a><\/td>\n<\/tr>\n<tr class=\"row-26\">\n\t<td class=\"column-1\">Juchit\u00e1n de Zaragoza Informe AVGM 2020<\/td><td class=\"column-2\"><a href=\"\/\/www.oaxaca.gob.mx\/smo\/wp-content\/uploads\/sites\/72\/2021\/06\/Juchitan-de-Zaragoza-Informe-AVGM-2020.pdf\" target=\"_blank\" rel=\"noopener noreferrer\"><i class=\"far fa-file-pdf fa-2x\">\u00a0<\/i><\/a><\/td>\n<\/tr>\n<tr class=\"row-27\">\n\t<td class=\"column-1\">Ixtl\u00e1n de Ju\u00e1rez Informe AVGM 2020<\/td><td class=\"column-2\"><a href=\"https:\/\/www.oaxaca.gob.mx\/smo\/wp-content\/uploads\/sites\/72\/2021\/06\/Ixtlan-de-Juarez-Informe-AVGM-2020.pdf\" target=\"_blank\" rel=\"noopener noreferrer\"><i class=\"far fa-file-pdf fa-2x\">\u00a0<\/i><\/a><\/td>\n<\/tr>\n<tr class=\"row-28\">\n\t<td class=\"column-1\">H. Cd. Tlaxiaco Informe AVGM 2020<\/td><td class=\"column-2\"><a href=\"https:\/\/www.oaxaca.gob.mx\/smo\/wp-content\/uploads\/sites\/72\/2021\/06\/H.-Cd.-Tlaxiaco-Informe-AVGM-2020.pdf\" target=\"_blank\" rel=\"noopener noreferrer\"><i class=\"far fa-file-pdf fa-2x\">\u00a0<\/i><\/a><\/td>\n<\/tr>\n<tr class=\"row-29\">\n\t<td class=\"column-1\">Asunci\u00f3n Nochixtl\u00e1n Informe AVGM 2020<\/td><td class=\"column-2\"><a href=\"\/\/www.oaxaca.gob.mx\/smo\/wp-content\/uploads\/sites\/72\/2021\/06\/Asuncion-Nochixtlan-Informe-AVGM-2020.pdf\" target=\"_blank\" rel=\"noopener noreferrer\"><i class=\"far fa-file-pdf fa-2x\">\u00a0<\/i><\/a><\/td>\n<\/tr>\n<tr class=\"row-30\">\n\t<td class=\"column-1\">Huajuapan de Le\u00f3n Informe AVGM  2020<\/td><td class=\"column-2\"><a href=\"https:\/\/drive.google.com\/file\/d\/1zafVpeObp0S15Lk0vxHsF1VVYNOwo4zU\/view?usp=sharing\" target=\"_blank\" rel=\"noopener noreferrer\"><i class=\"fas fa-link fa-2x\">\u00a0<\/i><\/td>\n<\/tr>\n<\/tbody>\n<\/table>\n<!-- #tablepress-24 from cache --><\/div>\n<div class=\"su-tabs-pane su-u-clearfix su-u-trim\" data-title=\"Temas de Inter\u00e9s\">\n[3d-flip-book id=\"7748\" ][\/3d-flip-book]\n<div class=\"su-note\"  style=\"border-color:#db6100;border-radius:3px;-moz-border-radius:3px;-webkit-border-radius:3px;\"><div class=\"su-note-inner su-u-clearfix su-u-trim\" style=\"background-color:#f57b17;border-color:#ffffe3;color:#fff;border-radius:3px;-moz-border-radius:3px;-webkit-border-radius:3px;\">\n<h2 style=\"text-align: center\">Solicitud de Alerta de Violencia de G\u00e9nero contra las Mujeres en el estado de Oaxaca<\/h2>\n<hr \/>\n<h4 style=\"text-align: center\">Aqu\u00ed podr\u00e1s descargar las convocatorias, informes, comunicados y dem\u00e1s documentos relacionados con la solicitud de Alerta de Violencia de G\u00e9nero contra las Mujeres en el estado de Oaxaca<\/h4>\n<hr \/>\n<p><a href=\"https:\/\/www.gob.mx\/conavim\/documentos\/solicitud-de-alerta-de-violencia-de-genero-contra-las-mujeres-en-el-estado-de-oaxaca\" target=\"_blank\" rel=\"noopener\"><img loading=\"lazy\" decoding=\"async\" class=\"aligncenter mx-auto d-block\" src=\"https:\/\/www.oaxaca.gob.mx\/smo\/wp-content\/uploads\/sites\/72\/2021\/06\/gfgfgvgfg-300x123.png\" alt=\"\" width=\"161\" height=\"66\" \/><\/a><\/p>\n<\/div><\/div>\n<\/div><\/div><\/div><\/div><\/div>\n","protected":false},"excerpt":{"rendered":"","protected":false},"author":78,"featured_media":7705,"parent":0,"menu_order":0,"comment_status":"closed","ping_status":"closed","template":"","meta":{"episode_type":"","audio_file":"","podmotor_file_id":"","podmotor_episode_id":"","cover_image":"","cover_image_id":"","duration":"","filesize":"","filesize_raw":"","date_recorded":"","explicit":"","block":"","itunes_episode_number":"","itunes_title":"","itunes_season_number":"","itunes_episode_type":"","footnotes":""},"categories":[5],"tags":[],"class_list":["post-7609","page","type-page","status-publish","has-post-thumbnail","hentry","category-estructura"],"acf":[],"publishpress_future_action":{"enabled":false,"date":"2026-05-02 09:13:40","action":"change-status","newStatus":"draft","terms":[],"taxonomy":"category","extraData":[]},"publishpress_future_workflow_manual_trigger":{"enabledWorkflows":[]},"_links":{"self":[{"href":"https:\/\/www.oaxaca.gob.mx\/sm\/wp-json\/wp\/v2\/pages\/7609","targetHints":{"allow":["GET"]}}],"collection":[{"href":"https:\/\/www.oaxaca.gob.mx\/sm\/wp-json\/wp\/v2\/pages"}],"about":[{"href":"https:\/\/www.oaxaca.gob.mx\/sm\/wp-json\/wp\/v2\/types\/page"}],"author":[{"embeddable":true,"href":"https:\/\/www.oaxaca.gob.mx\/sm\/wp-json\/wp\/v2\/users\/78"}],"replies":[{"embeddable":true,"href":"https:\/\/www.oaxaca.gob.mx\/sm\/wp-json\/wp\/v2\/comments?post=7609"}],"version-history":[{"count":3,"href":"https:\/\/www.oaxaca.gob.mx\/sm\/wp-json\/wp\/v2\/pages\/7609\/revisions"}],"predecessor-version":[{"id":12767,"href":"https:\/\/www.oaxaca.gob.mx\/sm\/wp-json\/wp\/v2\/pages\/7609\/revisions\/12767"}],"wp:featuredmedia":[{"embeddable":true,"href":"https:\/\/www.oaxaca.gob.mx\/sm\/wp-json\/wp\/v2\/media\/7705"}],"wp:attachment":[{"href":"https:\/\/www.oaxaca.gob.mx\/sm\/wp-json\/wp\/v2\/media?parent=7609"}],"wp:term":[{"taxonomy":"category","embeddable":true,"href":"https:\/\/www.oaxaca.gob.mx\/sm\/wp-json\/wp\/v2\/categories?post=7609"},{"taxonomy":"post_tag","embeddable":true,"href":"https:\/\/www.oaxaca.gob.mx\/sm\/wp-json\/wp\/v2\/tags?post=7609"}],"curies":[{"name":"wp","href":"https:\/\/api.w.org\/{rel}","templated":true}]}}