{"id":6914,"date":"2020-12-10T13:47:47","date_gmt":"2020-12-10T19:47:47","guid":{"rendered":"https:\/\/www.oaxaca.gob.mx\/smo\/?page_id=6914"},"modified":"2022-09-08T11:27:09","modified_gmt":"2022-09-08T16:27:09","slug":"cocoi","status":"publish","type":"page","link":"https:\/\/www.oaxaca.gob.mx\/sm\/cocoi\/","title":{"rendered":"COCOI"},"content":{"rendered":"\n<table id=\"tablepress-76\" class=\"tablepress tablepress-id-76\">\n<thead>\n<tr class=\"row-1\">\n\t<th class=\"column-1\">        Nombre del Documento<br \/>\n      <\/th><th class=\"column-2\">        Descargar<br \/>\n      <\/th>\n<\/tr>\n<\/thead>\n<tbody class=\"row-striping row-hover\">\n<tr class=\"row-2\">\n\t<td class=\"column-1\">Plan Institucional de Tecnolog\u00edas de la Informaci\u00f3n y Comunicaci\u00f3n (PITIC)<br \/>\n<\/td><td class=\"column-2\"><a href=\"https:\/\/www.oaxaca.gob.mx\/sm\/wp-content\/uploads\/sites\/72\/2024\/02\/PITIC-SM.pdf\" target=\"_blank\" rel=\"noopener noreferrer\"><i class=\"far fa-file-pdf fa-2x\"> <\/i><\/a><br \/>\n<\/td>\n<\/tr>\n<tr class=\"row-3\">\n\t<td class=\"column-1\">Acta de Instalaci\u00f3n del COCOI<\/td><td class=\"column-2\"><a href=\"https:\/\/www.oaxaca.gob.mx\/smo\/wp-content\/uploads\/sites\/72\/2022\/09\/Acta-de-Instalacion-COCOI.pdf\" target=\"_blank\" rel=\"noopener noreferrer\"><i class=\"far fa-file-pdf fa-2x\"> <\/i><\/a><br \/>\n<\/td>\n<\/tr>\n<tr class=\"row-4\">\n\t<td class=\"column-1\">Informe de Evaluaci\u00f3n del Reporte de Avance Trimestral del PTCI 1<\/td><td class=\"column-2\"><a href=\"https:\/\/www.oaxaca.gob.mx\/smo\/wp-content\/uploads\/sites\/72\/2022\/09\/Informe-de-evaluacion-del-Reporte-de-Avance-Trimestral-del-PTCI-1.pdf\" target=\"_blank\" rel=\"noopener noreferrer\"><i class=\"far fa-file-pdf fa-2x\"> <\/i><\/a><br \/>\n<\/td>\n<\/tr>\n<tr class=\"row-5\">\n\t<td class=\"column-1\">Informe de Evaluaci\u00f3n del Reporte de Avance Trimestral del PTCI 2<\/td><td class=\"column-2\"><a href=\"https:\/\/www.oaxaca.gob.mx\/smo\/wp-content\/uploads\/sites\/72\/2022\/09\/Informe-de-evaluacion-del-Reporte-de-Avance-Trimestral-del-PTCI-2.pdf\" target=\"_blank\" rel=\"noopener noreferrer\"><i class=\"far fa-file-pdf fa-2x\"> <\/i><\/a><br \/>\n<\/td>\n<\/tr>\n<tr class=\"row-6\">\n\t<td class=\"column-1\">Programa de Trabajo de Control Interno (PTCI) de la SMO<\/td><td class=\"column-2\"><a href=\"https:\/\/www.oaxaca.gob.mx\/smo\/wp-content\/uploads\/sites\/72\/2022\/09\/PTCI-2022-COCOI-SMO.pdf\" target=\"_blank\" rel=\"noopener noreferrer\"><i class=\"far fa-file-pdf fa-2x\"> <\/i><\/a><br \/>\n<\/td>\n<\/tr>\n<tr class=\"row-7\">\n\t<td class=\"column-1\">Manual Administrativo en Materia de Control Interno de la SMO<\/td><td class=\"column-2\"><a href=\"https:\/\/www.oaxaca.gob.mx\/smo\/wp-content\/uploads\/sites\/72\/2022\/09\/Manual-Administrativo-de-aplicacion-general-de-Control-Interno.pdf\" target=\"_blank\" rel=\"noopener noreferrer\"><i class=\"far fa-file-pdf fa-2x\">\u00a0<\/i><\/a><br \/>\n<\/td>\n<\/tr>\n<tr class=\"row-8\">\n\t<td class=\"column-1\">Acta de la Primera Sesi\u00f3n Ordinaria 2022 del Comit\u00e9 Interno de la SMO<\/td><td class=\"column-2\"><a href=\"https:\/\/www.oaxaca.gob.mx\/smo\/wp-content\/uploads\/sites\/72\/2022\/09\/1raORDCOCOI22.pdf\" target=\"_blank\" rel=\"noopener noreferrer\"><i class=\"far fa-file-pdf fa-2x\">\u00a0<\/i><\/a><br \/>\n<\/td>\n<\/tr>\n<tr class=\"row-9\">\n\t<td class=\"column-1\">Acta de la Segunda Sesi\u00f3n Ordinaria 2022 del Comit\u00e9 Interno de la SMO<\/td><td class=\"column-2\"><a href=\"https:\/\/www.oaxaca.gob.mx\/smo\/wp-content\/uploads\/sites\/72\/2022\/09\/2daORDCOCOI22.pdf\" target=\"_blank\" rel=\"noopener noreferrer\"><i class=\"far fa-file-pdf fa-2x\">\u00a0<\/i><\/a><br \/>\n<\/td>\n<\/tr>\n<\/tbody>\n<\/table>\n<!-- #tablepress-76 from cache -->\n","protected":false},"excerpt":{"rendered":"","protected":false},"author":78,"featured_media":0,"parent":0,"menu_order":0,"comment_status":"closed","ping_status":"closed","template":"","meta":{"episode_type":"","audio_file":"","podmotor_file_id":"","podmotor_episode_id":"","cover_image":"","cover_image_id":"","duration":"","filesize":"","filesize_raw":"","date_recorded":"","explicit":"","block":"","itunes_episode_number":"","itunes_title":"","itunes_season_number":"","itunes_episode_type":"","footnotes":""},"categories":[],"tags":[],"class_list":["post-6914","page","type-page","status-publish","hentry"],"acf":[],"publishpress_future_action":{"enabled":false,"date":"2026-05-05 12:34:40","action":"change-status","newStatus":"draft","terms":[],"taxonomy":"category","extraData":[]},"publishpress_future_workflow_manual_trigger":{"enabledWorkflows":[]},"_links":{"self":[{"href":"https:\/\/www.oaxaca.gob.mx\/sm\/wp-json\/wp\/v2\/pages\/6914","targetHints":{"allow":["GET"]}}],"collection":[{"href":"https:\/\/www.oaxaca.gob.mx\/sm\/wp-json\/wp\/v2\/pages"}],"about":[{"href":"https:\/\/www.oaxaca.gob.mx\/sm\/wp-json\/wp\/v2\/types\/page"}],"author":[{"embeddable":true,"href":"https:\/\/www.oaxaca.gob.mx\/sm\/wp-json\/wp\/v2\/users\/78"}],"replies":[{"embeddable":true,"href":"https:\/\/www.oaxaca.gob.mx\/sm\/wp-json\/wp\/v2\/comments?post=6914"}],"version-history":[{"count":19,"href":"https:\/\/www.oaxaca.gob.mx\/sm\/wp-json\/wp\/v2\/pages\/6914\/revisions"}],"predecessor-version":[{"id":10541,"href":"https:\/\/www.oaxaca.gob.mx\/sm\/wp-json\/wp\/v2\/pages\/6914\/revisions\/10541"}],"wp:attachment":[{"href":"https:\/\/www.oaxaca.gob.mx\/sm\/wp-json\/wp\/v2\/media?parent=6914"}],"wp:term":[{"taxonomy":"category","embeddable":true,"href":"https:\/\/www.oaxaca.gob.mx\/sm\/wp-json\/wp\/v2\/categories?post=6914"},{"taxonomy":"post_tag","embeddable":true,"href":"https:\/\/www.oaxaca.gob.mx\/sm\/wp-json\/wp\/v2\/tags?post=6914"}],"curies":[{"name":"wp","href":"https:\/\/api.w.org\/{rel}","templated":true}]}}