{"id":6389,"date":"2020-10-14T12:06:11","date_gmt":"2020-10-14T17:06:11","guid":{"rendered":"https:\/\/www.oaxaca.gob.mx\/smo\/?page_id=6389"},"modified":"2020-11-10T17:14:04","modified_gmt":"2020-11-10T23:14:04","slug":"coloquio-para-la-promocion-de-liderazgos-para-las-mujeres","status":"publish","type":"page","link":"https:\/\/www.oaxaca.gob.mx\/sm\/coloquio-para-la-promocion-de-liderazgos-para-las-mujeres\/","title":{"rendered":""},"content":{"rendered":"[heading style=\u00bbdefault\u00bb size=\u00bb20&#8243; align=\u00bbcenter\u00bb margin=\u00bb20&#8243;]\n<p style=\"text-align: center\">COLOQUIO PARA LA PROMOCI\u00d3N DE LIDERAZGOS DE LAS MUJERES:<\/p>\n<p style=\"text-align: center\"><strong>\u201cC\u00f3mo impactan las reformas locales de paridad y violencia pol\u00edtica\u201d<\/strong><\/p>\n[\/heading]Este Coloquio se desarroll\u00f3 del 22 de septiembre al 6 de octubre, en 15 horas de sesiones virtuales, que incluyeron conferencias magistrales, conversatorios, mesas y di\u00e1logos abiertos dirigidos a mujeres autoridades municipales, en partidos pol\u00edticos y en liderazgos comunitarios, estudiantes, acad\u00e9micas, integrantes de la sociedad civil, medios de comunicaci\u00f3n y p\u00fablico interesado en las reformas en materia de paridad y violencia pol\u00edtica.<\/p>\n<p>El objetivo del Coloquio fue proporcionar informaci\u00f3n sobre las reformas en materia de paridad y violencia pol\u00edtica contra las mujeres en raz\u00f3n de g\u00e9nero en el estado de Oaxaca y qu\u00e9 hacer, a donde acudir y c\u00f3mo proceder.<\/p>\n<p>Dentro de las ponentes contamos con la participaci\u00f3n de algunas de las m\u00e1s destacadas especialistas a nivel nacional como la Dra. Janine Ot\u00e1lora Malassis, ex Presidenta del Tribunal Electoral, las Consejeras Electorales del INE Adriana Favela y Carla Humphrey, desde la sociedad civil participaron la Dra. Mar\u00eda del Carmen Alan\u00eds y la Dra. Teresa Hevia Rocha; adem\u00e1s de las expertas locales como las consejeras Nayma Enr\u00edquez, Carmelita Sibaja, la Magistrada Elizabeth Bautista, la Fiscala de Delitos Electorales Aracely Pinelo y la ex consejera Rita Bell L\u00f3pez Vences, aunadas a lideresas comunitarias como Edith Mat\u00edas Juan y la participaci\u00f3n de los organismos de mujeres en partidos pol\u00edticos.<\/p>\n<p>Mediante esta memoria el Observatorio de Participaci\u00f3n Pol\u00edtica de las Mujeres de Oaxaca, a trav\u00e9s de la Secretar\u00eda de las Mujeres, buscamos generar una fuente accesible y practica de informaci\u00f3n para el conocimiento de las reformas nacionales y estatales en materia de paridad y violencia pol\u00edtica, en esos momentos es de suma importancia que las mujeres en cargos, electas, lideres comunitarias y cuenten con las herramientas necesarias para acceder al ejercicio del poder libres de todo tiempo de violencia.<\/p>\n<p>&nbsp;<\/p>\n[row][column size=\u00bb1\/2&#8243; center=\u00bbno\u00bb class=\u00bb\u00bb]\n[box title=\u00bbSesi\u00f3n 1: El Impacto de las reformas federales en elecciones locales\u00bb style=\u00bbdefault\u00bb box_color=\u00bb#3B0859&#8243; title_color=\u00bb#FFFFFF\u00bb radius=\u00bb2&#8243;][youtube url=\u00bbhttps:\/\/youtu.be\/Lur0jNwUpMc\u00bb width=\u00bb600&#8243; height=\u00bb400&#8243; responsive=\u00bbyes\u00bb autoplay=\u00bbno\u00bb mute=\u00bbno\u00bb]\n[\/box][\/column]\n[column size=\u00bb1\/2&#8243; center=\u00bbno\u00bb class=\u00bb\u00bb]\n[box title=\u00bbSesi\u00f3n 2: Qu\u00e9 hacer ante casos de violencia pol\u00edtica\u00bb box_color=\u00bb#3B0859&#8243; title_color=\u00bb#FFFFFF\u00bb radius=\u00bb2&#8243;][youtube url=\u00bbhttps:\/\/youtu.be\/lVsVWphwamA\u00bb width=\u00bb600&#8243; height=\u00bb400&#8243; responsive=\u00bbyes\u00bb autoplay=\u00bbno\u00bb mute=\u00bbno\u00bb]\n<p style=\"text-align: center\">Materiales<\/p>\n<hr \/>\n\n<table id=\"tablepress-11\" class=\"tablepress tablepress-id-11\">\n<thead>\n<tr class=\"row-1\">\n\t<th class=\"column-1\">Nombre de Documento<\/th><th class=\"column-2\">Descargar<\/th>\n<\/tr>\n<\/thead>\n<tbody class=\"row-striping row-hover\">\n<tr class=\"row-2\">\n\t<td class=\"column-1\">Transcripcio\u0301n de la Ponencia de la Maestra Janine Ota\u0301lora<\/td><td class=\"column-2\"><a href=\"https:\/\/www.oaxaca.gob.mx\/smo\/wp-content\/uploads\/sites\/72\/2020\/11\/Transcripcio\u0301n-de-la-Ponencia-de-la-Maestra-Janine-Ota\u0301lora.docx\" target=\"_blank\" rel=\"noopener noreferrer\"><i class=\"far fa-file-pdf fa-2x\">\u00a0<\/i><\/a><\/td>\n<\/tr>\n<\/tbody>\n<\/table>\n<!-- #tablepress-11 from cache -->\n[\/box][\/column][\/row]\n[row][column size=\u00bb1\/2&#8243; center=\u00bbno\u00bb class=\u00bb\u00bb][box title=\u00bbSesi\u00f3n 3: Reformas locales, una perspectiva desde el poder legislativo\u00bb style=\u00bbdefault\u00bb box_color=\u00bb#3B0859&#8243; title_color=\u00bb#FFFFFF\u00bb radius=\u00bb2&#8243;][youtube url=\u00bbhttps:\/\/youtu.be\/M3IwBjrF6fw\u00bb width=\u00bb600&#8243; height=\u00bb400&#8243; responsive=\u00bbyes\u00bb autoplay=\u00bbno\u00bb mute=\u00bbno\u00bb]\n[\/box][\/column]\n[column size=\u00bb1\/2&#8243; center=\u00bbno\u00bb class=\u00bb\u00bb][box title=\u00bbSesi\u00f3n 4: El papel de los partidos pol\u00edticos\u00bb style=\u00bbdefault\u00bb box_color=\u00bb#3B0859&#8243; title_color=\u00bb#FFFFFF\u00bb radius=\u00bb2&#8243;]\n[youtube url=\u00bbhttps:\/\/youtu.be\/6DUqxOjoeuM\u00bb width=\u00bb600&#8243; height=\u00bb400&#8243; responsive=\u00bbyes\u00bb autoplay=\u00bbno\u00bb mute=\u00bbno\u00bb]\n[\/box][\/column][\/row]\n[row][column size=\u00bb1\/2&#8243; center=\u00bbno\u00bb class=\u00bb\u00bb]\n[box title=\u00bbSesi\u00f3n 5: Poniendo en pr\u00e1ctica las reformas: Reflexi\u00f3n desde las instituciones electorales\u00bb style=\u00bbdefault\u00bb box_color=\u00bb#3B0859&#8243; title_color=\u00bb#FFFFFF\u00bb radius=\u00bb2&#8243;]\n[youtube url=\u00bbhttps:\/\/youtu.be\/77b6dJev2pI\u00bb width=\u00bb600&#8243; height=\u00bb400&#8243; responsive=\u00bbyes\u00bb autoplay=\u00bbno\u00bb mute=\u00bbno\u00bb]\n<p style=\"text-align: center\">Materiales<\/p>\n<hr \/>\n\n<table id=\"tablepress-10\" class=\"tablepress tablepress-id-10\">\n<thead>\n<tr class=\"row-1\">\n\t<th class=\"column-1\">Nombre de Documento<\/th><th class=\"column-2\">Descargar<\/th>\n<\/tr>\n<\/thead>\n<tbody class=\"row-striping row-hover\">\n<tr class=\"row-2\">\n\t<td class=\"column-1\">Reformas materia penal<\/td><td class=\"column-2\"><a href=\"https:\/\/www.oaxaca.gob.mx\/smo\/wp-content\/uploads\/sites\/72\/2020\/10\/REFORMAS-MATERIA-PENAL-MATERIAL-PARA-SMO.pdf\" target=\"_blank\" rel=\"noopener noreferrer\"><i class=\"far fa-file-pdf fa-2x\">\u00a0<\/i><\/a><\/td>\n<\/tr>\n<\/tbody>\n<\/table>\n<!-- #tablepress-10 from cache -->\n[\/box][\/column]\n[column size=\u00bb1\/2&#8243; center=\u00bbno\u00bb class=\u00bb\u00bb]\n[box title=\u00bbSesi\u00f3n 6: Conferencia Magistral Los retos de las mujeres ante el proceso electoral 20-21&#8243; box_color=\u00bb#3B0859&#8243; title_color=\u00bb#FFFFFF\u00bb radius=\u00bb2&#8243;]\n[youtube url=\u00bbhttps:\/\/youtu.be\/w8M1bvGIwd4&#8243; width=\u00bb600&#8243; height=\u00bb400&#8243; responsive=\u00bbyes\u00bb autoplay=\u00bbno\u00bb mute=\u00bbno\u00bb]\n[\/box][\/column][\/row]\n<hr \/>\n<h3 style=\"text-align: center\"><strong>Sesiones<\/strong><\/h3>\n<hr \/>\n[image_carousel source=\u00bbmedia: 6429,6430,6431,6432,6433,6434&#8243; limit=\u00bb20&#8243; slides_style=\u00bbphoto\u00bb controls_style=\u00bblight\u00bb crop=\u00bb3:2&#8243; columns=\u00bb1&#8243; adaptive=\u00bbyes\u00bb spacing=\u00bbyes\u00bb align=\u00bbnone\u00bb max_width=\u00bb100%\u00bb captions=\u00bbyes\u00bb arrows=\u00bbyes\u00bb dots=\u00bbyes\u00bb link=\u00bbnone\u00bb target=\u00bbself\u00bb autoplay=\u00bb3&#8243; speed=\u00bbmedium\u00bb image_size=\u00bbfull\u00bb outline=\u00bbyes\u00bb random=\u00bbno\u00bb]\n<p>&nbsp;<\/p>\n<p>&nbsp;<\/p>\n","protected":false},"excerpt":{"rendered":"<p>[heading style=\u00bbdefault\u00bb size=\u00bb20&#8243; align=\u00bbcenter\u00bb margin=\u00bb20&#8243;] COLOQUIO PARA LA PROMOCI\u00d3N DE LIDERAZGOS DE LAS MUJERES: \u201cC\u00f3mo impactan las reformas locales de paridad y violencia pol\u00edtica\u201d [\/heading]Este Coloquio se desarroll\u00f3 del 22 de septiembre al 6 de octubre, en 15 horas de sesiones virtuales, que incluyeron conferencias magistrales, conversatorios, mesas y di\u00e1logos abiertos dirigidos a mujeres autoridades [&hellip;]<\/p>\n","protected":false},"author":78,"featured_media":0,"parent":0,"menu_order":0,"comment_status":"closed","ping_status":"closed","template":"","meta":{"episode_type":"","audio_file":"","podmotor_file_id":"","podmotor_episode_id":"","cover_image":"","cover_image_id":"","duration":"","filesize":"","filesize_raw":"","date_recorded":"","explicit":"","block":"","itunes_episode_number":"","itunes_title":"","itunes_season_number":"","itunes_episode_type":"","footnotes":""},"categories":[],"tags":[],"class_list":["post-6389","page","type-page","status-publish","hentry"],"acf":[],"publishpress_future_action":{"enabled":false,"date":"2026-04-14 02:00:22","action":"change-status","newStatus":"draft","terms":[],"taxonomy":"category","extraData":[]},"publishpress_future_workflow_manual_trigger":{"enabledWorkflows":[]},"_links":{"self":[{"href":"https:\/\/www.oaxaca.gob.mx\/sm\/wp-json\/wp\/v2\/pages\/6389","targetHints":{"allow":["GET"]}}],"collection":[{"href":"https:\/\/www.oaxaca.gob.mx\/sm\/wp-json\/wp\/v2\/pages"}],"about":[{"href":"https:\/\/www.oaxaca.gob.mx\/sm\/wp-json\/wp\/v2\/types\/page"}],"author":[{"embeddable":true,"href":"https:\/\/www.oaxaca.gob.mx\/sm\/wp-json\/wp\/v2\/users\/78"}],"replies":[{"embeddable":true,"href":"https:\/\/www.oaxaca.gob.mx\/sm\/wp-json\/wp\/v2\/comments?post=6389"}],"version-history":[{"count":56,"href":"https:\/\/www.oaxaca.gob.mx\/sm\/wp-json\/wp\/v2\/pages\/6389\/revisions"}],"predecessor-version":[{"id":6795,"href":"https:\/\/www.oaxaca.gob.mx\/sm\/wp-json\/wp\/v2\/pages\/6389\/revisions\/6795"}],"wp:attachment":[{"href":"https:\/\/www.oaxaca.gob.mx\/sm\/wp-json\/wp\/v2\/media?parent=6389"}],"wp:term":[{"taxonomy":"category","embeddable":true,"href":"https:\/\/www.oaxaca.gob.mx\/sm\/wp-json\/wp\/v2\/categories?post=6389"},{"taxonomy":"post_tag","embeddable":true,"href":"https:\/\/www.oaxaca.gob.mx\/sm\/wp-json\/wp\/v2\/tags?post=6389"}],"curies":[{"name":"wp","href":"https:\/\/api.w.org\/{rel}","templated":true}]}}